{"id":12540,"date":"2022-09-13T12:07:44","date_gmt":"2022-09-13T10:07:44","guid":{"rendered":"https:\/\/sp184lodz.edu.pl\/?page_id=12540"},"modified":"2025-08-28T12:36:28","modified_gmt":"2025-08-28T10:36:28","slug":"obiady","status":"publish","type":"page","link":"https:\/\/sp184lodz.edu.pl\/index.php\/obiady\/","title":{"rendered":"Obiady"},"content":{"rendered":"<p align=\"center\"><img loading=\"lazy\" decoding=\"async\" class=\"alignleft size-full wp-image-2351\" src=\"http:\/\/sp184lodz.edu.pl\/wp-content\/uploads\/2017\/09\/obiad.png\" alt=\"\" width=\"200\" height=\"176\" \/><\/p>\n<p><span style=\"font-size: 14pt;\">Obiady w szkole organizuje Przedszkole Miejskie nr 231.<\/span><\/p>\n<p><span style=\"color: #ff0000;\">Kontakt: <\/span><\/p>\n<ul>\n<li><span style=\"color: #ff0000;\">obiady.szkolne@pm231.elodz.edu.pl\u00a0\u00a0\u00a0\u00a0\u00a0\u00a0 <\/span><\/li>\n<li><span style=\"color: #ff0000;\">+48(42) 658-19-64<br \/>\n<\/span><\/li>\n<\/ul>\n<p>&nbsp;<\/p>\n<p>Informacja dla rodzic\u00f3w.<br \/>\nPrzedszkole Miejskie Nr 231 informuje, \u017ce:<\/p>\n<ol>\n<li>Stawka \u017cywieniowa od dnia 01.09.2025 r. do odwo\u0142ania b\u0119dzie wynosi\u0107 <strong>5,00 z\u0142.<\/strong><\/li>\n<li>Op\u0142aty za obiady b\u0119d\u0105 realizowane przez rodzic\u00f3w przelewem na konto Przedszkola<br \/>\ntj: <strong>63 1240 1037 1111 0011 0912 5485<\/strong><\/li>\n<li>Wydawanie obiad\u00f3w dla SP 184 odbywa\u0107 si\u0119 b\u0119dzie od dnia <strong>08.09.2025 r.<\/strong><\/li>\n<li>W dniu <strong>08.09.2025 r.<\/strong> obiad zostanie wydany tylko tym osobom, kt\u00f3re do \u015brody <strong>03.09.2024 r.<\/strong> do godziny <strong>12.00<\/strong> dostarcz\u0105 podpisan\u0105 umow\u0119 z przedszkolem do plac\u00f3wki PM231.<br \/>\n<strong>Osoby, kt\u00f3re maj\u0105 zaleg\u0142o\u015bci we wp\u0142atach, mimo dostarczenia umowy, nie <\/strong><strong>otrzymaj\u0105 obiadu.<\/strong><\/li>\n<li>Umowa na obiady szkolne wraz z regulaminem oraz og\u0142oszeniem dla rodzic\u00f3w b\u0119dzie dost\u0119pna do pobrania na stronie internetowej Szko\u0142y Podstawowej Nr 184 oraz na stronie internetowej Przedszkola Miejskiego 231w zak\u0142adce: K\u0105cik rodzica &#8211; Jad\u0142ospis szko\u0142a &#8211; <a href=\"https:\/\/pm231lodz.wikom.pl\/strona\/jadlospis-szkola\" target=\"_blank\" rel=\"noopener\">https:\/\/pm231lodz.wikom.pl\/strona\/jadlospis-szkola<\/a>.<\/li>\n<li>Nieobecno\u015b\u0107 dziecka nale\u017cy zg\u0142osi\u0107 z wyprzedzeniem, najp\u00f3\u017aniej do godziny 9:00 w dniu nieobecno\u015bci dziecka. Od 01.09.2025 zg\u0142aszanie nieobecno\u015bci lub uzyskanie informacji na temat op\u0142aty za posi\u0142ki mo\u017cna zrealizowa\u0107 i otrzyma\u0107 tylko i wy\u0142\u0105cznie poprzez wiadomo\u015b\u0107 email lub poprzez system i Op\u0142aty.<\/li>\n<li>Adres email dotycz\u0105cy obiad\u00f3w szkolnych <a href=\"mailto:obiady.szkolne@pm231.elodz.edu.pl\">obiady.szkolne@pm231.elodz.edu.pl<\/a><\/li>\n<\/ol>\n<p><a href=\"https:\/\/sp184lodz.edu.pl\/wp-content\/uploads\/2025\/08\/zasadY-obiady-2025-2026.pdf\" target=\"_blank\" rel=\"noopener\"><img loading=\"lazy\" decoding=\"async\" class=\"alignleft wp-image-1541\" src=\"https:\/\/sp184lodz.edu.pl\/wp-content\/uploads\/2017\/05\/pdf-300x169.gif\" alt=\"\" width=\"126\" height=\"71\" \/><\/a><\/p>\n<p><a href=\"https:\/\/sp184lodz.edu.pl\/wp-content\/uploads\/2025\/08\/zasadY-obiady-2025-2026.pdf\" target=\"_blank\" rel=\"noopener\">Informacja dotycz\u0105ca zasad korzystania z obiad\u00f3w szkolnych 2025-2026<\/a><\/p>\n<p>&nbsp;<\/p>\n","protected":false},"excerpt":{"rendered":"<p>Obiady w szkole organizuje Przedszkole Miejskie nr 231. Kontakt: obiady.szkolne@pm231.elodz.edu.pl\u00a0\u00a0\u00a0\u00a0\u00a0\u00a0 +48(42) 658-19-64 &nbsp; Informacja dla rodzic\u00f3w. Przedszkole Miejskie Nr 231 informuje, \u017ce: Stawka \u017cywieniowa od dnia 01.09.2025 r. do odwo\u0142ania b\u0119dzie wynosi\u0107 5,00 z\u0142. Op\u0142aty za obiady b\u0119d\u0105 realizowane przez <a href=\"https:\/\/sp184lodz.edu.pl\/index.php\/obiady\/\" class=\"read-more\">czytaj wi\u0119cej &#8230;<\/a><\/p>\n","protected":false},"author":4,"featured_media":0,"parent":0,"menu_order":0,"comment_status":"closed","ping_status":"closed","template":"","meta":{"two_page_speed":[],"footnotes":""},"class_list":["post-12540","page","type-page","status-publish","hentry"],"_links":{"self":[{"href":"https:\/\/sp184lodz.edu.pl\/index.php\/wp-json\/wp\/v2\/pages\/12540","targetHints":{"allow":["GET"]}}],"collection":[{"href":"https:\/\/sp184lodz.edu.pl\/index.php\/wp-json\/wp\/v2\/pages"}],"about":[{"href":"https:\/\/sp184lodz.edu.pl\/index.php\/wp-json\/wp\/v2\/types\/page"}],"author":[{"embeddable":true,"href":"https:\/\/sp184lodz.edu.pl\/index.php\/wp-json\/wp\/v2\/users\/4"}],"replies":[{"embeddable":true,"href":"https:\/\/sp184lodz.edu.pl\/index.php\/wp-json\/wp\/v2\/comments?post=12540"}],"version-history":[{"count":15,"href":"https:\/\/sp184lodz.edu.pl\/index.php\/wp-json\/wp\/v2\/pages\/12540\/revisions"}],"predecessor-version":[{"id":15568,"href":"https:\/\/sp184lodz.edu.pl\/index.php\/wp-json\/wp\/v2\/pages\/12540\/revisions\/15568"}],"wp:attachment":[{"href":"https:\/\/sp184lodz.edu.pl\/index.php\/wp-json\/wp\/v2\/media?parent=12540"}],"curies":[{"name":"wp","href":"https:\/\/api.w.org\/{rel}","templated":true}]}}