{"id":14348,"date":"2023-03-17T13:45:52","date_gmt":"2023-03-17T12:45:52","guid":{"rendered":"https:\/\/sp184lodz.edu.pl\/?page_id=14348"},"modified":"2026-04-22T12:23:12","modified_gmt":"2026-04-22T10:23:12","slug":"rekrutacja-2023-2024","status":"publish","type":"page","link":"https:\/\/sp184lodz.edu.pl\/index.php\/dla-przyszlych-pierwszakow\/rekrutacja-2023-2024\/","title":{"rendered":"REKRUTACJA 2026\/2027"},"content":{"rendered":"<p style=\"text-align: center;\"><strong><span style=\"color: #008000;\">Rekrutacja do I klas w roku szkolnym 2026\/2027 b\u0119dzie odbywa\u0107 si\u0119 w terminie:<\/span><br \/>\n<span style=\"color: #ff0000;\"><span style=\"font-size: 18pt;\">9 \u2013 31 marca 2026 r.<\/span> <\/span><\/strong><span style=\"color: #008000;\">do godziny<\/span><strong><span style=\"font-size: 14pt; color: #ff0000;\"><span style=\"font-size: 18pt;\"> 15<sup><span style=\"text-decoration: underline;\">00<\/span><\/sup><\/span><br \/>\n<\/span><\/strong><\/p>\n<p style=\"text-align: center;\"><span style=\"color: #3366ff; font-size: 14pt;\"><strong>Prosimy nie czeka\u0107 do ostatniej chwili.<\/strong><\/span><br \/>\n<!--<span style=\"color: #333399;\">Ka\u017cdy z Pa\u0144stwa powinien zalogowa\u0107 si\u0119 na platformie:<\/span>\n<em><strong><span style=\"color: #ff6600;\"><a style=\"color: #ff6600;\" href=\"https:\/\/nabor.pcss.pl\/lodz\/szkolapodstawowa\/\" target=\"_blank\" rel=\"noopener\">https:\/\/nabor.pcss.pl\/lodz\/szkolapodstawowa\/<\/a><\/span><\/strong><\/em>\n\n--><br \/>\n<span style=\"color: #008000;\">W przypadku dzieci obwodowych wype\u0142niaj\u0105 Pa\u0144stwo <strong>zg\u0142oszenie<\/strong>,<br \/>\nnatomiast spoza obwodu \u2013 <strong>wniosek<\/strong>.<\/span><br \/>\n<span style=\"color: #008000;\">Gdy zostan\u0105 wydrukowane ju\u017c wszystkie dokumenty z platformy, nale\u017cy je podpisa\u0107 i dostarczy\u0107 jak najszybciej do <span style=\"color: #339966;\">szko\u0142y.<\/span><\/span><br \/>\n<span style=\"color: #008000;\">Rodzice dzieci spoza obwodu proszeni s\u0105 r\u00f3wnie\u017c o wydrukowanie za\u0142\u0105cznik\u00f3w, kt\u00f3re by\u0142y do\u0142\u0105czone do wniosku.<\/span><\/p>\n<p><span style=\"color: #008000;\">Zwracamy si\u0119 z pro\u015bb\u0105 o wype\u0142nienie dodatkowo naszej karty zg\u0142oszenia i dostarczenie jej do szko\u0142y:<\/span><\/p>\n<ul>\n<li><strong><span style=\"color: #008000;\">Karta zg\u0142oszenia dziecka<\/span>\u00a0<\/strong> \u2013 <span style=\"color: #ff6600;\"><em><strong><span style=\"text-decoration: underline;\">pobierz<\/span><\/strong><\/em><\/span><\/li>\n<\/ul>\n<p style=\"text-align: center;\"><span style=\"color: #ff0000;\">W roku szkolnym 2026\/2027 jedna z klas pierwszych <\/span><br \/>\n<span style=\"color: #ff0000;\">b\u0119dzie realizowa\u0142a <strong>rozszerzony program nauki p\u0142ywania. <\/strong><\/span><br \/>\n<span style=\"color: #ff0000;\">Je\u015bli chcieliby\u015bcie Pa\u0144stwo, aby dziecko do niej ucz\u0119szcza\u0142o, <\/span><br \/>\n<span style=\"color: #ff0000;\">wystarczy wyrazi\u0107 swoj\u0105 wol\u0119 w naszej karcie zg\u0142oszenia.<\/span><\/p>\n<p style=\"text-align: center;\"><span style=\"color: #ff0000;\"><strong>Lekcje pokazowe<\/strong> <strong>na p\u0142ywalni<\/strong> <strong>odb\u0119d\u0105 si\u0119<\/strong><\/span><br \/>\n<span style=\"color: #ff0000;\"><strong>10, 12, 13 marca o godzinie 13:15.<\/strong><\/span><\/p>\n<p style=\"text-align: center;\"><span style=\"color: #ff0000;\">W wodzie prezentowa\u0107 swoje umiej\u0119tno\u015bci b\u0119d\u0105 przedszkolaki z PM nr 231,<br \/>\na pozosta\u0142e dzieci i rodzic\u00f3w zapraszamy do obserwowania zaj\u0119\u0107.<\/span><\/p>\n<ul>\n<li><strong><span style=\"color: #008000;\">Test sprawno\u015bciowy do I klasy z rozszerzonym p\u0142ywaniem &#8211; <a href=\"https:\/\/sp184lodz.edu.pl\/wp-content\/uploads\/2026\/04\/Test-spr.pdf\" target=\"_blank\" rel=\"noopener\"><span style=\"color: #ff6600;\"><em>pobierz<\/em><\/span><\/a><\/span><\/strong><\/li>\n<\/ul>\n<p style=\"text-align: center;\"><span style=\"color: #008000;\"><strong>Testy sprawno\u015bciowe<\/strong> kwalifikuj\u0105ce do klasy z rozszerzonym programem nauki p\u0142ywania <img loading=\"lazy\" decoding=\"async\" class=\"wp-image-21765 aligncenter\" src=\"https:\/\/sp184lodz.edu.pl\/wp-content\/uploads\/2026\/03\/testy_basen.png\" alt=\"\" width=\"238\" height=\"116\" srcset=\"https:\/\/sp184lodz.edu.pl\/wp-content\/uploads\/2026\/03\/testy_basen.png 450w, https:\/\/sp184lodz.edu.pl\/wp-content\/uploads\/2026\/03\/testy_basen-300x146.png 300w\" sizes=\"auto, (max-width: 238px) 100vw, 238px\" \/><\/span><span style=\"color: #008000;\">odb\u0119d\u0105 si\u0119 tylko w\u00f3wczas, gdy ch\u0119tnych b\u0119dzie wi\u0119cej ni\u017c miejsc w oddziale. <\/span><br \/>\n<span style=\"color: #008000;\">Informacja na ten temat pojawi si\u0119 po zako\u0144czeniu naboru elektronicznego.<\/span><\/p>\n<p style=\"text-align: center;\">Szczeg\u00f3\u0142owe informacje na temat rekrutacji<br \/>\nznajdziecie Pa\u0144stwo w<br \/>\n<a href=\"https:\/\/sp184lodz.edu.pl\/wp-content\/uploads\/2026\/02\/Zarzadzenie-rekrutacja-2026-2027.pdf\" target=\"_blank\" rel=\"noopener\">ZARZ\u0104DZENIU Nr 157\/2026 PREZYDENTA MIASTA \u0141ODZI z dnia 23 stycznia 2026 r.<\/a><\/p>\n<p style=\"text-align: center;\"><span style=\"color: #3366ff;\"><strong>W przypadku pyta\u0144 prosimy o kontakt:<br \/>\ntel. <\/strong><strong><span style=\"color: #ff0000;\">42 6582401,<\/span><br \/>\ne-mail: <span style=\"color: #ff0000;\">kontakt@sp184.elodz.edu.pl<\/span><\/strong><\/span><br \/>\n<span style=\"color: #3366ff;\"><strong>Sekretariat szko\u0142y jest czynny codziennie w godz. 8<sup><span style=\"text-decoration: underline;\">00<\/span><\/sup>&#8211; 15<sup><span style=\"text-decoration: underline;\">30<\/span><\/sup><\/strong><\/span><\/p>\n<hr \/>\n<table style=\"width: 100%; height: 1837px; border: 0mm ridge #1c92f6;\">\n<tbody>\n<tr style=\"height: 90px;\">\n<td style=\"border: 0mm ridge #1c92f6; vertical-align: top; width: 1390px; height: 90px;\" colspan=\"2\">\n<h1><img loading=\"lazy\" decoding=\"async\" class=\"aligncenter wp-image-17188\" title=\"\" src=\"https:\/\/sp184lodz.edu.pl\/wp-content\/uploads\/2024\/04\/plakat_rekrutacja_24-25xx-1-724x1024.jpg\" alt=\"\" width=\"1159\" height=\"1545\" \/><\/h1>\n<h1 style=\"text-align: center;\"><span style=\"color: #0000ff;\">\ud83d\ude42 \u00a0 <em><strong><span style=\"font-family: comic sans ms, sans-serif;\">W naszej szkole dzieje si\u0119&#8230;<\/span><\/strong><\/em> \u00a0 \ud83d\ude42<\/span><\/h1>\n<\/td>\n<\/tr>\n<tr style=\"height: 217px; border: 0mm;\">\n<td style=\"border: 0mm ridge #1c92f6; vertical-align: top; width: 695.75px; height: 217px; text-align: left;\"><a href=\"https:\/\/sp184lodz.edu.pl\/index.php\/uroczystosci-szkolne\/\" target=\"_blank\" rel=\"noopener\"><img loading=\"lazy\" decoding=\"async\" class=\"aligncenter size-large wp-image-20075\" src=\"https:\/\/sp184lodz.edu.pl\/wp-content\/uploads\/2025\/04\/15-1024x819.jpg\" alt=\"\" width=\"738\" height=\"590\" srcset=\"https:\/\/sp184lodz.edu.pl\/wp-content\/uploads\/2025\/04\/15-1024x819.jpg 1024w, https:\/\/sp184lodz.edu.pl\/wp-content\/uploads\/2025\/04\/15-300x240.jpg 300w, https:\/\/sp184lodz.edu.pl\/wp-content\/uploads\/2025\/04\/15-768x614.jpg 768w, https:\/\/sp184lodz.edu.pl\/wp-content\/uploads\/2025\/04\/15-1536x1229.jpg 1536w, https:\/\/sp184lodz.edu.pl\/wp-content\/uploads\/2025\/04\/15-2048x1638.jpg 2048w, https:\/\/sp184lodz.edu.pl\/wp-content\/uploads\/2025\/04\/15-600x480.jpg 600w\" sizes=\"auto, (max-width: 738px) 100vw, 738px\" \/><\/a><center><a href=\"https:\/\/sp184lodz.edu.pl\/index.php\/uroczystosci-szkolne\/\" target=\"_blank\" rel=\"noopener\"><em><strong><span style=\"color: #ff6600;\">wi\u0119cej&#8230;<\/span><\/strong><\/em><\/a><\/center><\/td>\n<td style=\"vertical-align: top; width: 690.25px; height: 217px; border: 0mm;\"><center><em><strong><span style=\"color: #ff6600;\"><img loading=\"lazy\" decoding=\"async\" class=\"aligncenter size-full wp-image-20051\" src=\"https:\/\/sp184lodz.edu.pl\/wp-content\/uploads\/2025\/04\/ztr.png\" alt=\"\" width=\"543\" height=\"434\" srcset=\"https:\/\/sp184lodz.edu.pl\/wp-content\/uploads\/2025\/04\/ztr.png 543w, https:\/\/sp184lodz.edu.pl\/wp-content\/uploads\/2025\/04\/ztr-300x240.png 300w\" sizes=\"auto, (max-width: 543px) 100vw, 543px\" \/><a href=\"https:\/\/sp184lodz.edu.pl\/index.php\/smacznie-i-zdrowo-jemy\">wi\u0119cej&#8230;\u00a0<\/a><\/span><\/strong><\/em><\/center><center><\/center><center><\/center><\/td>\n<\/tr>\n<tr style=\"height: 217px;\">\n<td style=\"border: 0mm ridge #1c92f6; vertical-align: top; width: 695.75px; text-align: center; height: 217px;\"><img loading=\"lazy\" decoding=\"async\" class=\"aligncenter size-large wp-image-20067\" src=\"https:\/\/sp184lodz.edu.pl\/wp-content\/uploads\/2025\/04\/3-1-1024x819.jpg\" alt=\"\" width=\"738\" height=\"590\" srcset=\"https:\/\/sp184lodz.edu.pl\/wp-content\/uploads\/2025\/04\/3-1-1024x819.jpg 1024w, https:\/\/sp184lodz.edu.pl\/wp-content\/uploads\/2025\/04\/3-1-300x240.jpg 300w, https:\/\/sp184lodz.edu.pl\/wp-content\/uploads\/2025\/04\/3-1-768x614.jpg 768w, https:\/\/sp184lodz.edu.pl\/wp-content\/uploads\/2025\/04\/3-1-1536x1229.jpg 1536w, https:\/\/sp184lodz.edu.pl\/wp-content\/uploads\/2025\/04\/3-1-2048x1638.jpg 2048w, https:\/\/sp184lodz.edu.pl\/wp-content\/uploads\/2025\/04\/3-1-600x480.jpg 600w\" sizes=\"auto, (max-width: 738px) 100vw, 738px\" \/><a href=\"https:\/\/sp184lodz.edu.pl\/index.php\/dla-przyszlych-pierwszakow\/rekrutacja-2023-2024\/matematyka-na-wesolo\"><em><strong><span style=\"color: #ff6600;\">wi\u0119cej&#8230;<\/span><\/strong><\/em><\/a><\/td>\n<td style=\"border: 0mm ridge #1c92f6; vertical-align: top; width: 690.25px; text-align: center; height: 217px;\"><img loading=\"lazy\" decoding=\"async\" class=\"aligncenter size-large wp-image-20072\" title=\"\" src=\"https:\/\/sp184lodz.edu.pl\/wp-content\/uploads\/2025\/04\/5-1024x819.jpg\" alt=\"\" width=\"738\" height=\"590\" srcset=\"https:\/\/sp184lodz.edu.pl\/wp-content\/uploads\/2025\/04\/5-1024x819.jpg 1024w, https:\/\/sp184lodz.edu.pl\/wp-content\/uploads\/2025\/04\/5-300x240.jpg 300w, https:\/\/sp184lodz.edu.pl\/wp-content\/uploads\/2025\/04\/5-768x614.jpg 768w, https:\/\/sp184lodz.edu.pl\/wp-content\/uploads\/2025\/04\/5-1536x1229.jpg 1536w, https:\/\/sp184lodz.edu.pl\/wp-content\/uploads\/2025\/04\/5-2048x1638.jpg 2048w, https:\/\/sp184lodz.edu.pl\/wp-content\/uploads\/2025\/04\/5-600x480.jpg 600w\" sizes=\"auto, (max-width: 738px) 100vw, 738px\" \/><\/p>\n<p><a href=\"https:\/\/sp184lodz.edu.pl\/index.php\/dla-przyszlych-pierwszakow\/rekrutacja-2023-2024\/pierwsza-pomoc\"><em><strong>wi\u0119cej&#8230;<\/strong><\/em><\/a><\/td>\n<\/tr>\n<tr style=\"height: 169px;\">\n<td style=\"border: 0mm ridge #1c92f6; vertical-align: top; width: 695.75px; height: 169px; text-align: center;\"><a href=\"https:\/\/sp184lodz.edu.pl\/index.php\/nietypowe-lekcje\/\"><img loading=\"lazy\" decoding=\"async\" class=\"aligncenter wp-image-14923 size-full\" src=\"https:\/\/sp184lodz.edu.pl\/wp-content\/uploads\/2023\/04\/nietypowe-lekcje-e1682684485322.jpg\" alt=\"\" width=\"700\" height=\"545\" srcset=\"https:\/\/sp184lodz.edu.pl\/wp-content\/uploads\/2023\/04\/nietypowe-lekcje-e1682684485322.jpg 700w, https:\/\/sp184lodz.edu.pl\/wp-content\/uploads\/2023\/04\/nietypowe-lekcje-e1682684485322-300x234.jpg 300w\" sizes=\"auto, (max-width: 700px) 100vw, 700px\" \/><\/a><a href=\"https:\/\/sp184lodz.edu.pl\/index.php\/nietypowe-lekcje\/\"><em><strong>wi\u0119cej&#8230;<\/strong><\/em><\/a><\/td>\n<td style=\"border: 0mm ridge #1c92f6; vertical-align: top; width: 690.25px; text-align: center; height: 169px;\"><img loading=\"lazy\" decoding=\"async\" class=\"aligncenter size-large wp-image-20134\" src=\"https:\/\/sp184lodz.edu.pl\/wp-content\/uploads\/2025\/04\/kodowanie-1024x828.jpg\" alt=\"\" width=\"738\" height=\"597\" srcset=\"https:\/\/sp184lodz.edu.pl\/wp-content\/uploads\/2025\/04\/kodowanie-1024x828.jpg 1024w, https:\/\/sp184lodz.edu.pl\/wp-content\/uploads\/2025\/04\/kodowanie-300x243.jpg 300w, https:\/\/sp184lodz.edu.pl\/wp-content\/uploads\/2025\/04\/kodowanie-768x621.jpg 768w, https:\/\/sp184lodz.edu.pl\/wp-content\/uploads\/2025\/04\/kodowanie-600x485.jpg 600w, https:\/\/sp184lodz.edu.pl\/wp-content\/uploads\/2025\/04\/kodowanie.jpg 1039w\" sizes=\"auto, (max-width: 738px) 100vw, 738px\" \/><\/p>\n<p><a href=\"https:\/\/sp184lodz.edu.pl\/index.php\/dla-przyszlych-pierwszakow\/rekrutacja-2023-2024\/kodowanie\/\"><em><strong>wi\u0119cej&#8230;<\/strong><\/em><\/a><\/td>\n<\/tr>\n<tr style=\"height: 300px;\">\n<td style=\"border: 0mm ridge #1c92f6; vertical-align: top; width: 695.75px; text-align: center; height: 300px;\"><img loading=\"lazy\" decoding=\"async\" class=\"aligncenter wp-image-20143 size-large\" src=\"https:\/\/sp184lodz.edu.pl\/wp-content\/uploads\/2025\/04\/noc-1024x819.jpg\" alt=\"\" width=\"738\" height=\"590\" srcset=\"https:\/\/sp184lodz.edu.pl\/wp-content\/uploads\/2025\/04\/noc-1024x819.jpg 1024w, https:\/\/sp184lodz.edu.pl\/wp-content\/uploads\/2025\/04\/noc-300x240.jpg 300w, https:\/\/sp184lodz.edu.pl\/wp-content\/uploads\/2025\/04\/noc-768x614.jpg 768w, https:\/\/sp184lodz.edu.pl\/wp-content\/uploads\/2025\/04\/noc-600x480.jpg 600w, https:\/\/sp184lodz.edu.pl\/wp-content\/uploads\/2025\/04\/noc.jpg 1080w\" sizes=\"auto, (max-width: 738px) 100vw, 738px\" \/><\/p>\n<p><a href=\"https:\/\/sp184lodz.edu.pl\/index.php\/nocowanie-w-szkole\/\"><em><strong>wi\u0119cej&#8230;<\/strong><\/em><\/a><\/td>\n<td style=\"border: 0mm ridge #1c92f6; vertical-align: top; width: 690.25px; height: 300px; text-align: center;\"><a href=\"https:\/\/sp184lodz.edu.pl\/index.php\/wycieczki\/\"><em><strong><img loading=\"lazy\" decoding=\"async\" class=\"wp-image-14926 size-full\" src=\"https:\/\/sp184lodz.edu.pl\/wp-content\/uploads\/2023\/04\/wycieczki-e1682684719470.jpg\" alt=\"\" width=\"700\" height=\"545\" srcset=\"https:\/\/sp184lodz.edu.pl\/wp-content\/uploads\/2023\/04\/wycieczki-e1682684719470.jpg 700w, https:\/\/sp184lodz.edu.pl\/wp-content\/uploads\/2023\/04\/wycieczki-e1682684719470-300x234.jpg 300w\" sizes=\"auto, (max-width: 700px) 100vw, 700px\" \/>wi\u0119cej&#8230;<\/strong><\/em><\/a><\/td>\n<\/tr>\n<tr style=\"height: 278px;\">\n<td style=\"border: 0mm ridge #1c92f6; vertical-align: top; width: 695.75px; height: 206px; text-align: center;\"><img loading=\"lazy\" decoding=\"async\" class=\"aligncenter size-large wp-image-20077\" src=\"https:\/\/sp184lodz.edu.pl\/wp-content\/uploads\/2025\/04\/6a-1024x819.jpg\" alt=\"\" width=\"738\" height=\"590\" srcset=\"https:\/\/sp184lodz.edu.pl\/wp-content\/uploads\/2025\/04\/6a-1024x819.jpg 1024w, https:\/\/sp184lodz.edu.pl\/wp-content\/uploads\/2025\/04\/6a-300x240.jpg 300w, https:\/\/sp184lodz.edu.pl\/wp-content\/uploads\/2025\/04\/6a-768x614.jpg 768w, https:\/\/sp184lodz.edu.pl\/wp-content\/uploads\/2025\/04\/6a-1536x1229.jpg 1536w, https:\/\/sp184lodz.edu.pl\/wp-content\/uploads\/2025\/04\/6a-2048x1638.jpg 2048w, https:\/\/sp184lodz.edu.pl\/wp-content\/uploads\/2025\/04\/6a-600x480.jpg 600w\" sizes=\"auto, (max-width: 738px) 100vw, 738px\" \/><\/p>\n<p><a href=\"https:\/\/sp184lodz.edu.pl\/index.php\/sport-to-zdrowie\/\"><em><strong>wi\u0119cej&#8230;<\/strong><\/em><\/a><\/td>\n<td style=\"border: 0mm ridge #1c92f6; vertical-align: top; width: 690.25px; text-align: center; height: 206px;\"><a href=\"https:\/\/sp184lodz.edu.pl\/index.php\/swietlica\/\"><img loading=\"lazy\" decoding=\"async\" class=\"aligncenter wp-image-14963 size-full\" src=\"https:\/\/sp184lodz.edu.pl\/wp-content\/uploads\/2023\/04\/swietlica-e1682695017511.jpg\" alt=\"\" width=\"700\" height=\"545\" srcset=\"https:\/\/sp184lodz.edu.pl\/wp-content\/uploads\/2023\/04\/swietlica-e1682695017511.jpg 700w, https:\/\/sp184lodz.edu.pl\/wp-content\/uploads\/2023\/04\/swietlica-e1682695017511-300x234.jpg 300w\" sizes=\"auto, (max-width: 700px) 100vw, 700px\" \/><\/a><a href=\"https:\/\/sp184lodz.edu.pl\/index.php\/rekrutacja-2023-2024\/swietlica\/\"><em><strong>wi\u0119cej&#8230;<\/strong><\/em><\/a><\/td>\n<\/tr>\n<tr style=\"height: 278px;\">\n<td style=\"border: 0mm ridge #1c92f6; vertical-align: top; width: 695.75px; height: 206px; text-align: center;\">&nbsp;<\/p>\n<p><img loading=\"lazy\" decoding=\"async\" class=\"aligncenter size-large wp-image-20082\" src=\"https:\/\/sp184lodz.edu.pl\/wp-content\/uploads\/2025\/04\/7-1024x819.jpg\" alt=\"\" width=\"738\" height=\"590\" srcset=\"https:\/\/sp184lodz.edu.pl\/wp-content\/uploads\/2025\/04\/7-1024x819.jpg 1024w, https:\/\/sp184lodz.edu.pl\/wp-content\/uploads\/2025\/04\/7-300x240.jpg 300w, https:\/\/sp184lodz.edu.pl\/wp-content\/uploads\/2025\/04\/7-768x614.jpg 768w, https:\/\/sp184lodz.edu.pl\/wp-content\/uploads\/2025\/04\/7-1536x1229.jpg 1536w, https:\/\/sp184lodz.edu.pl\/wp-content\/uploads\/2025\/04\/7-2048x1638.jpg 2048w, https:\/\/sp184lodz.edu.pl\/wp-content\/uploads\/2025\/04\/7-600x480.jpg 600w\" sizes=\"auto, (max-width: 738px) 100vw, 738px\" \/><\/p>\n<p><a href=\"https:\/\/sp184lodz.edu.pl\/index.php\/basen\"><em><strong>wi\u0119cej&#8230;<\/strong><\/em><\/a><\/td>\n<td style=\"border: 0mm ridge #1c92f6; vertical-align: top; width: 690.25px; text-align: center; height: 206px;\"><img loading=\"lazy\" decoding=\"async\" class=\"aligncenter size-large wp-image-20086\" src=\"https:\/\/sp184lodz.edu.pl\/wp-content\/uploads\/2025\/04\/wosp-1024x819.jpg\" alt=\"\" width=\"738\" height=\"590\" srcset=\"https:\/\/sp184lodz.edu.pl\/wp-content\/uploads\/2025\/04\/wosp-1024x819.jpg 1024w, https:\/\/sp184lodz.edu.pl\/wp-content\/uploads\/2025\/04\/wosp-300x240.jpg 300w, https:\/\/sp184lodz.edu.pl\/wp-content\/uploads\/2025\/04\/wosp-768x614.jpg 768w, https:\/\/sp184lodz.edu.pl\/wp-content\/uploads\/2025\/04\/wosp-600x480.jpg 600w, https:\/\/sp184lodz.edu.pl\/wp-content\/uploads\/2025\/04\/wosp.jpg 1080w\" sizes=\"auto, (max-width: 738px) 100vw, 738px\" \/><\/p>\n<p><em><strong><a href=\"https:\/\/sp184lodz.edu.pl\/index.php\/dla-przyszlych-pierwszakow\/rekrutacja-2023-2024\/wosp\">wi\u0119cej..<\/a>.<\/strong><\/em><\/td>\n<\/tr>\n<tr style=\"height: 278px;\">\n<td style=\"border: 0mm ridge #1c92f6; vertical-align: top; width: 695.75px; height: 206px; text-align: center;\"><img loading=\"lazy\" decoding=\"async\" class=\"aligncenter size-large wp-image-20107\" src=\"https:\/\/sp184lodz.edu.pl\/wp-content\/uploads\/2025\/04\/9-1-1024x819.jpg\" alt=\"\" width=\"738\" height=\"590\" srcset=\"https:\/\/sp184lodz.edu.pl\/wp-content\/uploads\/2025\/04\/9-1-1024x819.jpg 1024w, https:\/\/sp184lodz.edu.pl\/wp-content\/uploads\/2025\/04\/9-1-300x240.jpg 300w, https:\/\/sp184lodz.edu.pl\/wp-content\/uploads\/2025\/04\/9-1-768x614.jpg 768w, https:\/\/sp184lodz.edu.pl\/wp-content\/uploads\/2025\/04\/9-1-600x480.jpg 600w, https:\/\/sp184lodz.edu.pl\/wp-content\/uploads\/2025\/04\/9-1.jpg 1080w\" sizes=\"auto, (max-width: 738px) 100vw, 738px\" \/><\/p>\n<p><a href=\"https:\/\/sp184lodz.edu.pl\/index.php\/dla-przyszlych-pierwszakow\/rekrutacja-2023-2024\/maly-samorzad-uczniowski-wielkie-dzialania\/\"><em><strong>wi\u0119cej&#8230;<\/strong><\/em><\/a><\/td>\n<td style=\"border: 0mm ridge #1c92f6; vertical-align: top; width: 690.25px; text-align: center; height: 206px;\"><img loading=\"lazy\" decoding=\"async\" class=\"aligncenter size-large wp-image-20138\" src=\"https:\/\/sp184lodz.edu.pl\/wp-content\/uploads\/2025\/04\/lekcje1-1024x819.jpg\" alt=\"\" width=\"738\" height=\"590\" srcset=\"https:\/\/sp184lodz.edu.pl\/wp-content\/uploads\/2025\/04\/lekcje1-1024x819.jpg 1024w, https:\/\/sp184lodz.edu.pl\/wp-content\/uploads\/2025\/04\/lekcje1-300x240.jpg 300w, https:\/\/sp184lodz.edu.pl\/wp-content\/uploads\/2025\/04\/lekcje1-768x614.jpg 768w, https:\/\/sp184lodz.edu.pl\/wp-content\/uploads\/2025\/04\/lekcje1-600x480.jpg 600w, https:\/\/sp184lodz.edu.pl\/wp-content\/uploads\/2025\/04\/lekcje1.jpg 1080w\" sizes=\"auto, (max-width: 738px) 100vw, 738px\" \/><\/p>\n<p><a href=\"https:\/\/sp184lodz.edu.pl\/index.php\/dla-przyszlych-pierwszakow\/nauka-ktora-inspiruje\/\"><em><strong>wi\u0119cej&#8230;<\/strong><\/em><\/a><\/td>\n<\/tr>\n<tr style=\"height: 170px;\">\n<td style=\"border: 0mm ridge #1c92f6; vertical-align: middle; width: 1390px; height: 10px;\" colspan=\"2\"><a href=\"https:\/\/sp184lodz.edu.pl\/index.php\/konkurs-informatyczno-literacki\/\"><img loading=\"lazy\" decoding=\"async\" class=\"aligncenter wp-image-14797 size-full\" src=\"https:\/\/sp184lodz.edu.pl\/wp-content\/uploads\/2023\/04\/szkola_wiersz-1.gif\" alt=\"\" width=\"1080\" height=\"159\" \/><\/a><\/td>\n<\/tr>\n<tr style=\"height: 278px;\">\n<td style=\"border: 0mm ridge #1c92f6; vertical-align: middle; width: 1390px; height: 206px;\" colspan=\"2\"><\/td>\n<\/tr>\n<tr style=\"height: 10px;\">\n<td style=\"border: 0mm ridge #1c92f6; vertical-align: middle; width: 1390px; height: 10px;\" colspan=\"2\"><\/td>\n<\/tr>\n<\/tbody>\n<\/table>\n","protected":false},"excerpt":{"rendered":"<p>Rekrutacja do I klas w roku szkolnym 2026\/2027 b\u0119dzie odbywa\u0107 si\u0119 w terminie: 9 \u2013 31 marca 2026 r. do godziny 1500 Prosimy nie czeka\u0107 do ostatniej chwili. W przypadku dzieci obwodowych wype\u0142niaj\u0105 Pa\u0144stwo zg\u0142oszenie, natomiast spoza obwodu \u2013 wniosek. <a href=\"https:\/\/sp184lodz.edu.pl\/index.php\/dla-przyszlych-pierwszakow\/rekrutacja-2023-2024\/\" class=\"read-more\">czytaj wi\u0119cej &#8230;<\/a><\/p>\n","protected":false},"author":1,"featured_media":0,"parent":9798,"menu_order":1,"comment_status":"closed","ping_status":"closed","template":"","meta":{"two_page_speed":[],"footnotes":""},"class_list":["post-14348","page","type-page","status-publish","hentry"],"_links":{"self":[{"href":"https:\/\/sp184lodz.edu.pl\/index.php\/wp-json\/wp\/v2\/pages\/14348","targetHints":{"allow":["GET"]}}],"collection":[{"href":"https:\/\/sp184lodz.edu.pl\/index.php\/wp-json\/wp\/v2\/pages"}],"about":[{"href":"https:\/\/sp184lodz.edu.pl\/index.php\/wp-json\/wp\/v2\/types\/page"}],"author":[{"embeddable":true,"href":"https:\/\/sp184lodz.edu.pl\/index.php\/wp-json\/wp\/v2\/users\/1"}],"replies":[{"embeddable":true,"href":"https:\/\/sp184lodz.edu.pl\/index.php\/wp-json\/wp\/v2\/comments?post=14348"}],"version-history":[{"count":159,"href":"https:\/\/sp184lodz.edu.pl\/index.php\/wp-json\/wp\/v2\/pages\/14348\/revisions"}],"predecessor-version":[{"id":21940,"href":"https:\/\/sp184lodz.edu.pl\/index.php\/wp-json\/wp\/v2\/pages\/14348\/revisions\/21940"}],"up":[{"embeddable":true,"href":"https:\/\/sp184lodz.edu.pl\/index.php\/wp-json\/wp\/v2\/pages\/9798"}],"wp:attachment":[{"href":"https:\/\/sp184lodz.edu.pl\/index.php\/wp-json\/wp\/v2\/media?parent=14348"}],"curies":[{"name":"wp","href":"https:\/\/api.w.org\/{rel}","templated":true}]}}