{"id":14871,"date":"2023-04-26T08:42:44","date_gmt":"2023-04-26T06:42:44","guid":{"rendered":"https:\/\/sp184lodz.edu.pl\/?page_id=14871"},"modified":"2023-04-28T16:59:53","modified_gmt":"2023-04-28T14:59:53","slug":"wycieczki","status":"publish","type":"page","link":"https:\/\/sp184lodz.edu.pl\/index.php\/wycieczki\/","title":{"rendered":"Wycieczki"},"content":{"rendered":"<p><span style=\"font-size: 18pt; color: #008080;\"><strong>Wycieczki<\/strong><\/span><\/p>\n<p><span style=\"font-size: 18pt; color: #008080;\"><strong>Wycieczki szkolne to jedna z wa\u017cniejszych i najbardziej ekscytuj\u0105cych cz\u0119\u015bci edukacji.<\/strong><\/span><br \/>\n<span style=\"font-size: 18pt; color: #008080;\">Pozwalaj\u0105 one uczniom na przerwanie codziennej rutyny zwi\u0105zanej z nauk\u0105, a tak\u017ce na zdobycie nowych do\u015bwiadcze\u0144 oraz poznanie ciekawych miejsc. Zaj\u0119cia pozaszkolne rozwijaj\u0105 zainteresowania i poszerzaj\u0105 wiedzy.<\/span><\/p>\n<p><span style=\"font-size: 18pt; color: #008080;\">Zwiedzanie muze\u00f3w, galerii sztuki, park\u00f3w narodowych, odwiedzanie instytucji kultury czy sportu to tylko kilka przyk\u0142ad\u00f3w atrakcji, z kt\u00f3rych korzystaj\u0105 uczniowie naszej szko\u0142y podczas wycieczek szkolnych, dlatego tak ch\u0119tnie bior\u0105 w nich udzia\u0142.<\/span><\/p>\n<p><a href=\"https:\/\/sp184lodz.edu.pl\/index.php\/rekrutacja-2023-2024\/\"><span style=\"color: #ff6600;\"><em><strong>powr\u00f3t do rekrutacja<\/strong><\/em><\/span><\/a><\/p>\n","protected":false},"excerpt":{"rendered":"<p>Wycieczki Wycieczki szkolne to jedna z wa\u017cniejszych i najbardziej ekscytuj\u0105cych cz\u0119\u015bci edukacji. Pozwalaj\u0105 one uczniom na przerwanie codziennej rutyny zwi\u0105zanej z nauk\u0105, a tak\u017ce na zdobycie nowych do\u015bwiadcze\u0144 oraz poznanie ciekawych miejsc. Zaj\u0119cia pozaszkolne rozwijaj\u0105 zainteresowania i poszerzaj\u0105 wiedzy. Zwiedzanie <a href=\"https:\/\/sp184lodz.edu.pl\/index.php\/wycieczki\/\" class=\"read-more\">czytaj wi\u0119cej &#8230;<\/a><\/p>\n","protected":false},"author":1,"featured_media":0,"parent":0,"menu_order":0,"comment_status":"closed","ping_status":"closed","template":"","meta":{"two_page_speed":[],"footnotes":""},"class_list":["post-14871","page","type-page","status-publish","hentry"],"_links":{"self":[{"href":"https:\/\/sp184lodz.edu.pl\/index.php\/wp-json\/wp\/v2\/pages\/14871","targetHints":{"allow":["GET"]}}],"collection":[{"href":"https:\/\/sp184lodz.edu.pl\/index.php\/wp-json\/wp\/v2\/pages"}],"about":[{"href":"https:\/\/sp184lodz.edu.pl\/index.php\/wp-json\/wp\/v2\/types\/page"}],"author":[{"embeddable":true,"href":"https:\/\/sp184lodz.edu.pl\/index.php\/wp-json\/wp\/v2\/users\/1"}],"replies":[{"embeddable":true,"href":"https:\/\/sp184lodz.edu.pl\/index.php\/wp-json\/wp\/v2\/comments?post=14871"}],"version-history":[{"count":3,"href":"https:\/\/sp184lodz.edu.pl\/index.php\/wp-json\/wp\/v2\/pages\/14871\/revisions"}],"predecessor-version":[{"id":14950,"href":"https:\/\/sp184lodz.edu.pl\/index.php\/wp-json\/wp\/v2\/pages\/14871\/revisions\/14950"}],"wp:attachment":[{"href":"https:\/\/sp184lodz.edu.pl\/index.php\/wp-json\/wp\/v2\/media?parent=14871"}],"curies":[{"name":"wp","href":"https:\/\/api.w.org\/{rel}","templated":true}]}}