{"id":14875,"date":"2023-04-26T08:24:34","date_gmt":"2023-04-26T06:24:34","guid":{"rendered":"https:\/\/sp184lodz.edu.pl\/?page_id=14875"},"modified":"2025-04-12T13:31:08","modified_gmt":"2025-04-12T11:31:08","slug":"uroczystosci-szkolne","status":"publish","type":"page","link":"https:\/\/sp184lodz.edu.pl\/index.php\/dla-przyszlych-pierwszakow\/uroczystosci-szkolne\/","title":{"rendered":"Uroczysto\u015bci szkolne"},"content":{"rendered":"<p><span style=\"font-size: 14pt; font-family: comic sans ms, sans-serif; color: #993366;\">W naszej szkole organizujemy wydarzenia, kt\u00f3re stanowi\u0105 istotn\u0105 cz\u0119\u015b\u0107 szkolnego \u017cycia, umo\u017cliwiaj\u0105c uczniom celebrowanie swoich osi\u0105gni\u0119\u0107 oraz wa\u017cnych moment\u00f3w w \u017cyciu spo\u0142eczno\u015bci. Nale\u017c\u0105 do nich m.in.:<\/span><br \/>\n<span style=\"font-size: 14pt; font-family: comic sans ms, sans-serif; color: #993366;\">\u2022 <strong>Dzie\u0144 Edukacji Narodowej<\/strong>,<\/span><br \/>\n<span style=\"font-size: 14pt; font-family: comic sans ms, sans-serif; color: #993366;\">\u2022 <strong>\u015awi\u0119to Patrona<\/strong>,<\/span><br \/>\n<span style=\"font-size: 14pt; font-family: comic sans ms, sans-serif; color: #993366;\">\u2022 <strong>Dzie\u0144 Rodziny<\/strong>,<\/span><br \/>\n<span style=\"font-size: 14pt; font-family: comic sans ms, sans-serif; color: #993366;\">\u2022 <strong>Jase\u0142ka<\/strong>,<\/span><br \/>\n<span style=\"font-size: 14pt; font-family: comic sans ms, sans-serif; color: #993366;\">\u2022 i inne.<\/span><\/p>\n<p><span style=\"font-size: 14pt; font-family: comic sans ms, sans-serif; color: #993366;\">To tak\u017ce doskona\u0142a okazja, by integrowa\u0107 szko\u0142\u0119 z lokaln\u0105 spo\u0142eczno\u015bci\u0105. W tym roku szkolnym uczniowie odwiedzili <strong>Dom Dziennego Pobytu dla senior\u00f3w<\/strong>, gdzie przygotowali kartki i przedstawienie dla jego mieszka\u0144c\u00f3w. Dodatkowo, odby\u0142a si\u0119 akcja <strong>Herbatka dla Seniora<\/strong>, a w naszej szkole wyst\u0105pi\u0142 <strong>\u0141\u00f3dzki Ukrai\u0144ski Ch\u00f3r \u201eKwitka Dusza\u201d<\/strong>.<\/span><\/p>\n<p>&nbsp;<\/p>\n<p><a href=\"https:\/\/sp184lodz.edu.pl\/index.php\/rekrutacja-2023-2024\/\"><span style=\"color: #ff6600;\"><em><strong>powr\u00f3t do rekrutacja<\/strong><\/em><\/span><\/a><\/p>\n","protected":false},"excerpt":{"rendered":"<p>W naszej szkole organizujemy wydarzenia, kt\u00f3re stanowi\u0105 istotn\u0105 cz\u0119\u015b\u0107 szkolnego \u017cycia, umo\u017cliwiaj\u0105c uczniom celebrowanie swoich osi\u0105gni\u0119\u0107 oraz wa\u017cnych moment\u00f3w w \u017cyciu spo\u0142eczno\u015bci. Nale\u017c\u0105 do nich m.in.: \u2022 Dzie\u0144 Edukacji Narodowej, \u2022 \u015awi\u0119to Patrona, \u2022 Dzie\u0144 Rodziny, \u2022 Jase\u0142ka, \u2022 i <a href=\"https:\/\/sp184lodz.edu.pl\/index.php\/dla-przyszlych-pierwszakow\/uroczystosci-szkolne\/\" class=\"read-more\">czytaj wi\u0119cej &#8230;<\/a><\/p>\n","protected":false},"author":1,"featured_media":0,"parent":9798,"menu_order":8,"comment_status":"closed","ping_status":"closed","template":"","meta":{"two_page_speed":[],"footnotes":""},"class_list":["post-14875","page","type-page","status-publish","hentry"],"_links":{"self":[{"href":"https:\/\/sp184lodz.edu.pl\/index.php\/wp-json\/wp\/v2\/pages\/14875","targetHints":{"allow":["GET"]}}],"collection":[{"href":"https:\/\/sp184lodz.edu.pl\/index.php\/wp-json\/wp\/v2\/pages"}],"about":[{"href":"https:\/\/sp184lodz.edu.pl\/index.php\/wp-json\/wp\/v2\/types\/page"}],"author":[{"embeddable":true,"href":"https:\/\/sp184lodz.edu.pl\/index.php\/wp-json\/wp\/v2\/users\/1"}],"replies":[{"embeddable":true,"href":"https:\/\/sp184lodz.edu.pl\/index.php\/wp-json\/wp\/v2\/comments?post=14875"}],"version-history":[{"count":6,"href":"https:\/\/sp184lodz.edu.pl\/index.php\/wp-json\/wp\/v2\/pages\/14875\/revisions"}],"predecessor-version":[{"id":20118,"href":"https:\/\/sp184lodz.edu.pl\/index.php\/wp-json\/wp\/v2\/pages\/14875\/revisions\/20118"}],"up":[{"embeddable":true,"href":"https:\/\/sp184lodz.edu.pl\/index.php\/wp-json\/wp\/v2\/pages\/9798"}],"wp:attachment":[{"href":"https:\/\/sp184lodz.edu.pl\/index.php\/wp-json\/wp\/v2\/media?parent=14875"}],"curies":[{"name":"wp","href":"https:\/\/api.w.org\/{rel}","templated":true}]}}