{"id":14933,"date":"2023-04-28T16:16:36","date_gmt":"2023-04-28T14:16:36","guid":{"rendered":"https:\/\/sp184lodz.edu.pl\/?page_id=14933"},"modified":"2025-04-12T12:01:07","modified_gmt":"2025-04-12T10:01:07","slug":"smacznie-i-zdrowo-jemy","status":"publish","type":"page","link":"https:\/\/sp184lodz.edu.pl\/index.php\/dla-przyszlych-pierwszakow\/rekrutacja-2023-2024\/smacznie-i-zdrowo-jemy\/","title":{"rendered":"Smacznie i zdrowo jemy!"},"content":{"rendered":"<p><span style=\"color: #008080;\"><strong><span style=\"font-size: 18pt;\">Smacznie i zdrowo jemy!<\/span><\/strong><\/span><\/p>\n<p><span style=\"color: #008080;\"><em><span style=\"font-size: 14pt;\">Zdrowe od\u017cywianie jest kluczowe dla dobrego samopoczucia i energii na ca\u0142y dzie\u0144. Szczeg\u00f3ln\u0105 uwag\u0119 zwracamy na <strong>\u015bniadanie<\/strong>, kt\u00f3re dostarcza nam si\u0142 na rozpocz\u0119cie dnia. W naszej szkole stawiamy na \u015bwie\u017ce owoce i warzywa, tworz\u0105c kolorowe i zdrowe drugie \u015bniadania.<\/span><\/em><\/span><\/p>\n<p><span style=\"font-size: 14pt;\"><span style=\"color: #008080;\"><em>Realizujemy tak\u017ce projekty prozdrowotne, kt\u00f3re nie tylko ucz\u0105 nas, jak dba\u0107 o zdrowie, ale r\u00f3wnie\u017c sprawiaj\u0105, \u017ce jedzenie staje si\u0119 prawdziw\u0105 zabaw\u0105!<\/em> <\/span>&#x1f331;&#x1f34e;<\/span><\/p>\n<p><a href=\"https:\/\/sp184lodz.edu.pl\/index.php\/rekrutacja-2023-2024\/\"><span style=\"color: #ff6600;\"><em><strong>powr\u00f3t do rekrutacja<\/strong><\/em><\/span><\/a><\/p>\n","protected":false},"excerpt":{"rendered":"<p>Smacznie i zdrowo jemy! Zdrowe od\u017cywianie jest kluczowe dla dobrego samopoczucia i energii na ca\u0142y dzie\u0144. Szczeg\u00f3ln\u0105 uwag\u0119 zwracamy na \u015bniadanie, kt\u00f3re dostarcza nam si\u0142 na rozpocz\u0119cie dnia. W naszej szkole stawiamy na \u015bwie\u017ce owoce i warzywa, tworz\u0105c kolorowe i <a href=\"https:\/\/sp184lodz.edu.pl\/index.php\/dla-przyszlych-pierwszakow\/rekrutacja-2023-2024\/smacznie-i-zdrowo-jemy\/\" class=\"read-more\">czytaj wi\u0119cej &#8230;<\/a><\/p>\n","protected":false},"author":1,"featured_media":0,"parent":14348,"menu_order":0,"comment_status":"closed","ping_status":"closed","template":"","meta":{"two_page_speed":[],"footnotes":""},"class_list":["post-14933","page","type-page","status-publish","hentry"],"_links":{"self":[{"href":"https:\/\/sp184lodz.edu.pl\/index.php\/wp-json\/wp\/v2\/pages\/14933","targetHints":{"allow":["GET"]}}],"collection":[{"href":"https:\/\/sp184lodz.edu.pl\/index.php\/wp-json\/wp\/v2\/pages"}],"about":[{"href":"https:\/\/sp184lodz.edu.pl\/index.php\/wp-json\/wp\/v2\/types\/page"}],"author":[{"embeddable":true,"href":"https:\/\/sp184lodz.edu.pl\/index.php\/wp-json\/wp\/v2\/users\/1"}],"replies":[{"embeddable":true,"href":"https:\/\/sp184lodz.edu.pl\/index.php\/wp-json\/wp\/v2\/comments?post=14933"}],"version-history":[{"count":7,"href":"https:\/\/sp184lodz.edu.pl\/index.php\/wp-json\/wp\/v2\/pages\/14933\/revisions"}],"predecessor-version":[{"id":20062,"href":"https:\/\/sp184lodz.edu.pl\/index.php\/wp-json\/wp\/v2\/pages\/14933\/revisions\/20062"}],"up":[{"embeddable":true,"href":"https:\/\/sp184lodz.edu.pl\/index.php\/wp-json\/wp\/v2\/pages\/14348"}],"wp:attachment":[{"href":"https:\/\/sp184lodz.edu.pl\/index.php\/wp-json\/wp\/v2\/media?parent=14933"}],"curies":[{"name":"wp","href":"https:\/\/api.w.org\/{rel}","templated":true}]}}