{"id":151,"date":"2017-03-13T18:46:22","date_gmt":"2017-03-13T17:46:22","guid":{"rendered":"http:\/\/sp184lodz.edu.pl\/?page_id=151"},"modified":"2019-01-18T12:46:29","modified_gmt":"2019-01-18T11:46:29","slug":"szkola","status":"publish","type":"page","link":"https:\/\/sp184lodz.edu.pl\/index.php\/szkola\/","title":{"rendered":"O nas"},"content":{"rendered":"<h2>Szko\u0142a Podstawowa nr 184<\/h2>\n<p>91-496 \u0141\u00f3d\u017a,<br \/>\nul. Syrenki 19a,<br \/>\ntel. 42 6582401,<br \/>\n<a href=\"mailto:kontakt@sp184.elodz.edu.pl\">kontakt@sp184.elodz.edu.pl<\/a><\/p>\n<p><img loading=\"lazy\" decoding=\"async\" class=\"aligncenter size-full wp-image-541\" src=\"http:\/\/sp184lodz.edu.pl\/wp-content\/uploads\/2017\/03\/Radosna.gif\" alt=\"\" width=\"360\" height=\"236\" \/><\/p>\n<map name=\"mapa\">\n<area coords=\"15, 40, 100, 110\" shape=\"rect\" href=\"http:\/\/www.sp184lodz.republika.pl\/kronika.html\" target=\"top\" \/>\n<map name=\"mapa\">\n<area coords=\"15, 250, 100, 90\" shape=\"rect\" href=\"http:\/\/www.sp184lodz.republika.pl\/studio.html\" target=\"top\" \/>\n<map name=\"mapa\">\n<area coords=\"120, 140, 200, 70\" shape=\"rect\" href=\"http:\/\/www.sp184lodz.republika.pl\/administracja.html\" target=\"top\" \/>\n <\/map>\n<\/map>\n<\/map>\n","protected":false},"excerpt":{"rendered":"<p>Szko\u0142a Podstawowa nr 184 91-496 \u0141\u00f3d\u017a, ul. Syrenki 19a, tel. 42 6582401, kontakt@sp184.elodz.edu.pl<\/p>\n","protected":false},"author":1,"featured_media":0,"parent":0,"menu_order":0,"comment_status":"closed","ping_status":"closed","template":"","meta":{"two_page_speed":[],"footnotes":""},"class_list":["post-151","page","type-page","status-publish","hentry"],"_links":{"self":[{"href":"https:\/\/sp184lodz.edu.pl\/index.php\/wp-json\/wp\/v2\/pages\/151","targetHints":{"allow":["GET"]}}],"collection":[{"href":"https:\/\/sp184lodz.edu.pl\/index.php\/wp-json\/wp\/v2\/pages"}],"about":[{"href":"https:\/\/sp184lodz.edu.pl\/index.php\/wp-json\/wp\/v2\/types\/page"}],"author":[{"embeddable":true,"href":"https:\/\/sp184lodz.edu.pl\/index.php\/wp-json\/wp\/v2\/users\/1"}],"replies":[{"embeddable":true,"href":"https:\/\/sp184lodz.edu.pl\/index.php\/wp-json\/wp\/v2\/comments?post=151"}],"version-history":[{"count":33,"href":"https:\/\/sp184lodz.edu.pl\/index.php\/wp-json\/wp\/v2\/pages\/151\/revisions"}],"predecessor-version":[{"id":6246,"href":"https:\/\/sp184lodz.edu.pl\/index.php\/wp-json\/wp\/v2\/pages\/151\/revisions\/6246"}],"wp:attachment":[{"href":"https:\/\/sp184lodz.edu.pl\/index.php\/wp-json\/wp\/v2\/media?parent=151"}],"curies":[{"name":"wp","href":"https:\/\/api.w.org\/{rel}","templated":true}]}}