{"id":1652,"date":"2018-07-04T11:54:58","date_gmt":"2018-07-04T09:54:58","guid":{"rendered":"http:\/\/sp184lodz.edu.pl\/?page_id=1652"},"modified":"2018-07-04T11:54:58","modified_gmt":"2018-07-04T09:54:58","slug":"akademia-techniki","status":"publish","type":"page","link":"https:\/\/sp184lodz.edu.pl\/index.php\/szkola\/orlik\/akademia-techniki\/","title":{"rendered":"Akademia Techniki"},"content":{"rendered":"<div id=\"primary\" class=\"site-content\">\n<div id=\"content\">\n<article id=\"post-142\" class=\"post-142 page type-page status-publish hentry\">\n<header class=\"entry-header\">\n<h1 class=\"entry-title\">Akademia Techniki<\/h1>\n<\/header>\n<div class=\"entry-content\">\n<p><strong>Ostatnie \u00a0Wiadomo\u015bci Sportowe o naszej pasji w linkach :\u00a0<\/strong><strong><a href=\"http:\/\/lodz.tvp.pl\/22084949\/10102015\">http:\/\/lodz.tvp.pl\/22084949\/10102015<\/a>\u00a0<\/strong><\/p>\n<p><strong><a href=\"http:\/\/www.mekkastreet.pl\/wp-content\/uploads\/2014\/04\/uid_ef4368e120f02ce4b1b2429a488f08a91322656014725_width_736_play_0_pos_0_gs_0_height_4502.jpg\" data-rel=\"lightbox-image-0\" data-rl_title=\"\" data-rl_caption=\"\" title=\"\"><img loading=\"lazy\" decoding=\"async\" class=\" wp-image-552 alignright\" src=\"http:\/\/www.mekkastreet.pl\/wp-content\/uploads\/2014\/04\/uid_ef4368e120f02ce4b1b2429a488f08a91322656014725_width_736_play_0_pos_0_gs_0_height_4502.jpg\" alt=\"uid_ef4368e120f02ce4b1b2429a488f08a91322656014725_width_736_play_0_pos_0_gs_0_height_450\" width=\"122\" height=\"74\" \/><\/a><\/strong><\/p>\n<p><strong>\u00a0<a href=\"http:\/\/lodz.tvp.pl\/25915251\/24062016\">http:\/\/lodz.tvp.pl\/25915251\/24062016<\/a><\/strong><\/p>\n<h1><strong>Pierwsza \u00a0Akademia tego typu w kraju i jedna z nielicznych w Europie !<\/strong><\/h1>\n<p><strong>Tego nie nauczysz si\u0119 w \u017cadnym klubie! \u00a0Sprawd\u017c nas!<\/strong><\/p>\n<p><a href=\"http:\/\/www.mekkastreet.pl\/wp-content\/uploads\/2014\/04\/11391315_728407367269139_6126202774279724042_n.jpg\" data-rel=\"lightbox-image-1\" data-rl_title=\"\" data-rl_caption=\"\" title=\"\"><img loading=\"lazy\" decoding=\"async\" class=\" wp-image-546 alignright\" src=\"http:\/\/www.mekkastreet.pl\/wp-content\/uploads\/2014\/04\/11391315_728407367269139_6126202774279724042_n.jpg\" alt=\"11391315_728407367269139_6126202774279724042_n\" width=\"246\" height=\"336\" \/><\/a><\/p>\n<p><strong>Technika u\u017cytkowa, pokazowa, zagrania klasy\u00a0<\/strong><\/p>\n<p><strong><a href=\"https:\/\/www.google.pl\/url?sa=t&amp;rct=j&amp;q=&amp;esrc=s&amp;source=web&amp;cd=1&amp;cad=rja&amp;uact=8&amp;sqi=2&amp;ved=0CC0QFjAA&amp;url=http%3A%2F%2Fpl.wikipedia.org%2Fwiki%2FNeymar&amp;ei=S-mCU-nbC5L07AbPz4GwDA&amp;usg=AFQjCNHGcYfJ_2iJ9oqTkVxgYDnv8YL_Yg&amp;sig2=LD8eNadE2lHgXZYON-oWww&amp;bvm=bv.67720277,d.ZGU\" data-href=\"http:\/\/pl.wikipedia.org\/wiki\/Neymar\">Neymar\u00a0<\/a>\u00a0<a href=\"https:\/\/www.google.pl\/url?sa=t&amp;rct=j&amp;q=&amp;esrc=s&amp;source=web&amp;cd=1&amp;cad=rja&amp;uact=8&amp;sqi=2&amp;ved=0CDIQFjAA&amp;url=http%3A%2F%2Fpl.wikipedia.org%2Fwiki%2FRonaldinho&amp;ei=KemCU_XtBbLA7Ab52YGYAQ&amp;usg=AFQjCNFnJIYrAt1GWKrLf6wXGoMHOcraeg&amp;sig2=0aysG_ravL9K4Q6UKrzsQQ&amp;bvm=bv.67720277,d.ZGU\" data-href=\"http:\/\/pl.wikipedia.org\/wiki\/Ronaldinho\">Ronaldinho\u00a0<\/a>\u00a0<a href=\"https:\/\/www.google.pl\/url?sa=t&amp;rct=j&amp;q=&amp;esrc=s&amp;source=web&amp;cd=1&amp;ved=0CDAQFjAA&amp;url=http%3A%2F%2Fpl.wikipedia.org%2Fwiki%2FZlatan_Ibrahimovi%25C4%2587&amp;ei=lemCU82YC7Gf7Abv3YDYBg&amp;usg=AFQjCNHyR5SkmtJtECluMJjqqB8JGf4d5g&amp;sig2=C1L5SW--KvEUcBSX-ex6EQ&amp;bvm=bv.67720277,d.ZGU\" data-href=\"http:\/\/pl.wikipedia.org\/wiki\/Zlatan_Ibrahimovi%C4%87\">Zlatan \u00a0Ibrahimovi\u0107\u00a0<\/a><\/strong><\/p>\n<h3><strong>\u00a0Jedna<img loading=\"lazy\" decoding=\"async\" class=\" wp-image-549 alignright\" title=\"\" src=\"http:\/\/www.mekkastreet.pl\/wp-content\/uploads\/2014\/04\/12105774_10153655913752070_6461872595561399698_n.jpg\" alt=\"12105774_10153655913752070_6461872595561399698_n\" width=\"244\" height=\"365\" \/> z pierwszych \u00a0tego typu Akademii w naszym kraju !!<\/strong><\/h3>\n<h3><a href=\"http:\/\/www.mekkastreet.pl\/wp-content\/uploads\/2014\/04\/10632695_767424730034069_6797027787339024104_n.jpg\" data-rel=\"lightbox-image-2\" data-rl_title=\"\" data-rl_caption=\"\" title=\"\"><img loading=\"lazy\" decoding=\"async\" class=\" alignleft wp-image-555\" src=\"http:\/\/www.mekkastreet.pl\/wp-content\/uploads\/2014\/04\/10632695_767424730034069_6797027787339024104_n.jpg\" alt=\"10632695_767424730034069_6797027787339024104_n\" width=\"296\" height=\"197\" \/><\/a><a href=\"http:\/\/www.mekkastreet.pl\/wp-content\/uploads\/2014\/04\/13221575_887953354647872_8900637573071808849_n.jpg\" data-rel=\"lightbox-image-3\" data-rl_title=\"\" data-rl_caption=\"\" title=\"\"><img loading=\"lazy\" decoding=\"async\" class=\" wp-image-627 alignright\" src=\"http:\/\/www.mekkastreet.pl\/wp-content\/uploads\/2014\/04\/13221575_887953354647872_8900637573071808849_n.jpg\" alt=\"13221575_887953354647872_8900637573071808849_n\" width=\"410\" height=\"307\" \/><\/a><a href=\"http:\/\/www.mekkastreet.pl\/wp-content\/uploads\/2014\/04\/10632695_767424730034069_6797027787339024104_n.jpg\" data-rel=\"lightbox-image-4\" data-rl_title=\"\" data-rl_caption=\"\" title=\"\"><br \/>\n<\/a>Naszym celem jest nauczanie techniki na najwy\u017cszym \u015bwiatowym poziomie !<\/h3>\n<h3><a href=\"http:\/\/www.mekkastreet.pl\/wp-content\/uploads\/2014\/04\/12109792_779758818800660_2341264280182251330_o.jpg\" data-rel=\"lightbox-image-5\" data-rl_title=\"\" data-rl_caption=\"\"><img loading=\"lazy\" decoding=\"async\" class=\"aligncenter wp-image-553\" title=\"\" src=\"http:\/\/www.mekkastreet.pl\/wp-content\/uploads\/2014\/04\/12109792_779758818800660_2341264280182251330_o.jpg\" alt=\"12109792_779758818800660_2341264280182251330_o\" width=\"529\" height=\"397\" \/><\/a><a href=\"http:\/\/www.mekkastreet.pl\/wp-content\/uploads\/2014\/04\/13407139_901443146632226_3377638689543026415_n.jpg\" data-rel=\"lightbox-image-6\" data-rl_title=\"\" data-rl_caption=\"\"><img loading=\"lazy\" decoding=\"async\" class=\"alignnone size-full wp-image-621\" title=\"\" src=\"http:\/\/www.mekkastreet.pl\/wp-content\/uploads\/2014\/04\/13407139_901443146632226_3377638689543026415_n.jpg\" alt=\"13407139_901443146632226_3377638689543026415_n\" width=\"793\" height=\"960\" \/><\/a><\/h3>\n<h3>Express o nas:<br \/>\n<a href=\"http:\/\/www.mekkastreet.pl\/wp-content\/uploads\/2014\/04\/10151408_512136638896214_421568235_n.jpg\" data-rel=\"lightbox-image-7\" data-rl_title=\"\" data-rl_caption=\"\"><img loading=\"lazy\" decoding=\"async\" class=\" wp-image-252 alignleft\" title=\"\" src=\"http:\/\/www.mekkastreet.pl\/wp-content\/uploads\/2014\/04\/10151408_512136638896214_421568235_n.jpg\" alt=\"10151408_512136638896214_421568235_n\" width=\"569\" height=\"715\" \/><\/a><\/h3>\n<h2><strong>Trenerzy z certyfikatami Realu Madryt zapewni\u0105 szkolenie z najwy\u017cszej p\u00f3\u0142ki w dziedzinie techniki!<\/strong><\/h2>\n<h2><a href=\"http:\/\/www.mekkastreet.pl\/wp-content\/uploads\/2014\/04\/DSC_0190.jpg\" data-rel=\"lightbox-image-8\" data-rl_title=\"\" data-rl_caption=\"\" title=\"\"><img loading=\"lazy\" decoding=\"async\" class=\"aligncenter size-full wp-image-263\" src=\"http:\/\/www.mekkastreet.pl\/wp-content\/uploads\/2014\/04\/DSC_0190.jpg\" alt=\"DSC_0190\" width=\"4608\" height=\"3072\" \/><\/a><\/h2>\n<h2><a href=\"http:\/\/www.mekkastreet.pl\/wp-content\/uploads\/2014\/04\/real-madryt.jpg\" data-rel=\"lightbox-image-9\" data-rl_title=\"\" data-rl_caption=\"\" title=\"\"><img loading=\"lazy\" decoding=\"async\" class=\"alignnone wp-image-623\" src=\"http:\/\/www.mekkastreet.pl\/wp-content\/uploads\/2014\/04\/real-madryt.jpg\" alt=\"real madryt\" width=\"616\" height=\"312\" \/><\/a><\/h2>\n<h2><a href=\"http:\/\/www.mekkastreet.pl\/wp-content\/uploads\/2014\/04\/moje-wywiad.jpg\" data-rel=\"lightbox-image-10\" data-rl_title=\"\" data-rl_caption=\"\" title=\"\"><img loading=\"lazy\" decoding=\"async\" class=\"aligncenter size-full wp-image-289\" src=\"http:\/\/www.mekkastreet.pl\/wp-content\/uploads\/2014\/04\/moje-wywiad.jpg\" alt=\"moje wywiad\" width=\"800\" height=\"579\" \/><\/a><a href=\"https:\/\/www.radiolodz.pl\/sport\/5902-technika-w-pilce-to-podstawa-tak-graja-w-mekka-street-zdjecia\">artyku\u0142 i wywiad w Radiu \u0141\u00f3d\u017a<\/a>\u00a0<a href=\"http:\/\/www.mekkastreet.pl\/wp-content\/uploads\/2014\/04\/logo-fdee9cb8005927b0f8ba5b21580759eab22efc418dfa8c0602e55a804d5b2f06.jpg\" data-rel=\"lightbox-image-11\" data-rl_title=\"\" data-rl_caption=\"\" title=\"\"><img loading=\"lazy\" decoding=\"async\" class=\" wp-image-559 alignright\" src=\"http:\/\/www.mekkastreet.pl\/wp-content\/uploads\/2014\/04\/logo-fdee9cb8005927b0f8ba5b21580759eab22efc418dfa8c0602e55a804d5b2f06.jpg\" alt=\"logo-fdee9cb8005927b0f8ba5b21580759eab22efc418dfa8c0602e55a804d5b2f06\" width=\"125\" height=\"96\" \/><\/a><a href=\"http:\/\/www.mekkastreet.pl\/wp-content\/uploads\/2014\/04\/plakata-2.png\" data-rel=\"lightbox-image-12\" data-rl_title=\"\" data-rl_caption=\"\" title=\"\"><br \/>\n<\/a><\/h2>\n<p><strong>\u017beby gra\u0107 jak Messi czy Neymar wcale nie trzeba jecha\u0107 do Barcelony. Przyszli wirtuozi techniki szkol\u0105 si\u0119 w \u0141odzi, na Orliku przy Szkole Podstawowej nr 184. artyku\u0142 poni\u017cej<\/strong><\/p>\n<h2><a href=\"http:\/\/www.mekkastreet.pl\/wp-content\/uploads\/2014\/04\/50b34e8f08540_o.jpg\" data-rel=\"lightbox-image-13\" data-rl_title=\"\" data-rl_caption=\"\" title=\"\"><img loading=\"lazy\" decoding=\"async\" class=\" wp-image-563 alignright\" src=\"http:\/\/www.mekkastreet.pl\/wp-content\/uploads\/2014\/04\/50b34e8f08540_o.jpg\" alt=\"50b34e8f08540_o\" width=\"169\" height=\"22\" \/><\/a><\/h2>\n<h2><a title=\"Artyku\u0142 Dziennik \u0141\u00f3dzki , w \u0141odzi szkol\u0105 si\u0119 pszyszli wirtuozi futbolu\" href=\"http:\/\/www.dzienniklodzki.pl\/artykul\/3834701,street-soccer-na-radogoszczu-w-lodzi-szkola-sie-przyszli-wirtuozi-futbolu-zdjecia,id,t.html\">artyku\u0142 Dziennik \u0141\u00f3dzki<\/a><\/h2>\n<p><strong>Twoje dziecko b\u0119dzie umia\u0142o perfekcyjnie opanowa\u0107 pi\u0142k\u0119 w ka\u017cdej \u00a0 sytuacji, zastosowa\u0107 najbardziej wyszukany drybling, mie\u0107 \u015bwietn\u0105 koordynacj\u0119 \u00a0i czucie pi\u0142ki . wystarcz\u0105 ch\u0119ci! pod okiem profesjonalnych trener\u00f3w posiadaj\u0105cych certyfikaty Realu Madryt \u00a0 i \u00a0zawodnik\u00f3w Freestyle Football i Street Soccer reprezentant\u00f3w \u00a0Polski\u00a0<\/strong><strong>osi\u0105gn\u0105 poziom techniki o kt\u00f3rym mog\u0105 inni tylko pomarzy\u0107.<\/strong><\/p>\n<p><a href=\"http:\/\/www.mekkastreet.pl\/wp-content\/uploads\/2014\/04\/DSC03212.jpg\" data-rel=\"lightbox-image-14\" data-rl_title=\"\" data-rl_caption=\"\"><img loading=\"lazy\" decoding=\"async\" class=\"aligncenter size-full wp-image-476\" title=\"\" src=\"http:\/\/www.mekkastreet.pl\/wp-content\/uploads\/2014\/04\/DSC03212.jpg\" alt=\"DSC03212\" width=\"4608\" height=\"3456\" \/><\/a><\/p>\n<h2><strong>Piotr i Pawe\u0142-wiek \u00a012 lat \u00a0\u2013 wyszkolenie techniczne na filmiku pr\u00f3bka umiej\u0119tno\u015bci<\/strong><\/h2>\n<p><iframe loading=\"lazy\" src=\"https:\/\/www.youtube.com\/embed\/ca39sijx0jY?feature=oembed\" width=\"625\" height=\"352\" frameborder=\"0\" allowfullscreen=\"allowfullscreen\" data-mce-fragment=\"1\"><\/iframe><\/p>\n<h2><a href=\"http:\/\/www.mekkastreet.pl\/wp-content\/uploads\/2014\/04\/10668274_688472384563688_861796949_n.jpg\" data-rel=\"lightbox-image-15\" data-rl_title=\"\" data-rl_caption=\"\" title=\"\"><img loading=\"lazy\" decoding=\"async\" class=\"aligncenter size-full wp-image-329\" src=\"http:\/\/www.mekkastreet.pl\/wp-content\/uploads\/2014\/04\/10668274_688472384563688_861796949_n.jpg\" alt=\"10668274_688472384563688_861796949_n\" width=\"960\" height=\"635\" \/><\/a><strong>Najm\u0142odszy reprezentant Mekka Street daj\u0105cy pokazy w Polsce \u00a0 \u2013 Miko\u0142aj \u00a0pierwsze pokazy dla publiczno\u015bci rozpocz\u0105\u0142 w wieku 9 lat<\/strong><\/h2>\n<h2><a href=\"http:\/\/www.mekkastreet.pl\/wp-content\/uploads\/2014\/04\/miki-2-ozork%C3%B3w.jpg\" data-rel=\"lightbox-image-16\" data-rl_title=\"\" data-rl_caption=\"\" title=\"\"><img loading=\"lazy\" decoding=\"async\" class=\"aligncenter size-full wp-image-353\" src=\"http:\/\/www.mekkastreet.pl\/wp-content\/uploads\/2014\/04\/miki-2-ozork%C3%B3w.jpg\" alt=\"miki 2 ozork\u00f3w\" width=\"1200\" height=\"800\" \/><\/a><strong>Filmik z pr\u00f3bk\u0105 umiej\u0119tno\u015bci Miko\u0142aja<\/strong><\/h2>\n<p><iframe loading=\"lazy\" src=\"https:\/\/www.youtube.com\/embed\/rRSgSKoa5GM?feature=oembed\" width=\"625\" height=\"352\" frameborder=\"0\" allowfullscreen=\"allowfullscreen\" data-mce-fragment=\"1\"><\/iframe><\/p>\n<h2><strong>Tak gra 13 -letni Daniel Jatczak adept naszej akademii i obecnie reprezentant Polski m\u0142odzik\u00f3w<\/strong><\/h2>\n<p><iframe loading=\"lazy\" src=\"https:\/\/www.youtube.com\/embed\/Z7jMoY_VbXY?feature=oembed\" width=\"625\" height=\"352\" frameborder=\"0\" allowfullscreen=\"allowfullscreen\" data-mce-fragment=\"1\"><\/iframe><\/p>\n<h2><\/h2>\n<p>&nbsp;<\/p>\n<p>KONSPEKT PRZYK\u0141ADOWY<\/p>\n<p>Trening nr 7, mikrocykl 1<br \/>\nJednostka treningowa dzie\u0144 07.03.2014 czas 90 min<br \/>\n1. rozgrzewka og\u00f3lnorozwojowa<br \/>\nFREESTYLE FOOTBALL (trener specjalistyczny Piotr Oleksik)<\/p>\n<p>2. styl upper 10min &gt; neckstall (kark)<br \/>\n&gt; neck to neck (podrzuty karkiem)<br \/>\n&gt; shoulder stall ( bark boki )<br \/>\n3. styl air 15 min &gt; atw (sprawdzenie pracy domowej)<br \/>\n&gt; cross over (podbicie krzy\u017cowe )<br \/>\n&gt; inatw<br \/>\n&gt; \u00a0przyj\u0119cia pi\u0142ki rodzaje: clipper wst\u0119p do triku , zastosowanie,rodzaje<br \/>\n4. styl ground(taniec z pi\u0142k\u0105-kroki) 20 min &gt; clapperen , spinning, kombinacje krok\u00f3w<br \/>\n&gt; double side<br \/>\n&gt; clapping<br \/>\n&gt; sticking wprowadzenie , zastosowanie w combo<br \/>\n&gt; skipping basic wprowadzenie toturial<br \/>\n5. specjal , bloki, acrobatik 5 min &gt; blok podkolanowy<br \/>\nSTREET SOCCER<br \/>\n6. Dryblingi meczowe 20 min &gt; rainbon variation powt\u00f3rzenie<br \/>\n&gt; mijanka za plecami<br \/>\n&gt; gierka 2 na 2 zastoswanie trik\u00f3w<br \/>\nPodsumowanie trenningu, zwr\u00f3cenie uwagi na najcz\u0119stsze b\u0142\u0119dy,podzi\u0119kowanie dla zawodnik\u00f3w i pochwa\u0142a za najlepiej wykonane elementy, zadanie pracy domowej, informacje og\u00f3lne.<\/p>\n<\/div>\n<footer class=\"entry-meta\"><\/footer>\n<\/article>\n<div id=\"comments\" class=\"comments-area\"><\/div>\n<\/div>\n<\/div>\n<div id=\"secondary\" class=\"widget-area\">\n<aside id=\"search-2\" class=\"widget widget_search\">\n<form id=\"searchform\" class=\"searchform\" action=\"http:\/\/www.mekkastreet.pl\/\" method=\"get\">\n<div><label class=\"screen-reader-text\" for=\"s\">Szukaj:<\/label> <input id=\"s\" name=\"s\" type=\"text\" value=\"\" \/><\/div>\n<\/form>\n<\/aside>\n<\/div>\n<div id=\"main\" class=\"wrapper\"><\/div>\n","protected":false},"excerpt":{"rendered":"<p>Akademia Techniki Ostatnie \u00a0Wiadomo\u015bci Sportowe o naszej pasji w linkach :\u00a0http:\/\/lodz.tvp.pl\/22084949\/10102015\u00a0 \u00a0http:\/\/lodz.tvp.pl\/25915251\/24062016 Pierwsza \u00a0Akademia tego typu w kraju i jedna z nielicznych w Europie ! Tego nie nauczysz si\u0119 w \u017cadnym klubie! \u00a0Sprawd\u017c nas! Technika u\u017cytkowa, pokazowa, zagrania klasy\u00a0 Neymar\u00a0\u00a0Ronaldinho\u00a0\u00a0Zlatan <a href=\"https:\/\/sp184lodz.edu.pl\/index.php\/szkola\/orlik\/akademia-techniki\/\" class=\"read-more\">czytaj wi\u0119cej &#8230;<\/a><\/p>\n","protected":false},"author":1,"featured_media":0,"parent":716,"menu_order":0,"comment_status":"closed","ping_status":"closed","template":"","meta":{"two_page_speed":[],"footnotes":""},"class_list":["post-1652","page","type-page","status-publish","hentry"],"_links":{"self":[{"href":"https:\/\/sp184lodz.edu.pl\/index.php\/wp-json\/wp\/v2\/pages\/1652","targetHints":{"allow":["GET"]}}],"collection":[{"href":"https:\/\/sp184lodz.edu.pl\/index.php\/wp-json\/wp\/v2\/pages"}],"about":[{"href":"https:\/\/sp184lodz.edu.pl\/index.php\/wp-json\/wp\/v2\/types\/page"}],"author":[{"embeddable":true,"href":"https:\/\/sp184lodz.edu.pl\/index.php\/wp-json\/wp\/v2\/users\/1"}],"replies":[{"embeddable":true,"href":"https:\/\/sp184lodz.edu.pl\/index.php\/wp-json\/wp\/v2\/comments?post=1652"}],"version-history":[{"count":1,"href":"https:\/\/sp184lodz.edu.pl\/index.php\/wp-json\/wp\/v2\/pages\/1652\/revisions"}],"predecessor-version":[{"id":5199,"href":"https:\/\/sp184lodz.edu.pl\/index.php\/wp-json\/wp\/v2\/pages\/1652\/revisions\/5199"}],"up":[{"embeddable":true,"href":"https:\/\/sp184lodz.edu.pl\/index.php\/wp-json\/wp\/v2\/pages\/716"}],"wp:attachment":[{"href":"https:\/\/sp184lodz.edu.pl\/index.php\/wp-json\/wp\/v2\/media?parent=1652"}],"curies":[{"name":"wp","href":"https:\/\/api.w.org\/{rel}","templated":true}]}}