{"id":18460,"date":"2024-07-16T11:37:20","date_gmt":"2024-07-16T09:37:20","guid":{"rendered":"https:\/\/sp184lodz.edu.pl\/?page_id=18460"},"modified":"2024-09-12T16:31:30","modified_gmt":"2024-09-12T14:31:30","slug":"standardy-ochrony-dzieci-przed-krzywdzeniem","status":"publish","type":"page","link":"https:\/\/sp184lodz.edu.pl\/index.php\/strefa-rodzica\/organizacja-szkoly\/pedagog\/standardy-ochrony-dzieci-przed-krzywdzeniem\/","title":{"rendered":"Standardy Ochrony Dzieci Przed Krzywdzeniem"},"content":{"rendered":"<p style=\"text-align: center;\"><span style=\"font-size: 18pt;\"><strong><span style=\"font-size: 12pt; color: #008000;\">Osoba do kontaktu: <\/span><br \/>\n<span style=\"color: #339966;\">szkolny pedagog<\/span><\/strong><\/span><\/p>\n<ul>\n<li><img loading=\"lazy\" decoding=\"async\" class=\"aligncenter  wp-image-18462\" src=\"https:\/\/sp184lodz.edu.pl\/wp-content\/uploads\/2024\/07\/SOM.png\" alt=\"\" width=\"209\" height=\"218\" \/><a href=\"https:\/\/sp184lodz.edu.pl\/wp-content\/uploads\/2024\/07\/standardy_Ochrony_dzieci_2_.pdf\" target=\"_blank\" rel=\"noopener\">Standardy Ochrony Dzieci Przed Krzywdzeniem <\/a>\u00a0<a href=\"https:\/\/sp184lodz.edu.pl\/wp-content\/uploads\/2024\/07\/standardy_Ochrony_dzieci_2_.pdf\" target=\"_blank\" rel=\"noopener\">w Szkole Podstawowej nr 184<\/a> <a href=\"https:\/\/sp184lodz.edu.pl\/wp-content\/uploads\/2024\/07\/standardy_Ochrony_dzieci_2_.pdf\" target=\"_blank\" rel=\"noopener\">im. Honorowych Obywateli Miasta \u0141odzi<\/a><\/li>\n<li><a href=\"https:\/\/sp184lodz.edu.pl\/wp-content\/uploads\/2024\/07\/pomocstrona.pdf\" target=\"_blank\" rel=\"noopener\">Dane kontaktowe instytucji i organizacji, \u00a0<\/a><a href=\"https:\/\/sp184lodz.edu.pl\/wp-content\/uploads\/2024\/07\/pomocstrona.pdf\" target=\"_blank\" rel=\"noopener\">kt\u00f3re zajmuj\u0105 si\u0119 interwencj\u0105 i pomoc\u0105<\/a> <a href=\"https:\/\/sp184lodz.edu.pl\/wp-content\/uploads\/2024\/07\/pomocstrona.pdf\" target=\"_blank\" rel=\"noopener\">w sytuacjach krzywdzenia dzieci<\/a><\/li>\n<\/ul>\n<p><img loading=\"lazy\" decoding=\"async\" class=\"aligncenter  wp-image-18473\" src=\"https:\/\/sp184lodz.edu.pl\/wp-content\/uploads\/2024\/07\/SOM-duzy-1-682x1024.png\" alt=\"\" width=\"488\" height=\"833\" \/><\/p>\n","protected":false},"excerpt":{"rendered":"<p>Osoba do kontaktu: szkolny pedagog Standardy Ochrony Dzieci Przed Krzywdzeniem \u00a0w Szkole Podstawowej nr 184 im. Honorowych Obywateli Miasta \u0141odzi Dane kontaktowe instytucji i organizacji, \u00a0kt\u00f3re zajmuj\u0105 si\u0119 interwencj\u0105 i pomoc\u0105 w sytuacjach krzywdzenia dzieci<\/p>\n","protected":false},"author":1,"featured_media":0,"parent":694,"menu_order":1,"comment_status":"closed","ping_status":"closed","template":"","meta":{"two_page_speed":[],"footnotes":""},"class_list":["post-18460","page","type-page","status-publish","hentry"],"_links":{"self":[{"href":"https:\/\/sp184lodz.edu.pl\/index.php\/wp-json\/wp\/v2\/pages\/18460","targetHints":{"allow":["GET"]}}],"collection":[{"href":"https:\/\/sp184lodz.edu.pl\/index.php\/wp-json\/wp\/v2\/pages"}],"about":[{"href":"https:\/\/sp184lodz.edu.pl\/index.php\/wp-json\/wp\/v2\/types\/page"}],"author":[{"embeddable":true,"href":"https:\/\/sp184lodz.edu.pl\/index.php\/wp-json\/wp\/v2\/users\/1"}],"replies":[{"embeddable":true,"href":"https:\/\/sp184lodz.edu.pl\/index.php\/wp-json\/wp\/v2\/comments?post=18460"}],"version-history":[{"count":8,"href":"https:\/\/sp184lodz.edu.pl\/index.php\/wp-json\/wp\/v2\/pages\/18460\/revisions"}],"predecessor-version":[{"id":18548,"href":"https:\/\/sp184lodz.edu.pl\/index.php\/wp-json\/wp\/v2\/pages\/18460\/revisions\/18548"}],"up":[{"embeddable":true,"href":"https:\/\/sp184lodz.edu.pl\/index.php\/wp-json\/wp\/v2\/pages\/694"}],"wp:attachment":[{"href":"https:\/\/sp184lodz.edu.pl\/index.php\/wp-json\/wp\/v2\/media?parent=18460"}],"curies":[{"name":"wp","href":"https:\/\/api.w.org\/{rel}","templated":true}]}}