{"id":19130,"date":"2024-11-28T15:36:09","date_gmt":"2024-11-28T14:36:09","guid":{"rendered":"https:\/\/sp184lodz.edu.pl\/?page_id=19130"},"modified":"2024-11-28T15:36:09","modified_gmt":"2024-11-28T14:36:09","slug":"laboratoria-przyszlosci-wydarzenia-2024-2025","status":"publish","type":"page","link":"https:\/\/sp184lodz.edu.pl\/index.php\/laboratoria-przyszlosci-wydarzenia-2024-2025\/","title":{"rendered":"Laboratoria Przysz\u0142o\u015bci &#8211; wydarzenia 2024\/2025"},"content":{"rendered":"<h3 style=\"text-align: center;\"><img loading=\"lazy\" decoding=\"async\" class=\"wp-image-12529 alignleft\" src=\"https:\/\/sp184lodz.edu.pl\/wp-content\/uploads\/2022\/09\/logo_laboratoria_przyszlosci.png\" alt=\"\" width=\"283\" height=\"121\" srcset=\"https:\/\/sp184lodz.edu.pl\/wp-content\/uploads\/2022\/09\/logo_laboratoria_przyszlosci.png 1153w, https:\/\/sp184lodz.edu.pl\/wp-content\/uploads\/2022\/09\/logo_laboratoria_przyszlosci-300x129.png 300w, https:\/\/sp184lodz.edu.pl\/wp-content\/uploads\/2022\/09\/logo_laboratoria_przyszlosci-1024x439.png 1024w, https:\/\/sp184lodz.edu.pl\/wp-content\/uploads\/2022\/09\/logo_laboratoria_przyszlosci-768x329.png 768w\" sizes=\"auto, (max-width: 283px) 100vw, 283px\" \/><\/h3>\n<p>&nbsp;<\/p>\n<h2 style=\"text-align: center;\"><span style=\"color: #800080;\"><strong>I semestr<\/strong><\/span><\/h2>\n<p>&nbsp;<\/p>\n<h4 style=\"text-align: center;\"><strong><span class=\"x_ContentPasted0\"><b>Pyszne i zdrowe sa\u0142atki<\/b><\/span><\/strong><\/h4>\n<p><span class=\"x_ContentPasted0\">12 listopada uczniowie klasy 3b przygotowali pyszne i zdrowe sa\u0142atki. Do ich wykonania u\u017cyli swoich ulubionych warzyw i owoc\u00f3w. Dzieci wiedz\u0105 bardzo dobrze, jak wa\u017cne jest ich jedzenie \u2013 nie tylko dlatego, \u017ce s\u0105 smaczne, ale przede wszystkim \u2013 zawieraj\u0105 mn\u00f3stwo witamin, kt\u00f3re chroni\u0105 i wzmacniaj\u0105 nasz organizm.<br \/>\nRobienie sa\u0142atek by\u0142o wielk\u0105 frajd\u0105 i zabaw\u0105, dzieci \u015bwietnie si\u0119 do tego przygotowa\u0142y. Ka\u017cdy ucze\u0144 przyni\u00f3s\u0142 z domu potrzebne sk\u0142adniki. Po wcze\u015bniejszym ich umyciu uczniowie zabrali si\u0119 do pracy.<br \/>\nW efekcie powsta\u0142y pyszne i zdrowe sa\u0142atki. Po degustacji uczniowie z ochot\u0105 wymieniali si\u0119 przepisami &#x1f642;<br \/>\n<\/span><\/p>\n<p style=\"text-align: center;\"><code class=\"rl-shortcode\" data-number=\"0\"><div class=\"rl-gallery-container rl-loading\" id=\"rl-gallery-container-1\" data-gallery_id=\"19135\"> <div class=\"rl-gallery rl-basicgrid-gallery rl-hover-effect-6\" id=\"rl-gallery-1\" data-gallery_no=\"1\"> <div class=\"rl-gallery-item\"><a href=\"https:\/\/sp184lodz.edu.pl\/wp-content\/uploads\/2024\/11\/24_11_28_labo24_25_salatki4.jpg\" title=\"\" data-rl_title=\"\" class=\"rl-gallery-link\" data-rl_caption=\"\" data-rel=\"lightbox-gallery-1\"><img loading=\"lazy\" decoding=\"async\" src=\"https:\/\/sp184lodz.edu.pl\/wp-content\/uploads\/2024\/11\/24_11_28_labo24_25_salatki4-150x150.jpg\" width=\"150\" height=\"150\" alt=\"\" \/><\/a><\/div><div class=\"rl-gallery-item\"><a href=\"https:\/\/sp184lodz.edu.pl\/wp-content\/uploads\/2024\/11\/24_11_28_labo24_25_salatki3.jpg\" title=\"\" data-rl_title=\"\" class=\"rl-gallery-link\" data-rl_caption=\"\" data-rel=\"lightbox-gallery-1\"><img loading=\"lazy\" decoding=\"async\" src=\"https:\/\/sp184lodz.edu.pl\/wp-content\/uploads\/2024\/11\/24_11_28_labo24_25_salatki3-150x150.jpg\" width=\"150\" height=\"150\" alt=\"\" \/><\/a><\/div><div class=\"rl-gallery-item\"><a href=\"https:\/\/sp184lodz.edu.pl\/wp-content\/uploads\/2024\/11\/24_11_28_labo24_25_salatki2.jpg\" title=\"\" data-rl_title=\"\" class=\"rl-gallery-link\" data-rl_caption=\"\" data-rel=\"lightbox-gallery-1\"><img loading=\"lazy\" decoding=\"async\" src=\"https:\/\/sp184lodz.edu.pl\/wp-content\/uploads\/2024\/11\/24_11_28_labo24_25_salatki2-150x150.jpg\" width=\"150\" height=\"150\" alt=\"\" \/><\/a><\/div><div class=\"rl-gallery-item\"><a href=\"https:\/\/sp184lodz.edu.pl\/wp-content\/uploads\/2024\/11\/24_11_28_labo24_25_salatki1.jpg\" title=\"\" data-rl_title=\"\" class=\"rl-gallery-link\" data-rl_caption=\"\" data-rel=\"lightbox-gallery-1\"><img loading=\"lazy\" decoding=\"async\" src=\"https:\/\/sp184lodz.edu.pl\/wp-content\/uploads\/2024\/11\/24_11_28_labo24_25_salatki1-150x150.jpg\" width=\"150\" height=\"150\" alt=\"\" \/><\/a><\/div><div class=\"rl-gallery-item\"><a href=\"https:\/\/sp184lodz.edu.pl\/wp-content\/uploads\/2024\/11\/24_11_28_labo24_25_salatki5.jpg\" title=\"\" data-rl_title=\"\" class=\"rl-gallery-link\" data-rl_caption=\"\" data-rel=\"lightbox-gallery-1\"><img loading=\"lazy\" decoding=\"async\" src=\"https:\/\/sp184lodz.edu.pl\/wp-content\/uploads\/2024\/11\/24_11_28_labo24_25_salatki5-150x150.jpg\" width=\"150\" height=\"150\" alt=\"\" \/><\/a><\/div> <\/div> <\/div><\/code><\/p>\n<p>&nbsp;<\/p>\n","protected":false},"excerpt":{"rendered":"<p>&nbsp; I semestr &nbsp; Pyszne i zdrowe sa\u0142atki 12 listopada uczniowie klasy 3b przygotowali pyszne i zdrowe sa\u0142atki. Do ich wykonania u\u017cyli swoich ulubionych warzyw i owoc\u00f3w. Dzieci wiedz\u0105 bardzo dobrze, jak wa\u017cne jest ich jedzenie \u2013 nie tylko dlatego, <a href=\"https:\/\/sp184lodz.edu.pl\/index.php\/laboratoria-przyszlosci-wydarzenia-2024-2025\/\" class=\"read-more\">czytaj wi\u0119cej &#8230;<\/a><\/p>\n","protected":false},"author":4,"featured_media":0,"parent":0,"menu_order":0,"comment_status":"closed","ping_status":"closed","template":"","meta":{"two_page_speed":[],"footnotes":""},"class_list":["post-19130","page","type-page","status-publish","hentry"],"_links":{"self":[{"href":"https:\/\/sp184lodz.edu.pl\/index.php\/wp-json\/wp\/v2\/pages\/19130","targetHints":{"allow":["GET"]}}],"collection":[{"href":"https:\/\/sp184lodz.edu.pl\/index.php\/wp-json\/wp\/v2\/pages"}],"about":[{"href":"https:\/\/sp184lodz.edu.pl\/index.php\/wp-json\/wp\/v2\/types\/page"}],"author":[{"embeddable":true,"href":"https:\/\/sp184lodz.edu.pl\/index.php\/wp-json\/wp\/v2\/users\/4"}],"replies":[{"embeddable":true,"href":"https:\/\/sp184lodz.edu.pl\/index.php\/wp-json\/wp\/v2\/comments?post=19130"}],"version-history":[{"count":1,"href":"https:\/\/sp184lodz.edu.pl\/index.php\/wp-json\/wp\/v2\/pages\/19130\/revisions"}],"predecessor-version":[{"id":19137,"href":"https:\/\/sp184lodz.edu.pl\/index.php\/wp-json\/wp\/v2\/pages\/19130\/revisions\/19137"}],"wp:attachment":[{"href":"https:\/\/sp184lodz.edu.pl\/index.php\/wp-json\/wp\/v2\/media?parent=19130"}],"curies":[{"name":"wp","href":"https:\/\/api.w.org\/{rel}","templated":true}]}}