{"id":20064,"date":"2025-04-12T12:05:44","date_gmt":"2025-04-12T10:05:44","guid":{"rendered":"https:\/\/sp184lodz.edu.pl\/?page_id=20064"},"modified":"2025-04-12T12:18:53","modified_gmt":"2025-04-12T10:18:53","slug":"matematyka-na-wesolo","status":"publish","type":"page","link":"https:\/\/sp184lodz.edu.pl\/index.php\/dla-przyszlych-pierwszakow\/rekrutacja-2023-2024\/matematyka-na-wesolo\/","title":{"rendered":"Matematyka na weso\u0142o :)"},"content":{"rendered":"<p><span style=\"font-family: comic sans ms, sans-serif; font-size: 14pt; color: #008000;\">Uczniowie klas 4-8 odkrywaj\u0105 matematyk\u0119 w spos\u00f3b wyj\u0105tkowy \u2013 nie tylko z podr\u0119cznik\u00f3w i zeszyt\u00f3w \u0107wicze\u0144, ale tak\u017ce poprzez fascynuj\u0105ce do\u015bwiadczenia w Laboratorium Przysz\u0142o\u015bci.<\/span><\/p>\n<p><span style=\"font-family: comic sans ms, sans-serif; font-size: 14pt; color: #008000;\">Podczas swoich matematycznych przyg\u00f3d wkroczyli do niezwyk\u0142ej krainy figur geometrycznych, gdzie tr\u00f3jk\u0105ty, kwadraty i ko\u0142a nabra\u0142y \u017cycia! Gdy przyszed\u0142 czas na obliczanie obwod\u00f3w i p\u00f3l, do akcji wkroczy\u0142y w\u0142\u00f3czki i nitki, zamieniaj\u0105c nauk\u0119 w kreatywn\u0105 zabaw\u0119. By\u0142o mn\u00f3stwo rado\u015bci, ale i cennej wiedzy, kt\u00f3ra szybko znalaz\u0142a praktyczne zastosowanie!<\/span><\/p>\n<p><a href=\"https:\/\/sp184lodz.edu.pl\/index.php\/rekrutacja-2023-2024\/\">wi\u0119cej<\/a><\/p>\n<p><img loading=\"lazy\" decoding=\"async\" class=\"aligncenter size-large wp-image-20057\" src=\"https:\/\/sp184lodz.edu.pl\/wp-content\/uploads\/2025\/04\/2-1024x819.jpg\" alt=\"\" width=\"738\" height=\"590\" srcset=\"https:\/\/sp184lodz.edu.pl\/wp-content\/uploads\/2025\/04\/2-1024x819.jpg 1024w, https:\/\/sp184lodz.edu.pl\/wp-content\/uploads\/2025\/04\/2-300x240.jpg 300w, https:\/\/sp184lodz.edu.pl\/wp-content\/uploads\/2025\/04\/2-768x614.jpg 768w, https:\/\/sp184lodz.edu.pl\/wp-content\/uploads\/2025\/04\/2-1536x1229.jpg 1536w, https:\/\/sp184lodz.edu.pl\/wp-content\/uploads\/2025\/04\/2-2048x1638.jpg 2048w, https:\/\/sp184lodz.edu.pl\/wp-content\/uploads\/2025\/04\/2-600x480.jpg 600w\" sizes=\"auto, (max-width: 738px) 100vw, 738px\" \/><\/p>\n<p>&nbsp;<\/p>\n","protected":false},"excerpt":{"rendered":"<p>Uczniowie klas 4-8 odkrywaj\u0105 matematyk\u0119 w spos\u00f3b wyj\u0105tkowy \u2013 nie tylko z podr\u0119cznik\u00f3w i zeszyt\u00f3w \u0107wicze\u0144, ale tak\u017ce poprzez fascynuj\u0105ce do\u015bwiadczenia w Laboratorium Przysz\u0142o\u015bci. Podczas swoich matematycznych przyg\u00f3d wkroczyli do niezwyk\u0142ej krainy figur geometrycznych, gdzie tr\u00f3jk\u0105ty, kwadraty i ko\u0142a nabra\u0142y <a href=\"https:\/\/sp184lodz.edu.pl\/index.php\/dla-przyszlych-pierwszakow\/rekrutacja-2023-2024\/matematyka-na-wesolo\/\" class=\"read-more\">czytaj wi\u0119cej &#8230;<\/a><\/p>\n","protected":false},"author":1,"featured_media":0,"parent":14348,"menu_order":1,"comment_status":"closed","ping_status":"closed","template":"","meta":{"two_page_speed":[],"footnotes":""},"class_list":["post-20064","page","type-page","status-publish","hentry"],"_links":{"self":[{"href":"https:\/\/sp184lodz.edu.pl\/index.php\/wp-json\/wp\/v2\/pages\/20064","targetHints":{"allow":["GET"]}}],"collection":[{"href":"https:\/\/sp184lodz.edu.pl\/index.php\/wp-json\/wp\/v2\/pages"}],"about":[{"href":"https:\/\/sp184lodz.edu.pl\/index.php\/wp-json\/wp\/v2\/types\/page"}],"author":[{"embeddable":true,"href":"https:\/\/sp184lodz.edu.pl\/index.php\/wp-json\/wp\/v2\/users\/1"}],"replies":[{"embeddable":true,"href":"https:\/\/sp184lodz.edu.pl\/index.php\/wp-json\/wp\/v2\/comments?post=20064"}],"version-history":[{"count":3,"href":"https:\/\/sp184lodz.edu.pl\/index.php\/wp-json\/wp\/v2\/pages\/20064\/revisions"}],"predecessor-version":[{"id":20070,"href":"https:\/\/sp184lodz.edu.pl\/index.php\/wp-json\/wp\/v2\/pages\/20064\/revisions\/20070"}],"up":[{"embeddable":true,"href":"https:\/\/sp184lodz.edu.pl\/index.php\/wp-json\/wp\/v2\/pages\/14348"}],"wp:attachment":[{"href":"https:\/\/sp184lodz.edu.pl\/index.php\/wp-json\/wp\/v2\/media?parent=20064"}],"curies":[{"name":"wp","href":"https:\/\/api.w.org\/{rel}","templated":true}]}}