{"id":20073,"date":"2025-04-12T12:26:58","date_gmt":"2025-04-12T10:26:58","guid":{"rendered":"https:\/\/sp184lodz.edu.pl\/?page_id=20073"},"modified":"2025-04-12T12:26:58","modified_gmt":"2025-04-12T10:26:58","slug":"pierwsza-pomoc","status":"publish","type":"page","link":"https:\/\/sp184lodz.edu.pl\/index.php\/dla-przyszlych-pierwszakow\/rekrutacja-2023-2024\/pierwsza-pomoc\/","title":{"rendered":"Pierwsza pomoc"},"content":{"rendered":"<p><span style=\"font-family: terminal, monaco, monospace; font-size: 14pt; color: #ff0000;\">W naszej szkole odbywaj\u0105 si\u0119 zaj\u0119cia z pierwszej pomocy! To niezwyk\u0142a okazja, by zdoby\u0107 praktyczne umiej\u0119tno\u015bci, kt\u00f3re mog\u0105 uratowa\u0107 \u017cycie. Uczniowie ucz\u0105 si\u0119, jak w\u0142a\u015bciwie reagowa\u0107 w sytuacjach kryzysowych i skutecznie pomaga\u0107 w nag\u0142ych wypadkach. Wiedza i pewno\u015b\u0107 siebie zdobyte podczas tych zaj\u0119\u0107 mog\u0105 okaza\u0107 si\u0119 bezcenne!<\/span><\/p>\n<p><a href=\"https:\/\/sp184lodz.edu.pl\/index.php\/rekrutacja-2023-2024\/\">powr\u00f3t do rekrutacja<\/a><\/p>\n","protected":false},"excerpt":{"rendered":"<p>W naszej szkole odbywaj\u0105 si\u0119 zaj\u0119cia z pierwszej pomocy! To niezwyk\u0142a okazja, by zdoby\u0107 praktyczne umiej\u0119tno\u015bci, kt\u00f3re mog\u0105 uratowa\u0107 \u017cycie. Uczniowie ucz\u0105 si\u0119, jak w\u0142a\u015bciwie reagowa\u0107 w sytuacjach kryzysowych i skutecznie pomaga\u0107 w nag\u0142ych wypadkach. Wiedza i pewno\u015b\u0107 siebie zdobyte <a href=\"https:\/\/sp184lodz.edu.pl\/index.php\/dla-przyszlych-pierwszakow\/rekrutacja-2023-2024\/pierwsza-pomoc\/\" class=\"read-more\">czytaj wi\u0119cej &#8230;<\/a><\/p>\n","protected":false},"author":1,"featured_media":0,"parent":14348,"menu_order":3,"comment_status":"closed","ping_status":"closed","template":"","meta":{"two_page_speed":[],"footnotes":""},"class_list":["post-20073","page","type-page","status-publish","hentry"],"_links":{"self":[{"href":"https:\/\/sp184lodz.edu.pl\/index.php\/wp-json\/wp\/v2\/pages\/20073","targetHints":{"allow":["GET"]}}],"collection":[{"href":"https:\/\/sp184lodz.edu.pl\/index.php\/wp-json\/wp\/v2\/pages"}],"about":[{"href":"https:\/\/sp184lodz.edu.pl\/index.php\/wp-json\/wp\/v2\/types\/page"}],"author":[{"embeddable":true,"href":"https:\/\/sp184lodz.edu.pl\/index.php\/wp-json\/wp\/v2\/users\/1"}],"replies":[{"embeddable":true,"href":"https:\/\/sp184lodz.edu.pl\/index.php\/wp-json\/wp\/v2\/comments?post=20073"}],"version-history":[{"count":1,"href":"https:\/\/sp184lodz.edu.pl\/index.php\/wp-json\/wp\/v2\/pages\/20073\/revisions"}],"predecessor-version":[{"id":20078,"href":"https:\/\/sp184lodz.edu.pl\/index.php\/wp-json\/wp\/v2\/pages\/20073\/revisions\/20078"}],"up":[{"embeddable":true,"href":"https:\/\/sp184lodz.edu.pl\/index.php\/wp-json\/wp\/v2\/pages\/14348"}],"wp:attachment":[{"href":"https:\/\/sp184lodz.edu.pl\/index.php\/wp-json\/wp\/v2\/media?parent=20073"}],"curies":[{"name":"wp","href":"https:\/\/api.w.org\/{rel}","templated":true}]}}