{"id":20096,"date":"2025-04-12T12:50:25","date_gmt":"2025-04-12T10:50:25","guid":{"rendered":"https:\/\/sp184lodz.edu.pl\/?page_id=20096"},"modified":"2025-04-12T13:10:20","modified_gmt":"2025-04-12T11:10:20","slug":"wosp","status":"publish","type":"page","link":"https:\/\/sp184lodz.edu.pl\/index.php\/dla-przyszlych-pierwszakow\/rekrutacja-2023-2024\/wosp\/","title":{"rendered":"WO\u015aP"},"content":{"rendered":"<p><span style=\"font-size: 14pt; font-family: comic sans ms, sans-serif;\">Nasza szko\u0142a mia\u0142a zaszczyt uczestniczy\u0107 w wyj\u0105tkowym wydarzeniu \u2013 <strong>finale WO\u015aP<\/strong>! W ramach akcji odby\u0142y si\u0119:<\/span><br \/>\n<span style=\"font-size: 14pt; font-family: comic sans ms, sans-serif;\">&#x1f3b6; <strong>Wiecz\u00f3r Talent\u00f3w<\/strong>,<\/span><br \/>\n<span style=\"font-size: 14pt; font-family: comic sans ms, sans-serif;\">&#x1f483; <strong>Maraton Zumby<\/strong>,<\/span><br \/>\n<span style=\"font-size: 14pt; font-family: comic sans ms, sans-serif;\">&#x1f370; <strong>S\u0142odka Kawiarenka<\/strong>.<\/span><\/p>\n<p><span style=\"font-size: 14pt; font-family: comic sans ms, sans-serif;\">Dzi\u0119ki wsp\u00f3lnemu zaanga\u017cowaniu uda\u0142o si\u0119 zebra\u0107 <strong>8 095,54 z\u0142<\/strong>! Dzi\u0119kujemy wszystkim, kt\u00f3rzy do\u0142o\u017cyli swoj\u0105 cegie\u0142k\u0119 do tego pi\u0119knego celu! &#x2764;&#xfe0f;<\/span><\/p>\n<p><a href=\"https:\/\/sp184lodz.edu.pl\/index.php\/dla-przyszlych-pierwszakow\/rekrutacja-2023-2024\/\">powr\u00f3t do rekrutacja<\/a><\/p>\n","protected":false},"excerpt":{"rendered":"<p>Nasza szko\u0142a mia\u0142a zaszczyt uczestniczy\u0107 w wyj\u0105tkowym wydarzeniu \u2013 finale WO\u015aP! W ramach akcji odby\u0142y si\u0119: &#x1f3b6; Wiecz\u00f3r Talent\u00f3w, &#x1f483; Maraton Zumby, &#x1f370; S\u0142odka Kawiarenka. Dzi\u0119ki wsp\u00f3lnemu zaanga\u017cowaniu uda\u0142o si\u0119 zebra\u0107 8 095,54 z\u0142! Dzi\u0119kujemy wszystkim, kt\u00f3rzy do\u0142o\u017cyli swoj\u0105 cegie\u0142k\u0119 <a href=\"https:\/\/sp184lodz.edu.pl\/index.php\/dla-przyszlych-pierwszakow\/rekrutacja-2023-2024\/wosp\/\" class=\"read-more\">czytaj wi\u0119cej &#8230;<\/a><\/p>\n","protected":false},"author":1,"featured_media":0,"parent":14348,"menu_order":7,"comment_status":"closed","ping_status":"closed","template":"","meta":{"two_page_speed":[],"footnotes":""},"class_list":["post-20096","page","type-page","status-publish","hentry"],"_links":{"self":[{"href":"https:\/\/sp184lodz.edu.pl\/index.php\/wp-json\/wp\/v2\/pages\/20096","targetHints":{"allow":["GET"]}}],"collection":[{"href":"https:\/\/sp184lodz.edu.pl\/index.php\/wp-json\/wp\/v2\/pages"}],"about":[{"href":"https:\/\/sp184lodz.edu.pl\/index.php\/wp-json\/wp\/v2\/types\/page"}],"author":[{"embeddable":true,"href":"https:\/\/sp184lodz.edu.pl\/index.php\/wp-json\/wp\/v2\/users\/1"}],"replies":[{"embeddable":true,"href":"https:\/\/sp184lodz.edu.pl\/index.php\/wp-json\/wp\/v2\/comments?post=20096"}],"version-history":[{"count":1,"href":"https:\/\/sp184lodz.edu.pl\/index.php\/wp-json\/wp\/v2\/pages\/20096\/revisions"}],"predecessor-version":[{"id":20097,"href":"https:\/\/sp184lodz.edu.pl\/index.php\/wp-json\/wp\/v2\/pages\/20096\/revisions\/20097"}],"up":[{"embeddable":true,"href":"https:\/\/sp184lodz.edu.pl\/index.php\/wp-json\/wp\/v2\/pages\/14348"}],"wp:attachment":[{"href":"https:\/\/sp184lodz.edu.pl\/index.php\/wp-json\/wp\/v2\/media?parent=20096"}],"curies":[{"name":"wp","href":"https:\/\/api.w.org\/{rel}","templated":true}]}}