{"id":20099,"date":"2025-04-12T13:07:40","date_gmt":"2025-04-12T11:07:40","guid":{"rendered":"https:\/\/sp184lodz.edu.pl\/?page_id=20099"},"modified":"2025-04-12T13:24:33","modified_gmt":"2025-04-12T11:24:33","slug":"maly-samorzad-uczniowski-wielkie-dzialania","status":"publish","type":"page","link":"https:\/\/sp184lodz.edu.pl\/index.php\/dla-przyszlych-pierwszakow\/rekrutacja-2023-2024\/maly-samorzad-uczniowski-wielkie-dzialania\/","title":{"rendered":"Ma\u0142y Samorz\u0105d Uczniowski"},"content":{"rendered":"<p><span style=\"font-size: 14pt; font-family: comic sans ms, sans-serif; color: #993300;\"><strong>Ma\u0142y Samorz\u0105d Uczniowski \u2013 wielkie dzia\u0142ania!<\/strong><\/span><\/p>\n<p><span style=\"font-size: 14pt; font-family: comic sans ms, sans-serif; color: #993300;\">W pa\u017adzierniku 2024 roku w naszej szkole powo\u0142ano <strong>Ma\u0142y Samorz\u0105d Uczniowski<\/strong>, do kt\u00f3rego nale\u017c\u0105 przedstawiciele klas 1-3. Jego g\u0142\u00f3wnym celem jest integracja najm\u0142odszych uczni\u00f3w, nauka podejmowania wsp\u00f3lnych decyzji oraz kszta\u0142towanie poczucia odpowiedzialno\u015bci za szkoln\u0105 spo\u0142eczno\u015b\u0107.<\/span><\/p>\n<p><span style=\"font-size: 14pt; font-family: comic sans ms, sans-serif; color: #993300;\">Cho\u0107 MSU dzia\u0142a dopiero od niedawna, ju\u017c uda\u0142o si\u0119 zorganizowa\u0107 wiele ciekawych inicjatyw! W pa\u017adzierniku uczniowie rywalizowali w konkursie na najciekawsz\u0105 <strong>Halloweenow\u0105 dekoracj\u0119 klasy<\/strong>, a w listopadzie bawili si\u0119 podczas <strong>dnia wr\u00f3\u017cb i zabaw andrzejkowych<\/strong>. Grudzie\u0144 up\u0142yn\u0105\u0142 pod znakiem \u015bwi\u0105tecznych spotka\u0144 oraz akcji charytatywnej \u2013 dzieci zorganizowa\u0142y <strong>zbi\u00f3rk\u0119 wody i sok\u00f3w dla lokalnego Pogotowia Opieku\u0144czego<\/strong>. Ma\u0142y Samorz\u0105d w\u0142\u0105czy\u0142 si\u0119 tak\u017ce w <strong>fina\u0142 WO\u015aP<\/strong>, wsp\u00f3\u0142organizuj\u0105c szkoln\u0105 <strong>S\u0142odk\u0105 Kawiarenk\u0119<\/strong>.<\/span><\/p>\n<p><span style=\"font-size: 14pt; font-family: comic sans ms, sans-serif; color: #993300;\">To jednak nie koniec ich aktywno\u015bci! Z inicjatywy MSU obchodzili\u015bmy m.in. <strong>Dzie\u0144 Pizzy, Dzie\u0144 Babci i Dziadka, Walentynki oraz Pierwszy Dzie\u0144 Wiosny<\/strong>. Zaanga\u017cowanie i kreatywno\u015b\u0107 najm\u0142odszych uczni\u00f3w pokazuj\u0105, \u017ce powo\u0142anie Ma\u0142ego Samorz\u0105du by\u0142o <strong>strza\u0142em w dziesi\u0105tk\u0119!<\/strong> &#x1f389;<\/span><\/p>\n<p><a href=\"https:\/\/sp184lodz.edu.pl\/index.php\/dla-przyszlych-pierwszakow\/rekrutacja-2023-2024\/\">powr\u00f3t do rekrutacja<\/a><\/p>\n","protected":false},"excerpt":{"rendered":"<p>Ma\u0142y Samorz\u0105d Uczniowski \u2013 wielkie dzia\u0142ania! W pa\u017adzierniku 2024 roku w naszej szkole powo\u0142ano Ma\u0142y Samorz\u0105d Uczniowski, do kt\u00f3rego nale\u017c\u0105 przedstawiciele klas 1-3. Jego g\u0142\u00f3wnym celem jest integracja najm\u0142odszych uczni\u00f3w, nauka podejmowania wsp\u00f3lnych decyzji oraz kszta\u0142towanie poczucia odpowiedzialno\u015bci za szkoln\u0105 <a href=\"https:\/\/sp184lodz.edu.pl\/index.php\/dla-przyszlych-pierwszakow\/rekrutacja-2023-2024\/maly-samorzad-uczniowski-wielkie-dzialania\/\" class=\"read-more\">czytaj wi\u0119cej &#8230;<\/a><\/p>\n","protected":false},"author":1,"featured_media":0,"parent":14348,"menu_order":7,"comment_status":"closed","ping_status":"closed","template":"","meta":{"two_page_speed":[],"footnotes":""},"class_list":["post-20099","page","type-page","status-publish","hentry"],"_links":{"self":[{"href":"https:\/\/sp184lodz.edu.pl\/index.php\/wp-json\/wp\/v2\/pages\/20099","targetHints":{"allow":["GET"]}}],"collection":[{"href":"https:\/\/sp184lodz.edu.pl\/index.php\/wp-json\/wp\/v2\/pages"}],"about":[{"href":"https:\/\/sp184lodz.edu.pl\/index.php\/wp-json\/wp\/v2\/types\/page"}],"author":[{"embeddable":true,"href":"https:\/\/sp184lodz.edu.pl\/index.php\/wp-json\/wp\/v2\/users\/1"}],"replies":[{"embeddable":true,"href":"https:\/\/sp184lodz.edu.pl\/index.php\/wp-json\/wp\/v2\/comments?post=20099"}],"version-history":[{"count":4,"href":"https:\/\/sp184lodz.edu.pl\/index.php\/wp-json\/wp\/v2\/pages\/20099\/revisions"}],"predecessor-version":[{"id":20115,"href":"https:\/\/sp184lodz.edu.pl\/index.php\/wp-json\/wp\/v2\/pages\/20099\/revisions\/20115"}],"up":[{"embeddable":true,"href":"https:\/\/sp184lodz.edu.pl\/index.php\/wp-json\/wp\/v2\/pages\/14348"}],"wp:attachment":[{"href":"https:\/\/sp184lodz.edu.pl\/index.php\/wp-json\/wp\/v2\/media?parent=20099"}],"curies":[{"name":"wp","href":"https:\/\/api.w.org\/{rel}","templated":true}]}}