{"id":20125,"date":"2025-04-15T11:14:22","date_gmt":"2025-04-15T09:14:22","guid":{"rendered":"https:\/\/sp184lodz.edu.pl\/?page_id=20125"},"modified":"2025-04-15T11:23:16","modified_gmt":"2025-04-15T09:23:16","slug":"kodowanie","status":"publish","type":"page","link":"https:\/\/sp184lodz.edu.pl\/index.php\/dla-przyszlych-pierwszakow\/rekrutacja-2023-2024\/kodowanie\/","title":{"rendered":"KODOWANIE"},"content":{"rendered":"<p><span style=\"font-size: 14pt; font-family: book antiqua, palatino, serif; color: #333399;\"><strong>Kodowanie w szkole \u2013 nauka przysz\u0142o\u015bci!<br \/>\n<\/strong><\/span><\/p>\n<p><span style=\"font-size: 14pt; font-family: book antiqua, palatino, serif; color: #333399;\">Programowanie to nie tylko \u015bwietna zabawa, ale tak\u017ce doskona\u0142y spos\u00f3b na rozwijanie kluczowych umiej\u0119tno\u015bci:<\/span><\/p>\n<p><span style=\"font-size: 14pt; font-family: book antiqua, palatino, serif; color: #333399;\">&#x2705; <strong>Logiczne my\u015blenie<\/strong> \u2013 uczniowie ucz\u0105 si\u0119 analizowania problem\u00f3w i znajdowania najlepszych rozwi\u0105za\u0144.<\/span><br \/>\n<span style=\"font-size: 14pt; font-family: book antiqua, palatino, serif; color: #333399;\">&#x2705; <strong>Kreatywno\u015b\u0107<\/strong> \u2013 mog\u0105 tworzy\u0107 w\u0142asne gry, aplikacje i strony internetowe, rozwijaj\u0105c wyobra\u017ani\u0119.<\/span><br \/>\n<span style=\"font-size: 14pt; font-family: book antiqua, palatino, serif; color: #333399;\">&#x2705; <strong>Przygotowanie do przysz\u0142o\u015bci<\/strong> \u2013 umiej\u0119tno\u015bci kodowania s\u0105 coraz bardziej cenione na rynku pracy.<\/span><br \/>\n<span style=\"font-size: 14pt; font-family: book antiqua, palatino, serif; color: #333399;\">&#x2705; <strong>Lepsze zrozumienie technologii<\/strong> \u2013 programowanie pomaga odkry\u0107, jak dzia\u0142aj\u0105 komputery, aplikacje i strony internetowe.<\/span><\/p>\n<p><span style=\"font-size: 14pt; font-family: book antiqua, palatino, serif; color: #333399;\">Kodowanie to inwestycja w przysz\u0142o\u015b\u0107 \u2013 a my dbamy, by nasi uczniowie byli na ni\u0105 gotowi! &#x1f4bb;&#x1f680;<\/span><\/p>\n<p><iframe loading=\"lazy\" title=\"YouTube video player\" src=\"https:\/\/www.youtube.com\/embed\/IjJq1eWQal0?si=acPdTdnQOvvUKccz\" width=\"560\" height=\"315\" frameborder=\"0\" allowfullscreen=\"allowfullscreen\"><\/iframe><\/p>\n<p><a href=\"https:\/\/sp184lodz.edu.pl\/index.php\/rekrutacja-2023-2024\/\"><em><strong>powr\u00f3t do rekrutacja<\/strong><\/em><\/a><\/p>\n","protected":false},"excerpt":{"rendered":"<p>Kodowanie w szkole \u2013 nauka przysz\u0142o\u015bci! Programowanie to nie tylko \u015bwietna zabawa, ale tak\u017ce doskona\u0142y spos\u00f3b na rozwijanie kluczowych umiej\u0119tno\u015bci: &#x2705; Logiczne my\u015blenie \u2013 uczniowie ucz\u0105 si\u0119 analizowania problem\u00f3w i znajdowania najlepszych rozwi\u0105za\u0144. &#x2705; Kreatywno\u015b\u0107 \u2013 mog\u0105 tworzy\u0107 w\u0142asne gry, <a href=\"https:\/\/sp184lodz.edu.pl\/index.php\/dla-przyszlych-pierwszakow\/rekrutacja-2023-2024\/kodowanie\/\" class=\"read-more\">czytaj wi\u0119cej &#8230;<\/a><\/p>\n","protected":false},"author":1,"featured_media":0,"parent":14348,"menu_order":9,"comment_status":"closed","ping_status":"closed","template":"","meta":{"two_page_speed":[],"footnotes":""},"class_list":["post-20125","page","type-page","status-publish","hentry"],"_links":{"self":[{"href":"https:\/\/sp184lodz.edu.pl\/index.php\/wp-json\/wp\/v2\/pages\/20125","targetHints":{"allow":["GET"]}}],"collection":[{"href":"https:\/\/sp184lodz.edu.pl\/index.php\/wp-json\/wp\/v2\/pages"}],"about":[{"href":"https:\/\/sp184lodz.edu.pl\/index.php\/wp-json\/wp\/v2\/types\/page"}],"author":[{"embeddable":true,"href":"https:\/\/sp184lodz.edu.pl\/index.php\/wp-json\/wp\/v2\/users\/1"}],"replies":[{"embeddable":true,"href":"https:\/\/sp184lodz.edu.pl\/index.php\/wp-json\/wp\/v2\/comments?post=20125"}],"version-history":[{"count":4,"href":"https:\/\/sp184lodz.edu.pl\/index.php\/wp-json\/wp\/v2\/pages\/20125\/revisions"}],"predecessor-version":[{"id":20133,"href":"https:\/\/sp184lodz.edu.pl\/index.php\/wp-json\/wp\/v2\/pages\/20125\/revisions\/20133"}],"up":[{"embeddable":true,"href":"https:\/\/sp184lodz.edu.pl\/index.php\/wp-json\/wp\/v2\/pages\/14348"}],"wp:attachment":[{"href":"https:\/\/sp184lodz.edu.pl\/index.php\/wp-json\/wp\/v2\/media?parent=20125"}],"curies":[{"name":"wp","href":"https:\/\/api.w.org\/{rel}","templated":true}]}}