{"id":20135,"date":"2025-04-15T11:27:55","date_gmt":"2025-04-15T09:27:55","guid":{"rendered":"https:\/\/sp184lodz.edu.pl\/?page_id=20135"},"modified":"2025-04-15T11:31:55","modified_gmt":"2025-04-15T09:31:55","slug":"nauka-ktora-inspiruje","status":"publish","type":"page","link":"https:\/\/sp184lodz.edu.pl\/index.php\/dla-przyszlych-pierwszakow\/nauka-ktora-inspiruje\/","title":{"rendered":"Nauka, kt\u00f3ra inspiruje!"},"content":{"rendered":"<p><span style=\"font-size: 14pt; color: #339966;\">W naszej szkole lekcje wykraczaj\u0105 poza tradycyjny program nauczania, zamieniaj\u0105c ka\u017cdy dzie\u0144 w niezwyk\u0142\u0105 przygod\u0119. Dzi\u0119ki innowacyjnym metodom i kreatywnym zaj\u0119ciom uczniowie odkrywaj\u0105 \u015bwiat w spos\u00f3b pe\u0142en pasji i zaanga\u017cowania.<\/span><\/p>\n<p><span style=\"font-size: 14pt; color: #339966;\">Tu nauka to nie tylko zdobywanie wiedzy, ale tak\u017ce rozwijanie talent\u00f3w, odkrywanie nowych zainteresowa\u0144 i czerpanie rado\u015bci z poznawania \u015bwiata! &#x1f30d;&#x2728;<\/span><\/p>\n<p><img loading=\"lazy\" decoding=\"async\" class=\"aligncenter size-large wp-image-20136\" src=\"https:\/\/sp184lodz.edu.pl\/wp-content\/uploads\/2025\/04\/lekcje-1024x819.jpg\" alt=\"\" width=\"738\" height=\"590\" srcset=\"https:\/\/sp184lodz.edu.pl\/wp-content\/uploads\/2025\/04\/lekcje-1024x819.jpg 1024w, https:\/\/sp184lodz.edu.pl\/wp-content\/uploads\/2025\/04\/lekcje-300x240.jpg 300w, https:\/\/sp184lodz.edu.pl\/wp-content\/uploads\/2025\/04\/lekcje-768x614.jpg 768w, https:\/\/sp184lodz.edu.pl\/wp-content\/uploads\/2025\/04\/lekcje-600x480.jpg 600w, https:\/\/sp184lodz.edu.pl\/wp-content\/uploads\/2025\/04\/lekcje.jpg 1080w\" sizes=\"auto, (max-width: 738px) 100vw, 738px\" \/><br \/>\n<a href=\"https:\/\/sp184lodz.edu.pl\/index.php\/rekrutacja-2023-2024\/\"><em><strong>powr\u00f3t do rekrutacja<\/strong><\/em><\/a><\/p>\n","protected":false},"excerpt":{"rendered":"<p>W naszej szkole lekcje wykraczaj\u0105 poza tradycyjny program nauczania, zamieniaj\u0105c ka\u017cdy dzie\u0144 w niezwyk\u0142\u0105 przygod\u0119. Dzi\u0119ki innowacyjnym metodom i kreatywnym zaj\u0119ciom uczniowie odkrywaj\u0105 \u015bwiat w spos\u00f3b pe\u0142en pasji i zaanga\u017cowania. Tu nauka to nie tylko zdobywanie wiedzy, ale tak\u017ce rozwijanie <a href=\"https:\/\/sp184lodz.edu.pl\/index.php\/dla-przyszlych-pierwszakow\/nauka-ktora-inspiruje\/\" class=\"read-more\">czytaj wi\u0119cej &#8230;<\/a><\/p>\n","protected":false},"author":1,"featured_media":0,"parent":9798,"menu_order":10,"comment_status":"closed","ping_status":"closed","template":"","meta":{"two_page_speed":[],"footnotes":""},"class_list":["post-20135","page","type-page","status-publish","hentry"],"_links":{"self":[{"href":"https:\/\/sp184lodz.edu.pl\/index.php\/wp-json\/wp\/v2\/pages\/20135","targetHints":{"allow":["GET"]}}],"collection":[{"href":"https:\/\/sp184lodz.edu.pl\/index.php\/wp-json\/wp\/v2\/pages"}],"about":[{"href":"https:\/\/sp184lodz.edu.pl\/index.php\/wp-json\/wp\/v2\/types\/page"}],"author":[{"embeddable":true,"href":"https:\/\/sp184lodz.edu.pl\/index.php\/wp-json\/wp\/v2\/users\/1"}],"replies":[{"embeddable":true,"href":"https:\/\/sp184lodz.edu.pl\/index.php\/wp-json\/wp\/v2\/comments?post=20135"}],"version-history":[{"count":1,"href":"https:\/\/sp184lodz.edu.pl\/index.php\/wp-json\/wp\/v2\/pages\/20135\/revisions"}],"predecessor-version":[{"id":20137,"href":"https:\/\/sp184lodz.edu.pl\/index.php\/wp-json\/wp\/v2\/pages\/20135\/revisions\/20137"}],"up":[{"embeddable":true,"href":"https:\/\/sp184lodz.edu.pl\/index.php\/wp-json\/wp\/v2\/pages\/9798"}],"wp:attachment":[{"href":"https:\/\/sp184lodz.edu.pl\/index.php\/wp-json\/wp\/v2\/media?parent=20135"}],"curies":[{"name":"wp","href":"https:\/\/api.w.org\/{rel}","templated":true}]}}