{"id":20683,"date":"2025-06-30T11:45:03","date_gmt":"2025-06-30T09:45:03","guid":{"rendered":"https:\/\/sp184lodz.edu.pl\/?page_id=20683"},"modified":"2025-07-01T16:34:20","modified_gmt":"2025-07-01T14:34:20","slug":"planeta-integracji","status":"publish","type":"page","link":"https:\/\/sp184lodz.edu.pl\/index.php\/planeta-integracji\/","title":{"rendered":"Planeta Integracji"},"content":{"rendered":"<p style=\"text-align: left;\"><strong>Okres realizacji:<\/strong> 01.01.2025 \u2013 30.05.2025<br \/>\n<strong>Realizator:<\/strong> Szko\u0142a Podstawowa nr 184 w \u0141odzi<br \/>\n<strong>\u0179r\u00f3d\u0142o finansowania:<\/strong> Darowizna z programu <em>Reklama Dzieciom <\/em>nr 54\/XXXI\/TVP\/RD\/23<br \/>\nTytu\u0142 projektu: \u201ePlaneta Integracji\u201d<\/p>\n<p style=\"text-align: left;\"><strong> <img loading=\"lazy\" decoding=\"async\" class=\" wp-image-20685 alignleft\" src=\"https:\/\/sp184lodz.edu.pl\/wp-content\/uploads\/2025\/06\/reklama_dzieciom.png\" alt=\"\" width=\"299\" height=\"299\" srcset=\"https:\/\/sp184lodz.edu.pl\/wp-content\/uploads\/2025\/06\/reklama_dzieciom.png 294w, https:\/\/sp184lodz.edu.pl\/wp-content\/uploads\/2025\/06\/reklama_dzieciom-150x150.png 150w\" sizes=\"auto, (max-width: 299px) 100vw, 299px\" \/><\/strong><strong>PLANETA INTEGRACJI \u2013 terapeutyczna przestrze\u0144 wsparcia i rozwoju<\/strong><\/p>\n<p>Z rado\u015bci\u0105 informujemy, \u017ce w roku szkolnym 2024\/2025 w Szkole Podstawowej nr 184 w \u0141odzi zrealizowali\u015bmy autorski projekt <strong>\u201ePlaneta Integracji\u201d<\/strong> \u2013 kompleksowy program terapeutyczny dla uczni\u00f3w klas I\u2013III z trudno\u015bciami w przetwarzaniu sensorycznym. Projekt zosta\u0142 w ca\u0142o\u015bci sfinansowany dzi\u0119ki darowi\u017anie z akcji <strong>\u201eReklama Dzieciom\u201d<\/strong> oraz wk\u0142adowi w\u0142asnemu szko\u0142y.<\/p>\n<p>Program obj\u0105\u0142 <strong>20 dzieci w wieku 7\u201310 lat<\/strong>. Wszystkie za\u0142o\u017cenia projektu zosta\u0142y w pe\u0142ni zrealizowane \u2013 dzi\u0119ki ogromnemu zaanga\u017cowaniu kadry.<\/p>\n<p>W nowo powsta\u0142ej sali terapeutycznej <strong>\u201ePlaneta Integracji\u201d<\/strong>, w komfortowym i bezpiecznym \u015brodowisku, prowadzone by\u0142y zaj\u0119cia z zakresu:<\/p>\n<ul>\n<li><strong>integracji sensorycznej (SI)<\/strong>,<\/li>\n<li><strong>terapii r\u0119ki i ma\u0142ej motoryki<\/strong>,<\/li>\n<li><strong>\u0107wicze\u0144 koordynacyjnych i ruchowych<\/strong>,<\/li>\n<li><strong>trening\u00f3w pami\u0119ci i koncentracji z u\u017cyciem mnemotechnik<\/strong>.<\/li>\n<\/ul>\n<p>Dzieci pracowa\u0142y indywidualnie lub w parach, z wykorzystaniem dynamicznego sprz\u0119tu: hu\u015btawek terapeutycznych, podwieszanych platform, hamak\u00f3w, deskorolek i wielu specjalistycznych pomocy.<\/p>\n<p><strong>Przed rozpocz\u0119ciem zaj\u0119\u0107 ka\u017cde dziecko przesz\u0142o diagnoz\u0119 sensomotoryczn\u0105<\/strong>, przeprowadzon\u0105 przez pedagoga specjalnego oraz terapeut\u0119 SI. Na jej podstawie opracowano indywidualne programy terapeutyczne, zgodne z potrzebami dziecka. W sumie przeprowadzono <strong>150 godzin zaj\u0119\u0107 terapeutycznych<\/strong>.<\/p>\n<p>Zesp\u00f3\u0142 prowadz\u0105cy zaj\u0119cia liczy\u0142 <strong>czterech do\u015bwiadczonych terapeut\u00f3w<\/strong>.<\/p>\n<p><strong>Co da\u0142a dzieciom \u201ePlaneta Integracji\u201d?<\/strong><\/p>\n<p>Z relacji dzieci i rodzic\u00f3w wiemy, \u017ce:<\/p>\n<ul>\n<li>dzieci <strong>ch\u0119tnie uczestniczy\u0142y w zaj\u0119ciach<\/strong>, nie chcia\u0142y z nich wychodzi\u0107,<\/li>\n<li>z rado\u015bci\u0105 opowiada\u0142y o \u0107wiczeniach i w\u0142asnych sukcesach,<\/li>\n<li><strong>wzmocni\u0142y koordynacj\u0119, sprawno\u015b\u0107 ruchow\u0105 i manualn\u0105<\/strong>,<\/li>\n<li><strong>\u0142atwiej si\u0119 koncentruj\u0105, szybciej zapami\u0119tuj\u0105 i lepiej radz\u0105 sobie z emocjami<\/strong>,<\/li>\n<li><strong>zacz\u0119\u0142y wierzy\u0107 w siebie i swoje mo\u017cliwo\u015bci<\/strong>.<\/li>\n<\/ul>\n<p>Rodzice podkre\u015blali pozytywne zmiany w zachowaniu dzieci \u2013 wi\u0119kszy spok\u00f3j, lepsze radzenie sobie ze stresem, popraw\u0119 relacji spo\u0142ecznych, a tak\u017ce wzrost samodzielno\u015bci.<\/p>\n<p>Dla wielu dzieci by\u0142 to <strong>pierwszy krok do wyr\u00f3wnania szans edukacyjnych<\/strong> i odnalezienia swojego miejsca w grupie r\u00f3wie\u015bniczej.<\/p>\n<p>Dzi\u0119kujemy wszystkim, kt\u00f3rzy przyczynili si\u0119 do powstania tej przestrzeni \u2013 miejsca, kt\u00f3re <strong>odmieni\u0142o codzienno\u015b\u0107 wielu dzieci i ich rodzin<\/strong>. Razem budujemy szko\u0142\u0119, kt\u00f3ra wspiera, rozumie i rozwija.<\/p>\n<p><code class=\"rl-shortcode\" data-number=\"0\"><div class=\"rl-gallery-container rl-loading\" id=\"rl-gallery-container-1\" data-gallery_id=\"20709\"> <div class=\"rl-gallery rl-basicgrid-gallery rl-hover-effect-6\" id=\"rl-gallery-1\" data-gallery_no=\"1\"> <div class=\"rl-gallery-item\"><a href=\"https:\/\/sp184lodz.edu.pl\/wp-content\/uploads\/2025\/07\/planeta_integracji_29.jpg\" title=\"\" data-rl_title=\"\" class=\"rl-gallery-link\" data-rl_caption=\"\" data-rel=\"lightbox-gallery-1\"><img loading=\"lazy\" decoding=\"async\" src=\"https:\/\/sp184lodz.edu.pl\/wp-content\/uploads\/2025\/07\/planeta_integracji_29-150x150.jpg\" width=\"150\" height=\"150\" alt=\"\" \/><\/a><\/div><div class=\"rl-gallery-item\"><a href=\"https:\/\/sp184lodz.edu.pl\/wp-content\/uploads\/2025\/07\/planeta_integracji_28.jpg\" title=\"\" data-rl_title=\"\" class=\"rl-gallery-link\" data-rl_caption=\"\" data-rel=\"lightbox-gallery-1\"><img loading=\"lazy\" decoding=\"async\" src=\"https:\/\/sp184lodz.edu.pl\/wp-content\/uploads\/2025\/07\/planeta_integracji_28-150x150.jpg\" width=\"150\" height=\"150\" alt=\"\" \/><\/a><\/div><div class=\"rl-gallery-item\"><a href=\"https:\/\/sp184lodz.edu.pl\/wp-content\/uploads\/2025\/07\/planeta_integracji_27.jpg\" title=\"\" data-rl_title=\"\" class=\"rl-gallery-link\" data-rl_caption=\"\" data-rel=\"lightbox-gallery-1\"><img loading=\"lazy\" decoding=\"async\" src=\"https:\/\/sp184lodz.edu.pl\/wp-content\/uploads\/2025\/07\/planeta_integracji_27-150x150.jpg\" width=\"150\" height=\"150\" alt=\"\" \/><\/a><\/div><div class=\"rl-gallery-item\"><a href=\"https:\/\/sp184lodz.edu.pl\/wp-content\/uploads\/2025\/07\/planeta_integracji_26.jpg\" title=\"\" data-rl_title=\"\" class=\"rl-gallery-link\" data-rl_caption=\"\" data-rel=\"lightbox-gallery-1\"><img loading=\"lazy\" decoding=\"async\" src=\"https:\/\/sp184lodz.edu.pl\/wp-content\/uploads\/2025\/07\/planeta_integracji_26-150x150.jpg\" width=\"150\" height=\"150\" alt=\"\" \/><\/a><\/div><div class=\"rl-gallery-item\"><a href=\"https:\/\/sp184lodz.edu.pl\/wp-content\/uploads\/2025\/07\/planeta_integracji_25.jpg\" title=\"\" data-rl_title=\"\" class=\"rl-gallery-link\" data-rl_caption=\"\" data-rel=\"lightbox-gallery-1\"><img loading=\"lazy\" decoding=\"async\" src=\"https:\/\/sp184lodz.edu.pl\/wp-content\/uploads\/2025\/07\/planeta_integracji_25-150x150.jpg\" width=\"150\" height=\"150\" alt=\"\" \/><\/a><\/div><div class=\"rl-gallery-item\"><a href=\"https:\/\/sp184lodz.edu.pl\/wp-content\/uploads\/2025\/07\/planeta_integracji_24.jpg\" title=\"\" data-rl_title=\"\" class=\"rl-gallery-link\" data-rl_caption=\"\" data-rel=\"lightbox-gallery-1\"><img loading=\"lazy\" decoding=\"async\" src=\"https:\/\/sp184lodz.edu.pl\/wp-content\/uploads\/2025\/07\/planeta_integracji_24-150x150.jpg\" width=\"150\" height=\"150\" alt=\"\" \/><\/a><\/div><div class=\"rl-gallery-item\"><a href=\"https:\/\/sp184lodz.edu.pl\/wp-content\/uploads\/2025\/07\/planeta_integracji_23.jpg\" title=\"\" data-rl_title=\"\" class=\"rl-gallery-link\" data-rl_caption=\"\" data-rel=\"lightbox-gallery-1\"><img loading=\"lazy\" decoding=\"async\" src=\"https:\/\/sp184lodz.edu.pl\/wp-content\/uploads\/2025\/07\/planeta_integracji_23-150x150.jpg\" width=\"150\" height=\"150\" alt=\"\" \/><\/a><\/div><div class=\"rl-gallery-item\"><a href=\"https:\/\/sp184lodz.edu.pl\/wp-content\/uploads\/2025\/07\/planeta_integracji_22.jpg\" title=\"\" data-rl_title=\"\" class=\"rl-gallery-link\" data-rl_caption=\"\" data-rel=\"lightbox-gallery-1\"><img loading=\"lazy\" decoding=\"async\" src=\"https:\/\/sp184lodz.edu.pl\/wp-content\/uploads\/2025\/07\/planeta_integracji_22-150x150.jpg\" width=\"150\" height=\"150\" alt=\"\" \/><\/a><\/div><div class=\"rl-gallery-item\"><a href=\"https:\/\/sp184lodz.edu.pl\/wp-content\/uploads\/2025\/07\/planeta_integracji_21.jpg\" title=\"\" data-rl_title=\"\" class=\"rl-gallery-link\" data-rl_caption=\"\" data-rel=\"lightbox-gallery-1\"><img loading=\"lazy\" decoding=\"async\" src=\"https:\/\/sp184lodz.edu.pl\/wp-content\/uploads\/2025\/07\/planeta_integracji_21-150x150.jpg\" width=\"150\" height=\"150\" alt=\"\" \/><\/a><\/div><div class=\"rl-gallery-item\"><a href=\"https:\/\/sp184lodz.edu.pl\/wp-content\/uploads\/2025\/07\/planeta_integracji_20.jpg\" title=\"\" data-rl_title=\"\" class=\"rl-gallery-link\" data-rl_caption=\"\" data-rel=\"lightbox-gallery-1\"><img loading=\"lazy\" decoding=\"async\" src=\"https:\/\/sp184lodz.edu.pl\/wp-content\/uploads\/2025\/07\/planeta_integracji_20-150x150.jpg\" width=\"150\" height=\"150\" alt=\"\" \/><\/a><\/div><div class=\"rl-gallery-item\"><a href=\"https:\/\/sp184lodz.edu.pl\/wp-content\/uploads\/2025\/07\/planeta_integracji_19.jpg\" title=\"\" data-rl_title=\"\" class=\"rl-gallery-link\" data-rl_caption=\"\" data-rel=\"lightbox-gallery-1\"><img loading=\"lazy\" decoding=\"async\" src=\"https:\/\/sp184lodz.edu.pl\/wp-content\/uploads\/2025\/07\/planeta_integracji_19-150x150.jpg\" width=\"150\" height=\"150\" alt=\"\" \/><\/a><\/div><div class=\"rl-gallery-item\"><a href=\"https:\/\/sp184lodz.edu.pl\/wp-content\/uploads\/2025\/07\/planeta_integracji_18.jpg\" title=\"\" data-rl_title=\"\" class=\"rl-gallery-link\" data-rl_caption=\"\" data-rel=\"lightbox-gallery-1\"><img loading=\"lazy\" decoding=\"async\" src=\"https:\/\/sp184lodz.edu.pl\/wp-content\/uploads\/2025\/07\/planeta_integracji_18-150x150.jpg\" width=\"150\" height=\"150\" alt=\"\" \/><\/a><\/div><div class=\"rl-gallery-item\"><a href=\"https:\/\/sp184lodz.edu.pl\/wp-content\/uploads\/2025\/07\/planeta_integracji_17.jpg\" title=\"\" data-rl_title=\"\" class=\"rl-gallery-link\" data-rl_caption=\"\" data-rel=\"lightbox-gallery-1\"><img loading=\"lazy\" decoding=\"async\" src=\"https:\/\/sp184lodz.edu.pl\/wp-content\/uploads\/2025\/07\/planeta_integracji_17-150x150.jpg\" width=\"150\" height=\"150\" alt=\"\" \/><\/a><\/div><div class=\"rl-gallery-item\"><a href=\"https:\/\/sp184lodz.edu.pl\/wp-content\/uploads\/2025\/07\/planeta_integracji_16.jpg\" title=\"\" data-rl_title=\"\" class=\"rl-gallery-link\" data-rl_caption=\"\" data-rel=\"lightbox-gallery-1\"><img loading=\"lazy\" decoding=\"async\" src=\"https:\/\/sp184lodz.edu.pl\/wp-content\/uploads\/2025\/07\/planeta_integracji_16-150x150.jpg\" width=\"150\" height=\"150\" alt=\"\" \/><\/a><\/div><div class=\"rl-gallery-item\"><a href=\"https:\/\/sp184lodz.edu.pl\/wp-content\/uploads\/2025\/07\/planeta_integracji_15.jpg\" title=\"\" data-rl_title=\"\" class=\"rl-gallery-link\" data-rl_caption=\"\" data-rel=\"lightbox-gallery-1\"><img loading=\"lazy\" decoding=\"async\" src=\"https:\/\/sp184lodz.edu.pl\/wp-content\/uploads\/2025\/07\/planeta_integracji_15-150x150.jpg\" width=\"150\" height=\"150\" alt=\"\" \/><\/a><\/div><div class=\"rl-gallery-item\"><a href=\"https:\/\/sp184lodz.edu.pl\/wp-content\/uploads\/2025\/07\/planeta_integracji_14.jpg\" title=\"\" data-rl_title=\"\" class=\"rl-gallery-link\" data-rl_caption=\"\" data-rel=\"lightbox-gallery-1\"><img loading=\"lazy\" decoding=\"async\" src=\"https:\/\/sp184lodz.edu.pl\/wp-content\/uploads\/2025\/07\/planeta_integracji_14-150x150.jpg\" width=\"150\" height=\"150\" alt=\"\" \/><\/a><\/div><div class=\"rl-gallery-item\"><a href=\"https:\/\/sp184lodz.edu.pl\/wp-content\/uploads\/2025\/07\/planeta_integracji_13.jpg\" title=\"\" data-rl_title=\"\" class=\"rl-gallery-link\" data-rl_caption=\"\" data-rel=\"lightbox-gallery-1\"><img loading=\"lazy\" decoding=\"async\" src=\"https:\/\/sp184lodz.edu.pl\/wp-content\/uploads\/2025\/07\/planeta_integracji_13-150x150.jpg\" width=\"150\" height=\"150\" alt=\"\" \/><\/a><\/div><div class=\"rl-gallery-item\"><a href=\"https:\/\/sp184lodz.edu.pl\/wp-content\/uploads\/2025\/07\/planeta_integracji_12.jpg\" title=\"\" data-rl_title=\"\" class=\"rl-gallery-link\" data-rl_caption=\"\" data-rel=\"lightbox-gallery-1\"><img loading=\"lazy\" decoding=\"async\" src=\"https:\/\/sp184lodz.edu.pl\/wp-content\/uploads\/2025\/07\/planeta_integracji_12-150x150.jpg\" width=\"150\" height=\"150\" alt=\"\" \/><\/a><\/div><div class=\"rl-gallery-item\"><a href=\"https:\/\/sp184lodz.edu.pl\/wp-content\/uploads\/2025\/07\/planeta_integracji_11.jpg\" title=\"\" data-rl_title=\"\" class=\"rl-gallery-link\" data-rl_caption=\"\" data-rel=\"lightbox-gallery-1\"><img loading=\"lazy\" decoding=\"async\" src=\"https:\/\/sp184lodz.edu.pl\/wp-content\/uploads\/2025\/07\/planeta_integracji_11-150x150.jpg\" width=\"150\" height=\"150\" alt=\"\" \/><\/a><\/div><div class=\"rl-gallery-item\"><a href=\"https:\/\/sp184lodz.edu.pl\/wp-content\/uploads\/2025\/07\/planeta_integracji_10.jpg\" title=\"\" data-rl_title=\"\" class=\"rl-gallery-link\" data-rl_caption=\"\" data-rel=\"lightbox-gallery-1\"><img loading=\"lazy\" decoding=\"async\" src=\"https:\/\/sp184lodz.edu.pl\/wp-content\/uploads\/2025\/07\/planeta_integracji_10-150x150.jpg\" width=\"150\" height=\"150\" alt=\"\" \/><\/a><\/div><div class=\"rl-gallery-item\"><a href=\"https:\/\/sp184lodz.edu.pl\/wp-content\/uploads\/2025\/07\/planeta_integracji_9.jpg\" title=\"\" data-rl_title=\"\" class=\"rl-gallery-link\" data-rl_caption=\"\" data-rel=\"lightbox-gallery-1\"><img loading=\"lazy\" decoding=\"async\" src=\"https:\/\/sp184lodz.edu.pl\/wp-content\/uploads\/2025\/07\/planeta_integracji_9-150x150.jpg\" width=\"150\" height=\"150\" alt=\"\" \/><\/a><\/div><div class=\"rl-gallery-item\"><a href=\"https:\/\/sp184lodz.edu.pl\/wp-content\/uploads\/2025\/07\/planeta_integracji_8.jpg\" title=\"\" data-rl_title=\"\" class=\"rl-gallery-link\" data-rl_caption=\"\" data-rel=\"lightbox-gallery-1\"><img loading=\"lazy\" decoding=\"async\" src=\"https:\/\/sp184lodz.edu.pl\/wp-content\/uploads\/2025\/07\/planeta_integracji_8-150x150.jpg\" width=\"150\" height=\"150\" alt=\"\" \/><\/a><\/div><div class=\"rl-gallery-item\"><a href=\"https:\/\/sp184lodz.edu.pl\/wp-content\/uploads\/2025\/07\/planeta_integracji_7.jpg\" title=\"\" data-rl_title=\"\" class=\"rl-gallery-link\" data-rl_caption=\"\" data-rel=\"lightbox-gallery-1\"><img loading=\"lazy\" decoding=\"async\" src=\"https:\/\/sp184lodz.edu.pl\/wp-content\/uploads\/2025\/07\/planeta_integracji_7-150x150.jpg\" width=\"150\" height=\"150\" alt=\"\" \/><\/a><\/div><div class=\"rl-gallery-item\"><a href=\"https:\/\/sp184lodz.edu.pl\/wp-content\/uploads\/2025\/07\/planeta_integracji_6.jpg\" title=\"\" data-rl_title=\"\" class=\"rl-gallery-link\" data-rl_caption=\"\" data-rel=\"lightbox-gallery-1\"><img loading=\"lazy\" decoding=\"async\" src=\"https:\/\/sp184lodz.edu.pl\/wp-content\/uploads\/2025\/07\/planeta_integracji_6-150x150.jpg\" width=\"150\" height=\"150\" alt=\"\" \/><\/a><\/div><div class=\"rl-gallery-item\"><a href=\"https:\/\/sp184lodz.edu.pl\/wp-content\/uploads\/2025\/07\/planeta_integracji_5.jpg\" title=\"\" data-rl_title=\"\" class=\"rl-gallery-link\" data-rl_caption=\"\" data-rel=\"lightbox-gallery-1\"><img loading=\"lazy\" decoding=\"async\" src=\"https:\/\/sp184lodz.edu.pl\/wp-content\/uploads\/2025\/07\/planeta_integracji_5-150x150.jpg\" width=\"150\" height=\"150\" alt=\"\" \/><\/a><\/div><div class=\"rl-gallery-item\"><a href=\"https:\/\/sp184lodz.edu.pl\/wp-content\/uploads\/2025\/07\/planeta_integracji_4.jpg\" title=\"\" data-rl_title=\"\" class=\"rl-gallery-link\" data-rl_caption=\"\" data-rel=\"lightbox-gallery-1\"><img loading=\"lazy\" decoding=\"async\" src=\"https:\/\/sp184lodz.edu.pl\/wp-content\/uploads\/2025\/07\/planeta_integracji_4-150x150.jpg\" width=\"150\" height=\"150\" alt=\"\" \/><\/a><\/div><div class=\"rl-gallery-item\"><a href=\"https:\/\/sp184lodz.edu.pl\/wp-content\/uploads\/2025\/07\/planeta_integracji_3.jpg\" title=\"\" data-rl_title=\"\" class=\"rl-gallery-link\" data-rl_caption=\"\" data-rel=\"lightbox-gallery-1\"><img loading=\"lazy\" decoding=\"async\" src=\"https:\/\/sp184lodz.edu.pl\/wp-content\/uploads\/2025\/07\/planeta_integracji_3-150x150.jpg\" width=\"150\" height=\"150\" alt=\"\" \/><\/a><\/div><div class=\"rl-gallery-item\"><a href=\"https:\/\/sp184lodz.edu.pl\/wp-content\/uploads\/2025\/07\/planeta_integracji_2.jpg\" title=\"\" data-rl_title=\"\" class=\"rl-gallery-link\" data-rl_caption=\"\" data-rel=\"lightbox-gallery-1\"><img loading=\"lazy\" decoding=\"async\" src=\"https:\/\/sp184lodz.edu.pl\/wp-content\/uploads\/2025\/07\/planeta_integracji_2-150x150.jpg\" width=\"150\" height=\"150\" alt=\"\" \/><\/a><\/div><div class=\"rl-gallery-item\"><a href=\"https:\/\/sp184lodz.edu.pl\/wp-content\/uploads\/2025\/07\/planeta_integracji_31.jpg\" title=\"\" data-rl_title=\"\" class=\"rl-gallery-link\" data-rl_caption=\"\" data-rel=\"lightbox-gallery-1\"><img loading=\"lazy\" decoding=\"async\" src=\"https:\/\/sp184lodz.edu.pl\/wp-content\/uploads\/2025\/07\/planeta_integracji_31-150x150.jpg\" width=\"150\" height=\"150\" alt=\"\" \/><\/a><\/div><div class=\"rl-gallery-item\"><a href=\"https:\/\/sp184lodz.edu.pl\/wp-content\/uploads\/2025\/07\/planeta_integracji_32.jpg\" title=\"\" data-rl_title=\"\" class=\"rl-gallery-link\" data-rl_caption=\"\" data-rel=\"lightbox-gallery-1\"><img loading=\"lazy\" decoding=\"async\" src=\"https:\/\/sp184lodz.edu.pl\/wp-content\/uploads\/2025\/07\/planeta_integracji_32-150x150.jpg\" width=\"150\" height=\"150\" alt=\"\" \/><\/a><\/div><div class=\"rl-gallery-item\"><a href=\"https:\/\/sp184lodz.edu.pl\/wp-content\/uploads\/2025\/07\/planeta_integracji_33.jpg\" title=\"\" data-rl_title=\"\" class=\"rl-gallery-link\" data-rl_caption=\"\" data-rel=\"lightbox-gallery-1\"><img loading=\"lazy\" decoding=\"async\" src=\"https:\/\/sp184lodz.edu.pl\/wp-content\/uploads\/2025\/07\/planeta_integracji_33-150x150.jpg\" width=\"150\" height=\"150\" alt=\"\" \/><\/a><\/div><div class=\"rl-gallery-item\"><a href=\"https:\/\/sp184lodz.edu.pl\/wp-content\/uploads\/2025\/07\/planeta_integracji_34.jpg\" title=\"\" data-rl_title=\"\" class=\"rl-gallery-link\" data-rl_caption=\"\" data-rel=\"lightbox-gallery-1\"><img loading=\"lazy\" decoding=\"async\" src=\"https:\/\/sp184lodz.edu.pl\/wp-content\/uploads\/2025\/07\/planeta_integracji_34-150x150.jpg\" width=\"150\" height=\"150\" alt=\"\" \/><\/a><\/div><div class=\"rl-gallery-item\"><a href=\"https:\/\/sp184lodz.edu.pl\/wp-content\/uploads\/2025\/07\/planeta_integracji_1.jpg\" title=\"\" data-rl_title=\"\" class=\"rl-gallery-link\" data-rl_caption=\"\" data-rel=\"lightbox-gallery-1\"><img loading=\"lazy\" decoding=\"async\" src=\"https:\/\/sp184lodz.edu.pl\/wp-content\/uploads\/2025\/07\/planeta_integracji_1-150x150.jpg\" width=\"150\" height=\"150\" alt=\"\" \/><\/a><\/div><div class=\"rl-gallery-item\"><a href=\"https:\/\/sp184lodz.edu.pl\/wp-content\/uploads\/2025\/07\/planeta_integracji_43.jpg\" title=\"\" data-rl_title=\"\" class=\"rl-gallery-link\" data-rl_caption=\"\" data-rel=\"lightbox-gallery-1\"><img loading=\"lazy\" decoding=\"async\" src=\"https:\/\/sp184lodz.edu.pl\/wp-content\/uploads\/2025\/07\/planeta_integracji_43-150x150.jpg\" width=\"150\" height=\"150\" alt=\"\" \/><\/a><\/div><div class=\"rl-gallery-item\"><a href=\"https:\/\/sp184lodz.edu.pl\/wp-content\/uploads\/2025\/07\/planeta_integracji_42.jpg\" title=\"\" data-rl_title=\"\" class=\"rl-gallery-link\" data-rl_caption=\"\" data-rel=\"lightbox-gallery-1\"><img loading=\"lazy\" decoding=\"async\" src=\"https:\/\/sp184lodz.edu.pl\/wp-content\/uploads\/2025\/07\/planeta_integracji_42-150x150.jpg\" width=\"150\" height=\"150\" alt=\"\" \/><\/a><\/div><div class=\"rl-gallery-item\"><a href=\"https:\/\/sp184lodz.edu.pl\/wp-content\/uploads\/2025\/07\/planeta_integracji_41.jpg\" title=\"\" data-rl_title=\"\" class=\"rl-gallery-link\" data-rl_caption=\"\" data-rel=\"lightbox-gallery-1\"><img loading=\"lazy\" decoding=\"async\" src=\"https:\/\/sp184lodz.edu.pl\/wp-content\/uploads\/2025\/07\/planeta_integracji_41-150x150.jpg\" width=\"150\" height=\"150\" alt=\"\" \/><\/a><\/div><div class=\"rl-gallery-item\"><a href=\"https:\/\/sp184lodz.edu.pl\/wp-content\/uploads\/2025\/07\/planeta_integracji_40.jpg\" title=\"\" data-rl_title=\"\" class=\"rl-gallery-link\" data-rl_caption=\"\" data-rel=\"lightbox-gallery-1\"><img loading=\"lazy\" decoding=\"async\" src=\"https:\/\/sp184lodz.edu.pl\/wp-content\/uploads\/2025\/07\/planeta_integracji_40-150x150.jpg\" width=\"150\" height=\"150\" alt=\"\" \/><\/a><\/div><div class=\"rl-gallery-item\"><a href=\"https:\/\/sp184lodz.edu.pl\/wp-content\/uploads\/2025\/07\/planeta_integracji_39.jpg\" title=\"\" data-rl_title=\"\" class=\"rl-gallery-link\" data-rl_caption=\"\" data-rel=\"lightbox-gallery-1\"><img loading=\"lazy\" decoding=\"async\" src=\"https:\/\/sp184lodz.edu.pl\/wp-content\/uploads\/2025\/07\/planeta_integracji_39-150x150.jpg\" width=\"150\" height=\"150\" alt=\"\" \/><\/a><\/div><div class=\"rl-gallery-item\"><a href=\"https:\/\/sp184lodz.edu.pl\/wp-content\/uploads\/2025\/07\/planeta_integracji_38.jpg\" title=\"\" data-rl_title=\"\" class=\"rl-gallery-link\" data-rl_caption=\"\" data-rel=\"lightbox-gallery-1\"><img loading=\"lazy\" decoding=\"async\" src=\"https:\/\/sp184lodz.edu.pl\/wp-content\/uploads\/2025\/07\/planeta_integracji_38-150x150.jpg\" width=\"150\" height=\"150\" alt=\"\" \/><\/a><\/div><div class=\"rl-gallery-item\"><a href=\"https:\/\/sp184lodz.edu.pl\/wp-content\/uploads\/2025\/07\/planeta_integracji_37.jpg\" title=\"\" data-rl_title=\"\" class=\"rl-gallery-link\" data-rl_caption=\"\" data-rel=\"lightbox-gallery-1\"><img loading=\"lazy\" decoding=\"async\" src=\"https:\/\/sp184lodz.edu.pl\/wp-content\/uploads\/2025\/07\/planeta_integracji_37-150x150.jpg\" width=\"150\" height=\"150\" alt=\"\" \/><\/a><\/div><div class=\"rl-gallery-item\"><a href=\"https:\/\/sp184lodz.edu.pl\/wp-content\/uploads\/2025\/07\/planeta_integracji_36.jpg\" title=\"\" data-rl_title=\"\" class=\"rl-gallery-link\" data-rl_caption=\"\" data-rel=\"lightbox-gallery-1\"><img loading=\"lazy\" decoding=\"async\" src=\"https:\/\/sp184lodz.edu.pl\/wp-content\/uploads\/2025\/07\/planeta_integracji_36-150x150.jpg\" width=\"150\" height=\"150\" alt=\"\" \/><\/a><\/div><div class=\"rl-gallery-item\"><a href=\"https:\/\/sp184lodz.edu.pl\/wp-content\/uploads\/2025\/07\/planeta_integracji_35.jpg\" title=\"\" data-rl_title=\"\" class=\"rl-gallery-link\" data-rl_caption=\"\" data-rel=\"lightbox-gallery-1\"><img loading=\"lazy\" decoding=\"async\" src=\"https:\/\/sp184lodz.edu.pl\/wp-content\/uploads\/2025\/07\/planeta_integracji_35-150x150.jpg\" width=\"150\" height=\"150\" alt=\"\" \/><\/a><\/div> <\/div> <\/div><\/code><\/p>\n","protected":false},"excerpt":{"rendered":"<p>Okres realizacji: 01.01.2025 \u2013 30.05.2025 Realizator: Szko\u0142a Podstawowa nr 184 w \u0141odzi \u0179r\u00f3d\u0142o finansowania: Darowizna z programu Reklama Dzieciom nr 54\/XXXI\/TVP\/RD\/23 Tytu\u0142 projektu: \u201ePlaneta Integracji\u201d PLANETA INTEGRACJI \u2013 terapeutyczna przestrze\u0144 wsparcia i rozwoju Z rado\u015bci\u0105 informujemy, \u017ce w roku szkolnym <a href=\"https:\/\/sp184lodz.edu.pl\/index.php\/planeta-integracji\/\" class=\"read-more\">czytaj wi\u0119cej &#8230;<\/a><\/p>\n","protected":false},"author":4,"featured_media":0,"parent":0,"menu_order":0,"comment_status":"closed","ping_status":"closed","template":"","meta":{"two_page_speed":[],"footnotes":""},"class_list":["post-20683","page","type-page","status-publish","hentry"],"_links":{"self":[{"href":"https:\/\/sp184lodz.edu.pl\/index.php\/wp-json\/wp\/v2\/pages\/20683","targetHints":{"allow":["GET"]}}],"collection":[{"href":"https:\/\/sp184lodz.edu.pl\/index.php\/wp-json\/wp\/v2\/pages"}],"about":[{"href":"https:\/\/sp184lodz.edu.pl\/index.php\/wp-json\/wp\/v2\/types\/page"}],"author":[{"embeddable":true,"href":"https:\/\/sp184lodz.edu.pl\/index.php\/wp-json\/wp\/v2\/users\/4"}],"replies":[{"embeddable":true,"href":"https:\/\/sp184lodz.edu.pl\/index.php\/wp-json\/wp\/v2\/comments?post=20683"}],"version-history":[{"count":5,"href":"https:\/\/sp184lodz.edu.pl\/index.php\/wp-json\/wp\/v2\/pages\/20683\/revisions"}],"predecessor-version":[{"id":20734,"href":"https:\/\/sp184lodz.edu.pl\/index.php\/wp-json\/wp\/v2\/pages\/20683\/revisions\/20734"}],"wp:attachment":[{"href":"https:\/\/sp184lodz.edu.pl\/index.php\/wp-json\/wp\/v2\/media?parent=20683"}],"curies":[{"name":"wp","href":"https:\/\/api.w.org\/{rel}","templated":true}]}}