{"id":2234,"date":"2017-09-02T18:58:35","date_gmt":"2017-09-02T16:58:35","guid":{"rendered":"http:\/\/sp184lodz.edu.pl\/?page_id=2234"},"modified":"2017-09-02T19:20:58","modified_gmt":"2017-09-02T17:20:58","slug":"podreczniki","status":"publish","type":"page","link":"https:\/\/sp184lodz.edu.pl\/index.php\/strefa-ucznia\/podreczniki-2\/podreczniki\/","title":{"rendered":"Podr\u0119czniki dla klas 1-3"},"content":{"rendered":"<table>\n<tbody>\n<tr>\n<td width=\"36\">\n<p style=\"text-align: center;\">Klasy<\/p>\n<\/td>\n<td width=\"104\">Przedmiot<\/td>\n<td width=\"161\">Autorzy<br \/>\nWydawnictwo<\/td>\n<td width=\"189\">Tytu\u0142 podr\u0119cznika<\/td>\n<td width=\"123\">Nr dopuszczenia<br \/>\nMEN<\/td>\n<td width=\"180\">Zeszyty \u0107wicze\u0144<br \/>\nlub<br \/>\nmateria\u0142y \u0107wiczeniowe<\/td>\n<\/tr>\n<tr>\n<td width=\"36\">I<\/td>\n<td width=\"104\"><strong>Kszta\u0142cenie zintegrowane<\/strong><\/td>\n<td width=\"161\">Barbara St\u0119pie\u0144,<br \/>\nEwa Hryszkiewicz, Joanna Winiecka-Nowak;<br \/>\nKrystyna Bielenica,<br \/>\nMaria Bura,<br \/>\nMa\u0142gorzata Kwil,<br \/>\nBogus\u0142awa Lankiewicz<strong>Nowa Era<\/strong><\/td>\n<td width=\"189\">\u201eElementarz odkrywc\u00f3w\u201d:<\/p>\n<p>podr\u0119cznik zintegrowany cz. 1 \u2013 4;<\/p>\n<p>podr\u0119cznik do matematyki cz. 1 &#8211; 2<\/td>\n<td width=\"123\">790\/1\/2017<\/td>\n<td width=\"180\">\u0106w. zintegrowane cz. 1 \u2013 4<\/p>\n<p>\u0106w. Do matematyki cz. 1 \u2013 2<\/p>\n<p>Zeszyt \u0107wicze\u0144: \u201eDzie\u0144 odkrywc\u00f3w\u201d<\/p>\n<p>Zeszyt do kaligrafii<\/p>\n<p>Zeszyt do kaligrafii matematycznej<\/p>\n<p>Muzyka z CD<\/td>\n<\/tr>\n<tr>\n<td width=\"36\">I<\/td>\n<td width=\"104\"><strong>J\u0119zyk<br \/>\nangielski<\/strong><\/td>\n<td width=\"161\">Carol Read,<br \/>\nAna Sober\u00f3n<strong>Macmillan<\/strong><\/td>\n<td width=\"189\">\u201eBugs Team 1\u201d<\/td>\n<td width=\"123\">811\/1\/2017<\/td>\n<td width=\"180\">\u201eBugs Team 1\u201d. Zeszyt \u0107wicze\u0144<\/td>\n<\/tr>\n<tr>\n<td width=\"36\">I<\/td>\n<td width=\"104\"><strong>Religia<\/strong><\/td>\n<td width=\"161\">Red. Ks. Jan Szpet,<br \/>\nDanuta Jackowiak<strong>Wyd. \u015aw. Wojciech<\/strong><\/td>\n<td width=\"189\">\u201eJeste\u015bmy w rodzinie pana Jezusa\u201d<\/td>\n<td width=\"123\">AZ-11-01\/10 \/PO-1\/11<\/td>\n<td width=\"180\">\u201eJeste\u015bmy w rodzinie pana Jezusa\u201d<\/td>\n<\/tr>\n<tr>\n<td width=\"36\">II<\/td>\n<td width=\"104\"><strong>Edukacja<br \/>\nwczesnoszkolna<\/strong><\/td>\n<td width=\"161\">Maria Lorek,<br \/>\nMonika ZatorskaMaria Lorek,<br \/>\nAgata Ludwa<\/p>\n<p><strong>MEN<\/strong><\/td>\n<td width=\"189\">\u201eNasza szko\u0142a\u201d<\/p>\n<p>podr\u0119cznik do szko\u0142y podstawowej,<br \/>\nklasa 2, cz\u0119\u015b\u0107 1A, 1B, 2, 3, 4<\/p>\n<p>&nbsp;<\/p>\n<p>\u201eNasza szko\u0142a. Matematyka\u201d<\/p>\n<p>podr\u0119cznik do szko\u0142y podstawowej,<br \/>\nklasa 2, cz\u0119\u015b\u0107 1 \u2013 4<\/td>\n<td width=\"123\">Podr\u0119cznik MEN<\/td>\n<td width=\"180\">\u201e\u0106w. z pomys\u0142em\u201d<\/p>\n<p>edukacja wczesnoszkolna cz. 1 \u2013 4<\/p>\n<p>\u201e\u0106w z pomys\u0142em\u201d<\/p>\n<p>matematyka, cz. 1 \u2013 4<\/p>\n<p><strong>WSiP<\/strong><\/td>\n<\/tr>\n<tr>\n<td width=\"36\">II<\/td>\n<td width=\"104\"><strong>J\u0119zyk<br \/>\nangielski<\/strong><\/td>\n<td width=\"161\">P.A. Davies,<br \/>\nC. Graham,<br \/>\nMagdalena Szpotowicz,<br \/>\nMa\u0142gorzata Szulc-Kurpaska<strong>OUP<\/strong><\/td>\n<td width=\"189\">\u201eSuper Sparks 2\u201d<\/td>\n<td width=\"123\">638\/2\/2014\/2015<\/td>\n<td width=\"180\">\u201eSuper Sparks 2\u201d.<\/p>\n<p>Materia\u0142y \u0107wiczeniowe<\/td>\n<\/tr>\n<tr>\n<td width=\"36\">II<\/td>\n<td width=\"104\"><strong>Religia<\/strong><\/td>\n<td width=\"161\">Red. Ks Jan Szpet<\/p>\n<p>Danuta Jackowiak<\/p>\n<p><strong>Wyd. \u015aw. Wojciech<\/strong><\/td>\n<td width=\"189\">\u201cKochamy Pana Jezusa\u201d<\/td>\n<td width=\"123\">AZ-12-01\/10-PO-1\/11<\/td>\n<td width=\"180\">\u201cKochamy Pana Jezusa\u201d<\/td>\n<\/tr>\n<tr>\n<td width=\"36\">III<\/td>\n<td width=\"104\"><strong>Edukacja wczesnoszkolna<\/strong><\/td>\n<td width=\"161\">Maria Lorek,<br \/>\nMonika ZatorskaAgata Ludwa,<br \/>\nMaria Lorek<\/p>\n<p><strong>MEN<\/strong><\/td>\n<td width=\"189\">\u201eNasza szko\u0142a\u201d<\/p>\n<p>podr\u0119cznik do szko\u0142y podstawowej,<br \/>\nklasa 3, cz\u0119\u015b\u0107 1A, 1B, 2, 3A, 3B, 4<\/p>\n<p>\u201eNasza szko\u0142a. Matematyka\u201d<\/p>\n<p>podr\u0119cznik do szko\u0142y podstawowej,<br \/>\nklasa 3, cz\u0119\u015b\u0107 1 &#8211; 4<\/td>\n<td width=\"123\">Podr\u0119cznik MEN<\/td>\n<td width=\"180\">\u201eMoja matematyka\u201d, cz. 1 i 2<\/p>\n<p>\u201eMoje \u0107wiczenia\u201d, cz. A i B<\/p>\n<p>\u201eId\u0119 do czwartej klasy\u201d<\/p>\n<p>\u201eWiem, rozumiem, pami\u0119tam\u201d<\/p>\n<p><strong>DIDASKO<\/strong><\/td>\n<\/tr>\n<tr>\n<td width=\"36\">III<\/td>\n<td width=\"104\"><strong>J\u0119zyk<br \/>\nangielski<\/strong><\/td>\n<td width=\"161\">P.A. Davies,<br \/>\nC. Graham,<br \/>\nMagdalena Szpotowicz,<br \/>\nMa\u0142gorzata Szulc-Kurpaska<strong>OUP<\/strong><\/td>\n<td width=\"189\">\u201eSuper Sparks 3\u201d<\/td>\n<td width=\"123\">638\/3\/2014\/2015<\/td>\n<td width=\"180\">\u201eSuper Sparks 3\u201d.<\/p>\n<p>Materia\u0142y \u0107wiczeniowe<\/td>\n<\/tr>\n<tr>\n<td width=\"36\">III<\/td>\n<td width=\"104\"><strong>Religia<\/strong><\/td>\n<td width=\"161\">Red. Ks. Jan Szpet,<br \/>\nDanuta Jackowiak<strong>Wyd. \u015aw. Wojciech<\/strong><\/td>\n<td width=\"189\">\u201ePrzyjmujemy Pana Jezusa\u201d<\/td>\n<td width=\"123\">AZ-13-01\/10-PO-1\/13<\/td>\n<td width=\"180\">\u201ePrzyjmujemy Pana Jezusa\u201d<\/td>\n<\/tr>\n<\/tbody>\n<\/table>\n","protected":false},"excerpt":{"rendered":"<p>Klasy Przedmiot Autorzy Wydawnictwo Tytu\u0142 podr\u0119cznika Nr dopuszczenia MEN Zeszyty \u0107wicze\u0144 lub materia\u0142y \u0107wiczeniowe I Kszta\u0142cenie zintegrowane Barbara St\u0119pie\u0144, Ewa Hryszkiewicz, Joanna Winiecka-Nowak; Krystyna Bielenica, Maria Bura, Ma\u0142gorzata Kwil, Bogus\u0142awa LankiewiczNowa Era \u201eElementarz odkrywc\u00f3w\u201d: podr\u0119cznik zintegrowany cz. 1 \u2013 4; <a href=\"https:\/\/sp184lodz.edu.pl\/index.php\/strefa-ucznia\/podreczniki-2\/podreczniki\/\" class=\"read-more\">czytaj wi\u0119cej &#8230;<\/a><\/p>\n","protected":false},"author":1,"featured_media":0,"parent":2240,"menu_order":0,"comment_status":"closed","ping_status":"closed","template":"","meta":{"two_page_speed":[],"footnotes":""},"class_list":["post-2234","page","type-page","status-publish","hentry"],"_links":{"self":[{"href":"https:\/\/sp184lodz.edu.pl\/index.php\/wp-json\/wp\/v2\/pages\/2234","targetHints":{"allow":["GET"]}}],"collection":[{"href":"https:\/\/sp184lodz.edu.pl\/index.php\/wp-json\/wp\/v2\/pages"}],"about":[{"href":"https:\/\/sp184lodz.edu.pl\/index.php\/wp-json\/wp\/v2\/types\/page"}],"author":[{"embeddable":true,"href":"https:\/\/sp184lodz.edu.pl\/index.php\/wp-json\/wp\/v2\/users\/1"}],"replies":[{"embeddable":true,"href":"https:\/\/sp184lodz.edu.pl\/index.php\/wp-json\/wp\/v2\/comments?post=2234"}],"version-history":[{"count":5,"href":"https:\/\/sp184lodz.edu.pl\/index.php\/wp-json\/wp\/v2\/pages\/2234\/revisions"}],"predecessor-version":[{"id":2242,"href":"https:\/\/sp184lodz.edu.pl\/index.php\/wp-json\/wp\/v2\/pages\/2234\/revisions\/2242"}],"up":[{"embeddable":true,"href":"https:\/\/sp184lodz.edu.pl\/index.php\/wp-json\/wp\/v2\/pages\/2240"}],"wp:attachment":[{"href":"https:\/\/sp184lodz.edu.pl\/index.php\/wp-json\/wp\/v2\/media?parent=2234"}],"curies":[{"name":"wp","href":"https:\/\/api.w.org\/{rel}","templated":true}]}}