{"id":2904,"date":"2017-11-11T13:22:42","date_gmt":"2017-11-11T12:22:42","guid":{"rendered":"http:\/\/sp184lodz.edu.pl\/?page_id=2904"},"modified":"2019-06-27T09:55:51","modified_gmt":"2019-06-27T07:55:51","slug":"50-lat-sp184","status":"publish","type":"page","link":"https:\/\/sp184lodz.edu.pl\/index.php\/foto\/50-lat-sp184\/","title":{"rendered":"50 lat SP184"},"content":{"rendered":"<p><em><strong>zobacz fotorelacj\u0119<\/strong><\/em><\/p>\n<h2 style=\"text-align: center;\"><a href=\"http:\/\/sp184lodz.edu.pl\/50\" target=\"_blank\" rel=\"noopener noreferrer\"><em><strong>dzie\u0144 pierwszy<\/strong><\/em><\/a> | <a href=\"http:\/\/sp184lodz.edu.pl\/50\/50_lat-SP184\" target=\"_blank\" rel=\"noopener noreferrer\"><em><strong>dzie\u0144 drugi<\/strong><\/em><\/a><\/h2>\n<p><img loading=\"lazy\" decoding=\"async\" class=\"aligncenter wp-image-1023 size-full\" src=\"http:\/\/sp184lodz.edu.pl\/wp-content\/uploads\/2017\/03\/liniaa.gif\" alt=\"\" width=\"534\" height=\"8\" \/><\/p>\n<div style=\"position: relative; height: 0; padding-bottom: 75.0%;\"><iframe loading=\"lazy\" style=\"position: absolute; width: 100%; height: 100%; left: 0;\" src=\"https:\/\/www.youtube.com\/embed\/vHYf-pcLBv0?ecver=2\" width=\"480\" height=\"360\" frameborder=\"0\" allowfullscreen=\"allowfullscreen\"><\/iframe><\/div>\n<p><iframe loading=\"lazy\" title=\"nasza szkola ma 50 lat\" width=\"738\" height=\"415\" src=\"https:\/\/www.youtube.com\/embed\/QTzrRj_QLDg?feature=oembed\" frameborder=\"0\" allow=\"accelerometer; autoplay; clipboard-write; encrypted-media; gyroscope; picture-in-picture\" allowfullscreen><\/iframe><\/p>\n<p><iframe loading=\"lazy\" title=\"50latSP184 TOYATV\" width=\"738\" height=\"415\" src=\"https:\/\/www.youtube.com\/embed\/YIV36VkLCq0?feature=oembed\" frameborder=\"0\" allow=\"accelerometer; autoplay; clipboard-write; encrypted-media; gyroscope; picture-in-picture\" allowfullscreen><\/iframe><\/p>\n<p><iframe loading=\"lazy\" title=\"50 lat SP184\" width=\"738\" height=\"554\" src=\"https:\/\/www.youtube.com\/embed\/adTLzisaG3U?feature=oembed\" frameborder=\"0\" allow=\"accelerometer; autoplay; clipboard-write; encrypted-media; gyroscope; picture-in-picture\" allowfullscreen><\/iframe><\/p>\n","protected":false},"excerpt":{"rendered":"<p>zobacz fotorelacj\u0119 dzie\u0144 pierwszy | dzie\u0144 drugi<\/p>\n","protected":false},"author":1,"featured_media":0,"parent":470,"menu_order":16,"comment_status":"closed","ping_status":"closed","template":"","meta":{"two_page_speed":[],"footnotes":""},"class_list":["post-2904","page","type-page","status-publish","hentry"],"_links":{"self":[{"href":"https:\/\/sp184lodz.edu.pl\/index.php\/wp-json\/wp\/v2\/pages\/2904","targetHints":{"allow":["GET"]}}],"collection":[{"href":"https:\/\/sp184lodz.edu.pl\/index.php\/wp-json\/wp\/v2\/pages"}],"about":[{"href":"https:\/\/sp184lodz.edu.pl\/index.php\/wp-json\/wp\/v2\/types\/page"}],"author":[{"embeddable":true,"href":"https:\/\/sp184lodz.edu.pl\/index.php\/wp-json\/wp\/v2\/users\/1"}],"replies":[{"embeddable":true,"href":"https:\/\/sp184lodz.edu.pl\/index.php\/wp-json\/wp\/v2\/comments?post=2904"}],"version-history":[{"count":11,"href":"https:\/\/sp184lodz.edu.pl\/index.php\/wp-json\/wp\/v2\/pages\/2904\/revisions"}],"predecessor-version":[{"id":6911,"href":"https:\/\/sp184lodz.edu.pl\/index.php\/wp-json\/wp\/v2\/pages\/2904\/revisions\/6911"}],"up":[{"embeddable":true,"href":"https:\/\/sp184lodz.edu.pl\/index.php\/wp-json\/wp\/v2\/pages\/470"}],"wp:attachment":[{"href":"https:\/\/sp184lodz.edu.pl\/index.php\/wp-json\/wp\/v2\/media?parent=2904"}],"curies":[{"name":"wp","href":"https:\/\/api.w.org\/{rel}","templated":true}]}}