{"id":303,"date":"2017-03-18T21:46:11","date_gmt":"2017-03-18T20:46:11","guid":{"rendered":"http:\/\/sp184lodz.edu.pl\/?page_id=303"},"modified":"2025-12-29T15:04:06","modified_gmt":"2025-12-29T14:04:06","slug":"psycholog","status":"publish","type":"page","link":"https:\/\/sp184lodz.edu.pl\/index.php\/strefa-rodzica\/organizacja-szkoly\/psycholog\/","title":{"rendered":"Psycholog"},"content":{"rendered":"<table style=\"height: 200px;\" border=\"3\" width=\"516\" align=\"center\" bgcolor=\"#FF6A00\">\n<tbody>\n<tr>\n<td colspan=\"2\" align=\"center\" bgcolor=\"#C0C0C0\"><span style=\"color: black;\"><span style=\"color: red;\">Pod tym adresem mo\u017cna zg\u0142asza\u0107 si\u0119 \u00a0do psychologa szkolnego ze swoimi sprawami, trudno\u015bciami. Zagwarantowana dyskrecja !<\/p>\n<p><b>wsparcie_psycholog@sp184.elodz.edu.pl<b>\n<\/td>\n<\/tr>\n<tr>\n<td colspan=\"2\" align=\"center\" bgcolor=\"#C0C0C0\"><span style=\"color: black;\"><span style=\"color: black;\">W naszej szkole w <b>s. 206 A <\/b> pe\u0142ni dy\u017cury<br \/>\n<b>Psycholog<\/b><\/span><\/span><\/p>\n<h2><span style=\"color: black;\"> <b>mgr Ewelina Jurkiewicz<br \/>\n<\/b><\/span><\/h2>\n<\/td>\n<\/tr>\n<tr>\n<td colspan=\"2\" align=\"center\" bgcolor=\"#FF6A00\">\n<h2><span style=\"color: black;\">Harmonogram pracy<\/span><\/h2>\n<\/td>\n<\/tr>\n<tr>\n<td align=\"center\" bgcolor=\"#C0C0C0\">poniedzia\u0142ek<\/td>\n<td align=\"center\" bgcolor=\"#C0C0C0\">12<sup><u>00<\/u><\/sup> &#8211; 15<sup><u>00<\/u><\/sup><\/td>\n<\/tr>\n<tr>\n<td align=\"center\" bgcolor=\"#C0C0C0\">wtorek<\/td>\n<td align=\"center\" bgcolor=\"#C0C0C0\">8<sup><u>30<\/u><\/sup> &#8211; 14<sup><u>30<\/u><\/sup><\/td>\n<\/tr>\n<tr>\n<td align=\"center\" bgcolor=\"#C0C0C0\">\u015broda<\/td>\n<td align=\"center\" bgcolor=\"#C0C0C0\">8<sup><u>30<\/u><\/sup> &#8211; 15<sup><u>15<\/u><\/sup><\/td>\n<\/tr>\n<tr>\n<td align=\"center\" bgcolor=\"#C0C0C0\">czwartek<\/td>\n<td align=\"center\" bgcolor=\"#C0C0C0\">8<sup><u>30<\/u><\/sup> &#8211; 15<sup><u>15<\/u><\/sup><\/td>\n<\/tr>\n<tr>\n<td align=\"center\" bgcolor=\"#C0C0C0\">pi\u0105tek<\/td>\n<td align=\"center\" bgcolor=\"#C0C0C0\">9<sup><u>00<\/u><\/sup> &#8211; 15<sup><u>30<\/u><\/sup><\/td>\n<\/tr>\n<\/tbody>\n<\/table>\n<p><img loading=\"lazy\" decoding=\"async\" class=\"size-full wp-image-2378 aligncenter\" src=\"http:\/\/sp184lodz.edu.pl\/wp-content\/uploads\/2017\/03\/psycholog_SP184.png\" alt=\"\" width=\"225\" height=\"225\" srcset=\"https:\/\/sp184lodz.edu.pl\/wp-content\/uploads\/2017\/03\/psycholog_SP184.png 225w, https:\/\/sp184lodz.edu.pl\/wp-content\/uploads\/2017\/03\/psycholog_SP184-150x150.png 150w\" sizes=\"auto, (max-width: 225px) 100vw, 225px\" \/><\/p>\n","protected":false},"excerpt":{"rendered":"<p>Pod tym adresem mo\u017cna zg\u0142asza\u0107 si\u0119 \u00a0do psychologa szkolnego ze swoimi sprawami, trudno\u015bciami. Zagwarantowana dyskrecja ! wsparcie_psycholog@sp184.elodz.edu.pl W naszej szkole w s. 206 A pe\u0142ni dy\u017cury Psycholog mgr Ewelina Jurkiewicz Harmonogram pracy poniedzia\u0142ek 1200 &#8211; 1500 wtorek 830 &#8211; 1430 <a href=\"https:\/\/sp184lodz.edu.pl\/index.php\/strefa-rodzica\/organizacja-szkoly\/psycholog\/\" class=\"read-more\">czytaj wi\u0119cej &#8230;<\/a><\/p>\n","protected":false},"author":1,"featured_media":0,"parent":779,"menu_order":4,"comment_status":"closed","ping_status":"closed","template":"","meta":{"two_page_speed":[],"footnotes":""},"class_list":["post-303","page","type-page","status-publish","hentry"],"_links":{"self":[{"href":"https:\/\/sp184lodz.edu.pl\/index.php\/wp-json\/wp\/v2\/pages\/303","targetHints":{"allow":["GET"]}}],"collection":[{"href":"https:\/\/sp184lodz.edu.pl\/index.php\/wp-json\/wp\/v2\/pages"}],"about":[{"href":"https:\/\/sp184lodz.edu.pl\/index.php\/wp-json\/wp\/v2\/types\/page"}],"author":[{"embeddable":true,"href":"https:\/\/sp184lodz.edu.pl\/index.php\/wp-json\/wp\/v2\/users\/1"}],"replies":[{"embeddable":true,"href":"https:\/\/sp184lodz.edu.pl\/index.php\/wp-json\/wp\/v2\/comments?post=303"}],"version-history":[{"count":26,"href":"https:\/\/sp184lodz.edu.pl\/index.php\/wp-json\/wp\/v2\/pages\/303\/revisions"}],"predecessor-version":[{"id":21605,"href":"https:\/\/sp184lodz.edu.pl\/index.php\/wp-json\/wp\/v2\/pages\/303\/revisions\/21605"}],"up":[{"embeddable":true,"href":"https:\/\/sp184lodz.edu.pl\/index.php\/wp-json\/wp\/v2\/pages\/779"}],"wp:attachment":[{"href":"https:\/\/sp184lodz.edu.pl\/index.php\/wp-json\/wp\/v2\/media?parent=303"}],"curies":[{"name":"wp","href":"https:\/\/api.w.org\/{rel}","templated":true}]}}