{"id":316,"date":"2017-03-18T22:05:34","date_gmt":"2017-03-18T21:05:34","guid":{"rendered":"http:\/\/sp184lodz.edu.pl\/?page_id=316"},"modified":"2026-01-20T09:39:13","modified_gmt":"2026-01-20T08:39:13","slug":"statut-szkoly","status":"publish","type":"page","link":"https:\/\/sp184lodz.edu.pl\/index.php\/szkola\/statut-szkoly\/","title":{"rendered":"Statut Szko\u0142y"},"content":{"rendered":"<table align=\"center\">\n<tbody>\n<tr>\n<td align=\"center\">\n<h1>S T A T U T<\/h1>\n<h2>SZKO\u0141Y PODSTAWOWEJ NR 184<\/h2>\n<h3>im. Honorowych Obywateli Miasta \u0141odzi<\/h3>\n<h4>ul. Syrenki 19 a<br \/>\n91 &#8211; 496 \u0141\u00f3d\u017a<\/h4>\n<p><img loading=\"lazy\" decoding=\"async\" class=\"aligncenter wp-image-1023 size-full\" src=\"http:\/\/sp184lodz.edu.pl\/wp-content\/uploads\/2017\/03\/liniaa.gif\" alt=\"\" width=\"534\" height=\"8\" \/><\/td>\n<\/tr>\n<tr>\n<td align=\"center\"><a href=\"https:\/\/sp184lodz.edu.pl\/wp-content\/uploads\/2026\/01\/statut_wersja_pazdziernik-2025.pdf\" target=\"_blank\" rel=\"noopener\">pobierz<\/a><a href=\"https:\/\/sp184lodz.edu.pl\/wp-content\/uploads\/2026\/01\/statut_wersja_pazdziernik-2025.pdf\" target=\"_blank\" rel=\"noopener\"><img loading=\"lazy\" decoding=\"async\" class=\"aligncenter wp-image-1541\" title=\"\" src=\"https:\/\/sp184lodz.edu.pl\/wp-content\/uploads\/2017\/05\/pdf.gif\" alt=\"\" width=\"322\" height=\"181\" \/><\/a><\/td>\n<\/tr>\n<tr>\n<td align=\"center\"><\/td>\n<\/tr>\n<tr>\n<td align=\"center\"><img loading=\"lazy\" decoding=\"async\" class=\"aligncenter wp-image-1023 size-full\" src=\"http:\/\/sp184lodz.edu.pl\/wp-content\/uploads\/2017\/03\/liniaa.gif\" alt=\"\" width=\"534\" height=\"8\" \/><\/td>\n<\/tr>\n<\/tbody>\n<\/table>\n<p><!--\n\n\n<table align=\"center\">\n\n\n<tbody>\n\n\n<tr>\n\n\n<td align=\"center\">\n<i>pobierz pdf<\/i>\n<img loading=\"lazy\" decoding=\"async\" class=\"aligncenter wp-image-325\" title=\"\" src=\"http:\/\/sp184lodz.edu.pl\/wp-content\/uploads\/2017\/03\/logo-pdf.gif\" alt=\"\" width=\"91\" height=\"84\" \/><span style=\"display: inline-block; width: 0px; overflow: hidden; line-height: 0;\" data-mce-type=\"bookmark\" class=\"mce_SELRES_start\"><\/span><\/td>\n\n\n<\/tr>\n\n\n\n\n<tr>\n\n\n<td align=\"center\">Zmiany tekstu STATUTU\n\nzawarto\n\n\n<ul>\n \t\n\n<li>w Uchwale Nr 7\/2013 Rady Pedagogicznej SP Nr 184 w \u0141odzi\nw sprawie zmian w statucie szko\u0142y z dnia 10 grudnia 2013 roku<\/li>\n\n\n<\/ul>\n\n\n<\/td>\n\n\n<\/tr>\n\n\n\n\n<tr>\n\n\n<td align=\"center\">oraz\n\n\n<ul>\n \t\n\n<li>w Uchwale Nr 2\/2014 Rady Pedagogicznej SP Nr 184 w \u0141odzi\nw sprawie zmian w statucie szko\u0142y z dnia 25 lutego 2014 roku.<\/li>\n\n\n--><\/p>\n","protected":false},"excerpt":{"rendered":"<p>S T A T U T SZKO\u0141Y PODSTAWOWEJ NR 184 im. Honorowych Obywateli Miasta \u0141odzi ul. Syrenki 19 a 91 &#8211; 496 \u0141\u00f3d\u017a pobierz<\/p>\n","protected":false},"author":1,"featured_media":0,"parent":151,"menu_order":1,"comment_status":"closed","ping_status":"closed","template":"","meta":{"two_page_speed":[],"footnotes":""},"class_list":["post-316","page","type-page","status-publish","hentry"],"_links":{"self":[{"href":"https:\/\/sp184lodz.edu.pl\/index.php\/wp-json\/wp\/v2\/pages\/316","targetHints":{"allow":["GET"]}}],"collection":[{"href":"https:\/\/sp184lodz.edu.pl\/index.php\/wp-json\/wp\/v2\/pages"}],"about":[{"href":"https:\/\/sp184lodz.edu.pl\/index.php\/wp-json\/wp\/v2\/types\/page"}],"author":[{"embeddable":true,"href":"https:\/\/sp184lodz.edu.pl\/index.php\/wp-json\/wp\/v2\/users\/1"}],"replies":[{"embeddable":true,"href":"https:\/\/sp184lodz.edu.pl\/index.php\/wp-json\/wp\/v2\/comments?post=316"}],"version-history":[{"count":41,"href":"https:\/\/sp184lodz.edu.pl\/index.php\/wp-json\/wp\/v2\/pages\/316\/revisions"}],"predecessor-version":[{"id":21643,"href":"https:\/\/sp184lodz.edu.pl\/index.php\/wp-json\/wp\/v2\/pages\/316\/revisions\/21643"}],"up":[{"embeddable":true,"href":"https:\/\/sp184lodz.edu.pl\/index.php\/wp-json\/wp\/v2\/pages\/151"}],"wp:attachment":[{"href":"https:\/\/sp184lodz.edu.pl\/index.php\/wp-json\/wp\/v2\/media?parent=316"}],"curies":[{"name":"wp","href":"https:\/\/api.w.org\/{rel}","templated":true}]}}