{"id":328,"date":"2017-03-18T22:20:57","date_gmt":"2017-03-18T21:20:57","guid":{"rendered":"http:\/\/sp184lodz.edu.pl\/?page_id=328"},"modified":"2025-11-17T23:09:42","modified_gmt":"2025-11-17T22:09:42","slug":"program-profilaktyki","status":"publish","type":"page","link":"https:\/\/sp184lodz.edu.pl\/index.php\/szkola\/program-profilaktyki\/","title":{"rendered":"Szkolny program  wychowawczo \u2013 profilaktyczny"},"content":{"rendered":"<table style=\"width: 93.5814%; height: 598px;\" align=\"center\">\n<tbody>\n<tr>\n<td style=\"width: 100%;\" align=\"center\">\n<h2><strong>SZKOLNY PROGRAM<br \/>\nWYCHOWAWCZO \u2013 PROFILAKTYCZNY<\/strong><\/h2>\n<h2><img loading=\"lazy\" decoding=\"async\" class=\"aligncenter size-full wp-image-335\" src=\"http:\/\/sp184lodz.edu.pl\/wp-content\/uploads\/2017\/03\/dzieci.png\" alt=\"\" width=\"300\" height=\"108\" \/><\/h2>\n<h2>SZKO\u0141Y PODSTAWOWEJ NR 184<br \/>\nim.Honorowych Obywateli Miasta \u0141odzi<\/h2>\n<h4>ul. Syrenki 19 a<\/h4>\n<h4>91 &#8211; 496 \u0141\u00f3d\u017a<\/h4>\n<\/td>\n<\/tr>\n<tr>\n<td style=\"width: 100%;\" align=\"center\"><a href=\"https:\/\/sp184lodz.edu.pl\/wp-content\/uploads\/2025\/11\/SP184_Program_wychowawczo___profilaktyczny_biezacy_2025_26.doc\" target=\"_blank\" rel=\"noopener noreferrer\"> <i>pobierz pdf<\/i><\/a><a href=\"https:\/\/sp184lodz.edu.pl\/wp-content\/uploads\/2025\/11\/SP184_Program_wychowawczo___profilaktyczny_biezacy_2025_26.doc\" target=\"_blank\" rel=\"noopener noreferrer\"><img loading=\"lazy\" decoding=\"async\" class=\"aligncenter wp-image-325\" src=\"http:\/\/sp184lodz.edu.pl\/wp-content\/uploads\/2017\/03\/logo-pdf.gif\" alt=\"\" width=\"91\" height=\"84\" \/><\/a><\/td>\n<\/tr>\n<\/tbody>\n<\/table>\n","protected":false},"excerpt":{"rendered":"<p>SZKOLNY PROGRAM WYCHOWAWCZO \u2013 PROFILAKTYCZNY SZKO\u0141Y PODSTAWOWEJ NR 184 im.Honorowych Obywateli Miasta \u0141odzi ul. Syrenki 19 a 91 &#8211; 496 \u0141\u00f3d\u017a pobierz pdf<\/p>\n","protected":false},"author":1,"featured_media":0,"parent":151,"menu_order":2,"comment_status":"closed","ping_status":"closed","template":"","meta":{"two_page_speed":[],"footnotes":""},"class_list":["post-328","page","type-page","status-publish","hentry"],"_links":{"self":[{"href":"https:\/\/sp184lodz.edu.pl\/index.php\/wp-json\/wp\/v2\/pages\/328","targetHints":{"allow":["GET"]}}],"collection":[{"href":"https:\/\/sp184lodz.edu.pl\/index.php\/wp-json\/wp\/v2\/pages"}],"about":[{"href":"https:\/\/sp184lodz.edu.pl\/index.php\/wp-json\/wp\/v2\/types\/page"}],"author":[{"embeddable":true,"href":"https:\/\/sp184lodz.edu.pl\/index.php\/wp-json\/wp\/v2\/users\/1"}],"replies":[{"embeddable":true,"href":"https:\/\/sp184lodz.edu.pl\/index.php\/wp-json\/wp\/v2\/comments?post=328"}],"version-history":[{"count":22,"href":"https:\/\/sp184lodz.edu.pl\/index.php\/wp-json\/wp\/v2\/pages\/328\/revisions"}],"predecessor-version":[{"id":21308,"href":"https:\/\/sp184lodz.edu.pl\/index.php\/wp-json\/wp\/v2\/pages\/328\/revisions\/21308"}],"up":[{"embeddable":true,"href":"https:\/\/sp184lodz.edu.pl\/index.php\/wp-json\/wp\/v2\/pages\/151"}],"wp:attachment":[{"href":"https:\/\/sp184lodz.edu.pl\/index.php\/wp-json\/wp\/v2\/media?parent=328"}],"curies":[{"name":"wp","href":"https:\/\/api.w.org\/{rel}","templated":true}]}}