{"id":436,"date":"2017-03-19T16:00:22","date_gmt":"2017-03-19T15:00:22","guid":{"rendered":"http:\/\/sp184lodz.edu.pl\/?page_id=436"},"modified":"2025-11-15T13:03:35","modified_gmt":"2025-11-15T12:03:35","slug":"samorzad-uczniowski","status":"publish","type":"page","link":"https:\/\/sp184lodz.edu.pl\/index.php\/strefa-ucznia\/samorzad-uczniowski\/","title":{"rendered":"Samorz\u0105d Uczniowski"},"content":{"rendered":"<h4 align=\"center\"><span style=\"color: green;\">RADA SAMORZ\u0104DU UCZNIOWSKIEGO KL. 4-8<\/span><\/h4>\n<h4 align=\"center\"><span style=\"color: green;\"><b>przewodnicz\u0105cy : Agnieszka C\u0142apa<\/b><\/span><\/h4>\n<h4 style=\"text-align: center;\"><span style=\"color: #008000;\"><b>zast\u0119pca: Patryk Czerwi\u0144ski<\/b><\/span><\/h4>\n<h4 style=\"text-align: center;\"><span style=\"color: #008000;\"><b>zast\u0119pca: Jan Ka\u017amierski<\/b><\/span><\/h4>\n<p>&nbsp;<\/p>\n<h4 align=\"center\"><span style=\"color: green;\">OPIEKUNOWIE SAMORZ\u0104DU UCZNIOWSKIEGO kl. 4-8 <\/span><\/h4>\n<h3 align=\"center\"><span style=\"color: green;\"> na rok szkolny 2025\/2026<\/span><\/h3>\n<table>\n<tbody>\n<tr>\n<td style=\"text-align: center;\"><span style=\"color: black;\"><i>Przewodnicz\u0105cy <\/i><\/span><\/td>\n<\/tr>\n<tr>\n<td style=\"text-align: center;\"><span style=\"color: black;\"><b>p. Ma\u0142gorzata Nycz<\/b><\/span><\/td>\n<\/tr>\n<tr>\n<td><span style=\"color: black;\"><i>Zast\u0119pcy:<\/i><\/span><\/td>\n<\/tr>\n<tr>\n<td style=\"text-align: center;\"><span style=\"color: black;\"><b><strong>p. Agnieszka Foksowicz<\/strong><\/b><\/span><\/td>\n<\/tr>\n<tr>\n<td style=\"text-align: center;\"><span style=\"color: black;\"><b><strong>p. Rafa\u0142 Migowski<\/strong><\/b><\/span><\/td>\n<\/tr>\n<\/tbody>\n<\/table>\n","protected":false},"excerpt":{"rendered":"<p>RADA SAMORZ\u0104DU UCZNIOWSKIEGO KL. 4-8 przewodnicz\u0105cy : Agnieszka C\u0142apa zast\u0119pca: Patryk Czerwi\u0144ski zast\u0119pca: Jan Ka\u017amierski &nbsp; OPIEKUNOWIE SAMORZ\u0104DU UCZNIOWSKIEGO kl. 4-8 na rok szkolny 2025\/2026 Przewodnicz\u0105cy p. Ma\u0142gorzata Nycz Zast\u0119pcy: p. Agnieszka Foksowicz p. Rafa\u0142 Migowski<\/p>\n","protected":false},"author":1,"featured_media":0,"parent":795,"menu_order":1,"comment_status":"closed","ping_status":"closed","template":"","meta":{"two_page_speed":[],"footnotes":""},"class_list":["post-436","page","type-page","status-publish","hentry"],"_links":{"self":[{"href":"https:\/\/sp184lodz.edu.pl\/index.php\/wp-json\/wp\/v2\/pages\/436","targetHints":{"allow":["GET"]}}],"collection":[{"href":"https:\/\/sp184lodz.edu.pl\/index.php\/wp-json\/wp\/v2\/pages"}],"about":[{"href":"https:\/\/sp184lodz.edu.pl\/index.php\/wp-json\/wp\/v2\/types\/page"}],"author":[{"embeddable":true,"href":"https:\/\/sp184lodz.edu.pl\/index.php\/wp-json\/wp\/v2\/users\/1"}],"replies":[{"embeddable":true,"href":"https:\/\/sp184lodz.edu.pl\/index.php\/wp-json\/wp\/v2\/comments?post=436"}],"version-history":[{"count":45,"href":"https:\/\/sp184lodz.edu.pl\/index.php\/wp-json\/wp\/v2\/pages\/436\/revisions"}],"predecessor-version":[{"id":21269,"href":"https:\/\/sp184lodz.edu.pl\/index.php\/wp-json\/wp\/v2\/pages\/436\/revisions\/21269"}],"up":[{"embeddable":true,"href":"https:\/\/sp184lodz.edu.pl\/index.php\/wp-json\/wp\/v2\/pages\/795"}],"wp:attachment":[{"href":"https:\/\/sp184lodz.edu.pl\/index.php\/wp-json\/wp\/v2\/media?parent=436"}],"curies":[{"name":"wp","href":"https:\/\/api.w.org\/{rel}","templated":true}]}}