{"id":439,"date":"2017-03-19T16:07:17","date_gmt":"2017-03-19T15:07:17","guid":{"rendered":"http:\/\/sp184lodz.edu.pl\/?page_id=439"},"modified":"2017-04-12T10:18:35","modified_gmt":"2017-04-12T08:18:35","slug":"poczet-sztandarowy","status":"publish","type":"page","link":"https:\/\/sp184lodz.edu.pl\/index.php\/strefa-ucznia\/poczet-sztandarowy\/","title":{"rendered":"Po lekcjach"},"content":{"rendered":"<p>Drodzy Uczniowie mamy dla Was bardzo bogat\u0105 ofert\u0119 zaj\u0119\u0107 pozalekcyjnych<\/p>\n","protected":false},"excerpt":{"rendered":"<p>Drodzy Uczniowie mamy dla Was bardzo bogat\u0105 ofert\u0119 zaj\u0119\u0107 pozalekcyjnych<\/p>\n","protected":false},"author":1,"featured_media":0,"parent":795,"menu_order":4,"comment_status":"closed","ping_status":"closed","template":"","meta":{"two_page_speed":[],"footnotes":""},"class_list":["post-439","page","type-page","status-publish","hentry"],"_links":{"self":[{"href":"https:\/\/sp184lodz.edu.pl\/index.php\/wp-json\/wp\/v2\/pages\/439","targetHints":{"allow":["GET"]}}],"collection":[{"href":"https:\/\/sp184lodz.edu.pl\/index.php\/wp-json\/wp\/v2\/pages"}],"about":[{"href":"https:\/\/sp184lodz.edu.pl\/index.php\/wp-json\/wp\/v2\/types\/page"}],"author":[{"embeddable":true,"href":"https:\/\/sp184lodz.edu.pl\/index.php\/wp-json\/wp\/v2\/users\/1"}],"replies":[{"embeddable":true,"href":"https:\/\/sp184lodz.edu.pl\/index.php\/wp-json\/wp\/v2\/comments?post=439"}],"version-history":[{"count":5,"href":"https:\/\/sp184lodz.edu.pl\/index.php\/wp-json\/wp\/v2\/pages\/439\/revisions"}],"predecessor-version":[{"id":9317,"href":"https:\/\/sp184lodz.edu.pl\/index.php\/wp-json\/wp\/v2\/pages\/439\/revisions\/9317"}],"up":[{"embeddable":true,"href":"https:\/\/sp184lodz.edu.pl\/index.php\/wp-json\/wp\/v2\/pages\/795"}],"wp:attachment":[{"href":"https:\/\/sp184lodz.edu.pl\/index.php\/wp-json\/wp\/v2\/media?parent=439"}],"curies":[{"name":"wp","href":"https:\/\/api.w.org\/{rel}","templated":true}]}}