{"id":470,"date":"2017-03-19T18:01:48","date_gmt":"2017-03-19T17:01:48","guid":{"rendered":"http:\/\/sp184lodz.edu.pl\/?page_id=470"},"modified":"2017-06-22T20:55:51","modified_gmt":"2017-06-22T18:55:51","slug":"foto","status":"publish","type":"page","link":"https:\/\/sp184lodz.edu.pl\/index.php\/foto\/","title":{"rendered":"FOTO"},"content":{"rendered":"<p><a href=\"http:\/\/sp184lodz.edu.pl\/index.php\/foto\/zakonczenie-roku-szkolnego-20162017-klasy-3\/\"><img loading=\"lazy\" decoding=\"async\" class=\" wp-image-2147 aligncenter\" src=\"http:\/\/sp184lodz.edu.pl\/wp-content\/uploads\/2017\/06\/SP184_zakonczenie-roku-szkolnego-14-200x300.jpg\" alt=\"\" width=\"294\" height=\"442\" srcset=\"https:\/\/sp184lodz.edu.pl\/wp-content\/uploads\/2017\/06\/SP184_zakonczenie-roku-szkolnego-14-200x300.jpg 200w, https:\/\/sp184lodz.edu.pl\/wp-content\/uploads\/2017\/06\/SP184_zakonczenie-roku-szkolnego-14.jpg 600w\" sizes=\"auto, (max-width: 294px) 100vw, 294px\" \/><\/a><\/p>\n<p style=\"text-align: center;\"><a href=\"http:\/\/sp184lodz.edu.pl\/index.php\/foto\/zakonczenie-roku-szkolnego-20162017-klasy-3\/\"><strong>Zako\u0144czenie roku szkolnego 2016\/2017 &#8211; klasy m\u0142odsze<\/strong><\/a><\/p>\n<p><img loading=\"lazy\" decoding=\"async\" class=\"aligncenter wp-image-1023\" src=\"http:\/\/sp184lodz.edu.pl\/wp-content\/uploads\/2017\/03\/liniaa.gif\" alt=\"\" width=\"210\" height=\"3\" \/><\/p>\n<p style=\"text-align: center;\"><a href=\"http:\/\/sp184lodz.edu.pl\/index.php\/foto\/wycieczka-do-nieborowa\/\"><img loading=\"lazy\" decoding=\"async\" class=\"size-medium wp-image-1271 aligncenter\" src=\"http:\/\/sp184lodz.edu.pl\/wp-content\/uploads\/2017\/05\/SP184_wycieczka-01-300x200.jpg\" alt=\"\" width=\"300\" height=\"200\" srcset=\"https:\/\/sp184lodz.edu.pl\/wp-content\/uploads\/2017\/05\/SP184_wycieczka-01-300x200.jpg 300w, https:\/\/sp184lodz.edu.pl\/wp-content\/uploads\/2017\/05\/SP184_wycieczka-01-768x512.jpg 768w, https:\/\/sp184lodz.edu.pl\/wp-content\/uploads\/2017\/05\/SP184_wycieczka-01.jpg 900w\" sizes=\"auto, (max-width: 300px) 100vw, 300px\" \/><\/a><strong>Wycieczka do Nieborowa<\/strong><\/p>\n<p><img loading=\"lazy\" decoding=\"async\" class=\"aligncenter wp-image-1023\" src=\"http:\/\/sp184lodz.edu.pl\/wp-content\/uploads\/2017\/03\/liniaa.gif\" alt=\"\" width=\"210\" height=\"3\" \/><\/p>\n<p style=\"text-align: center;\"><a href=\"http:\/\/sp184lodz.edu.pl\/index.php\/foto\/american-corner\/\"><img loading=\"lazy\" decoding=\"async\" class=\"aligncenter wp-image-1170 size-medium\" src=\"http:\/\/sp184lodz.edu.pl\/wp-content\/uploads\/2017\/05\/IMG_2479-300x225.jpg\" alt=\"\" width=\"300\" height=\"225\" srcset=\"https:\/\/sp184lodz.edu.pl\/wp-content\/uploads\/2017\/05\/IMG_2479-300x225.jpg 300w, https:\/\/sp184lodz.edu.pl\/wp-content\/uploads\/2017\/05\/IMG_2479.jpg 640w\" sizes=\"auto, (max-width: 300px) 100vw, 300px\" \/><\/a><strong>Wycieczka do American Corner<\/strong><\/p>\n<p><img loading=\"lazy\" decoding=\"async\" class=\"aligncenter wp-image-1023\" src=\"http:\/\/sp184lodz.edu.pl\/wp-content\/uploads\/2017\/03\/liniaa.gif\" alt=\"\" width=\"210\" height=\"3\" \/><\/p>\n<p style=\"text-align: center;\"><a href=\"http:\/\/sp184lodz.edu.pl\/index.php\/foto\/lodzkie-skrzydla-2017\/\"><img loading=\"lazy\" decoding=\"async\" class=\"wp-image-1130 aligncenter\" src=\"http:\/\/sp184lodz.edu.pl\/wp-content\/uploads\/2017\/05\/sp184_zespol2.jpg\" alt=\"\" width=\"300\" height=\"200\" srcset=\"https:\/\/sp184lodz.edu.pl\/wp-content\/uploads\/2017\/05\/sp184_zespol2.jpg 1024w, https:\/\/sp184lodz.edu.pl\/wp-content\/uploads\/2017\/05\/sp184_zespol2-300x200.jpg 300w, https:\/\/sp184lodz.edu.pl\/wp-content\/uploads\/2017\/05\/sp184_zespol2-768x512.jpg 768w\" sizes=\"auto, (max-width: 300px) 100vw, 300px\" \/><\/a><strong>Sukces naszego ch\u00f3ru i zespo\u0142u&#8230;<br \/>\n<\/strong><\/p>\n<p><img loading=\"lazy\" decoding=\"async\" class=\"aligncenter wp-image-1023\" src=\"http:\/\/sp184lodz.edu.pl\/wp-content\/uploads\/2017\/03\/liniaa.gif\" alt=\"\" width=\"210\" height=\"3\" \/><\/p>\n<p style=\"text-align: center;\"><a href=\"http:\/\/sp184lodz.edu.pl\/index.php\/foto\/akademia\/\"><img loading=\"lazy\" decoding=\"async\" class=\"aligncenter size-medium wp-image-947\" src=\"http:\/\/sp184lodz.edu.pl\/wp-content\/uploads\/2017\/04\/DSC8204-300x169.jpg\" alt=\"\" width=\"300\" height=\"169\" srcset=\"https:\/\/sp184lodz.edu.pl\/wp-content\/uploads\/2017\/04\/DSC8204-300x169.jpg 300w, https:\/\/sp184lodz.edu.pl\/wp-content\/uploads\/2017\/04\/DSC8204-768x432.jpg 768w, https:\/\/sp184lodz.edu.pl\/wp-content\/uploads\/2017\/04\/DSC8204-1024x576.jpg 1024w, https:\/\/sp184lodz.edu.pl\/wp-content\/uploads\/2017\/04\/DSC8204.jpg 1333w\" sizes=\"auto, (max-width: 300px) 100vw, 300px\" \/><\/a><strong>Akademia z okazji \u015awi\u0105t Majowych<\/strong><\/p>\n<p style=\"text-align: center;\"><img loading=\"lazy\" decoding=\"async\" class=\"aligncenter wp-image-1023\" src=\"http:\/\/sp184lodz.edu.pl\/wp-content\/uploads\/2017\/03\/liniaa.gif\" alt=\"\" width=\"210\" height=\"3\" \/><\/p>\n<p style=\"text-align: center;\"><img loading=\"lazy\" decoding=\"async\" class=\"aligncenter size-medium wp-image-996\" src=\"http:\/\/sp184lodz.edu.pl\/wp-content\/uploads\/2017\/04\/DSC8170-300x169.jpg\" alt=\"\" width=\"300\" height=\"169\" srcset=\"https:\/\/sp184lodz.edu.pl\/wp-content\/uploads\/2017\/04\/DSC8170-300x169.jpg 300w, https:\/\/sp184lodz.edu.pl\/wp-content\/uploads\/2017\/04\/DSC8170-768x432.jpg 768w, https:\/\/sp184lodz.edu.pl\/wp-content\/uploads\/2017\/04\/DSC8170-1024x576.jpg 1024w, https:\/\/sp184lodz.edu.pl\/wp-content\/uploads\/2017\/04\/DSC8170.jpg 1333w\" sizes=\"auto, (max-width: 300px) 100vw, 300px\" \/><\/p>\n<p style=\"text-align: center;\"><strong>Mini Radogoszcz &#8211; konkurs matematyczny<\/strong><\/p>\n<p style=\"text-align: center;\"><img loading=\"lazy\" decoding=\"async\" class=\"aligncenter wp-image-1023 \" src=\"http:\/\/sp184lodz.edu.pl\/wp-content\/uploads\/2017\/03\/liniaa.gif\" alt=\"\" width=\"210\" height=\"3\" \/><\/p>\n<p style=\"text-align: center;\"><a href=\"http:\/\/sp184lodz.edu.pl\/index.php\/foto\/na-informatyce\/\"><img loading=\"lazy\" decoding=\"async\" class=\"aligncenter size-medium wp-image-1015\" src=\"http:\/\/sp184lodz.edu.pl\/wp-content\/uploads\/2017\/04\/DSC8155-300x169.jpg\" alt=\"\" width=\"300\" height=\"169\" srcset=\"https:\/\/sp184lodz.edu.pl\/wp-content\/uploads\/2017\/04\/DSC8155-300x169.jpg 300w, https:\/\/sp184lodz.edu.pl\/wp-content\/uploads\/2017\/04\/DSC8155-768x432.jpg 768w, https:\/\/sp184lodz.edu.pl\/wp-content\/uploads\/2017\/04\/DSC8155-1024x576.jpg 1024w, https:\/\/sp184lodz.edu.pl\/wp-content\/uploads\/2017\/04\/DSC8155.jpg 1333w\" sizes=\"auto, (max-width: 300px) 100vw, 300px\" \/><\/a><strong>Na zaj\u0119ciach komputerowych<\/strong><\/p>\n<p style=\"text-align: center;\"><img loading=\"lazy\" decoding=\"async\" class=\"aligncenter wp-image-1023 \" src=\"http:\/\/sp184lodz.edu.pl\/wp-content\/uploads\/2017\/03\/liniaa.gif\" alt=\"\" width=\"210\" height=\"3\" \/><\/p>\n<p style=\"text-align: center;\"><a href=\"http:\/\/sp184lodz.edu.pl\/flash\/pk\/\" target=\"_blank\" rel=\"noopener noreferrer\"><img loading=\"lazy\" decoding=\"async\" class=\"aligncenter wp-image-599 size-medium\" src=\"http:\/\/sp184lodz.edu.pl\/wp-content\/uploads\/2017\/03\/pracownia_komp-5-300x169.jpg\" alt=\"\" width=\"300\" height=\"169\" srcset=\"https:\/\/sp184lodz.edu.pl\/wp-content\/uploads\/2017\/03\/pracownia_komp-5-300x169.jpg 300w, https:\/\/sp184lodz.edu.pl\/wp-content\/uploads\/2017\/03\/pracownia_komp-5-768x432.jpg 768w, https:\/\/sp184lodz.edu.pl\/wp-content\/uploads\/2017\/03\/pracownia_komp-5-1024x576.jpg 1024w, https:\/\/sp184lodz.edu.pl\/wp-content\/uploads\/2017\/03\/pracownia_komp-5.jpg 1777w\" sizes=\"auto, (max-width: 300px) 100vw, 300px\" \/><\/a><strong>Otwarcie pracowni komputerowej<\/strong><\/p>\n<p style=\"text-align: center;\"><img loading=\"lazy\" decoding=\"async\" class=\"aligncenter wp-image-1023 \" src=\"http:\/\/sp184lodz.edu.pl\/wp-content\/uploads\/2017\/03\/liniaa.gif\" alt=\"\" width=\"210\" height=\"3\" \/><\/p>\n<p style=\"text-align: center;\"><a href=\"http:\/\/sp184lodz.edu.pl\/flash\/1\/\" target=\"_blank\" rel=\"noopener noreferrer\"><img loading=\"lazy\" decoding=\"async\" class=\"aligncenter wp-image-622 size-full\" src=\"http:\/\/sp184lodz.edu.pl\/wp-content\/uploads\/2017\/03\/4_6.png\" alt=\"lekcja programowania w klasach 4-6\" width=\"245\" height=\"180\" \/><\/a><strong>Lekcja programowania w klasach 4-6<\/strong><\/p>\n<p style=\"text-align: center;\"><img loading=\"lazy\" decoding=\"async\" class=\"aligncenter wp-image-1023 \" src=\"http:\/\/sp184lodz.edu.pl\/wp-content\/uploads\/2017\/03\/liniaa.gif\" alt=\"\" width=\"210\" height=\"3\" \/><\/p>\n<p style=\"text-align: center;\"><a href=\"http:\/\/sp184lodz.edu.pl\/flash\/1\/index1.htm\"><img loading=\"lazy\" decoding=\"async\" class=\"aligncenter wp-image-621 size-medium\" src=\"http:\/\/sp184lodz.edu.pl\/wp-content\/uploads\/2017\/03\/1_3-245x300.png\" alt=\"lekcja programowania w klasach 1-3\" width=\"245\" height=\"300\" \/><\/a><strong>Lekcja programowania w klasach 1-3<\/strong><\/p>\n<p style=\"text-align: center;\"><img loading=\"lazy\" decoding=\"async\" class=\"aligncenter wp-image-1023 \" src=\"http:\/\/sp184lodz.edu.pl\/wp-content\/uploads\/2017\/03\/liniaa.gif\" alt=\"\" width=\"210\" height=\"3\" \/><\/p>\n<p><a href=\"http:\/\/sp184lodz.edu.pl\/index.php\/foto\/fotogaleria-klas\/\"><img loading=\"lazy\" decoding=\"async\" class=\"aligncenter wp-image-471\" src=\"http:\/\/sp184lodz.edu.pl\/wp-content\/uploads\/2017\/03\/klasy.png\" alt=\"\" width=\"572\" height=\"104\" srcset=\"https:\/\/sp184lodz.edu.pl\/wp-content\/uploads\/2017\/03\/klasy.png 484w, https:\/\/sp184lodz.edu.pl\/wp-content\/uploads\/2017\/03\/klasy-300x55.png 300w\" sizes=\"auto, (max-width: 572px) 100vw, 572px\" \/><\/a><\/p>\n","protected":false},"excerpt":{"rendered":"<p>Zako\u0144czenie roku szkolnego 2016\/2017 &#8211; klasy m\u0142odsze Wycieczka do Nieborowa Wycieczka do American Corner Sukces naszego ch\u00f3ru i zespo\u0142u&#8230; Akademia z okazji \u015awi\u0105t Majowych Mini Radogoszcz &#8211; konkurs matematyczny Na zaj\u0119ciach komputerowych Otwarcie pracowni komputerowej Lekcja programowania w klasach 4-6 <a href=\"https:\/\/sp184lodz.edu.pl\/index.php\/foto\/\" class=\"read-more\">czytaj wi\u0119cej &#8230;<\/a><\/p>\n","protected":false},"author":1,"featured_media":0,"parent":0,"menu_order":0,"comment_status":"closed","ping_status":"closed","template":"","meta":{"two_page_speed":[],"footnotes":""},"class_list":["post-470","page","type-page","status-publish","hentry"],"_links":{"self":[{"href":"https:\/\/sp184lodz.edu.pl\/index.php\/wp-json\/wp\/v2\/pages\/470","targetHints":{"allow":["GET"]}}],"collection":[{"href":"https:\/\/sp184lodz.edu.pl\/index.php\/wp-json\/wp\/v2\/pages"}],"about":[{"href":"https:\/\/sp184lodz.edu.pl\/index.php\/wp-json\/wp\/v2\/types\/page"}],"author":[{"embeddable":true,"href":"https:\/\/sp184lodz.edu.pl\/index.php\/wp-json\/wp\/v2\/users\/1"}],"replies":[{"embeddable":true,"href":"https:\/\/sp184lodz.edu.pl\/index.php\/wp-json\/wp\/v2\/comments?post=470"}],"version-history":[{"count":30,"href":"https:\/\/sp184lodz.edu.pl\/index.php\/wp-json\/wp\/v2\/pages\/470\/revisions"}],"predecessor-version":[{"id":2159,"href":"https:\/\/sp184lodz.edu.pl\/index.php\/wp-json\/wp\/v2\/pages\/470\/revisions\/2159"}],"wp:attachment":[{"href":"https:\/\/sp184lodz.edu.pl\/index.php\/wp-json\/wp\/v2\/media?parent=470"}],"curies":[{"name":"wp","href":"https:\/\/api.w.org\/{rel}","templated":true}]}}