{"id":508,"date":"2017-03-19T19:02:14","date_gmt":"2017-03-19T18:02:14","guid":{"rendered":"http:\/\/sp184lodz.edu.pl\/?page_id=508"},"modified":"2017-04-11T11:25:14","modified_gmt":"2017-04-11T09:25:14","slug":"przydatne-telefony","status":"publish","type":"page","link":"https:\/\/sp184lodz.edu.pl\/index.php\/strefa-rodzica\/przydatne-telefony\/","title":{"rendered":"Przydatne telefony"},"content":{"rendered":"<p align=\"center\"><img loading=\"lazy\" decoding=\"async\" src=\"http:\/\/www.sp184lodz.republika.pl\/telefon.gif\" alt=\"Przydatne telefony\" width=\"30\" height=\"20\" border=\"0\" \/>Przydatne telefony<\/p>\n<table>\n<tbody>\n<tr>\n<td><strong>P\u0142ywalnia szkolna<\/strong><\/td>\n<td>42 658-11-07<\/td>\n<\/tr>\n<tr>\n<td><strong>Kuratorium O\u015bwiaty w \u0141odzi<\/strong><\/td>\n<td>42 637-70-55<\/td>\n<\/tr>\n<tr>\n<td><strong>Kuratorzy VII Wydz. d\/s Rodziny i Nieletnich<\/strong><\/td>\n<td>42 664-07-83<\/td>\n<\/tr>\n<tr>\n<td><strong>Wydzia\u0142 Edukacji UM \u0141odzi<\/strong><\/td>\n<td>42 638-48-33<\/td>\n<\/tr>\n<tr>\n<td><strong>Miejski O\u015brodek Pomocy Spo\u0142ecznej<\/strong><br \/>\n(w \u0141odzi, ul.Marysi\u0144ska)<\/td>\n<td>42 640-63-07<\/td>\n<\/tr>\n<tr>\n<td><strong>Miejski O\u015brodek Pomocy Spo\u0142ecznej <\/strong><br \/>\n(w \u0141odzi, ul. Tybury)<\/td>\n<td>42 640-70-15<\/td>\n<\/tr>\n<tr>\n<td><strong>Miejski O\u015brodek Pomocy Spo\u0142ecznej <\/strong><br \/>\n(w \u0141odzi, ul. Motylowa)<\/td>\n<td>42 659-25-00<\/td>\n<\/tr>\n<tr>\n<td><strong>Poradnia Psychologiczno-Pedagogiczna<\/strong><br \/>\nw \u0141odzi, ul. Motylowa 3<\/td>\n<td>42 659-15-81<\/td>\n<\/tr>\n<tr>\n<td><strong>O\u015brodek Interwencji Kryzysowej<\/strong><br \/>\n(ca\u0142odobowy)<\/td>\n<td>42 630-11-02<\/td>\n<\/tr>\n<tr>\n<td><strong>Centrum S\u0142u\u017cby Rodzinie <\/strong><\/td>\n<td>42 682-20-22<\/td>\n<\/tr>\n<tr>\n<td><strong>Poradna Wspierania Rozwoju i Terapii Dziecka<\/strong><br \/>\n(ul. Hipoteczna 3\/5)<\/td>\n<td>42 653-76-75<\/td>\n<\/tr>\n<tr>\n<td><strong>Fundacja &#8222;Opoka&#8221; <\/strong><\/td>\n<td>42 630-61-80<\/td>\n<\/tr>\n<tr>\n<td><strong>Fundacja Pomocy Osobom Uzale\u017cnionym <\/strong><br \/>\n&#8222;Uwolnienie&#8221;<\/td>\n<td>42 640-62-40<\/td>\n<\/tr>\n<tr>\n<td><strong>O\u015brodek Terapii Rodzin <\/strong><\/td>\n<td>42 640-65-91<\/td>\n<\/tr>\n<tr>\n<td><strong>Poradnia Antynikotynowa<\/strong><\/td>\n<td>42 633-26-12<\/td>\n<\/tr>\n<tr>\n<td><strong>Poradnia Terapii Odwykowej<\/strong><\/td>\n<td>42 633-08-59<\/td>\n<\/tr>\n<tr>\n<td><strong>Niebieska Linia<\/strong><\/td>\n<td>801 120 002<\/td>\n<\/tr>\n<tr>\n<td><strong>Polski Instytut Eriksonwski<\/strong><br \/>\n(terapia)<\/td>\n<td>42 688-48-60<\/td>\n<\/tr>\n<\/tbody>\n<\/table>\n","protected":false},"excerpt":{"rendered":"<p>Przydatne telefony P\u0142ywalnia szkolna 42 658-11-07 Kuratorium O\u015bwiaty w \u0141odzi 42 637-70-55 Kuratorzy VII Wydz. d\/s Rodziny i Nieletnich 42 664-07-83 Wydzia\u0142 Edukacji UM \u0141odzi 42 638-48-33 Miejski O\u015brodek Pomocy Spo\u0142ecznej (w \u0141odzi, ul.Marysi\u0144ska) 42 640-63-07 Miejski O\u015brodek Pomocy Spo\u0142ecznej <a href=\"https:\/\/sp184lodz.edu.pl\/index.php\/strefa-rodzica\/przydatne-telefony\/\" class=\"read-more\">czytaj wi\u0119cej &#8230;<\/a><\/p>\n","protected":false},"author":1,"featured_media":0,"parent":762,"menu_order":4,"comment_status":"closed","ping_status":"closed","template":"","meta":{"two_page_speed":[],"footnotes":""},"class_list":["post-508","page","type-page","status-publish","hentry"],"_links":{"self":[{"href":"https:\/\/sp184lodz.edu.pl\/index.php\/wp-json\/wp\/v2\/pages\/508","targetHints":{"allow":["GET"]}}],"collection":[{"href":"https:\/\/sp184lodz.edu.pl\/index.php\/wp-json\/wp\/v2\/pages"}],"about":[{"href":"https:\/\/sp184lodz.edu.pl\/index.php\/wp-json\/wp\/v2\/types\/page"}],"author":[{"embeddable":true,"href":"https:\/\/sp184lodz.edu.pl\/index.php\/wp-json\/wp\/v2\/users\/1"}],"replies":[{"embeddable":true,"href":"https:\/\/sp184lodz.edu.pl\/index.php\/wp-json\/wp\/v2\/comments?post=508"}],"version-history":[{"count":4,"href":"https:\/\/sp184lodz.edu.pl\/index.php\/wp-json\/wp\/v2\/pages\/508\/revisions"}],"predecessor-version":[{"id":572,"href":"https:\/\/sp184lodz.edu.pl\/index.php\/wp-json\/wp\/v2\/pages\/508\/revisions\/572"}],"up":[{"embeddable":true,"href":"https:\/\/sp184lodz.edu.pl\/index.php\/wp-json\/wp\/v2\/pages\/762"}],"wp:attachment":[{"href":"https:\/\/sp184lodz.edu.pl\/index.php\/wp-json\/wp\/v2\/media?parent=508"}],"curies":[{"name":"wp","href":"https:\/\/api.w.org\/{rel}","templated":true}]}}