{"id":514,"date":"2017-03-19T19:17:48","date_gmt":"2017-03-19T18:17:48","guid":{"rendered":"http:\/\/sp184lodz.edu.pl\/?page_id=514"},"modified":"2023-11-20T11:54:28","modified_gmt":"2023-11-20T10:54:28","slug":"administracja","status":"publish","type":"page","link":"https:\/\/sp184lodz.edu.pl\/index.php\/strefa-rodzica\/organizacja-szkoly\/administracja\/","title":{"rendered":"Administracja"},"content":{"rendered":"<p align=\"center\"><span style=\"color: black;\"><i>Sekretariat szko\u0142y mie\u015bci si\u0119 w pok. nr 113 E,<br \/>\npracuje tu<\/i><\/span><\/p>\n<h2 align=\"center\"><i><strong>p. Marta Fliszewska<\/strong><\/i><\/h2>\n<p style=\"text-align: center;\">telefon 42 &#8211; 658 -24-01<\/p>\n<p align=\"center\"><img loading=\"lazy\" decoding=\"async\" class=\"aligncenter size-full wp-image-515\" src=\"http:\/\/sp184lodz.edu.pl\/wp-content\/uploads\/2017\/03\/line50.gif\" alt=\"\" width=\"423\" height=\"43\" \/><\/p>\n<p align=\"center\"><span style=\"color: black;\"><i>Funkcj\u0119 <b>SZKOLNEGO INSPEKTORA BHP<\/b><br \/>\npe\u0142ni<br \/>\n<\/i><\/span><\/p>\n<h3 align=\"center\"><i>p. ANNA TUBEK<\/i><\/h3>\n<p><span style=\"color: black;\"><i>.<\/i><\/span><\/p>\n<p align=\"center\"><img loading=\"lazy\" decoding=\"async\" class=\"aligncenter size-full wp-image-515\" title=\"\" src=\"http:\/\/sp184lodz.edu.pl\/wp-content\/uploads\/2017\/03\/line50.gif\" alt=\"\" width=\"423\" height=\"43\" \/><\/p>\n<p align=\"center\"><span style=\"color: black;\"><i><b>KIEROWNIKIEM GOSPODARCZYM<\/b><br \/>\njest<\/i><\/span><\/p>\n<h3 align=\"center\"><span style=\"color: black;\"><i>p. ANNA TUBEK<br \/>\n<\/i><\/span><\/h3>\n<p style=\"text-align: center;\"><span style=\"color: black;\"><i>(pok. nr 107E)<\/i><\/span><\/p>\n<p align=\"center\">\n","protected":false},"excerpt":{"rendered":"<p>Sekretariat szko\u0142y mie\u015bci si\u0119 w pok. nr 113 E, pracuje tu p. Marta Fliszewska telefon 42 &#8211; 658 -24-01 Funkcj\u0119 SZKOLNEGO INSPEKTORA BHP pe\u0142ni p. ANNA TUBEK . KIEROWNIKIEM GOSPODARCZYM jest p. ANNA TUBEK (pok. nr 107E)<\/p>\n","protected":false},"author":1,"featured_media":0,"parent":779,"menu_order":8,"comment_status":"closed","ping_status":"closed","template":"","meta":{"two_page_speed":[],"footnotes":""},"class_list":["post-514","page","type-page","status-publish","hentry"],"_links":{"self":[{"href":"https:\/\/sp184lodz.edu.pl\/index.php\/wp-json\/wp\/v2\/pages\/514","targetHints":{"allow":["GET"]}}],"collection":[{"href":"https:\/\/sp184lodz.edu.pl\/index.php\/wp-json\/wp\/v2\/pages"}],"about":[{"href":"https:\/\/sp184lodz.edu.pl\/index.php\/wp-json\/wp\/v2\/types\/page"}],"author":[{"embeddable":true,"href":"https:\/\/sp184lodz.edu.pl\/index.php\/wp-json\/wp\/v2\/users\/1"}],"replies":[{"embeddable":true,"href":"https:\/\/sp184lodz.edu.pl\/index.php\/wp-json\/wp\/v2\/comments?post=514"}],"version-history":[{"count":14,"href":"https:\/\/sp184lodz.edu.pl\/index.php\/wp-json\/wp\/v2\/pages\/514\/revisions"}],"predecessor-version":[{"id":16076,"href":"https:\/\/sp184lodz.edu.pl\/index.php\/wp-json\/wp\/v2\/pages\/514\/revisions\/16076"}],"up":[{"embeddable":true,"href":"https:\/\/sp184lodz.edu.pl\/index.php\/wp-json\/wp\/v2\/pages\/779"}],"wp:attachment":[{"href":"https:\/\/sp184lodz.edu.pl\/index.php\/wp-json\/wp\/v2\/media?parent=514"}],"curies":[{"name":"wp","href":"https:\/\/api.w.org\/{rel}","templated":true}]}}