{"id":519,"date":"2017-03-19T19:22:03","date_gmt":"2017-03-19T18:22:03","guid":{"rendered":"http:\/\/sp184lodz.edu.pl\/?page_id=519"},"modified":"2019-05-16T15:54:36","modified_gmt":"2019-05-16T13:54:36","slug":"rejon-szkoly","status":"publish","type":"page","link":"https:\/\/sp184lodz.edu.pl\/index.php\/strefa-rodzica\/rekrutacja\/rejon-szkoly\/","title":{"rendered":"Rejon szko\u0142y"},"content":{"rendered":"<table width=\"584\">\n<tbody>\n<tr>\n<td colspan=\"2\">\n<h3><em>&nbsp;REJON SZKO\u0141Y PODSTAWOWEJ NR 184<br style=\"font-style: inherit; font-weight: inherit;\">W \u0141ODZI, UL. SYRENKI 19A OSIEDLE RADOGOSZCZ-WSCH\u00d3D<br style=\"font-style: inherit; font-weight: inherit;\">OBEJMUJE NAST\u0118PUJ\u0104CE ULICE:<\/em><\/h3>\n<\/td>\n<\/tr>\n<tr style=\"font-style: inherit; font-weight: inherit;\">\n<td style=\"font-style: inherit; font-weight: inherit;\"><strong style=\"font-style: inherit;\"><span style=\"color: black;\">ul. Balladyny<\/span><\/strong><\/td>\n<td style=\"font-style: inherit; font-weight: inherit;\">ca\u0142a<\/td>\n<\/tr>\n<tr style=\"font-style: inherit; font-weight: inherit;\">\n<td style=\"font-style: inherit; font-weight: inherit;\">ul. gen. J\u00f3zefa Bema<\/td>\n<td style=\"font-style: inherit; font-weight: inherit;\">ca\u0142a<\/td>\n<\/tr>\n<tr style=\"font-style: inherit; font-weight: inherit;\">\n<td style=\"font-style: inherit; font-weight: inherit;\">ul. G\u0142o\u015bna<\/td>\n<td style=\"font-style: inherit; font-weight: inherit;\">ca\u0142a<\/td>\n<\/tr>\n<tr style=\"font-style: inherit; font-weight: inherit;\">\n<td style=\"font-style: inherit; font-weight: inherit;\">ul. Gontyny<\/td>\n<td style=\"font-style: inherit; font-weight: inherit;\">ca\u0142a<\/td>\n<\/tr>\n<tr style=\"font-style: inherit; font-weight: inherit;\">\n<td style=\"font-style: inherit; font-weight: inherit;\">ul. Heli\u0144skiego Franciszka<\/td>\n<td style=\"font-style: inherit; font-weight: inherit;\">ca\u0142a<\/td>\n<\/tr>\n<tr style=\"font-style: inherit; font-weight: inherit;\">\n<td style=\"font-style: inherit; font-weight: inherit;\">ul. Julii<\/td>\n<td style=\"font-style: inherit; font-weight: inherit;\">ca\u0142a<\/td>\n<\/tr>\n<tr style=\"font-style: inherit; font-weight: inherit;\">\n<td style=\"font-style: inherit; font-weight: inherit;\">ul. Kaskadowa<\/td>\n<td style=\"font-style: inherit; font-weight: inherit;\">ca\u0142a<\/td>\n<\/tr>\n<tr style=\"font-style: inherit; font-weight: inherit;\">\n<td style=\"font-style: inherit; font-weight: inherit;\">ul. Klasztorna<\/td>\n<td style=\"font-style: inherit; font-weight: inherit;\">ca\u0142a<\/td>\n<\/tr>\n<tr style=\"font-style: inherit; font-weight: inherit;\">\n<td style=\"font-style: inherit; font-weight: inherit;\">ul. Krecia<\/td>\n<td style=\"font-style: inherit; font-weight: inherit;\">od nr 1-91, 2-118<\/td>\n<\/tr>\n<tr style=\"font-style: inherit; font-weight: inherit;\">\n<td style=\"font-style: inherit; font-weight: inherit;\">ul. \u0141ab\u0119dzia<\/td>\n<td style=\"font-style: inherit; font-weight: inherit;\">od nr 1-51, 2-54<\/td>\n<\/tr>\n<tr style=\"font-style: inherit; font-weight: inherit;\">\n<td style=\"font-style: inherit; font-weight: inherit;\">ul. \u0141ucji<\/td>\n<td style=\"font-style: inherit; font-weight: inherit;\">ca\u0142a<\/td>\n<\/tr>\n<tr style=\"font-style: inherit; font-weight: inherit;\">\n<td style=\"font-style: inherit; font-weight: inherit;\">ul. \u0141ososiowa<\/td>\n<td style=\"font-style: inherit; font-weight: inherit;\">ca\u0142a<\/td>\n<\/tr>\n<tr style=\"font-style: inherit; font-weight: inherit;\">\n<td style=\"font-style: inherit; font-weight: inherit;\">ul. Koronna<\/td>\n<td style=\"font-style: inherit; font-weight: inherit;\">ca\u0142a<\/td>\n<\/tr>\n<tr style=\"font-style: inherit; font-weight: inherit;\">\n<td style=\"font-style: inherit; font-weight: inherit;\">ul. Nastrojowa<\/td>\n<td style=\"font-style: inherit; font-weight: inherit;\">ca\u0142a<\/td>\n<\/tr>\n<tr style=\"font-style: inherit; font-weight: inherit;\">\n<td style=\"font-style: inherit; font-weight: inherit;\">ul. Okoniowa<\/td>\n<td style=\"font-style: inherit; font-weight: inherit;\">od nr 7 i 16 do ko\u0144ca<\/td>\n<\/tr>\n<tr style=\"font-style: inherit; font-weight: inherit;\">\n<td style=\"font-style: inherit; font-weight: inherit;\">Al. Przytulna<\/td>\n<td style=\"font-style: inherit; font-weight: inherit;\">ca\u0142a<\/td>\n<\/tr>\n<tr style=\"font-style: inherit; font-weight: inherit;\">\n<td style=\"font-style: inherit; font-weight: inherit;\">ul. Pstr\u0105gowa<\/td>\n<td style=\"font-style: inherit; font-weight: inherit;\">od nr 21 i 18 do ko\u0144ca<\/td>\n<\/tr>\n<tr style=\"font-style: inherit; font-weight: inherit;\">\n<td style=\"font-style: inherit; font-weight: inherit;\">Al. Romantyczna<\/td>\n<td style=\"font-style: inherit; font-weight: inherit;\">ca\u0142a<\/td>\n<\/tr>\n<tr style=\"font-style: inherit; font-weight: inherit;\">\n<td style=\"font-style: inherit; font-weight: inherit;\">Al. gen. W\u0142adys\u0142awa Sikorskiego<\/td>\n<td style=\"font-style: inherit; font-weight: inherit;\">ca\u0142a<\/td>\n<\/tr>\n<tr style=\"font-style: inherit; font-weight: inherit;\">\n<td style=\"font-style: inherit; font-weight: inherit;\">ul. Skowro\u0144cza<\/td>\n<td style=\"font-style: inherit; font-weight: inherit;\">ca\u0142a<\/td>\n<\/tr>\n<tr style=\"font-style: inherit; font-weight: inherit;\">\n<td style=\"font-style: inherit; font-weight: inherit;\">ul. Sob\u00f3tki<\/td>\n<td style=\"font-style: inherit; font-weight: inherit;\">ca\u0142a<\/td>\n<\/tr>\n<tr style=\"font-style: inherit; font-weight: inherit;\">\n<td style=\"font-style: inherit; font-weight: inherit;\">ul. Herlinga-Grudzi\u0144skiego<\/td>\n<td style=\"font-style: inherit; font-weight: inherit;\">ca\u0142a<\/td>\n<\/tr>\n<tr style=\"font-style: inherit; font-weight: inherit;\">\n<td style=\"font-style: inherit; font-weight: inherit;\">ul. Syrenki<\/td>\n<td style=\"font-style: inherit; font-weight: inherit;\">ca\u0142a<\/td>\n<\/tr>\n<tr style=\"font-style: inherit; font-weight: inherit;\">\n<td style=\"font-style: inherit; font-weight: inherit;\">ul. Szcz\u0119\u015bliwa<\/td>\n<td style=\"font-style: inherit; font-weight: inherit;\">ca\u0142a<\/td>\n<\/tr>\n<tr style=\"font-style: inherit; font-weight: inherit;\">\n<td style=\"font-style: inherit; font-weight: inherit;\">ul. \u015awitezianki<\/td>\n<td style=\"font-style: inherit; font-weight: inherit;\">od nr 12 i 17 do ko\u0144ca<\/td>\n<\/tr>\n<tr style=\"font-style: inherit; font-weight: inherit;\">\n<td style=\"font-style: inherit; font-weight: inherit;\">ul. Wiankowa<\/td>\n<td style=\"font-style: inherit; font-weight: inherit;\">ca\u0142a<\/td>\n<\/tr>\n<tr style=\"font-style: inherit; font-weight: inherit;\">\n<td style=\"font-style: inherit; font-weight: inherit;\">ul. Wodnika<\/td>\n<td style=\"font-style: inherit; font-weight: inherit;\">ca\u0142a<\/td>\n<\/tr>\n<tr style=\"font-style: inherit; font-weight: inherit;\">\n<td style=\"font-style: inherit; font-weight: inherit;\">ul. Zbijewskiej Julii<\/td>\n<td style=\"font-style: inherit; font-weight: inherit;\">ca\u0142a<\/td>\n<\/tr>\n<\/tbody>\n<\/table>\n","protected":false},"excerpt":{"rendered":"<p>&nbsp;REJON SZKO\u0141Y PODSTAWOWEJ NR 184W \u0141ODZI, UL. SYRENKI 19A OSIEDLE RADOGOSZCZ-WSCH\u00d3DOBEJMUJE NAST\u0118PUJ\u0104CE ULICE: ul. Balladyny ca\u0142a ul. gen. J\u00f3zefa Bema ca\u0142a ul. G\u0142o\u015bna ca\u0142a ul. Gontyny ca\u0142a ul. Heli\u0144skiego Franciszka ca\u0142a ul. Julii ca\u0142a ul. Kaskadowa ca\u0142a ul. Klasztorna ca\u0142a <a href=\"https:\/\/sp184lodz.edu.pl\/index.php\/strefa-rodzica\/rekrutacja\/rejon-szkoly\/\" class=\"read-more\">czytaj wi\u0119cej &#8230;<\/a><\/p>\n","protected":false},"author":1,"featured_media":0,"parent":511,"menu_order":0,"comment_status":"closed","ping_status":"closed","template":"","meta":{"two_page_speed":[],"footnotes":""},"class_list":["post-519","page","type-page","status-publish","hentry"],"_links":{"self":[{"href":"https:\/\/sp184lodz.edu.pl\/index.php\/wp-json\/wp\/v2\/pages\/519","targetHints":{"allow":["GET"]}}],"collection":[{"href":"https:\/\/sp184lodz.edu.pl\/index.php\/wp-json\/wp\/v2\/pages"}],"about":[{"href":"https:\/\/sp184lodz.edu.pl\/index.php\/wp-json\/wp\/v2\/types\/page"}],"author":[{"embeddable":true,"href":"https:\/\/sp184lodz.edu.pl\/index.php\/wp-json\/wp\/v2\/users\/1"}],"replies":[{"embeddable":true,"href":"https:\/\/sp184lodz.edu.pl\/index.php\/wp-json\/wp\/v2\/comments?post=519"}],"version-history":[{"count":5,"href":"https:\/\/sp184lodz.edu.pl\/index.php\/wp-json\/wp\/v2\/pages\/519\/revisions"}],"predecessor-version":[{"id":6693,"href":"https:\/\/sp184lodz.edu.pl\/index.php\/wp-json\/wp\/v2\/pages\/519\/revisions\/6693"}],"up":[{"embeddable":true,"href":"https:\/\/sp184lodz.edu.pl\/index.php\/wp-json\/wp\/v2\/pages\/511"}],"wp:attachment":[{"href":"https:\/\/sp184lodz.edu.pl\/index.php\/wp-json\/wp\/v2\/media?parent=519"}],"curies":[{"name":"wp","href":"https:\/\/api.w.org\/{rel}","templated":true}]}}