{"id":5207,"date":"2018-07-14T12:21:37","date_gmt":"2018-07-14T10:21:37","guid":{"rendered":"http:\/\/sp184lodz.edu.pl\/?page_id=5207"},"modified":"2018-07-14T12:44:09","modified_gmt":"2018-07-14T10:44:09","slug":"oswiadczyny-a-czechowa-w-wykonaniu","status":"publish","type":"page","link":"https:\/\/sp184lodz.edu.pl\/index.php\/foto\/oswiadczyny-a-czechowa-w-wykonaniu\/","title":{"rendered":"\u201eO\u015bwiadczyny\u201d A. Czechowa w wykonaniu \u2026"},"content":{"rendered":"<p>Podsumowuj\u0105c rok szkolny 2017\/2018 nauczyciele przedstawili\u00a0jednoakt\u00f3wk\u0119, pokazuj\u0105c\u0105 poczucie humoru A. Czechowa &#8222;O\u015bwiadczyny&#8221;<\/p>\n<p>W role bohater\u00f3w wcielili si\u0119 nasi nauczyciele<\/p>\n<ul>\n<li>&#8211; Natalia, c\u00f3rka Stiepana Czubukowa &#8211; <em>Ma\u0142gorzata Wiktorowska<\/em><\/li>\n<li>&#8211; Iwan \u0141omow, w\u0142a\u015bciciel ziemski &#8211; <em>Leszek Tomala<\/em><\/li>\n<li>&#8211; Stiepan Czubukow, jego s\u0105siad &#8211; <em>Krzysztof Dzierbicki<\/em><\/li>\n<\/ul>\n<div id='gallery-1' class='gallery galleryid-5207 gallery-columns-9 gallery-size-thumbnail'><figure class='gallery-item'>\n\t\t\t<div class='gallery-icon landscape'>\n\t\t\t\t<a href='https:\/\/sp184lodz.edu.pl\/wp-content\/uploads\/2018\/06\/sp184_czechow-9-z-30.jpg' title=\"\" data-rl_title=\"\" class=\"rl-gallery-link\" data-rl_caption=\"\" data-rel=\"lightbox-gallery-1\"><img loading=\"lazy\" decoding=\"async\" width=\"150\" height=\"150\" src=\"https:\/\/sp184lodz.edu.pl\/wp-content\/uploads\/2018\/06\/sp184_czechow-9-z-30-150x150.jpg\" class=\"attachment-thumbnail size-thumbnail\" alt=\"\" srcset=\"https:\/\/sp184lodz.edu.pl\/wp-content\/uploads\/2018\/06\/sp184_czechow-9-z-30-150x150.jpg 150w, https:\/\/sp184lodz.edu.pl\/wp-content\/uploads\/2018\/06\/sp184_czechow-9-z-30-500x500.jpg 500w, https:\/\/sp184lodz.edu.pl\/wp-content\/uploads\/2018\/06\/sp184_czechow-9-z-30-400x400.jpg 400w\" sizes=\"auto, (max-width: 150px) 100vw, 150px\" \/><\/a>\n\t\t\t<\/div><\/figure><figure class='gallery-item'>\n\t\t\t<div class='gallery-icon landscape'>\n\t\t\t\t<a href='https:\/\/sp184lodz.edu.pl\/wp-content\/uploads\/2018\/06\/sp184_czechow-7-z-30.jpg' title=\"\" data-rl_title=\"\" class=\"rl-gallery-link\" data-rl_caption=\"\" data-rel=\"lightbox-gallery-1\"><img loading=\"lazy\" decoding=\"async\" width=\"150\" height=\"150\" src=\"https:\/\/sp184lodz.edu.pl\/wp-content\/uploads\/2018\/06\/sp184_czechow-7-z-30-150x150.jpg\" class=\"attachment-thumbnail size-thumbnail\" alt=\"\" srcset=\"https:\/\/sp184lodz.edu.pl\/wp-content\/uploads\/2018\/06\/sp184_czechow-7-z-30-150x150.jpg 150w, https:\/\/sp184lodz.edu.pl\/wp-content\/uploads\/2018\/06\/sp184_czechow-7-z-30-500x500.jpg 500w, https:\/\/sp184lodz.edu.pl\/wp-content\/uploads\/2018\/06\/sp184_czechow-7-z-30-400x400.jpg 400w\" sizes=\"auto, (max-width: 150px) 100vw, 150px\" \/><\/a>\n\t\t\t<\/div><\/figure><figure class='gallery-item'>\n\t\t\t<div class='gallery-icon landscape'>\n\t\t\t\t<a href='https:\/\/sp184lodz.edu.pl\/wp-content\/uploads\/2018\/06\/sp184_czechow-6-z-30.jpg' title=\"\" data-rl_title=\"\" class=\"rl-gallery-link\" data-rl_caption=\"\" data-rel=\"lightbox-gallery-1\"><img loading=\"lazy\" decoding=\"async\" width=\"150\" height=\"150\" src=\"https:\/\/sp184lodz.edu.pl\/wp-content\/uploads\/2018\/06\/sp184_czechow-6-z-30-150x150.jpg\" class=\"attachment-thumbnail size-thumbnail\" alt=\"\" srcset=\"https:\/\/sp184lodz.edu.pl\/wp-content\/uploads\/2018\/06\/sp184_czechow-6-z-30-150x150.jpg 150w, https:\/\/sp184lodz.edu.pl\/wp-content\/uploads\/2018\/06\/sp184_czechow-6-z-30-500x500.jpg 500w, https:\/\/sp184lodz.edu.pl\/wp-content\/uploads\/2018\/06\/sp184_czechow-6-z-30-400x400.jpg 400w\" sizes=\"auto, (max-width: 150px) 100vw, 150px\" \/><\/a>\n\t\t\t<\/div><\/figure><figure class='gallery-item'>\n\t\t\t<div class='gallery-icon landscape'>\n\t\t\t\t<a href='https:\/\/sp184lodz.edu.pl\/wp-content\/uploads\/2018\/06\/sp184_czechow-5-z-30.jpg' title=\"\" data-rl_title=\"\" class=\"rl-gallery-link\" data-rl_caption=\"\" data-rel=\"lightbox-gallery-1\"><img loading=\"lazy\" decoding=\"async\" width=\"150\" height=\"150\" src=\"https:\/\/sp184lodz.edu.pl\/wp-content\/uploads\/2018\/06\/sp184_czechow-5-z-30-150x150.jpg\" class=\"attachment-thumbnail size-thumbnail\" alt=\"\" srcset=\"https:\/\/sp184lodz.edu.pl\/wp-content\/uploads\/2018\/06\/sp184_czechow-5-z-30-150x150.jpg 150w, https:\/\/sp184lodz.edu.pl\/wp-content\/uploads\/2018\/06\/sp184_czechow-5-z-30-500x500.jpg 500w, https:\/\/sp184lodz.edu.pl\/wp-content\/uploads\/2018\/06\/sp184_czechow-5-z-30-400x400.jpg 400w\" sizes=\"auto, (max-width: 150px) 100vw, 150px\" \/><\/a>\n\t\t\t<\/div><\/figure><figure class='gallery-item'>\n\t\t\t<div class='gallery-icon landscape'>\n\t\t\t\t<a href='https:\/\/sp184lodz.edu.pl\/wp-content\/uploads\/2018\/06\/sp184_czechow-4-z-30.jpg' title=\"\" data-rl_title=\"\" class=\"rl-gallery-link\" data-rl_caption=\"\" data-rel=\"lightbox-gallery-1\"><img loading=\"lazy\" decoding=\"async\" width=\"150\" height=\"150\" src=\"https:\/\/sp184lodz.edu.pl\/wp-content\/uploads\/2018\/06\/sp184_czechow-4-z-30-150x150.jpg\" class=\"attachment-thumbnail size-thumbnail\" alt=\"\" srcset=\"https:\/\/sp184lodz.edu.pl\/wp-content\/uploads\/2018\/06\/sp184_czechow-4-z-30-150x150.jpg 150w, https:\/\/sp184lodz.edu.pl\/wp-content\/uploads\/2018\/06\/sp184_czechow-4-z-30-500x500.jpg 500w, https:\/\/sp184lodz.edu.pl\/wp-content\/uploads\/2018\/06\/sp184_czechow-4-z-30-400x400.jpg 400w\" sizes=\"auto, (max-width: 150px) 100vw, 150px\" \/><\/a>\n\t\t\t<\/div><\/figure><figure class='gallery-item'>\n\t\t\t<div class='gallery-icon landscape'>\n\t\t\t\t<a href='https:\/\/sp184lodz.edu.pl\/wp-content\/uploads\/2018\/06\/sp184_czechow-30-z-30.jpg' title=\"\" data-rl_title=\"\" class=\"rl-gallery-link\" data-rl_caption=\"\" data-rel=\"lightbox-gallery-1\"><img loading=\"lazy\" decoding=\"async\" width=\"150\" height=\"150\" src=\"https:\/\/sp184lodz.edu.pl\/wp-content\/uploads\/2018\/06\/sp184_czechow-30-z-30-150x150.jpg\" class=\"attachment-thumbnail size-thumbnail\" alt=\"\" srcset=\"https:\/\/sp184lodz.edu.pl\/wp-content\/uploads\/2018\/06\/sp184_czechow-30-z-30-150x150.jpg 150w, https:\/\/sp184lodz.edu.pl\/wp-content\/uploads\/2018\/06\/sp184_czechow-30-z-30-500x500.jpg 500w, https:\/\/sp184lodz.edu.pl\/wp-content\/uploads\/2018\/06\/sp184_czechow-30-z-30-400x400.jpg 400w\" sizes=\"auto, (max-width: 150px) 100vw, 150px\" \/><\/a>\n\t\t\t<\/div><\/figure><figure class='gallery-item'>\n\t\t\t<div class='gallery-icon landscape'>\n\t\t\t\t<a href='https:\/\/sp184lodz.edu.pl\/wp-content\/uploads\/2018\/06\/sp184_czechow-3-z-30.jpg' title=\"\" data-rl_title=\"\" class=\"rl-gallery-link\" data-rl_caption=\"\" data-rel=\"lightbox-gallery-1\"><img loading=\"lazy\" decoding=\"async\" width=\"150\" height=\"150\" src=\"https:\/\/sp184lodz.edu.pl\/wp-content\/uploads\/2018\/06\/sp184_czechow-3-z-30-150x150.jpg\" class=\"attachment-thumbnail size-thumbnail\" alt=\"\" srcset=\"https:\/\/sp184lodz.edu.pl\/wp-content\/uploads\/2018\/06\/sp184_czechow-3-z-30-150x150.jpg 150w, https:\/\/sp184lodz.edu.pl\/wp-content\/uploads\/2018\/06\/sp184_czechow-3-z-30-500x500.jpg 500w, https:\/\/sp184lodz.edu.pl\/wp-content\/uploads\/2018\/06\/sp184_czechow-3-z-30-400x400.jpg 400w\" sizes=\"auto, (max-width: 150px) 100vw, 150px\" \/><\/a>\n\t\t\t<\/div><\/figure><figure class='gallery-item'>\n\t\t\t<div class='gallery-icon landscape'>\n\t\t\t\t<a href='https:\/\/sp184lodz.edu.pl\/wp-content\/uploads\/2018\/06\/sp184_czechow-29-z-30.jpg' title=\"\" data-rl_title=\"\" class=\"rl-gallery-link\" data-rl_caption=\"\" data-rel=\"lightbox-gallery-1\"><img loading=\"lazy\" decoding=\"async\" width=\"150\" height=\"150\" src=\"https:\/\/sp184lodz.edu.pl\/wp-content\/uploads\/2018\/06\/sp184_czechow-29-z-30-150x150.jpg\" class=\"attachment-thumbnail size-thumbnail\" alt=\"\" srcset=\"https:\/\/sp184lodz.edu.pl\/wp-content\/uploads\/2018\/06\/sp184_czechow-29-z-30-150x150.jpg 150w, https:\/\/sp184lodz.edu.pl\/wp-content\/uploads\/2018\/06\/sp184_czechow-29-z-30-500x500.jpg 500w, https:\/\/sp184lodz.edu.pl\/wp-content\/uploads\/2018\/06\/sp184_czechow-29-z-30-400x400.jpg 400w\" sizes=\"auto, (max-width: 150px) 100vw, 150px\" \/><\/a>\n\t\t\t<\/div><\/figure><figure class='gallery-item'>\n\t\t\t<div class='gallery-icon landscape'>\n\t\t\t\t<a href='https:\/\/sp184lodz.edu.pl\/wp-content\/uploads\/2018\/06\/sp184_czechow-28-z-30.jpg' title=\"\" data-rl_title=\"\" class=\"rl-gallery-link\" data-rl_caption=\"\" data-rel=\"lightbox-gallery-1\"><img loading=\"lazy\" decoding=\"async\" width=\"150\" height=\"150\" src=\"https:\/\/sp184lodz.edu.pl\/wp-content\/uploads\/2018\/06\/sp184_czechow-28-z-30-150x150.jpg\" class=\"attachment-thumbnail size-thumbnail\" alt=\"\" srcset=\"https:\/\/sp184lodz.edu.pl\/wp-content\/uploads\/2018\/06\/sp184_czechow-28-z-30-150x150.jpg 150w, https:\/\/sp184lodz.edu.pl\/wp-content\/uploads\/2018\/06\/sp184_czechow-28-z-30-500x500.jpg 500w, https:\/\/sp184lodz.edu.pl\/wp-content\/uploads\/2018\/06\/sp184_czechow-28-z-30-400x400.jpg 400w\" sizes=\"auto, (max-width: 150px) 100vw, 150px\" \/><\/a>\n\t\t\t<\/div><\/figure><figure class='gallery-item'>\n\t\t\t<div class='gallery-icon landscape'>\n\t\t\t\t<a href='https:\/\/sp184lodz.edu.pl\/wp-content\/uploads\/2018\/06\/sp184_czechow-27-z-30.jpg' title=\"\" data-rl_title=\"\" class=\"rl-gallery-link\" data-rl_caption=\"\" data-rel=\"lightbox-gallery-1\"><img loading=\"lazy\" decoding=\"async\" width=\"150\" height=\"150\" src=\"https:\/\/sp184lodz.edu.pl\/wp-content\/uploads\/2018\/06\/sp184_czechow-27-z-30-150x150.jpg\" class=\"attachment-thumbnail size-thumbnail\" alt=\"\" srcset=\"https:\/\/sp184lodz.edu.pl\/wp-content\/uploads\/2018\/06\/sp184_czechow-27-z-30-150x150.jpg 150w, https:\/\/sp184lodz.edu.pl\/wp-content\/uploads\/2018\/06\/sp184_czechow-27-z-30-500x500.jpg 500w, https:\/\/sp184lodz.edu.pl\/wp-content\/uploads\/2018\/06\/sp184_czechow-27-z-30-400x400.jpg 400w\" sizes=\"auto, (max-width: 150px) 100vw, 150px\" \/><\/a>\n\t\t\t<\/div><\/figure><figure class='gallery-item'>\n\t\t\t<div class='gallery-icon landscape'>\n\t\t\t\t<a href='https:\/\/sp184lodz.edu.pl\/wp-content\/uploads\/2018\/06\/sp184_czechow-26-z-30.jpg' title=\"\" data-rl_title=\"\" class=\"rl-gallery-link\" data-rl_caption=\"\" data-rel=\"lightbox-gallery-1\"><img loading=\"lazy\" decoding=\"async\" width=\"150\" height=\"150\" src=\"https:\/\/sp184lodz.edu.pl\/wp-content\/uploads\/2018\/06\/sp184_czechow-26-z-30-150x150.jpg\" class=\"attachment-thumbnail size-thumbnail\" alt=\"\" srcset=\"https:\/\/sp184lodz.edu.pl\/wp-content\/uploads\/2018\/06\/sp184_czechow-26-z-30-150x150.jpg 150w, https:\/\/sp184lodz.edu.pl\/wp-content\/uploads\/2018\/06\/sp184_czechow-26-z-30-500x500.jpg 500w, https:\/\/sp184lodz.edu.pl\/wp-content\/uploads\/2018\/06\/sp184_czechow-26-z-30-400x400.jpg 400w\" sizes=\"auto, (max-width: 150px) 100vw, 150px\" \/><\/a>\n\t\t\t<\/div><\/figure><figure class='gallery-item'>\n\t\t\t<div class='gallery-icon landscape'>\n\t\t\t\t<a href='https:\/\/sp184lodz.edu.pl\/wp-content\/uploads\/2018\/06\/sp184_czechow-25-z-30.jpg' title=\"\" data-rl_title=\"\" class=\"rl-gallery-link\" data-rl_caption=\"\" data-rel=\"lightbox-gallery-1\"><img loading=\"lazy\" decoding=\"async\" width=\"150\" height=\"150\" src=\"https:\/\/sp184lodz.edu.pl\/wp-content\/uploads\/2018\/06\/sp184_czechow-25-z-30-150x150.jpg\" class=\"attachment-thumbnail size-thumbnail\" alt=\"\" srcset=\"https:\/\/sp184lodz.edu.pl\/wp-content\/uploads\/2018\/06\/sp184_czechow-25-z-30-150x150.jpg 150w, https:\/\/sp184lodz.edu.pl\/wp-content\/uploads\/2018\/06\/sp184_czechow-25-z-30-500x500.jpg 500w, https:\/\/sp184lodz.edu.pl\/wp-content\/uploads\/2018\/06\/sp184_czechow-25-z-30-400x400.jpg 400w\" sizes=\"auto, (max-width: 150px) 100vw, 150px\" \/><\/a>\n\t\t\t<\/div><\/figure><figure class='gallery-item'>\n\t\t\t<div class='gallery-icon landscape'>\n\t\t\t\t<a href='https:\/\/sp184lodz.edu.pl\/wp-content\/uploads\/2018\/06\/sp184_czechow-24-z-30.jpg' title=\"\" data-rl_title=\"\" class=\"rl-gallery-link\" data-rl_caption=\"\" data-rel=\"lightbox-gallery-1\"><img loading=\"lazy\" decoding=\"async\" width=\"150\" height=\"150\" src=\"https:\/\/sp184lodz.edu.pl\/wp-content\/uploads\/2018\/06\/sp184_czechow-24-z-30-150x150.jpg\" class=\"attachment-thumbnail size-thumbnail\" alt=\"\" srcset=\"https:\/\/sp184lodz.edu.pl\/wp-content\/uploads\/2018\/06\/sp184_czechow-24-z-30-150x150.jpg 150w, https:\/\/sp184lodz.edu.pl\/wp-content\/uploads\/2018\/06\/sp184_czechow-24-z-30-500x500.jpg 500w, https:\/\/sp184lodz.edu.pl\/wp-content\/uploads\/2018\/06\/sp184_czechow-24-z-30-400x400.jpg 400w\" sizes=\"auto, (max-width: 150px) 100vw, 150px\" \/><\/a>\n\t\t\t<\/div><\/figure><figure class='gallery-item'>\n\t\t\t<div class='gallery-icon landscape'>\n\t\t\t\t<a href='https:\/\/sp184lodz.edu.pl\/wp-content\/uploads\/2018\/06\/sp184_czechow-23-z-30.jpg' title=\"\" data-rl_title=\"\" class=\"rl-gallery-link\" data-rl_caption=\"\" data-rel=\"lightbox-gallery-1\"><img loading=\"lazy\" decoding=\"async\" width=\"150\" height=\"150\" src=\"https:\/\/sp184lodz.edu.pl\/wp-content\/uploads\/2018\/06\/sp184_czechow-23-z-30-150x150.jpg\" class=\"attachment-thumbnail size-thumbnail\" alt=\"\" srcset=\"https:\/\/sp184lodz.edu.pl\/wp-content\/uploads\/2018\/06\/sp184_czechow-23-z-30-150x150.jpg 150w, https:\/\/sp184lodz.edu.pl\/wp-content\/uploads\/2018\/06\/sp184_czechow-23-z-30-500x500.jpg 500w, https:\/\/sp184lodz.edu.pl\/wp-content\/uploads\/2018\/06\/sp184_czechow-23-z-30-400x400.jpg 400w\" sizes=\"auto, (max-width: 150px) 100vw, 150px\" \/><\/a>\n\t\t\t<\/div><\/figure><figure class='gallery-item'>\n\t\t\t<div class='gallery-icon landscape'>\n\t\t\t\t<a href='https:\/\/sp184lodz.edu.pl\/wp-content\/uploads\/2018\/06\/sp184_czechow-22-z-30.jpg' title=\"\" data-rl_title=\"\" class=\"rl-gallery-link\" data-rl_caption=\"\" data-rel=\"lightbox-gallery-1\"><img loading=\"lazy\" decoding=\"async\" width=\"150\" height=\"150\" src=\"https:\/\/sp184lodz.edu.pl\/wp-content\/uploads\/2018\/06\/sp184_czechow-22-z-30-150x150.jpg\" class=\"attachment-thumbnail size-thumbnail\" alt=\"\" srcset=\"https:\/\/sp184lodz.edu.pl\/wp-content\/uploads\/2018\/06\/sp184_czechow-22-z-30-150x150.jpg 150w, https:\/\/sp184lodz.edu.pl\/wp-content\/uploads\/2018\/06\/sp184_czechow-22-z-30-500x500.jpg 500w, https:\/\/sp184lodz.edu.pl\/wp-content\/uploads\/2018\/06\/sp184_czechow-22-z-30-400x400.jpg 400w\" sizes=\"auto, (max-width: 150px) 100vw, 150px\" \/><\/a>\n\t\t\t<\/div><\/figure><figure class='gallery-item'>\n\t\t\t<div class='gallery-icon landscape'>\n\t\t\t\t<a href='https:\/\/sp184lodz.edu.pl\/wp-content\/uploads\/2018\/06\/sp184_czechow-21-z-30.jpg' title=\"\" data-rl_title=\"\" class=\"rl-gallery-link\" data-rl_caption=\"\" data-rel=\"lightbox-gallery-1\"><img loading=\"lazy\" decoding=\"async\" width=\"150\" height=\"150\" src=\"https:\/\/sp184lodz.edu.pl\/wp-content\/uploads\/2018\/06\/sp184_czechow-21-z-30-150x150.jpg\" class=\"attachment-thumbnail size-thumbnail\" alt=\"\" srcset=\"https:\/\/sp184lodz.edu.pl\/wp-content\/uploads\/2018\/06\/sp184_czechow-21-z-30-150x150.jpg 150w, https:\/\/sp184lodz.edu.pl\/wp-content\/uploads\/2018\/06\/sp184_czechow-21-z-30-500x500.jpg 500w, https:\/\/sp184lodz.edu.pl\/wp-content\/uploads\/2018\/06\/sp184_czechow-21-z-30-400x400.jpg 400w\" sizes=\"auto, (max-width: 150px) 100vw, 150px\" \/><\/a>\n\t\t\t<\/div><\/figure><figure class='gallery-item'>\n\t\t\t<div class='gallery-icon landscape'>\n\t\t\t\t<a href='https:\/\/sp184lodz.edu.pl\/wp-content\/uploads\/2018\/06\/sp184_czechow-20-z-30.jpg' title=\"\" data-rl_title=\"\" class=\"rl-gallery-link\" data-rl_caption=\"\" data-rel=\"lightbox-gallery-1\"><img loading=\"lazy\" decoding=\"async\" width=\"150\" height=\"150\" src=\"https:\/\/sp184lodz.edu.pl\/wp-content\/uploads\/2018\/06\/sp184_czechow-20-z-30-150x150.jpg\" class=\"attachment-thumbnail size-thumbnail\" alt=\"\" srcset=\"https:\/\/sp184lodz.edu.pl\/wp-content\/uploads\/2018\/06\/sp184_czechow-20-z-30-150x150.jpg 150w, https:\/\/sp184lodz.edu.pl\/wp-content\/uploads\/2018\/06\/sp184_czechow-20-z-30-500x500.jpg 500w, https:\/\/sp184lodz.edu.pl\/wp-content\/uploads\/2018\/06\/sp184_czechow-20-z-30-400x400.jpg 400w\" sizes=\"auto, (max-width: 150px) 100vw, 150px\" \/><\/a>\n\t\t\t<\/div><\/figure><figure class='gallery-item'>\n\t\t\t<div class='gallery-icon landscape'>\n\t\t\t\t<a href='https:\/\/sp184lodz.edu.pl\/wp-content\/uploads\/2018\/06\/sp184_czechow-2-z-30.jpg' title=\"\" data-rl_title=\"\" class=\"rl-gallery-link\" data-rl_caption=\"\" data-rel=\"lightbox-gallery-1\"><img loading=\"lazy\" decoding=\"async\" width=\"150\" height=\"150\" src=\"https:\/\/sp184lodz.edu.pl\/wp-content\/uploads\/2018\/06\/sp184_czechow-2-z-30-150x150.jpg\" class=\"attachment-thumbnail size-thumbnail\" alt=\"\" srcset=\"https:\/\/sp184lodz.edu.pl\/wp-content\/uploads\/2018\/06\/sp184_czechow-2-z-30-150x150.jpg 150w, https:\/\/sp184lodz.edu.pl\/wp-content\/uploads\/2018\/06\/sp184_czechow-2-z-30-500x500.jpg 500w, https:\/\/sp184lodz.edu.pl\/wp-content\/uploads\/2018\/06\/sp184_czechow-2-z-30-400x400.jpg 400w\" sizes=\"auto, (max-width: 150px) 100vw, 150px\" \/><\/a>\n\t\t\t<\/div><\/figure><figure class='gallery-item'>\n\t\t\t<div class='gallery-icon landscape'>\n\t\t\t\t<a href='https:\/\/sp184lodz.edu.pl\/wp-content\/uploads\/2018\/06\/sp184_czechow-19-z-30.jpg' title=\"\" data-rl_title=\"\" class=\"rl-gallery-link\" data-rl_caption=\"\" data-rel=\"lightbox-gallery-1\"><img loading=\"lazy\" decoding=\"async\" width=\"150\" height=\"150\" src=\"https:\/\/sp184lodz.edu.pl\/wp-content\/uploads\/2018\/06\/sp184_czechow-19-z-30-150x150.jpg\" class=\"attachment-thumbnail size-thumbnail\" alt=\"\" srcset=\"https:\/\/sp184lodz.edu.pl\/wp-content\/uploads\/2018\/06\/sp184_czechow-19-z-30-150x150.jpg 150w, https:\/\/sp184lodz.edu.pl\/wp-content\/uploads\/2018\/06\/sp184_czechow-19-z-30-500x500.jpg 500w, https:\/\/sp184lodz.edu.pl\/wp-content\/uploads\/2018\/06\/sp184_czechow-19-z-30-400x400.jpg 400w\" sizes=\"auto, (max-width: 150px) 100vw, 150px\" \/><\/a>\n\t\t\t<\/div><\/figure><figure class='gallery-item'>\n\t\t\t<div class='gallery-icon landscape'>\n\t\t\t\t<a href='https:\/\/sp184lodz.edu.pl\/wp-content\/uploads\/2018\/06\/sp184_czechow-18-z-30.jpg' title=\"\" data-rl_title=\"\" class=\"rl-gallery-link\" data-rl_caption=\"\" data-rel=\"lightbox-gallery-1\"><img loading=\"lazy\" decoding=\"async\" width=\"150\" height=\"150\" src=\"https:\/\/sp184lodz.edu.pl\/wp-content\/uploads\/2018\/06\/sp184_czechow-18-z-30-150x150.jpg\" class=\"attachment-thumbnail size-thumbnail\" alt=\"\" srcset=\"https:\/\/sp184lodz.edu.pl\/wp-content\/uploads\/2018\/06\/sp184_czechow-18-z-30-150x150.jpg 150w, https:\/\/sp184lodz.edu.pl\/wp-content\/uploads\/2018\/06\/sp184_czechow-18-z-30-500x500.jpg 500w, https:\/\/sp184lodz.edu.pl\/wp-content\/uploads\/2018\/06\/sp184_czechow-18-z-30-400x400.jpg 400w\" sizes=\"auto, (max-width: 150px) 100vw, 150px\" \/><\/a>\n\t\t\t<\/div><\/figure><figure class='gallery-item'>\n\t\t\t<div class='gallery-icon landscape'>\n\t\t\t\t<a href='https:\/\/sp184lodz.edu.pl\/wp-content\/uploads\/2018\/06\/sp184_czechow-17-z-30.jpg' title=\"\" data-rl_title=\"\" class=\"rl-gallery-link\" data-rl_caption=\"\" data-rel=\"lightbox-gallery-1\"><img loading=\"lazy\" decoding=\"async\" width=\"150\" height=\"150\" src=\"https:\/\/sp184lodz.edu.pl\/wp-content\/uploads\/2018\/06\/sp184_czechow-17-z-30-150x150.jpg\" class=\"attachment-thumbnail size-thumbnail\" alt=\"\" srcset=\"https:\/\/sp184lodz.edu.pl\/wp-content\/uploads\/2018\/06\/sp184_czechow-17-z-30-150x150.jpg 150w, https:\/\/sp184lodz.edu.pl\/wp-content\/uploads\/2018\/06\/sp184_czechow-17-z-30-500x500.jpg 500w, https:\/\/sp184lodz.edu.pl\/wp-content\/uploads\/2018\/06\/sp184_czechow-17-z-30-400x400.jpg 400w\" sizes=\"auto, (max-width: 150px) 100vw, 150px\" \/><\/a>\n\t\t\t<\/div><\/figure><figure class='gallery-item'>\n\t\t\t<div class='gallery-icon landscape'>\n\t\t\t\t<a href='https:\/\/sp184lodz.edu.pl\/wp-content\/uploads\/2018\/06\/sp184_czechow-16-z-30.jpg' title=\"\" data-rl_title=\"\" class=\"rl-gallery-link\" data-rl_caption=\"\" data-rel=\"lightbox-gallery-1\"><img loading=\"lazy\" decoding=\"async\" width=\"150\" height=\"150\" src=\"https:\/\/sp184lodz.edu.pl\/wp-content\/uploads\/2018\/06\/sp184_czechow-16-z-30-150x150.jpg\" class=\"attachment-thumbnail size-thumbnail\" alt=\"\" srcset=\"https:\/\/sp184lodz.edu.pl\/wp-content\/uploads\/2018\/06\/sp184_czechow-16-z-30-150x150.jpg 150w, https:\/\/sp184lodz.edu.pl\/wp-content\/uploads\/2018\/06\/sp184_czechow-16-z-30-500x500.jpg 500w, https:\/\/sp184lodz.edu.pl\/wp-content\/uploads\/2018\/06\/sp184_czechow-16-z-30-400x400.jpg 400w\" sizes=\"auto, (max-width: 150px) 100vw, 150px\" \/><\/a>\n\t\t\t<\/div><\/figure><figure class='gallery-item'>\n\t\t\t<div class='gallery-icon landscape'>\n\t\t\t\t<a href='https:\/\/sp184lodz.edu.pl\/wp-content\/uploads\/2018\/06\/sp184_czechow-15-z-30.jpg' title=\"\" data-rl_title=\"\" class=\"rl-gallery-link\" data-rl_caption=\"\" data-rel=\"lightbox-gallery-1\"><img loading=\"lazy\" decoding=\"async\" width=\"150\" height=\"150\" src=\"https:\/\/sp184lodz.edu.pl\/wp-content\/uploads\/2018\/06\/sp184_czechow-15-z-30-150x150.jpg\" class=\"attachment-thumbnail size-thumbnail\" alt=\"\" srcset=\"https:\/\/sp184lodz.edu.pl\/wp-content\/uploads\/2018\/06\/sp184_czechow-15-z-30-150x150.jpg 150w, https:\/\/sp184lodz.edu.pl\/wp-content\/uploads\/2018\/06\/sp184_czechow-15-z-30-500x500.jpg 500w, https:\/\/sp184lodz.edu.pl\/wp-content\/uploads\/2018\/06\/sp184_czechow-15-z-30-400x400.jpg 400w\" sizes=\"auto, (max-width: 150px) 100vw, 150px\" \/><\/a>\n\t\t\t<\/div><\/figure><figure class='gallery-item'>\n\t\t\t<div class='gallery-icon landscape'>\n\t\t\t\t<a href='https:\/\/sp184lodz.edu.pl\/wp-content\/uploads\/2018\/06\/sp184_czechow-12-z-30.jpg' title=\"\" data-rl_title=\"\" class=\"rl-gallery-link\" data-rl_caption=\"\" data-rel=\"lightbox-gallery-1\"><img loading=\"lazy\" decoding=\"async\" width=\"150\" height=\"150\" src=\"https:\/\/sp184lodz.edu.pl\/wp-content\/uploads\/2018\/06\/sp184_czechow-12-z-30-150x150.jpg\" class=\"attachment-thumbnail size-thumbnail\" alt=\"\" srcset=\"https:\/\/sp184lodz.edu.pl\/wp-content\/uploads\/2018\/06\/sp184_czechow-12-z-30-150x150.jpg 150w, https:\/\/sp184lodz.edu.pl\/wp-content\/uploads\/2018\/06\/sp184_czechow-12-z-30-500x500.jpg 500w, https:\/\/sp184lodz.edu.pl\/wp-content\/uploads\/2018\/06\/sp184_czechow-12-z-30-400x400.jpg 400w\" sizes=\"auto, (max-width: 150px) 100vw, 150px\" \/><\/a>\n\t\t\t<\/div><\/figure><figure class='gallery-item'>\n\t\t\t<div class='gallery-icon landscape'>\n\t\t\t\t<a href='https:\/\/sp184lodz.edu.pl\/wp-content\/uploads\/2018\/06\/sp184_czechow-11-z-30.jpg' title=\"\" data-rl_title=\"\" class=\"rl-gallery-link\" data-rl_caption=\"\" data-rel=\"lightbox-gallery-1\"><img loading=\"lazy\" decoding=\"async\" width=\"150\" height=\"150\" src=\"https:\/\/sp184lodz.edu.pl\/wp-content\/uploads\/2018\/06\/sp184_czechow-11-z-30-150x150.jpg\" class=\"attachment-thumbnail size-thumbnail\" alt=\"\" srcset=\"https:\/\/sp184lodz.edu.pl\/wp-content\/uploads\/2018\/06\/sp184_czechow-11-z-30-150x150.jpg 150w, https:\/\/sp184lodz.edu.pl\/wp-content\/uploads\/2018\/06\/sp184_czechow-11-z-30-500x500.jpg 500w, https:\/\/sp184lodz.edu.pl\/wp-content\/uploads\/2018\/06\/sp184_czechow-11-z-30-400x400.jpg 400w\" sizes=\"auto, (max-width: 150px) 100vw, 150px\" \/><\/a>\n\t\t\t<\/div><\/figure><figure class='gallery-item'>\n\t\t\t<div class='gallery-icon landscape'>\n\t\t\t\t<a href='https:\/\/sp184lodz.edu.pl\/wp-content\/uploads\/2018\/06\/sp184_czechow-10-z-30.jpg' title=\"\" data-rl_title=\"\" class=\"rl-gallery-link\" data-rl_caption=\"\" data-rel=\"lightbox-gallery-1\"><img loading=\"lazy\" decoding=\"async\" width=\"150\" height=\"150\" src=\"https:\/\/sp184lodz.edu.pl\/wp-content\/uploads\/2018\/06\/sp184_czechow-10-z-30-150x150.jpg\" class=\"attachment-thumbnail size-thumbnail\" alt=\"\" srcset=\"https:\/\/sp184lodz.edu.pl\/wp-content\/uploads\/2018\/06\/sp184_czechow-10-z-30-150x150.jpg 150w, https:\/\/sp184lodz.edu.pl\/wp-content\/uploads\/2018\/06\/sp184_czechow-10-z-30-500x500.jpg 500w, https:\/\/sp184lodz.edu.pl\/wp-content\/uploads\/2018\/06\/sp184_czechow-10-z-30-400x400.jpg 400w\" sizes=\"auto, (max-width: 150px) 100vw, 150px\" \/><\/a>\n\t\t\t<\/div><\/figure><figure class='gallery-item'>\n\t\t\t<div class='gallery-icon landscape'>\n\t\t\t\t<a href='https:\/\/sp184lodz.edu.pl\/wp-content\/uploads\/2018\/06\/sp184_czechow-1-z-30.jpg' title=\"\" data-rl_title=\"\" class=\"rl-gallery-link\" data-rl_caption=\"\" data-rel=\"lightbox-gallery-1\"><img loading=\"lazy\" decoding=\"async\" width=\"150\" height=\"150\" src=\"https:\/\/sp184lodz.edu.pl\/wp-content\/uploads\/2018\/06\/sp184_czechow-1-z-30-150x150.jpg\" class=\"attachment-thumbnail size-thumbnail\" alt=\"\" srcset=\"https:\/\/sp184lodz.edu.pl\/wp-content\/uploads\/2018\/06\/sp184_czechow-1-z-30-150x150.jpg 150w, https:\/\/sp184lodz.edu.pl\/wp-content\/uploads\/2018\/06\/sp184_czechow-1-z-30-500x500.jpg 500w, https:\/\/sp184lodz.edu.pl\/wp-content\/uploads\/2018\/06\/sp184_czechow-1-z-30-400x400.jpg 400w\" sizes=\"auto, (max-width: 150px) 100vw, 150px\" \/><\/a>\n\t\t\t<\/div><\/figure>\n\t\t<\/div>\n\n<p style=\"text-align: right;\"><em>fotorelacj\u0119 przygotowa\u0142 Piotr Nogacki<\/em><\/p>\n","protected":false},"excerpt":{"rendered":"<p>Podsumowuj\u0105c rok szkolny 2017\/2018 nauczyciele przedstawili\u00a0jednoakt\u00f3wk\u0119, pokazuj\u0105c\u0105 poczucie humoru A. Czechowa &#8222;O\u015bwiadczyny&#8221; W role bohater\u00f3w wcielili si\u0119 nasi nauczyciele &#8211; Natalia, c\u00f3rka Stiepana Czubukowa &#8211; Ma\u0142gorzata Wiktorowska &#8211; Iwan \u0141omow, w\u0142a\u015bciciel ziemski &#8211; Leszek Tomala &#8211; Stiepan Czubukow, jego s\u0105siad <a href=\"https:\/\/sp184lodz.edu.pl\/index.php\/foto\/oswiadczyny-a-czechowa-w-wykonaniu\/\" class=\"read-more\">czytaj wi\u0119cej &#8230;<\/a><\/p>\n","protected":false},"author":1,"featured_media":0,"parent":470,"menu_order":22,"comment_status":"closed","ping_status":"closed","template":"","meta":{"two_page_speed":[],"footnotes":""},"class_list":["post-5207","page","type-page","status-publish","hentry"],"_links":{"self":[{"href":"https:\/\/sp184lodz.edu.pl\/index.php\/wp-json\/wp\/v2\/pages\/5207","targetHints":{"allow":["GET"]}}],"collection":[{"href":"https:\/\/sp184lodz.edu.pl\/index.php\/wp-json\/wp\/v2\/pages"}],"about":[{"href":"https:\/\/sp184lodz.edu.pl\/index.php\/wp-json\/wp\/v2\/types\/page"}],"author":[{"embeddable":true,"href":"https:\/\/sp184lodz.edu.pl\/index.php\/wp-json\/wp\/v2\/users\/1"}],"replies":[{"embeddable":true,"href":"https:\/\/sp184lodz.edu.pl\/index.php\/wp-json\/wp\/v2\/comments?post=5207"}],"version-history":[{"count":3,"href":"https:\/\/sp184lodz.edu.pl\/index.php\/wp-json\/wp\/v2\/pages\/5207\/revisions"}],"predecessor-version":[{"id":5212,"href":"https:\/\/sp184lodz.edu.pl\/index.php\/wp-json\/wp\/v2\/pages\/5207\/revisions\/5212"}],"up":[{"embeddable":true,"href":"https:\/\/sp184lodz.edu.pl\/index.php\/wp-json\/wp\/v2\/pages\/470"}],"wp:attachment":[{"href":"https:\/\/sp184lodz.edu.pl\/index.php\/wp-json\/wp\/v2\/media?parent=5207"}],"curies":[{"name":"wp","href":"https:\/\/api.w.org\/{rel}","templated":true}]}}