{"id":523,"date":"2017-03-19T19:27:14","date_gmt":"2017-03-19T18:27:14","guid":{"rendered":"http:\/\/sp184lodz.edu.pl\/?page_id=523"},"modified":"2020-10-13T12:08:15","modified_gmt":"2020-10-13T10:08:15","slug":"biblioteka","status":"publish","type":"page","link":"https:\/\/sp184lodz.edu.pl\/index.php\/strefa-rodzica\/organizacja-szkoly\/biblioteka\/","title":{"rendered":"Biblioteka"},"content":{"rendered":"<h3><span style=\"color: black;\"><i>Kto czyta&#8230; ma pi\u0119kne sny.<\/i><\/span><\/h3>\n<table border=\"0\" align=\"center\">\n<tbody>\n<tr>\n<td><\/td>\n<\/tr>\n<tr>\n<td align=\"center\"><img loading=\"lazy\" decoding=\"async\" class=\"wp-image-5294 aligncenter\" src=\"http:\/\/sp184lodz.edu.pl\/wp-content\/uploads\/2018\/09\/biblioteka.png\" alt=\"\" width=\"218\" height=\"173\" srcset=\"https:\/\/sp184lodz.edu.pl\/wp-content\/uploads\/2018\/09\/biblioteka.png 427w, https:\/\/sp184lodz.edu.pl\/wp-content\/uploads\/2018\/09\/biblioteka-300x238.png 300w\" sizes=\"auto, (max-width: 218px) 100vw, 218px\" \/><\/td>\n<\/tr>\n<tr>\n<td align=\"center\"><span style=\"color: black;\">BIBLIOTEKA znajduje si\u0119 na II pi\u0119trze w sali 112E, <\/span><\/p>\n<p><span style=\"color: black;\">pracuje tu p.<b> Izabela Kowalik  <\/b><br \/>\nUczniowie s\u0105 tu mile widziani<\/span><\/td>\n<\/tr>\n<\/tbody>\n<\/table>\n<table border=\"2\" align=\"center\">\n<tbody>\n<tr>\n<th colspan=\"2\" align=\"center\" bgcolor=\"#FFE0A0\">\n<h3><span style=\"color: black;\">GODZINY PRACY BIBLIOTEKI<\/span><\/h3>\n<\/th>\n<\/tr>\n<tr>\n<td align=\"center\">\n<h3>poniedzia\u0142ki<br \/>\n\u015brody<br \/>\npi\u0105tki<\/h3>\n<\/td>\n<td align=\"center\">\n<h2><span style=\"color: black;\">\u00a0<br \/>8:55 do 14:30<\/span><\/h2>\n<\/td>\n<\/tr>\n<tr>\n<td align=\"center\">\n<h3>wtorki<br \/>\n<\/h3>\n<\/td>\n<td align=\"center\">\n<h2><span style=\"color: black;\">\u00a08:55 do 14:30<\/span><\/h2>\n<\/td>\n<\/tr>\n<tr>\n<td align=\"center\">\n<h4><span style=\"color: black;\">czwartki<\/span><\/h4>\n<\/td>\n<td align=\"center\">\n<h2><span style=\"color: black;\">8:00 do 14:30<\/span><\/h2>\n<\/td>\n<\/tr>\n<\/tbody>\n<\/table>\n<p><strong>Regulamin biblioteki szkolnej.<br \/>\n<\/strong><\/p>\n<ol>\n<li>Z ksi\u0119gozbioru biblioteki mog\u0105 korzysta\u0107 wszyscy uczniowie, pracownicy szko\u0142y i rodzice uczni\u00f3w.<\/li>\n<li>Wypo\u017cycza\u0107 ksi\u0105\u017cki mo\u017cna wy\u0142\u0105cznie na swoje nazwisko.<\/li>\n<li>W bibliotece i czytelni nie wolno biega\u0107 i przeszkadza\u0107 innym w korzystaniu z ksi\u0119gozbioru<\/li>\n<li>Mo\u017cna wypo\u017cyczy\u0107 3 ksi\u0105\u017cki jednorazowo na okres dw\u00f3ch tygodni, wi\u0119ksz\u0105 ilo\u015b\u0107 nale\u017cy uzgodni\u0107 z bibliotekarzem.<\/li>\n<li>Uczniowie przygotowuj\u0105cy si\u0119 do olimpiad, konkurs\u00f3w maj\u0105 prawo do jednorazowego wypo\u017cyczenia wi\u0119kszej liczby ksi\u0105\u017cek.<\/li>\n<li>Je\u017celi czytelnik chce zatrzyma\u0107 ksi\u0105\u017ck\u0119 na d\u0142u\u017cszy okres czasu, a biblioteka nie ma na ni\u0105 zam\u00f3wie\u0144, mo\u017ce uzyska\u0107 przesuni\u0119cie terminu zwrotu.<\/li>\n<li>Czytelnik mo\u017ce prosi\u0107 o zarezerwowanie potrzebnej mu ksi\u0105\u017cki.<\/li>\n<li>Przy wypo\u017cyczaniu nale\u017cy zwr\u00f3ci\u0107 uwag\u0119 na ewentualne uszkodzenia ksi\u0105\u017cek i poinformowa\u0107 o nich bibliotekarza.<\/li>\n<li>Czytelnik obowi\u0105zany jest odkupi\u0107 zagubion\u0105 lub zniszczon\u0105 ksi\u0105\u017ck\u0119. O ile odkupienie takiego samego tytu\u0142u jest niemo\u017cliwe, powinien dostarczy\u0107 inn\u0105 ksi\u0105\u017ck\u0119, wskazan\u0105 przez bibliotekarza.<\/li>\n<li>Z ksi\u0119gozbiorem i wyposa\u017ceniem biblioteki nale\u017cy obchodzi\u0107 si\u0119 starannie.<\/li>\n<li>Pod koniec roku szkolnego ksi\u0105\u017cki powinny by\u0107 zwr\u00f3cone do biblioteki w og\u0142oszonym terminie.<\/li>\n<li>Czytelnicy opuszczaj\u0105cy szko\u0142\u0119 (nauczyciele, uczniowie, pracownicy) zobowi\u0105zani s\u0105 do pobrania za\u015bwiadczenia potwierdzaj\u0105cego zwrot materia\u0142\u00f3w wypo\u017cyczonych z biblioteki.<\/li>\n<\/ol>\n<p><strong>\u00a0<\/strong><strong>Zasady wypo\u017cyczenia podr\u0119cznik\u00f3w szkolnych<\/strong><\/p>\n<ol>\n<li>Podr\u0119czniki wypo\u017cyczane s\u0105 na okres jednego roku szkolnego, nale\u017cy je zwr\u00f3ci\u0107 w ostatnim tygodniu przed ko\u0144cem roku szkolnego.<\/li>\n<li>Udost\u0119pniane podr\u0119czniki nale\u017cy chroni\u0107 przed zniszczeniem i zagubieniem. Wypo\u017cyczaj\u0105cy powinien zwr\u00f3ci\u0107 uwag\u0119 na ich stan, a zauwa\u017cone uszkodzenia niezw\u0142ocznie zg\u0142osi\u0107 bibliotekarzowi.<\/li>\n<li>Czytelnik ponosi odpowiedzialno\u015b\u0107 materialn\u0105 w przypadku zagubienia lub zniszczenia wypo\u017cyczonych podr\u0119cznik\u00f3w.<\/li>\n<li>Czytelnik zobowi\u0105zany jest do przechowywania podr\u0119cznik\u00f3w w ok\u0142adkach.<\/li>\n<li>Podr\u0119czniki nale\u017cy szanowa\u0107 jako dobro wsp\u00f3lne. W szczeg\u00f3lno\u015bci nie wolno w podr\u0119czniku niczego pisa\u0107, zaznacza\u0107.<\/li>\n<li>Rodzice sk\u0142adaj\u0105 o\u015bwiadczenie, w kt\u00f3rym przyjmuj\u0105 do wiadomo\u015bci postanowienia regulaminu biblioteki szkolnej SP Nr 184 w \u0141odzi. Bior\u0105 na siebie pe\u0142n\u0105 odpowiedzialno\u015b\u0107 finansow\u0105 za wypo\u017cyczone przez c\u00f3rk\u0119\/syna\u00a0 podr\u0119czniki i ksi\u0105\u017cki b\u0119d\u0105ce w zarz\u0105dzaniu biblioteki szkolnej SP Nr 184 w \u0141odzi w przypadku jej zniszczenia, niew\u0142a\u015bciwego u\u017cytkowania lub zagubienia.<\/li>\n<\/ol>\n<p style=\"text-align: right;\"><em>Ma\u0142gorzata Nowak, bibliotekarz.\u00a0<\/em><\/p>\n","protected":false},"excerpt":{"rendered":"<p>Kto czyta&#8230; ma pi\u0119kne sny. BIBLIOTEKA znajduje si\u0119 na II pi\u0119trze w sali 112E, pracuje tu p. Izabela Kowalik Uczniowie s\u0105 tu mile widziani GODZINY PRACY BIBLIOTEKI poniedzia\u0142ki \u015brody pi\u0105tki \u00a08:55 do 14:30 wtorki \u00a08:55 do 14:30 czwartki 8:00 do <a href=\"https:\/\/sp184lodz.edu.pl\/index.php\/strefa-rodzica\/organizacja-szkoly\/biblioteka\/\" class=\"read-more\">czytaj wi\u0119cej &#8230;<\/a><\/p>\n","protected":false},"author":1,"featured_media":0,"parent":779,"menu_order":5,"comment_status":"closed","ping_status":"closed","template":"","meta":{"two_page_speed":[],"footnotes":""},"class_list":["post-523","page","type-page","status-publish","hentry"],"_links":{"self":[{"href":"https:\/\/sp184lodz.edu.pl\/index.php\/wp-json\/wp\/v2\/pages\/523","targetHints":{"allow":["GET"]}}],"collection":[{"href":"https:\/\/sp184lodz.edu.pl\/index.php\/wp-json\/wp\/v2\/pages"}],"about":[{"href":"https:\/\/sp184lodz.edu.pl\/index.php\/wp-json\/wp\/v2\/types\/page"}],"author":[{"embeddable":true,"href":"https:\/\/sp184lodz.edu.pl\/index.php\/wp-json\/wp\/v2\/users\/1"}],"replies":[{"embeddable":true,"href":"https:\/\/sp184lodz.edu.pl\/index.php\/wp-json\/wp\/v2\/comments?post=523"}],"version-history":[{"count":20,"href":"https:\/\/sp184lodz.edu.pl\/index.php\/wp-json\/wp\/v2\/pages\/523\/revisions"}],"predecessor-version":[{"id":9241,"href":"https:\/\/sp184lodz.edu.pl\/index.php\/wp-json\/wp\/v2\/pages\/523\/revisions\/9241"}],"up":[{"embeddable":true,"href":"https:\/\/sp184lodz.edu.pl\/index.php\/wp-json\/wp\/v2\/pages\/779"}],"wp:attachment":[{"href":"https:\/\/sp184lodz.edu.pl\/index.php\/wp-json\/wp\/v2\/media?parent=523"}],"curies":[{"name":"wp","href":"https:\/\/api.w.org\/{rel}","templated":true}]}}