{"id":525,"date":"2017-03-19T19:28:26","date_gmt":"2017-03-19T18:28:26","guid":{"rendered":"http:\/\/sp184lodz.edu.pl\/?page_id=525"},"modified":"2025-09-01T17:41:01","modified_gmt":"2025-09-01T15:41:01","slug":"swietlica","status":"publish","type":"page","link":"https:\/\/sp184lodz.edu.pl\/index.php\/strefa-rodzica\/organizacja-szkoly\/swietlica\/","title":{"rendered":"\u015awietlica"},"content":{"rendered":"<p><strong>Do pobrania:<\/strong><\/p>\n<ul>\n<li><a href=\"https:\/\/sp184lodz.edu.pl\/wp-content\/uploads\/2025\/09\/Karta_zapisu_dziecka_do_swietlicy_2025_26.pdf\" target=\"_blank\" rel=\"noopener\"><span style=\"font-size: 10pt;\">Karta zapisu dziecka do \u015bwietlicy szkolnej<span style=\"color: #0000ff;\"><em><strong> (wersja 2025\/2026)<\/strong><\/em><\/span><\/span><\/a><\/li>\n<li><span style=\"font-size: 10pt;\"><a href=\"https:\/\/sp184lodz.edu.pl\/wp-content\/uploads\/2025\/09\/Zalacznik-do-oswiadczenia-o-osobach-upowaznionych-do-odbioru-dziecka-ze-swietlicy-2025_26.pdf\" target=\"_blank\" rel=\"noopener\">Za\u0142\u0105cznik do o\u015bwiadczenia o osobach upowa\u017cnionych do odbioru dziecka ze \u015bwietlicy<span style=\"color: #0000ff;\"><strong><em>(wersja 2025\/2026)<\/em><\/strong><\/span><\/a><\/span><\/li>\n<li><span style=\"font-size: 10pt;\"><a href=\"https:\/\/sp184lodz.edu.pl\/wp-content\/uploads\/2022\/09\/Upowaznienie-do-odbioru-dziecka-ze-swietlicy-szkolnej-na-zajecia-dodatkowe.docx\" target=\"_blank\" rel=\"noopener\">Upowa\u017cnienie do odbioru dziecka ze \u015bwietlicy szkolnej na zaj\u0119cia dodatkowe<\/a><\/span><\/li>\n<li><span style=\"font-size: 10pt;\"><a href=\"https:\/\/sp184lodz.edu.pl\/wp-content\/uploads\/2024\/08\/zgoda_na_samodzielny_powrot_dziecka_do_domu24-25.pdf\" target=\"_blank\" rel=\"noopener\">Zgoda na samodzielny powr\u00f3t dziecka ze szko\u0142y<span style=\"color: #0000ff;\"><strong><em>(wersja 2024\/2025)<\/em><\/strong><\/span><\/a><\/span><\/li>\n<li><span style=\"font-size: 10pt;\"><a href=\"https:\/\/sp184lodz.edu.pl\/wp-content\/uploads\/2025\/09\/Regulamin-swietlicy-2025_26.pdf\" target=\"_blank\" rel=\"noopener\">Regulamin \u015bwietlicy<\/a><\/span><\/li>\n<li><span style=\"font-size: 10pt;\"><a href=\"https:\/\/sp184lodz.edu.pl\/wp-content\/uploads\/2021\/08\/aneks-do-regulaminu-pandemia.docx\" target=\"_blank\" rel=\"noopener\">Aneks do regulaminu (pandemia)<\/a><\/span><\/li>\n<\/ul>\n<p><!--\n\n\n\n<p style=\"text-align: center;\"><span style=\"color: #800080;\">Prosimy o dokonanie dobrowolnej i jednorazowej wp\u0142aty cz\u0142onkowskiej na Rzecz Rady Rodzic\u00f3w z dopiskiem<\/span>\n<span style=\"color: #800080;\">\u201ewyprawka \u015bwietlicowa\u201d, kt\u00f3ra umo\u017cliwi nam zakup materia\u0142\u00f3w plastycznych, zabawek i upomink\u00f3w\/nagr\u00f3d dla dzieci przebywaj\u0105cych w \u015bwietlicy. Op\u0142ata wynosi 35z\u0142 na ca\u0142y rok szkolny.<\/span>\n<span style=\"font-size: 10pt; color: #993366;\"><strong>Konto Rady Rodzic\u00f3w: Rada Rodzic\u00f3w SP 184<\/strong><\/span>\n<span style=\"font-size: 10pt; color: #993366;\"><strong>Prosimy o dokonywanie wp\u0142at na rachunek PKO BP SA VII Oddzia\u0142 w \u0141odzi ul. Zgierska 223<\/strong><\/span>\n<span style=\"font-size: 10pt; color: #993366;\"><strong>14 1020 3408 0000 4402 0475 3515<\/strong><\/span>\n\n&nbsp;\n--><br \/>\n<b>G\u0142\u00f3wnymi celami pracy wychowawc\u00f3w \u015bwietlicy s\u0105:<\/b><\/p>\n<ul>\n<li>rozbudzanie zainteresowa\u0144, uzdolnie\u0144 i wra\u017cliwo\u015bci estetycznej dzieci,<\/li>\n<li>uczenie szacunku dla pracy innych,<\/li>\n<li>wdra\u017canie dzieci do samodzielnego i systematycznego odrabiania lekcji, samodzielnego my\u015blenia, formu\u0142owania wniosk\u00f3w i s\u0105d\u00f3w,<\/li>\n<li>podnoszenie poczucia w\u0142asnej warto\u015bci ucznia oraz przynale\u017cno\u015bci do grupy kole\u017ce\u0144skiej,<br \/>\njak i wsp\u00f3\u0142pracy w niej;<\/li>\n<li>pobudzanie tolerancji i otwarto\u015bci wobec innych.<\/li>\n<\/ul>\n<p><b>Ma\u0142a biurokracja<\/b><br \/>\n\u015awietlica &#8211; w dniach, w kt\u00f3rych odbywaj\u0105 si\u0119 zaj\u0119cia dydaktyczne &#8211; jest otwarta<br \/>\nw godzinach od 7:00 do 17:00.<br \/>\nDziecko przebywa w niej w godzinach wskazanych przez rodzic\u00f3w.<br \/>\nWychowawcy \u015bwietlicy zapewniaj\u0105 dzieciom w tym czasie opiek\u0119 wychowawcz\u0105,<br \/>\nrekreacj\u0119 i pomoc w nauce.<br \/>\nPrzyj\u0119cia uczni\u00f3w do \u015bwietlicy odbywaj\u0105 si\u0119 w pierwszym tygodniu wrze\u015bnia ka\u017cdego nowego roku szkolnego, na podstawie<b> Karty Zg\u0142oszenia<\/b> wype\u0142nionej przez rodzic\u00f3w lub prawnych opiekun\u00f3w.<br \/>\nCorocznie w \u015bwietlicy odbywaj\u0105 si\u0119, ciesz\u0105ce si\u0119 ogromnym uznaniem dzieci, imprezy okoliczno\u015bciowe,<br \/>\nw czasie kt\u00f3rych istnieje mo\u017cliwo\u015b\u0107 spotkania si\u0119 w szerszym gronie.<br \/>\nNale\u017c\u0105 do nich:<\/p>\n<ul>\n<li style=\"list-style-type: none;\">\n<ul>\n<li><b><i>Andrzejki<\/i><\/b> &#8211; odbywaj\u0105ce si\u0119 w listopadzie,<\/li>\n<li><b><i>Miko\u0142ajki<\/i><\/b>&#8211; w grudniu,<\/li>\n<li><b><i>Bal Karnawa\u0142owy<\/i><\/b> &#8211; w styczniu,<\/li>\n<li><b><i>Dzie\u0144 Dziecka<\/i><\/b> &#8211; w czerwcu.<\/li>\n<\/ul>\n<\/li>\n<\/ul>\n<p><b>W skr\u00f3cie:<\/b><br \/>\n<b>\u015awietlica jest czynna:<br \/>\n<\/b><b> <\/b><\/p>\n<ul>\n<li style=\"list-style-type: none;\">\n<ul>\n<li style=\"list-style-type: none;\">\n<ul>\n<li><b>od poniedzia\u0142ku &#8211; do pi\u0105tku w godz. 7:00-17:00<\/b> z wyj\u0105tkiem dni wolnych<br \/>\nod zaj\u0119\u0107 szkolnych oraz ferii \u015bwi\u0105tecznych lub semestralnych,<\/li>\n<li><b>w soboty,<\/b> w kt\u00f3rych odbywaj\u0105 si\u0119 zaj\u0119cia dydaktyczne w szkole,<br \/>\nw terminach wskazanych na dany rok szkolny kalendarzem zaj\u0119\u0107.<\/li>\n<\/ul>\n<\/li>\n<\/ul>\n<\/li>\n<\/ul>\n<p><b>Zapisy do \u015bwietlicy:<\/b><\/p>\n<ul>\n<li style=\"list-style-type: none;\">\n<ul>\n<li style=\"list-style-type: none;\">\n<ul>\n<li>pierwszy tydzie\u0144 wrze\u015bnia danego roku szkolnego,<\/li>\n<li>w przypadku uczni\u00f3w klas I-szych r\u00f3wnie\u017c po pierwszym, sierpniowym zebraniu rodzic\u00f3w.<\/li>\n<\/ul>\n<\/li>\n<\/ul>\n<\/li>\n<\/ul>\n<p><b>Wyb\u00f3r:<\/b><\/p>\n<ul>\n<li style=\"list-style-type: none;\">\n<ul>\n<li>&#8222;klucz na szyi&#8221; i domowa samotno\u015b\u0107 lub<\/li>\n<li>fachowa, serdeczna i przyczyniaj\u0105ca si\u0119 do pe\u0142nego rozwoju opieka nauczycieli \u015bwietlicy.<\/li>\n<\/ul>\n<\/li>\n<\/ul>\n","protected":false},"excerpt":{"rendered":"<p>Do pobrania: Karta zapisu dziecka do \u015bwietlicy szkolnej (wersja 2025\/2026) Za\u0142\u0105cznik do o\u015bwiadczenia o osobach upowa\u017cnionych do odbioru dziecka ze \u015bwietlicy(wersja 2025\/2026) Upowa\u017cnienie do odbioru dziecka ze \u015bwietlicy szkolnej na zaj\u0119cia dodatkowe Zgoda na samodzielny powr\u00f3t dziecka ze szko\u0142y(wersja 2024\/2025) <a href=\"https:\/\/sp184lodz.edu.pl\/index.php\/strefa-rodzica\/organizacja-szkoly\/swietlica\/\" class=\"read-more\">czytaj wi\u0119cej &#8230;<\/a><\/p>\n","protected":false},"author":1,"featured_media":0,"parent":779,"menu_order":7,"comment_status":"closed","ping_status":"closed","template":"","meta":{"two_page_speed":[],"footnotes":""},"class_list":["post-525","page","type-page","status-publish","hentry"],"_links":{"self":[{"href":"https:\/\/sp184lodz.edu.pl\/index.php\/wp-json\/wp\/v2\/pages\/525","targetHints":{"allow":["GET"]}}],"collection":[{"href":"https:\/\/sp184lodz.edu.pl\/index.php\/wp-json\/wp\/v2\/pages"}],"about":[{"href":"https:\/\/sp184lodz.edu.pl\/index.php\/wp-json\/wp\/v2\/types\/page"}],"author":[{"embeddable":true,"href":"https:\/\/sp184lodz.edu.pl\/index.php\/wp-json\/wp\/v2\/users\/1"}],"replies":[{"embeddable":true,"href":"https:\/\/sp184lodz.edu.pl\/index.php\/wp-json\/wp\/v2\/comments?post=525"}],"version-history":[{"count":31,"href":"https:\/\/sp184lodz.edu.pl\/index.php\/wp-json\/wp\/v2\/pages\/525\/revisions"}],"predecessor-version":[{"id":20814,"href":"https:\/\/sp184lodz.edu.pl\/index.php\/wp-json\/wp\/v2\/pages\/525\/revisions\/20814"}],"up":[{"embeddable":true,"href":"https:\/\/sp184lodz.edu.pl\/index.php\/wp-json\/wp\/v2\/pages\/779"}],"wp:attachment":[{"href":"https:\/\/sp184lodz.edu.pl\/index.php\/wp-json\/wp\/v2\/media?parent=525"}],"curies":[{"name":"wp","href":"https:\/\/api.w.org\/{rel}","templated":true}]}}