{"id":527,"date":"2017-03-19T19:29:36","date_gmt":"2017-03-19T18:29:36","guid":{"rendered":"http:\/\/sp184lodz.edu.pl\/?page_id=527"},"modified":"2023-09-22T12:15:38","modified_gmt":"2023-09-22T10:15:38","slug":"jadalnia","status":"publish","type":"page","link":"https:\/\/sp184lodz.edu.pl\/index.php\/strefa-rodzica\/organizacja-szkoly\/jadalnia\/","title":{"rendered":"Jadalnia"},"content":{"rendered":"<p align=\"center\"><img loading=\"lazy\" decoding=\"async\" class=\"alignleft size-full wp-image-2351\" src=\"http:\/\/sp184lodz.edu.pl\/wp-content\/uploads\/2017\/09\/obiad.png\" alt=\"\" width=\"200\" height=\"176\" \/>W naszej sto\u0142\u00f3wce pracuj\u0105: <b><br \/>\n<\/b><b>pani Dorota Wasiak<br \/>\nprzy du\u017cej pomocy<br \/>\np. Agnieszki Kwapiszewskiej<br \/>\noraz<br \/>\np. Anety Lankiewicz-Matuszczak.<\/b><br \/>\nObiady mo\u017cna wykupi\u0107 w kasie Przedszkola Miejskiego NR 231 (tu\u017c obok naszej szko\u0142y).<br \/>\nSto\u0142\u00f3wka mie\u015bci si\u0119 w sali 118 E (I pi\u0119tro).<\/p>\n<p><span style=\"color: #ff0000;\"><strong>ZASADY OP\u0141AT ZA OBIADY SZKOLNE<\/strong><\/span><\/p>\n<p><span style=\"color: #ff0000;\">Informujemy, \u017ce od <strong><span style=\"font-size: 18pt;\">2.10.2018r.<\/span> <\/strong>uleg\u0142y zmianie zasady op\u0142at za obiady szkolne. Podstaw\u0105 korzystania z obiad\u00f3w jest zawarcie umowy z Przedszkolem 231, kt\u00f3re przygotowuje posi\u0142ki.<br \/>\n<a href=\"https:\/\/sp184lodz.edu.pl\/wp-content\/uploads\/2023\/09\/Informacja-dotyczaca-zasad-korzystania-z-obiadow-szkolnych-2023-2024-1.pdf\" target=\"_blank\" rel=\"noopener\"><span style=\"color: #ff6600;\"><em><strong>umowa &#8211; obiady<\/strong><\/em><\/span><\/a><\/span><\/p>\n<p><span style=\"color: #ff0000;\">Informacj\u0119 o wysoko\u015bci op\u0142at za obiady b\u0119dzie mo\u017cna uzyska\u0107 od 3-go dnia roboczego<\/span><\/p>\n<p><span style=\"color: #ff0000;\">Informacj\u0119 o nale\u017cno\u015bci do zap\u0142aty mo\u017cna uzyska\u0107 telefonicznie: +48(42) 658-19-64 od<br \/>\nponiedzia\u0142ku do pi\u0105tku w godzinach 7:00 \u2013 17:00, lub via e-mail: obiady.szkolne@pm231.elodz.edu.pl<\/span><\/p>\n<p><span style=\"color: #ff0000;\">W\u00a0 nazwie przelewu wpisujemy imi\u0119 i nazwisko dziecka oraz klas\u0119.<\/span><\/p>\n<p><span style=\"color: #ff0000;\">Wp\u0142aty miesi\u0119cznej op\u0142aty za wy\u017cywienie nale\u017cy dokonywa\u0107 na rachunek bankowy Przedszkola:<br \/>\n<b>63 1240 1037 1111 0011 0912 5485<\/b><\/span><\/p>\n<p><span style=\"color: #ff0000;\">Nieobecno\u015b\u0107 dziecka (choroba, wycieczka i inne) nale\u017cy zg\u0142asza\u0107 wy\u0142\u0105cznie telefonicznie do<br \/>\nPrzedszkola pod numer 42 658-19-64 najp\u00f3\u017aniej do godziny 9.00 w dniu nieobecno\u015bci<\/span><\/p>\n","protected":false},"excerpt":{"rendered":"<p>W naszej sto\u0142\u00f3wce pracuj\u0105: pani Dorota Wasiak przy du\u017cej pomocy p. Agnieszki Kwapiszewskiej oraz p. Anety Lankiewicz-Matuszczak. Obiady mo\u017cna wykupi\u0107 w kasie Przedszkola Miejskiego NR 231 (tu\u017c obok naszej szko\u0142y). Sto\u0142\u00f3wka mie\u015bci si\u0119 w sali 118 E (I pi\u0119tro). ZASADY <a href=\"https:\/\/sp184lodz.edu.pl\/index.php\/strefa-rodzica\/organizacja-szkoly\/jadalnia\/\" class=\"read-more\">czytaj wi\u0119cej &#8230;<\/a><\/p>\n","protected":false},"author":1,"featured_media":0,"parent":779,"menu_order":6,"comment_status":"closed","ping_status":"closed","template":"","meta":{"two_page_speed":[],"footnotes":""},"class_list":["post-527","page","type-page","status-publish","hentry"],"_links":{"self":[{"href":"https:\/\/sp184lodz.edu.pl\/index.php\/wp-json\/wp\/v2\/pages\/527","targetHints":{"allow":["GET"]}}],"collection":[{"href":"https:\/\/sp184lodz.edu.pl\/index.php\/wp-json\/wp\/v2\/pages"}],"about":[{"href":"https:\/\/sp184lodz.edu.pl\/index.php\/wp-json\/wp\/v2\/types\/page"}],"author":[{"embeddable":true,"href":"https:\/\/sp184lodz.edu.pl\/index.php\/wp-json\/wp\/v2\/users\/1"}],"replies":[{"embeddable":true,"href":"https:\/\/sp184lodz.edu.pl\/index.php\/wp-json\/wp\/v2\/comments?post=527"}],"version-history":[{"count":16,"href":"https:\/\/sp184lodz.edu.pl\/index.php\/wp-json\/wp\/v2\/pages\/527\/revisions"}],"predecessor-version":[{"id":15572,"href":"https:\/\/sp184lodz.edu.pl\/index.php\/wp-json\/wp\/v2\/pages\/527\/revisions\/15572"}],"up":[{"embeddable":true,"href":"https:\/\/sp184lodz.edu.pl\/index.php\/wp-json\/wp\/v2\/pages\/779"}],"wp:attachment":[{"href":"https:\/\/sp184lodz.edu.pl\/index.php\/wp-json\/wp\/v2\/media?parent=527"}],"curies":[{"name":"wp","href":"https:\/\/api.w.org\/{rel}","templated":true}]}}