{"id":529,"date":"2017-03-19T19:30:57","date_gmt":"2017-03-19T18:30:57","guid":{"rendered":"http:\/\/sp184lodz.edu.pl\/?page_id=529"},"modified":"2017-04-12T10:19:44","modified_gmt":"2017-04-12T08:19:44","slug":"szkolne-studio-rtv","status":"publish","type":"page","link":"https:\/\/sp184lodz.edu.pl\/index.php\/strefa-ucznia\/poczet-sztandarowy\/szkolne-studio-rtv\/","title":{"rendered":"Radio U\u015bmiech"},"content":{"rendered":"<table align=\"center\">\n<tbody>\n<tr>\n<td align=\"center\">\n<h3 class=\"naglowek\">SZKOLNE STUDIO RTV<\/h3>\n<\/td>\n<\/tr>\n<tr>\n<td align=\"center\"><img decoding=\"async\" src=\"http:\/\/www.sp184lodz.republika.pl\/studio3.jpg\" \/><\/td>\n<\/tr>\n<tr>\n<td align=\"center\">STUDIO RTV mie\u015bci si\u0119 w s. 105E.<\/td>\n<\/tr>\n<tr>\n<td align=\"center\"><img decoding=\"async\" src=\"http:\/\/www.sp184lodz.republika.pl\/szef.jpg\" \/><\/td>\n<\/tr>\n<\/tbody>\n<\/table>\n<table align=\"center\">\n<tbody>\n<tr>\n<td align=\"center\"><\/td>\n<\/tr>\n<tr>\n<td align=\"center\">Nagrania audycji, emisj\u0119 program\u00f3w, opraw\u0119 akustyczn\u0105 zabaw i uroczysto\u015bci<br \/>\nrealizuje p. Krzysztof Baranowski.<\/td>\n<\/tr>\n<\/tbody>\n<\/table>\n<table align=\"center\">\n<tbody>\n<tr>\n<td><img decoding=\"async\" src=\"http:\/\/www.sp184lodz.republika.pl\/studio.gif\" \/><\/td>\n<\/tr>\n<\/tbody>\n<\/table>\n","protected":false},"excerpt":{"rendered":"<p>SZKOLNE STUDIO RTV STUDIO RTV mie\u015bci si\u0119 w s. 105E. Nagrania audycji, emisj\u0119 program\u00f3w, opraw\u0119 akustyczn\u0105 zabaw i uroczysto\u015bci realizuje p. Krzysztof Baranowski.<\/p>\n","protected":false},"author":1,"featured_media":0,"parent":439,"menu_order":1,"comment_status":"closed","ping_status":"closed","template":"","meta":{"two_page_speed":[],"footnotes":""},"class_list":["post-529","page","type-page","status-publish","hentry"],"_links":{"self":[{"href":"https:\/\/sp184lodz.edu.pl\/index.php\/wp-json\/wp\/v2\/pages\/529","targetHints":{"allow":["GET"]}}],"collection":[{"href":"https:\/\/sp184lodz.edu.pl\/index.php\/wp-json\/wp\/v2\/pages"}],"about":[{"href":"https:\/\/sp184lodz.edu.pl\/index.php\/wp-json\/wp\/v2\/types\/page"}],"author":[{"embeddable":true,"href":"https:\/\/sp184lodz.edu.pl\/index.php\/wp-json\/wp\/v2\/users\/1"}],"replies":[{"embeddable":true,"href":"https:\/\/sp184lodz.edu.pl\/index.php\/wp-json\/wp\/v2\/comments?post=529"}],"version-history":[{"count":2,"href":"https:\/\/sp184lodz.edu.pl\/index.php\/wp-json\/wp\/v2\/pages\/529\/revisions"}],"predecessor-version":[{"id":564,"href":"https:\/\/sp184lodz.edu.pl\/index.php\/wp-json\/wp\/v2\/pages\/529\/revisions\/564"}],"up":[{"embeddable":true,"href":"https:\/\/sp184lodz.edu.pl\/index.php\/wp-json\/wp\/v2\/pages\/439"}],"wp:attachment":[{"href":"https:\/\/sp184lodz.edu.pl\/index.php\/wp-json\/wp\/v2\/media?parent=529"}],"curies":[{"name":"wp","href":"https:\/\/api.w.org\/{rel}","templated":true}]}}