{"id":631,"date":"2017-04-09T15:25:30","date_gmt":"2017-04-09T13:25:30","guid":{"rendered":"http:\/\/sp184lodz.edu.pl\/?page_id=631"},"modified":"2025-09-01T17:37:24","modified_gmt":"2025-09-01T15:37:24","slug":"regulamin-swietlicy","status":"publish","type":"page","link":"https:\/\/sp184lodz.edu.pl\/index.php\/szkola\/regulamin-swietlicy\/","title":{"rendered":"Regulamin \u015awietlicy"},"content":{"rendered":"<table align=\"center\">\n<tbody>\n<tr>\n<td align=\"center\">\n<h2>REGULAMIN \u015aWIETLICY<\/h2>\n<h2><img loading=\"lazy\" decoding=\"async\" class=\"alignnone size-medium\" src=\"http:\/\/sp184lodz.edu.pl\/wp-content\/uploads\/2017\/04\/swietl.gif\" width=\"539\" height=\"377\" \/><\/h2>\n<h2>SZKO\u0141Y PODSTAWOWEJ NR 184<\/h2>\n<h3>im. Honorowych Obywateli Miasta \u0141odzi<\/h3>\n<h4>ul. Syrenki 19 a<\/h4>\n<h4>91 &#8211; 496 \u0141\u00f3d\u017a<\/h4>\n<\/td>\n<\/tr>\n<tr>\n<td align=\"center\"><a href=\"https:\/\/sp184lodz.edu.pl\/wp-content\/uploads\/2025\/09\/Regulamin-swietlicy-2025_26.pdf\" target=\"_blank\" rel=\"noopener\"> <i>pobierz pdf<\/i><\/a><a href=\"https:\/\/sp184lodz.edu.pl\/wp-content\/uploads\/2025\/09\/Regulamin-swietlicy-2025_26.pdf\" target=\"_blank\" rel=\"noopener\"><img loading=\"lazy\" decoding=\"async\" class=\"aligncenter wp-image-325\" src=\"http:\/\/sp184lodz.edu.pl\/wp-content\/uploads\/2017\/03\/logo-pdf.gif\" alt=\"\" width=\"91\" height=\"84\" \/><\/a><\/td>\n<\/tr>\n<\/tbody>\n<\/table>\n","protected":false},"excerpt":{"rendered":"<p>REGULAMIN \u015aWIETLICY SZKO\u0141Y PODSTAWOWEJ NR 184 im. Honorowych Obywateli Miasta \u0141odzi ul. Syrenki 19 a 91 &#8211; 496 \u0141\u00f3d\u017a pobierz pdf<\/p>\n","protected":false},"author":1,"featured_media":0,"parent":151,"menu_order":5,"comment_status":"closed","ping_status":"closed","template":"","meta":{"two_page_speed":[],"footnotes":""},"class_list":["post-631","page","type-page","status-publish","hentry"],"_links":{"self":[{"href":"https:\/\/sp184lodz.edu.pl\/index.php\/wp-json\/wp\/v2\/pages\/631","targetHints":{"allow":["GET"]}}],"collection":[{"href":"https:\/\/sp184lodz.edu.pl\/index.php\/wp-json\/wp\/v2\/pages"}],"about":[{"href":"https:\/\/sp184lodz.edu.pl\/index.php\/wp-json\/wp\/v2\/types\/page"}],"author":[{"embeddable":true,"href":"https:\/\/sp184lodz.edu.pl\/index.php\/wp-json\/wp\/v2\/users\/1"}],"replies":[{"embeddable":true,"href":"https:\/\/sp184lodz.edu.pl\/index.php\/wp-json\/wp\/v2\/comments?post=631"}],"version-history":[{"count":9,"href":"https:\/\/sp184lodz.edu.pl\/index.php\/wp-json\/wp\/v2\/pages\/631\/revisions"}],"predecessor-version":[{"id":20811,"href":"https:\/\/sp184lodz.edu.pl\/index.php\/wp-json\/wp\/v2\/pages\/631\/revisions\/20811"}],"up":[{"embeddable":true,"href":"https:\/\/sp184lodz.edu.pl\/index.php\/wp-json\/wp\/v2\/pages\/151"}],"wp:attachment":[{"href":"https:\/\/sp184lodz.edu.pl\/index.php\/wp-json\/wp\/v2\/media?parent=631"}],"curies":[{"name":"wp","href":"https:\/\/api.w.org\/{rel}","templated":true}]}}