{"id":660,"date":"2017-04-09T16:39:56","date_gmt":"2017-04-09T14:39:56","guid":{"rendered":"http:\/\/sp184lodz.edu.pl\/?page_id=660"},"modified":"2024-01-12T15:07:24","modified_gmt":"2024-01-12T14:07:24","slug":"regulamin-biblioteki","status":"publish","type":"page","link":"https:\/\/sp184lodz.edu.pl\/index.php\/szkola\/regulamin-biblioteki\/","title":{"rendered":"Regulamin Biblioteki"},"content":{"rendered":"<table align=\"center\">\n<tbody>\n<tr>\n<td align=\"center\">\n<h2>REGULAMIN BIBLIOTEKI<\/h2>\n<h2><img loading=\"lazy\" decoding=\"async\" class=\"alignnone size-medium\" src=\"http:\/\/sp184lodz.edu.pl\/wp-content\/uploads\/2017\/04\/b-a.gif\" width=\"300\" height=\"258\" \/><\/h2>\n<h2>SZKO\u0141Y PODSTAWOWEJ NR 184<\/h2>\n<h3>im. Honorowych Obywateli Miasta \u0141odzi<\/h3>\n<h4>ul. Syrenki 19 a<\/h4>\n<h4>91 &#8211; 496 \u0141\u00f3d\u017a<\/h4>\n<\/td>\n<\/tr>\n<tr>\n<td align=\"center\"><a href=\"http:\/\/sp184lodz.edu.pl\/wp-content\/uploads\/2017\/04\/r_biblioteki.pdf\" target=\"_blank\" rel=\"noopener\"> <i>pobierz pdf<\/i><\/a><a href=\"http:\/\/sp184lodz.edu.pl\/wp-content\/uploads\/2017\/04\/r_biblioteki.pdf\" target=\"_blank\" rel=\"noopener\"><img loading=\"lazy\" decoding=\"async\" class=\"aligncenter wp-image-325\" src=\"http:\/\/sp184lodz.edu.pl\/wp-content\/uploads\/2017\/03\/logo-pdf.gif\" alt=\"\" width=\"91\" height=\"84\" \/><\/a><\/td>\n<\/tr>\n<\/tbody>\n<\/table>\n","protected":false},"excerpt":{"rendered":"<p>REGULAMIN BIBLIOTEKI SZKO\u0141Y PODSTAWOWEJ NR 184 im. Honorowych Obywateli Miasta \u0141odzi ul. Syrenki 19 a 91 &#8211; 496 \u0141\u00f3d\u017a pobierz pdf<\/p>\n","protected":false},"author":1,"featured_media":0,"parent":151,"menu_order":4,"comment_status":"closed","ping_status":"closed","template":"","meta":{"two_page_speed":[],"footnotes":""},"class_list":["post-660","page","type-page","status-publish","hentry"],"_links":{"self":[{"href":"https:\/\/sp184lodz.edu.pl\/index.php\/wp-json\/wp\/v2\/pages\/660","targetHints":{"allow":["GET"]}}],"collection":[{"href":"https:\/\/sp184lodz.edu.pl\/index.php\/wp-json\/wp\/v2\/pages"}],"about":[{"href":"https:\/\/sp184lodz.edu.pl\/index.php\/wp-json\/wp\/v2\/types\/page"}],"author":[{"embeddable":true,"href":"https:\/\/sp184lodz.edu.pl\/index.php\/wp-json\/wp\/v2\/users\/1"}],"replies":[{"embeddable":true,"href":"https:\/\/sp184lodz.edu.pl\/index.php\/wp-json\/wp\/v2\/comments?post=660"}],"version-history":[{"count":6,"href":"https:\/\/sp184lodz.edu.pl\/index.php\/wp-json\/wp\/v2\/pages\/660\/revisions"}],"predecessor-version":[{"id":16581,"href":"https:\/\/sp184lodz.edu.pl\/index.php\/wp-json\/wp\/v2\/pages\/660\/revisions\/16581"}],"up":[{"embeddable":true,"href":"https:\/\/sp184lodz.edu.pl\/index.php\/wp-json\/wp\/v2\/pages\/151"}],"wp:attachment":[{"href":"https:\/\/sp184lodz.edu.pl\/index.php\/wp-json\/wp\/v2\/media?parent=660"}],"curies":[{"name":"wp","href":"https:\/\/api.w.org\/{rel}","templated":true}]}}