{"id":674,"date":"2017-04-09T17:13:01","date_gmt":"2017-04-09T15:13:01","guid":{"rendered":"http:\/\/sp184lodz.edu.pl\/?page_id=674"},"modified":"2025-02-21T13:47:23","modified_gmt":"2025-02-21T12:47:23","slug":"regulamin-plywalni","status":"publish","type":"page","link":"https:\/\/sp184lodz.edu.pl\/index.php\/szkola\/regulamin-plywalni\/","title":{"rendered":"Regulamin P\u0142ywalni"},"content":{"rendered":"<h2 style=\"text-align: center; color: blue;\"><span style=\"color: #000080;\">REGULAMIN P\u0141YWALNI<\/span><br \/>\n<span style=\"color: #000080;\">SZKO\u0141Y PODSTAWOWEJ NR 184<\/span><br \/>\n<span style=\"color: #000080;\">im. Honorowych Obywateli Miasta \u0141odzi<\/span><\/h2>\n<h4 style=\"text-align: center; color: blue;\">(obowi\u0105zuje od dnia 14.10.2021 r.)<\/h4>\n<h4 style=\"text-align: center; color: blue;\">ul. Syrenki 19 a<br \/>\n91 &#8211; 496 \u0141\u00f3d\u017a<\/h4>\n<h2><img loading=\"lazy\" decoding=\"async\" class=\"size-medium alignright\" src=\"http:\/\/sp184lodz.edu.pl\/wp-content\/uploads\/2017\/04\/basen.gif\" width=\"539\" height=\"377\" \/><\/h2>\n<ol>\n<li>Z p\u0142ywalni mog\u0105 korzysta\u0107:<\/li>\n<\/ol>\n<ul>\n<li>grupy szkolne wed\u0142ug ustalonego rozk\u0142adu zaj\u0119\u0107 p\u0142ywalni,<\/li>\n<li>osoby indywidualne lub grupy zorganizowane za okazaniem karty wst\u0119pu lub biletu w godzinach wyznaczonych przez kierownika p\u0142ywalni.<\/li>\n<\/ul>\n<ol start=\"2\">\n<li>Zaj\u0119cia na p\u0142ywalni mog\u0105 si\u0119 odbywa\u0107 tylko w obecno\u015bci ratownika, a dla grup nauki lub doskonalenia p\u0142ywania oraz innych zorganizowanych grup, dodatkowo w obecno\u015bci instruktora lub trenera.<\/li>\n<li>Dzieci do lat 12 mog\u0105 przebywa\u0107 na terenie p\u0142ywalni oraz k\u0105pa\u0107 si\u0119 wy\u0142\u0105cznie pod opiek\u0105 os\u00f3b pe\u0142noletnich<\/li>\n<li>W zaj\u0119ciach p\u0142ywania mog\u0105 bra\u0107 udzia\u0142 osoby zdrowe, bez przeciwwskaza\u0144 lekarskich.<\/li>\n<li>Osoby, kt\u00f3rych stan wskazuje na spo\u017cycie alkoholu lub s\u0105 pod wp\u0142ywem \u015brodk\u00f3w odurzaj\u0105cych oraz osoby z zewn\u0119trznymi oznakami chor\u00f3b stwarzaj\u0105cych zagro\u017cenia zdrowia i bezpiecze\u0144stwa innych u\u017cytkownik\u00f3w nie b\u0119d\u0105 wpuszczane na p\u0142ywalni\u0119.<\/li>\n<li>Nauka lub doskonalenie p\u0142ywania na p\u0142ywalni odbywaj\u0105 si\u0119 w grupach nie przekraczaj\u0105cych 15 os\u00f3b na jedn\u0105 osob\u0119 prowadz\u0105c\u0105 zaj\u0119cia.<\/li>\n<li>Na p\u0142ywalni\u0119 wszystkie osoby z grupy wchodz\u0105 r\u00f3wnocze\u015bnie pod opiek\u0105 nauczyciela.<\/li>\n<li>Przed wej\u015bciem do przebieralni nale\u017cy odzie\u017c wierzchni\u0105 oraz obuwie (schowane w worku) przekaza\u0107 do szatni og\u00f3lnej i pobra\u0107 klucz do szafki.<\/li>\n<li>Na p\u0142ywalni obowi\u0105zuje:\n<ul>\n<li>noszenie stroju k\u0105pielowego,<\/li>\n<li>noszenie czepka,<\/li>\n<li>noszenie klapek lub trep\u00f3w,<\/li>\n<li>posiadanie r\u0119cznika i \u015brodk\u00f3w do mycia.<\/li>\n<\/ul>\n<\/li>\n<li>Grupy i osoby korzystaj\u0105ce z p\u0142ywalni uprawnione s\u0105 do korzystania szatni (rozbieralni) na 10 minut przed rozpocz\u0119ciem zaj\u0119\u0107. Po zaj\u0119ciach szatnia powinna by\u0107 jak najszybciej opuszczona.<\/li>\n<li>Ka\u017cd\u0105 osob\u0119 obowi\u0105zuje, przed pierwszym wej\u015bciem do wody, dok\u0142adne umycie si\u0119 pod natryskiem.<\/li>\n<li>Za bezpiecze\u0144stwo os\u00f3b przebywaj\u0105cych na basenie ponosi odpowiedzialno\u015b\u0107 ratownik i prowadz\u0105cy zaj\u0119cia. Osoby te maj\u0105 obowi\u0105zek sprawdzenia liczby uczestnik\u00f3w przed, i po zaj\u0119ciach.<\/li>\n<li>Sp\u00f3\u017anieni nie b\u0119d\u0105 wpuszczani na zaj\u0119cia. W szczeg\u00f3lnych przypadkach (np. skorzystanie z toalety), ka\u017cde wyj\u015bcie i wej\u015bcie na basen musi by\u0107 zg\u0142aszane ratownikowi.<\/li>\n<li>Na p\u0142ywalni obowi\u0105zuje zachowanie porz\u0105dku, spokoju i ciszy oraz bezwzgl\u0119dne podporz\u0105dkowanie si\u0119 decyzj\u0105 ratownika i prowadz\u0105cego zaj\u0119cia.<\/li>\n<li>Korzystaj\u0105cym z p\u0142ywalni nie wolno powodowa\u0107 sytuacji zagra\u017caj\u0105cej bezpiecze\u0144stwu, a w szczeg\u00f3lno\u015bci:\n<ul>\n<li>wchodzi\u0107 do wody bez zezwolenia,<\/li>\n<li>biega\u0107 po chodnikach wok\u00f3\u0142 niecki basenowej,<\/li>\n<li>skaka\u0107 do wody,<\/li>\n<li>zanieczyszcza\u0107 wody.<\/li>\n<\/ul>\n<\/li>\n<li>Na terenie obiektu obowi\u0105zuje bezwzgl\u0119dny zakaz palenia tytoniu oraz sprzeda\u017cy, spo\u017cywania, wnoszenia i podawania napoj\u00f3w alkoholowych.<\/li>\n<li>Za przedmioty warto\u015bciowe pozostawione w szatni kierownictwo p\u0142ywalni nie ponosi odpowiedzialno\u015bci.<\/li>\n<li>Za zgubiony lub zniszczony kluczyk ponosi si\u0119 odpowiedzialno\u015b\u0107 materialn\u0105.<\/li>\n<li>Osoby niszcz\u0105ce sprz\u0119t lub urz\u0105dzenia p\u0142ywalni ponosz\u0105 odpowiedzialno\u015b\u0107 materialn\u0105 za wyrz\u0105dzone szkody.<\/li>\n<li>Osoby naruszaj\u0105ce porz\u0105dek publiczny lub przepisy regulaminu b\u0119d\u0105 usuwane z terenu p\u0142ywalni.<\/li>\n<\/ol>\n<p>&nbsp;<\/p>\n<p><!-- <em>Regulamin opracowano na podstawie Wytycznych G\u0142\u00f3wnego Inspektoratu Sanitarnego w sprawie wymaga\u0144 jako\u015bci wody oraz warunk\u00f3w sanitarno-higienicznych na p\u0142ywalniach z pa\u017adziernika 2014 r. \u2013 obowi\u0105zuje od dnia 14.10.2021 r. <\/em>--><\/p>\n<p><img loading=\"lazy\" decoding=\"async\" class=\"aligncenter size-full wp-image-1023\" src=\"http:\/\/sp184lodz.edu.pl\/wp-content\/uploads\/2017\/03\/liniaa.gif\" alt=\"\" width=\"534\" height=\"8\" \/><br \/>\n<!--\n\n\n<p style=\"text-align: center; color: red;\"><em>Regulamin opracowano na podstawie Rozporz\u0105dzenia Rady Ministr\u00f3w z dnia 6 maja 1997 r. (Dz.U. 1997 nr 57 poz.358 z p\u00f3\u017aniejszymi zmianami).<\/em><\/p>\n\n\n--><\/p>\n<p style=\"text-align: center;\"><a href=\"https:\/\/sp184lodz.edu.pl\/wp-content\/uploads\/2021\/10\/regulamin_plywalni_2021.pdf\" target=\"_blank\" rel=\"noopener noreferrer\"> <i>pobierz pdf<\/i><\/a><a href=\"https:\/\/sp184lodz.edu.pl\/wp-content\/uploads\/2021\/10\/regulamin_plywalni_2021.pdf\" target=\"_blank\" rel=\"noopener noreferrer\"><img loading=\"lazy\" decoding=\"async\" class=\"aligncenter wp-image-325\" src=\"http:\/\/sp184lodz.edu.pl\/wp-content\/uploads\/2017\/03\/logo-pdf.gif\" alt=\"\" width=\"91\" height=\"84\" \/><\/a><\/p>\n","protected":false},"excerpt":{"rendered":"<p>REGULAMIN P\u0141YWALNI SZKO\u0141Y PODSTAWOWEJ NR 184 im. Honorowych Obywateli Miasta \u0141odzi (obowi\u0105zuje od dnia 14.10.2021 r.) ul. Syrenki 19 a 91 &#8211; 496 \u0141\u00f3d\u017a Z p\u0142ywalni mog\u0105 korzysta\u0107: grupy szkolne wed\u0142ug ustalonego rozk\u0142adu zaj\u0119\u0107 p\u0142ywalni, osoby indywidualne lub grupy zorganizowane <a href=\"https:\/\/sp184lodz.edu.pl\/index.php\/szkola\/regulamin-plywalni\/\" class=\"read-more\">czytaj wi\u0119cej &#8230;<\/a><\/p>\n","protected":false},"author":1,"featured_media":0,"parent":151,"menu_order":0,"comment_status":"closed","ping_status":"closed","template":"","meta":{"two_page_speed":[],"footnotes":""},"class_list":["post-674","page","type-page","status-publish","hentry"],"_links":{"self":[{"href":"https:\/\/sp184lodz.edu.pl\/index.php\/wp-json\/wp\/v2\/pages\/674","targetHints":{"allow":["GET"]}}],"collection":[{"href":"https:\/\/sp184lodz.edu.pl\/index.php\/wp-json\/wp\/v2\/pages"}],"about":[{"href":"https:\/\/sp184lodz.edu.pl\/index.php\/wp-json\/wp\/v2\/types\/page"}],"author":[{"embeddable":true,"href":"https:\/\/sp184lodz.edu.pl\/index.php\/wp-json\/wp\/v2\/users\/1"}],"replies":[{"embeddable":true,"href":"https:\/\/sp184lodz.edu.pl\/index.php\/wp-json\/wp\/v2\/comments?post=674"}],"version-history":[{"count":17,"href":"https:\/\/sp184lodz.edu.pl\/index.php\/wp-json\/wp\/v2\/pages\/674\/revisions"}],"predecessor-version":[{"id":19923,"href":"https:\/\/sp184lodz.edu.pl\/index.php\/wp-json\/wp\/v2\/pages\/674\/revisions\/19923"}],"up":[{"embeddable":true,"href":"https:\/\/sp184lodz.edu.pl\/index.php\/wp-json\/wp\/v2\/pages\/151"}],"wp:attachment":[{"href":"https:\/\/sp184lodz.edu.pl\/index.php\/wp-json\/wp\/v2\/media?parent=674"}],"curies":[{"name":"wp","href":"https:\/\/api.w.org\/{rel}","templated":true}]}}