{"id":680,"date":"2017-04-09T17:23:59","date_gmt":"2017-04-09T15:23:59","guid":{"rendered":"http:\/\/sp184lodz.edu.pl\/?page_id=680"},"modified":"2025-02-21T14:05:40","modified_gmt":"2025-02-21T13:05:40","slug":"karta-duzej-rodziny","status":"publish","type":"page","link":"https:\/\/sp184lodz.edu.pl\/index.php\/szkola\/karta-duzej-rodziny\/","title":{"rendered":"Karta Du\u017cej Rodziny"},"content":{"rendered":"<h2 style=\"text-align: center; color: blue;\"><span style=\"color: #000080;\"><strong>Procedura korzystania z p\u0142ywalni<img loading=\"lazy\" decoding=\"async\" class=\" wp-image-19924 alignleft\" src=\"https:\/\/sp184lodz.edu.pl\/wp-content\/uploads\/2025\/02\/karta.png\" alt=\"\" width=\"161\" height=\"153\" \/><br \/>\nprzy Szkole Podstawowej 184 w \u0141odzi<br \/>\nprzez<br \/>\n\u201e\u0141\u00f3dzk\u0105 Kart\u0119 Du\u017cej Rodziny\u201d<\/strong><\/span><\/h2>\n<ol>\n<li><span style=\"color: #003300;\">Celem procedury jest okre\u015blenie i ujednolicenie zasad organizacji dotycz\u0105cych systemu korzystania z p\u0142ywalni przy SP 184 przez osoby posiadaj\u0105ce<\/span><br \/>\n<span style=\"color: #003300;\"><strong> \u201e\u0141\u00f3dzk\u0105 Kart\u0119 Du\u017cej Rodziny\u201d<\/strong> (zwanej dalej \u0141KDR).<\/span><\/li>\n<li><span style=\"color: #003300;\">Korzystanie z p\u0142ywalni przez u\u017cytkownik\u00f3w \u0141KDR jest bezp\u0142atne.<\/span><\/li>\n<li><span style=\"color: #003300;\">Posiadacze \u0141KDR mog\u0105 korzysta\u0107 z p\u0142ywalni w sobot\u0119 w godz.:<br \/>\n<\/span><span style=\"color: #003300;\"><span style=\"font-size: 14pt;\"><strong>12<sup>30 \u2013 <\/sup>13<sup>15 \u00a0 <\/sup>i \u00a0 13<sup>15 &#8211; <\/sup>14<\/strong><\/span><sup><span style=\"font-size: 14pt;\"><strong>00<\/strong><\/span><br \/>\n<\/sup> po uprzednim telefonicznym uzgodnieniu swojego przyj\u015bcia.<br \/>\n<strong>Preferujemy kolejno\u015b\u0107 zg\u0142osze\u0144.<\/strong><\/span><\/li>\n<\/ol>\n<ol start=\"4\">\n<li><span style=\"color: #003300;\">U\u017cytkownicy \u0141KDR mog\u0105 korzysta\u0107 tylko z jednego wej\u015bcia (45 min.).<\/span><\/li>\n<li><span style=\"color: #003300;\">Ze wzgl\u0119d\u00f3w organizacyjnych i bezpiecze\u0144stwa liczba os\u00f3b p\u0142ywaj\u0105cych z \u0141KDR nie mo\u017ce by\u0107 wi\u0119ksza ni\u017c 20 os\u00f3b w trakcie jednej godziny p\u0142ywania.<\/span><\/li>\n<li><span style=\"color: #003300;\">Dzieci nieletnie do lat 7 na p\u0142ywalni SP 184 mog\u0105 przebywa\u0107 wy\u0142\u0105cznie pod opiek\u0105 osoby pe\u0142noletniej.<\/span><\/li>\n<li><span style=\"color: #003300;\">Osoby z \u0141KDR mog\u0105 korzysta\u0107 z p\u0142ywalni po indywidualnym okazaniu Karty Du\u017cej Rodziny.<\/span><\/li>\n<li><span style=\"color: #003300;\">U\u017cytkownik\u00f3w \u0141KDR bezwzgl\u0119dnie obowi\u0105zuje Regulamin og\u00f3lny p\u0142ywalni.<\/span><\/li>\n<\/ol>\n<p style=\"text-align: right;\"><em>Dyrektor Szko\u0142y 184<\/em><\/p>\n<p><img loading=\"lazy\" decoding=\"async\" class=\"aligncenter size-full wp-image-1023\" src=\"http:\/\/sp184lodz.edu.pl\/wp-content\/uploads\/2017\/03\/liniaa.gif\" alt=\"\" width=\"534\" height=\"8\" \/><\/p>\n<p>&nbsp;<\/p>\n","protected":false},"excerpt":{"rendered":"<p>Procedura korzystania z p\u0142ywalni przy Szkole Podstawowej 184 w \u0141odzi przez \u201e\u0141\u00f3dzk\u0105 Kart\u0119 Du\u017cej Rodziny\u201d Celem procedury jest okre\u015blenie i ujednolicenie zasad organizacji dotycz\u0105cych systemu korzystania z p\u0142ywalni przy SP 184 przez osoby posiadaj\u0105ce \u201e\u0141\u00f3dzk\u0105 Kart\u0119 Du\u017cej Rodziny\u201d (zwanej dalej <a href=\"https:\/\/sp184lodz.edu.pl\/index.php\/szkola\/karta-duzej-rodziny\/\" class=\"read-more\">czytaj wi\u0119cej &#8230;<\/a><\/p>\n","protected":false},"author":1,"featured_media":0,"parent":151,"menu_order":0,"comment_status":"closed","ping_status":"closed","template":"","meta":{"two_page_speed":[],"footnotes":""},"class_list":["post-680","page","type-page","status-publish","hentry"],"_links":{"self":[{"href":"https:\/\/sp184lodz.edu.pl\/index.php\/wp-json\/wp\/v2\/pages\/680","targetHints":{"allow":["GET"]}}],"collection":[{"href":"https:\/\/sp184lodz.edu.pl\/index.php\/wp-json\/wp\/v2\/pages"}],"about":[{"href":"https:\/\/sp184lodz.edu.pl\/index.php\/wp-json\/wp\/v2\/types\/page"}],"author":[{"embeddable":true,"href":"https:\/\/sp184lodz.edu.pl\/index.php\/wp-json\/wp\/v2\/users\/1"}],"replies":[{"embeddable":true,"href":"https:\/\/sp184lodz.edu.pl\/index.php\/wp-json\/wp\/v2\/comments?post=680"}],"version-history":[{"count":15,"href":"https:\/\/sp184lodz.edu.pl\/index.php\/wp-json\/wp\/v2\/pages\/680\/revisions"}],"predecessor-version":[{"id":19927,"href":"https:\/\/sp184lodz.edu.pl\/index.php\/wp-json\/wp\/v2\/pages\/680\/revisions\/19927"}],"up":[{"embeddable":true,"href":"https:\/\/sp184lodz.edu.pl\/index.php\/wp-json\/wp\/v2\/pages\/151"}],"wp:attachment":[{"href":"https:\/\/sp184lodz.edu.pl\/index.php\/wp-json\/wp\/v2\/media?parent=680"}],"curies":[{"name":"wp","href":"https:\/\/api.w.org\/{rel}","templated":true}]}}