{"id":687,"date":"2017-04-09T17:51:55","date_gmt":"2017-04-09T15:51:55","guid":{"rendered":"http:\/\/sp184lodz.edu.pl\/?page_id=687"},"modified":"2022-05-12T18:43:36","modified_gmt":"2022-05-12T16:43:36","slug":"sekretariat","status":"publish","type":"page","link":"https:\/\/sp184lodz.edu.pl\/index.php\/strefa-rodzica\/organizacja-szkoly\/sekretariat\/","title":{"rendered":"Sekretariat"},"content":{"rendered":"<p align=\"center\"><i><strong>Sekretariat szko\u0142y mie\u015bci si\u0119 w pok. nr 113 E,<\/strong><br \/>\nczynny jest codziennie,<br \/>\npracuje tu<\/i><\/p>\n<h2 align=\"center\"><i>\u00a0<strong>p. Marta Fliszewska<br \/>\n<\/strong><\/i><\/h2>\n<h3 style=\"text-align: center;\">telefon 42 \u2013 658 -24-01<\/h3>\n<hr \/>\n<p style=\"text-align: center;\">poniedzia\u0142ek \u00a0\u00a0\u00a0\u00a0\u00a0\u00a0\u00a0\u00a0\u00a0 <strong>8<sup>15<\/sup>\u2013 15<sup>30<\/sup><\/strong><\/p>\n<p style=\"text-align: center;\">\u00a0 \u00a0wtorek \u00a0\u00a0\u00a0\u00a0\u00a0\u00a0\u00a0\u00a0\u00a0\u00a0\u00a0\u00a0\u00a0\u00a0\u00a0\u00a0\u00a0\u00a0\u00a0\u00a0 <strong>8<sup>00<\/sup>\u2013 15<sup>30<\/sup><\/strong><\/p>\n<p style=\"text-align: center;\">   \u015broda    &nbsp;&nbsp;&nbsp;&nbsp;&nbsp;&nbsp;&nbsp;&nbsp;&nbsp;&nbsp;&nbsp;&nbsp;&nbsp;&nbsp;&nbsp;&nbsp;&nbsp;&nbsp;&nbsp;&nbsp;       <span style=\"color: red;\">nieczynny<\/span><\/p>\n<p style=\"text-align: center;\">\u00a0 czwartek \u00a0\u00a0\u00a0\u00a0 \u00a0\u00a0\u00a0\u00a0\u00a0\u00a0\u00a0\u00a0\u00a0\u00a0\u00a0 <strong>8<sup>00<\/sup>\u2013 15<sup>30<\/sup><\/strong><\/p>\n<p style=\"text-align: center;\">\u00a0 \u00a0 pi\u0105tek \u00a0\u00a0\u00a0\u00a0\u00a0\u00a0\u00a0\u00a0\u00a0\u00a0\u00a0\u00a0\u00a0\u00a0\u00a0\u00a0\u00a0\u00a0\u00a0\u00a0\u00a0\u00a0 <strong>8<sup>00<\/sup>\u2013 15<sup>30<\/sup><\/strong><\/p>\n<p><!-- \n\n<p style=\"text-align: center;\"><em><strong>w czasie zebra\u0144 12<sup>00<\/sup>\u2013 19<sup>00<\/sup><\/strong><\/em><\/p>\n\n--><\/p>\n<p align=\"center\"><img loading=\"lazy\" decoding=\"async\" class=\"aligncenter size-full wp-image-515\" src=\"http:\/\/sp184lodz.edu.pl\/wp-content\/uploads\/2017\/03\/line50.gif\" alt=\"\" width=\"423\" height=\"43\" \/><\/p>\n","protected":false},"excerpt":{"rendered":"<p>Sekretariat szko\u0142y mie\u015bci si\u0119 w pok. nr 113 E, czynny jest codziennie, pracuje tu \u00a0p. Marta Fliszewska telefon 42 \u2013 658 -24-01 poniedzia\u0142ek \u00a0\u00a0\u00a0\u00a0\u00a0\u00a0\u00a0\u00a0\u00a0 815\u2013 1530 \u00a0 \u00a0wtorek \u00a0\u00a0\u00a0\u00a0\u00a0\u00a0\u00a0\u00a0\u00a0\u00a0\u00a0\u00a0\u00a0\u00a0\u00a0\u00a0\u00a0\u00a0\u00a0\u00a0 800\u2013 1530 \u015broda &nbsp;&nbsp;&nbsp;&nbsp;&nbsp;&nbsp;&nbsp;&nbsp;&nbsp;&nbsp;&nbsp;&nbsp;&nbsp;&nbsp;&nbsp;&nbsp;&nbsp;&nbsp;&nbsp;&nbsp; nieczynny \u00a0 czwartek \u00a0\u00a0\u00a0\u00a0 \u00a0\u00a0\u00a0\u00a0\u00a0\u00a0\u00a0\u00a0\u00a0\u00a0\u00a0 800\u2013 1530 <a href=\"https:\/\/sp184lodz.edu.pl\/index.php\/strefa-rodzica\/organizacja-szkoly\/sekretariat\/\" class=\"read-more\">czytaj wi\u0119cej &#8230;<\/a><\/p>\n","protected":false},"author":1,"featured_media":0,"parent":779,"menu_order":1,"comment_status":"closed","ping_status":"closed","template":"","meta":{"two_page_speed":[],"footnotes":""},"class_list":["post-687","page","type-page","status-publish","hentry"],"_links":{"self":[{"href":"https:\/\/sp184lodz.edu.pl\/index.php\/wp-json\/wp\/v2\/pages\/687","targetHints":{"allow":["GET"]}}],"collection":[{"href":"https:\/\/sp184lodz.edu.pl\/index.php\/wp-json\/wp\/v2\/pages"}],"about":[{"href":"https:\/\/sp184lodz.edu.pl\/index.php\/wp-json\/wp\/v2\/types\/page"}],"author":[{"embeddable":true,"href":"https:\/\/sp184lodz.edu.pl\/index.php\/wp-json\/wp\/v2\/users\/1"}],"replies":[{"embeddable":true,"href":"https:\/\/sp184lodz.edu.pl\/index.php\/wp-json\/wp\/v2\/comments?post=687"}],"version-history":[{"count":19,"href":"https:\/\/sp184lodz.edu.pl\/index.php\/wp-json\/wp\/v2\/pages\/687\/revisions"}],"predecessor-version":[{"id":12140,"href":"https:\/\/sp184lodz.edu.pl\/index.php\/wp-json\/wp\/v2\/pages\/687\/revisions\/12140"}],"up":[{"embeddable":true,"href":"https:\/\/sp184lodz.edu.pl\/index.php\/wp-json\/wp\/v2\/pages\/779"}],"wp:attachment":[{"href":"https:\/\/sp184lodz.edu.pl\/index.php\/wp-json\/wp\/v2\/media?parent=687"}],"curies":[{"name":"wp","href":"https:\/\/api.w.org\/{rel}","templated":true}]}}