{"id":691,"date":"2017-04-09T18:10:44","date_gmt":"2017-04-09T16:10:44","guid":{"rendered":"http:\/\/sp184lodz.edu.pl\/?page_id=691"},"modified":"2017-04-11T11:14:45","modified_gmt":"2017-04-11T09:14:45","slug":"opieka-medyczna","status":"publish","type":"page","link":"https:\/\/sp184lodz.edu.pl\/index.php\/strefa-rodzica\/organizacja-szkoly\/opieka-medyczna\/","title":{"rendered":"Opieka Medyczna"},"content":{"rendered":"<p align=\"center\">W szkole pe\u0142ni dy\u017cury<\/p>\n<p><img loading=\"lazy\" decoding=\"async\" class=\"aligncenter size-full wp-image-144\" src=\"http:\/\/sp184lodz.edu.pl\/wp-content\/uploads\/2017\/04\/pielegniarka.gif\" alt=\"\" width=\"150\" height=\"150\" \/><\/p>\n<h3 align=\"center\">piel\u0119gniarka<\/h3>\n<p align=\"center\">gabinet mie\u015bci si\u0119 w sali 211B (II pi\u0119tro).<\/p>\n<table border=\"2\" width=\"381\" align=\"center\">\n<tbody>\n<tr>\n<th colspan=\"2\" align=\"center\" bgcolor=\"#c0c0c0\">GODZINY PRACY PIEL\u0118GNIARKI<\/th>\n<\/tr>\n<tr>\n<td align=\"center\"><b>Dzie\u0144<\/b><\/td>\n<td align=\"center\"><b>Godziny<\/b><\/td>\n<\/tr>\n<tr>\n<td align=\"center\">Poniedzia\u0142ek<\/td>\n<td align=\"center\">8<sup>00<\/sup> do 16<sup>00<\/sup><\/td>\n<\/tr>\n<tr>\n<td align=\"center\">Wtorek<\/td>\n<td align=\"center\">8<sup>00<\/sup> do 16<sup>00<\/sup><\/td>\n<\/tr>\n<tr>\n<td align=\"center\">\u015aroda<\/td>\n<td align=\"center\">10<sup>00<\/sup> do 15<sup>00<\/sup><\/td>\n<\/tr>\n<tr>\n<td align=\"center\">Czwartek<\/td>\n<td align=\"center\">8<sup>00<\/sup> do 16<sup>00<\/sup><\/td>\n<\/tr>\n<tr>\n<td align=\"center\">Pi\u0105tek<\/td>\n<td align=\"center\">8<sup>00<\/sup> do 15<sup>00<\/sup><\/td>\n<\/tr>\n<\/tbody>\n<\/table>\n","protected":false},"excerpt":{"rendered":"<p>W szkole pe\u0142ni dy\u017cury piel\u0119gniarka gabinet mie\u015bci si\u0119 w sali 211B (II pi\u0119tro). GODZINY PRACY PIEL\u0118GNIARKI Dzie\u0144 Godziny Poniedzia\u0142ek 800 do 1600 Wtorek 800 do 1600 \u015aroda 1000 do 1500 Czwartek 800 do 1600 Pi\u0105tek 800 do 1500<\/p>\n","protected":false},"author":1,"featured_media":0,"parent":779,"menu_order":2,"comment_status":"closed","ping_status":"closed","template":"","meta":{"two_page_speed":[],"footnotes":""},"class_list":["post-691","page","type-page","status-publish","hentry"],"_links":{"self":[{"href":"https:\/\/sp184lodz.edu.pl\/index.php\/wp-json\/wp\/v2\/pages\/691","targetHints":{"allow":["GET"]}}],"collection":[{"href":"https:\/\/sp184lodz.edu.pl\/index.php\/wp-json\/wp\/v2\/pages"}],"about":[{"href":"https:\/\/sp184lodz.edu.pl\/index.php\/wp-json\/wp\/v2\/types\/page"}],"author":[{"embeddable":true,"href":"https:\/\/sp184lodz.edu.pl\/index.php\/wp-json\/wp\/v2\/users\/1"}],"replies":[{"embeddable":true,"href":"https:\/\/sp184lodz.edu.pl\/index.php\/wp-json\/wp\/v2\/comments?post=691"}],"version-history":[{"count":2,"href":"https:\/\/sp184lodz.edu.pl\/index.php\/wp-json\/wp\/v2\/pages\/691\/revisions"}],"predecessor-version":[{"id":693,"href":"https:\/\/sp184lodz.edu.pl\/index.php\/wp-json\/wp\/v2\/pages\/691\/revisions\/693"}],"up":[{"embeddable":true,"href":"https:\/\/sp184lodz.edu.pl\/index.php\/wp-json\/wp\/v2\/pages\/779"}],"wp:attachment":[{"href":"https:\/\/sp184lodz.edu.pl\/index.php\/wp-json\/wp\/v2\/media?parent=691"}],"curies":[{"name":"wp","href":"https:\/\/api.w.org\/{rel}","templated":true}]}}