{"id":694,"date":"2017-04-09T18:15:29","date_gmt":"2017-04-09T16:15:29","guid":{"rendered":"http:\/\/sp184lodz.edu.pl\/?page_id=694"},"modified":"2024-09-03T18:33:32","modified_gmt":"2024-09-03T16:33:32","slug":"pedagog","status":"publish","type":"page","link":"https:\/\/sp184lodz.edu.pl\/index.php\/strefa-rodzica\/organizacja-szkoly\/pedagog\/","title":{"rendered":"Pedagog"},"content":{"rendered":"<table style=\"height: 200px;\" border=\"3\" width=\"516\" align=\"center\" bgcolor=\"#00FF21\">\n<tbody>\n<tr>\n<td colspan=\"2\" align=\"center\" bgcolor=\"#FFFF3D\"><span style=\"color: black;\">W naszej szkole w <b>s. 207A <\/b> pe\u0142ni dy\u017cury<br \/>\n<b>pedagog<\/b><br \/>\n<\/span><\/p>\n<h2><span style=\"color: black;\"> <b>mgr Aleksandra Kleszczy\u0144ska<\/b><\/span><\/h2>\n<\/td>\n<\/tr>\n<tr>\n<td colspan=\"2\" align=\"center\" bgcolor=\"#00FF21\">\n<h2><span style=\"color: black;\">Harmonogram pracy<\/span><\/h2>\n<\/td>\n<\/tr>\n<tr>\n<td align=\"center\" bgcolor=\"#FFFF3D\">poniedzia\u0142ek<\/td>\n<td align=\"center\" bgcolor=\"#FFFF3D\">7<sup><u>00<\/u><\/sup> &#8211; 12<sup><u>30<\/u><\/sup><\/td>\n<\/tr>\n<tr>\n<td align=\"center\" bgcolor=\"#FFFF3D\">wtorek<\/td>\n<td align=\"center\" bgcolor=\"#FFFF3D\">11<sup><u>30<\/u><\/sup> &#8211; 17<sup><u>30<\/u><\/sup><\/td>\n<\/tr>\n<tr>\n<td align=\"center\" bgcolor=\"#FFFF3D\">\u015broda<\/td>\n<td align=\"center\" bgcolor=\"#FFFF3D\">11<sup><u>30<\/u><\/sup> &#8211; 16<sup><u>30<\/u><\/sup><\/td>\n<\/tr>\n<tr>\n<td align=\"center\" bgcolor=\"#FFFF3D\">czwartek<\/td>\n<td align=\"center\" bgcolor=\"#FFFF3D\">12<sup><u>30<\/u><\/sup> &#8211; 16<sup><u>30<\/u><\/sup><\/td>\n<\/tr>\n<tr>\n<td align=\"center\" bgcolor=\"#FFFF3D\">pi\u0105tek<\/td>\n<td align=\"center\" bgcolor=\"#FFFF3D\">7<sup><u>00<\/u><\/sup> &#8211; 16<sup><u>30<\/u><\/sup><\/td>\n<\/tr>\n<\/tbody>\n<\/table>\n<p><a href=\"#pomoc\">Pomoc psychologiczna przez telefon, wa\u017cne adresy <\/a><br \/>\n<a href=\"#dysleksja\">Ryzyko dyskleksji<\/a><br \/>\n<a href=\"#rady\">Rady dla ucznia lewor\u0119cznego <\/a><br \/>\n<a href=\"#pochwala\">Dobra pochwa\u0142a <\/a><br \/>\n<a href=\"https:\/\/sp184lodz.edu.pl\/wp-content\/uploads\/2024\/02\/pomoc-psychologiczna-online.pdf\" target=\"_blank\" rel=\"noopener\">Pomoc psychologiczna online<\/a><br \/>\n<a href=\"https:\/\/sp184lodz.edu.pl\/wp-content\/uploads\/2024\/02\/instytucje.pdf\" target=\"_blank\" rel=\"noopener\">Instytucje<\/a><\/p>\n<p><a name=\"pomoc\"><\/a><br \/>\n<img loading=\"lazy\" decoding=\"async\" class=\"size-full wp-image-2376 aligncenter\" src=\"http:\/\/sp184lodz.edu.pl\/wp-content\/uploads\/2017\/04\/pedagog_SP184.gif\" alt=\"\" width=\"440\" height=\"292\" \/><a href=\"https:\/\/sp184lodz.edu.pl\/wp-content\/uploads\/2020\/11\/pomocpp_p1.pdf\" class=\"pdfemb-viewer\" style=\"\" data-width=\"max\" data-height=\"max\" data-toolbar=\"bottom\" data-toolbar-fixed=\"off\">pomocpp_p1<\/a><\/p>\n<a href=\"https:\/\/sp184lodz.edu.pl\/wp-content\/uploads\/2020\/11\/pomocpp_p2.pdf\" class=\"pdfemb-viewer\" style=\"\" data-width=\"max\" data-height=\"max\" data-toolbar=\"bottom\" data-toolbar-fixed=\"off\">pomocpp_p2<\/a>\n<a href=\"https:\/\/sp184lodz.edu.pl\/wp-content\/uploads\/2020\/11\/pomocpp_p3.pdf\" class=\"pdfemb-viewer\" style=\"\" data-width=\"max\" data-height=\"max\" data-toolbar=\"bottom\" data-toolbar-fixed=\"off\">pomocpp_p3<\/a>\n<p><a name=\"dysleksja\"><\/a><br \/>\n<a href=\"https:\/\/sp184lodz.edu.pl\/wp-content\/uploads\/2020\/12\/dysleksja_p1.pdf\" class=\"pdfemb-viewer\" style=\"\" data-width=\"max\" data-height=\"max\" data-toolbar=\"bottom\" data-toolbar-fixed=\"off\">dysleksja_p1<\/a><\/p>\n<a href=\"https:\/\/sp184lodz.edu.pl\/wp-content\/uploads\/2020\/12\/dysleksja_p2.pdf\" class=\"pdfemb-viewer\" style=\"\" data-width=\"max\" data-height=\"max\" data-toolbar=\"bottom\" data-toolbar-fixed=\"off\">dysleksja_p2<\/a>\n<p><a href=\"https:\/\/sp184lodz.edu.pl\/wp-content\/uploads\/2020\/12\/dysleksja_p3.pdf\" class=\"pdfemb-viewer\" style=\"\" data-width=\"max\" data-height=\"max\" data-toolbar=\"bottom\" data-toolbar-fixed=\"off\">dysleksja_p3<\/a><br \/>\n<a name=\"rady\"><\/a><br \/>\n<a href=\"https:\/\/sp184lodz.edu.pl\/wp-content\/uploads\/2020\/12\/rady.pdf\" class=\"pdfemb-viewer\" style=\"\" data-width=\"max\" data-height=\"max\" data-toolbar=\"bottom\" data-toolbar-fixed=\"off\">rady<\/a><br \/>\n<a name=\"pochwala\"><\/a><br \/>\n<a href=\"https:\/\/sp184lodz.edu.pl\/wp-content\/uploads\/2020\/12\/pochwala.pdf\" class=\"pdfemb-viewer\" style=\"\" data-width=\"max\" data-height=\"max\" data-toolbar=\"bottom\" data-toolbar-fixed=\"off\">pochwala<\/a><\/p>\n","protected":false},"excerpt":{"rendered":"<p>W naszej szkole w s. 207A pe\u0142ni dy\u017cury pedagog mgr Aleksandra Kleszczy\u0144ska Harmonogram pracy poniedzia\u0142ek 700 &#8211; 1230 wtorek 1130 &#8211; 1730 \u015broda 1130 &#8211; 1630 czwartek 1230 &#8211; 1630 pi\u0105tek 700 &#8211; 1630 Pomoc psychologiczna przez telefon, wa\u017cne adresy <a href=\"https:\/\/sp184lodz.edu.pl\/index.php\/strefa-rodzica\/organizacja-szkoly\/pedagog\/\" class=\"read-more\">czytaj wi\u0119cej &#8230;<\/a><\/p>\n","protected":false},"author":1,"featured_media":0,"parent":779,"menu_order":3,"comment_status":"closed","ping_status":"closed","template":"","meta":{"two_page_speed":[],"footnotes":""},"class_list":["post-694","page","type-page","status-publish","hentry"],"_links":{"self":[{"href":"https:\/\/sp184lodz.edu.pl\/index.php\/wp-json\/wp\/v2\/pages\/694","targetHints":{"allow":["GET"]}}],"collection":[{"href":"https:\/\/sp184lodz.edu.pl\/index.php\/wp-json\/wp\/v2\/pages"}],"about":[{"href":"https:\/\/sp184lodz.edu.pl\/index.php\/wp-json\/wp\/v2\/types\/page"}],"author":[{"embeddable":true,"href":"https:\/\/sp184lodz.edu.pl\/index.php\/wp-json\/wp\/v2\/users\/1"}],"replies":[{"embeddable":true,"href":"https:\/\/sp184lodz.edu.pl\/index.php\/wp-json\/wp\/v2\/comments?post=694"}],"version-history":[{"count":32,"href":"https:\/\/sp184lodz.edu.pl\/index.php\/wp-json\/wp\/v2\/pages\/694\/revisions"}],"predecessor-version":[{"id":18519,"href":"https:\/\/sp184lodz.edu.pl\/index.php\/wp-json\/wp\/v2\/pages\/694\/revisions\/18519"}],"up":[{"embeddable":true,"href":"https:\/\/sp184lodz.edu.pl\/index.php\/wp-json\/wp\/v2\/pages\/779"}],"wp:attachment":[{"href":"https:\/\/sp184lodz.edu.pl\/index.php\/wp-json\/wp\/v2\/media?parent=694"}],"curies":[{"name":"wp","href":"https:\/\/api.w.org\/{rel}","templated":true}]}}