{"id":7814,"date":"2020-01-10T17:59:03","date_gmt":"2020-01-10T16:59:03","guid":{"rendered":"http:\/\/sp184lodz.edu.pl\/?page_id=7814"},"modified":"2020-01-10T19:04:20","modified_gmt":"2020-01-10T18:04:20","slug":"klasy-1-3","status":"publish","type":"page","link":"https:\/\/sp184lodz.edu.pl\/index.php\/aktualnosci-2\/klasy-1-3\/","title":{"rendered":"NEWSY klasy 1-3"},"content":{"rendered":"<h2 style=\"text-align: center;\"><span style=\"color: #008080;\">Zobacz co si\u0119 u nas dzieje<\/span><\/h2>\n<p><img loading=\"lazy\" decoding=\"async\" class=\"aligncenter size-full wp-image-7822\" src=\"http:\/\/sp184lodz.edu.pl\/wp-content\/uploads\/2020\/01\/maluchy.png\" alt=\"\" width=\"720\" height=\"373\" srcset=\"https:\/\/sp184lodz.edu.pl\/wp-content\/uploads\/2020\/01\/maluchy.png 720w, https:\/\/sp184lodz.edu.pl\/wp-content\/uploads\/2020\/01\/maluchy-300x155.png 300w\" sizes=\"auto, (max-width: 720px) 100vw, 720px\" \/><\/p>\n<h1 style=\"text-align: center;\"><span style=\"color: #ff6600;\">MALUCHY RZ\u0104DZ\u0104 \ud83d\ude42<\/span><\/h1>\n<hr \/>\n<table>\n<tbody>\n<tr>\n<td><img loading=\"lazy\" decoding=\"async\" class=\"aligncenter size-full wp-image-7830\" src=\"http:\/\/sp184lodz.edu.pl\/wp-content\/uploads\/2020\/01\/1A.jpg\" alt=\"\" width=\"189\" height=\"189\" srcset=\"https:\/\/sp184lodz.edu.pl\/wp-content\/uploads\/2020\/01\/1A.jpg 189w, https:\/\/sp184lodz.edu.pl\/wp-content\/uploads\/2020\/01\/1A-150x150.jpg 150w\" sizes=\"auto, (max-width: 189px) 100vw, 189px\" \/><\/td>\n<td><img loading=\"lazy\" decoding=\"async\" class=\"aligncenter size-full wp-image-7834\" src=\"http:\/\/sp184lodz.edu.pl\/wp-content\/uploads\/2020\/01\/Bez-tytu\u0142u.png\" alt=\"\" width=\"189\" height=\"189\" srcset=\"https:\/\/sp184lodz.edu.pl\/wp-content\/uploads\/2020\/01\/Bez-tytu\u0142u.png 189w, https:\/\/sp184lodz.edu.pl\/wp-content\/uploads\/2020\/01\/Bez-tytu\u0142u-150x150.png 150w\" sizes=\"auto, (max-width: 189px) 100vw, 189px\" \/><\/td>\n<td><img loading=\"lazy\" decoding=\"async\" class=\"aligncenter size-full wp-image-7832\" src=\"http:\/\/sp184lodz.edu.pl\/wp-content\/uploads\/2020\/01\/1B.png\" alt=\"\" width=\"189\" height=\"189\" srcset=\"https:\/\/sp184lodz.edu.pl\/wp-content\/uploads\/2020\/01\/1B.png 189w, https:\/\/sp184lodz.edu.pl\/wp-content\/uploads\/2020\/01\/1B-150x150.png 150w\" sizes=\"auto, (max-width: 189px) 100vw, 189px\" \/><\/td>\n<\/tr>\n<tr>\n<td><img loading=\"lazy\" decoding=\"async\" class=\"aligncenter size-full wp-image-7833\" src=\"http:\/\/sp184lodz.edu.pl\/wp-content\/uploads\/2020\/01\/1C.png\" alt=\"\" width=\"189\" height=\"189\" srcset=\"https:\/\/sp184lodz.edu.pl\/wp-content\/uploads\/2020\/01\/1C.png 189w, https:\/\/sp184lodz.edu.pl\/wp-content\/uploads\/2020\/01\/1C-150x150.png 150w\" sizes=\"auto, (max-width: 189px) 100vw, 189px\" \/><\/td>\n<td><img loading=\"lazy\" decoding=\"async\" class=\"aligncenter size-full wp-image-7836\" src=\"http:\/\/sp184lodz.edu.pl\/wp-content\/uploads\/2020\/01\/Q.png\" alt=\"\" width=\"189\" height=\"189\" srcset=\"https:\/\/sp184lodz.edu.pl\/wp-content\/uploads\/2020\/01\/Q.png 189w, https:\/\/sp184lodz.edu.pl\/wp-content\/uploads\/2020\/01\/Q-150x150.png 150w\" sizes=\"auto, (max-width: 189px) 100vw, 189px\" \/><\/td>\n<td><img loading=\"lazy\" decoding=\"async\" class=\"aligncenter size-full wp-image-7839\" src=\"http:\/\/sp184lodz.edu.pl\/wp-content\/uploads\/2020\/01\/W.png\" alt=\"\" width=\"189\" height=\"189\" srcset=\"https:\/\/sp184lodz.edu.pl\/wp-content\/uploads\/2020\/01\/W.png 189w, https:\/\/sp184lodz.edu.pl\/wp-content\/uploads\/2020\/01\/W-150x150.png 150w\" sizes=\"auto, (max-width: 189px) 100vw, 189px\" \/><\/td>\n<\/tr>\n<tr>\n<td style=\"text-align: center;\"><img loading=\"lazy\" decoding=\"async\" class=\"aligncenter size-full wp-image-7837\" src=\"http:\/\/sp184lodz.edu.pl\/wp-content\/uploads\/2020\/01\/R.png\" alt=\"\" width=\"189\" height=\"189\" srcset=\"https:\/\/sp184lodz.edu.pl\/wp-content\/uploads\/2020\/01\/R.png 189w, https:\/\/sp184lodz.edu.pl\/wp-content\/uploads\/2020\/01\/R-150x150.png 150w\" sizes=\"auto, (max-width: 189px) 100vw, 189px\" \/><\/td>\n<td style=\"text-align: center;\"><img loading=\"lazy\" decoding=\"async\" class=\"aligncenter size-full wp-image-7838\" src=\"http:\/\/sp184lodz.edu.pl\/wp-content\/uploads\/2020\/01\/T.png\" alt=\"\" width=\"189\" height=\"189\" srcset=\"https:\/\/sp184lodz.edu.pl\/wp-content\/uploads\/2020\/01\/T.png 189w, https:\/\/sp184lodz.edu.pl\/wp-content\/uploads\/2020\/01\/T-150x150.png 150w\" sizes=\"auto, (max-width: 189px) 100vw, 189px\" \/><\/td>\n<td><img loading=\"lazy\" decoding=\"async\" class=\"aligncenter size-full wp-image-7835\" src=\"http:\/\/sp184lodz.edu.pl\/wp-content\/uploads\/2020\/01\/E.png\" alt=\"\" width=\"189\" height=\"189\" srcset=\"https:\/\/sp184lodz.edu.pl\/wp-content\/uploads\/2020\/01\/E.png 189w, https:\/\/sp184lodz.edu.pl\/wp-content\/uploads\/2020\/01\/E-150x150.png 150w\" sizes=\"auto, (max-width: 189px) 100vw, 189px\" \/><\/td>\n<\/tr>\n<\/tbody>\n<\/table>\n","protected":false},"excerpt":{"rendered":"<p>Zobacz co si\u0119 u nas dzieje MALUCHY RZ\u0104DZ\u0104 \ud83d\ude42<\/p>\n","protected":false},"author":1,"featured_media":0,"parent":197,"menu_order":1,"comment_status":"closed","ping_status":"closed","template":"","meta":{"two_page_speed":[],"footnotes":""},"class_list":["post-7814","page","type-page","status-publish","hentry"],"_links":{"self":[{"href":"https:\/\/sp184lodz.edu.pl\/index.php\/wp-json\/wp\/v2\/pages\/7814","targetHints":{"allow":["GET"]}}],"collection":[{"href":"https:\/\/sp184lodz.edu.pl\/index.php\/wp-json\/wp\/v2\/pages"}],"about":[{"href":"https:\/\/sp184lodz.edu.pl\/index.php\/wp-json\/wp\/v2\/types\/page"}],"author":[{"embeddable":true,"href":"https:\/\/sp184lodz.edu.pl\/index.php\/wp-json\/wp\/v2\/users\/1"}],"replies":[{"embeddable":true,"href":"https:\/\/sp184lodz.edu.pl\/index.php\/wp-json\/wp\/v2\/comments?post=7814"}],"version-history":[{"count":7,"href":"https:\/\/sp184lodz.edu.pl\/index.php\/wp-json\/wp\/v2\/pages\/7814\/revisions"}],"predecessor-version":[{"id":7840,"href":"https:\/\/sp184lodz.edu.pl\/index.php\/wp-json\/wp\/v2\/pages\/7814\/revisions\/7840"}],"up":[{"embeddable":true,"href":"https:\/\/sp184lodz.edu.pl\/index.php\/wp-json\/wp\/v2\/pages\/197"}],"wp:attachment":[{"href":"https:\/\/sp184lodz.edu.pl\/index.php\/wp-json\/wp\/v2\/media?parent=7814"}],"curies":[{"name":"wp","href":"https:\/\/api.w.org\/{rel}","templated":true}]}}