{"id":795,"date":"2017-04-11T12:06:34","date_gmt":"2017-04-11T10:06:34","guid":{"rendered":"http:\/\/sp184lodz.edu.pl\/?page_id=795"},"modified":"2017-12-06T18:33:18","modified_gmt":"2017-12-06T17:33:18","slug":"strefa-ucznia","status":"publish","type":"page","link":"https:\/\/sp184lodz.edu.pl\/index.php\/strefa-ucznia\/","title":{"rendered":"Strefa Ucznia"},"content":{"rendered":"<h2>Witamy w strefie Ucznia<\/h2>\n<h3><em>Drogi Uczniu zobacz co znajdziesz w tej strefie<\/em><\/h3>\n<table border=\"0\">\n<tbody>\n<tr>\n<td style=\"text-align: center;\"><a href=\"http:\/\/sp184lodz.edu.pl\/index.php\/samorzad-uczniowski\/\"><img decoding=\"async\" class=\"aligncenter\" src=\"http:\/\/sp184lodz.edu.pl\/wp-content\/uploads\/str_u\/su.png\" \/><\/a><strong>* Samorz\u0105d uczniowski<\/strong><\/td>\n<\/tr>\n<tr>\n<td style=\"text-align: center;\"><a href=\"http:\/\/sp184lodz.edu.pl\/index.php\/strefa-ucznia\/szkolne-kolo-pck\/\"><img loading=\"lazy\" decoding=\"async\" class=\"size-medium wp-image-2606 aligncenter\" title=\"\" src=\"http:\/\/sp184lodz.edu.pl\/wp-content\/uploads\/2017\/10\/pck-300x109.png\" alt=\"\" width=\"300\" height=\"109\" srcset=\"https:\/\/sp184lodz.edu.pl\/wp-content\/uploads\/2017\/10\/pck-300x109.png 300w, https:\/\/sp184lodz.edu.pl\/wp-content\/uploads\/2017\/10\/pck.png 475w\" sizes=\"auto, (max-width: 300px) 100vw, 300px\" \/><\/a>* <strong>Szkolne Ko\u0142o PCK<\/strong><\/td>\n<\/tr>\n<tr>\n<td style=\"text-align: center;\"><a href=\"http:\/\/sp184lodz.edu.pl\/index.php\/plan-lekcji\/\"><img decoding=\"async\" class=\"aligncenter\" src=\"http:\/\/sp184lodz.edu.pl\/wp-content\/uploads\/str_u\/pl.png\" \/><\/a><strong>* Plan Lekcji<\/strong><\/td>\n<\/tr>\n<tr>\n<td style=\"text-align: center;\"><a href=\"http:\/\/sp184lodz.edu.pl\/index.php\/dzwonki\/\"><img decoding=\"async\" class=\"aligncenter\" src=\"http:\/\/sp184lodz.edu.pl\/wp-content\/uploads\/str_u\/dzwon.png\" \/><\/a><strong>* Dzwonki<\/strong><\/td>\n<\/tr>\n<tr>\n<td style=\"text-align: center;\"><img decoding=\"async\" class=\"aligncenter\" src=\"http:\/\/sp184lodz.edu.pl\/wp-content\/uploads\/str_u\/po.png\" \/><strong>* Po lekcjach<\/strong><\/td>\n<td style=\"text-align: center;\"><a href=\"http:\/\/www.sp184lodz.republika.pl\/pozalekcyjne.pdf\" target=\"_blank\" rel=\"noopener\"><img loading=\"lazy\" decoding=\"async\" class=\"aligncenter\" src=\"http:\/\/sp184lodz.edu.pl\/wp-content\/uploads\/str_u\/zajecia_dodatkowe.png\" alt=\"\" width=\"150\" height=\"150\" \/><\/a><em>&#8211; Zaj\u0119cia dodatkowe<\/em><\/td>\n<\/tr>\n<tr>\n<td><\/td>\n<td style=\"text-align: center;\"><a href=\"http:\/\/sp184lodz.edu.pl\/index.php\/szkola\/szkolne-studio-rtv\/\"><img decoding=\"async\" class=\"aligncenter\" src=\"http:\/\/sp184lodz.edu.pl\/wp-content\/uploads\/str_u\/radio.png\" \/><\/a><em>&#8211; Radio u\u015bmiech<\/em><\/td>\n<\/tr>\n<tr>\n<td style=\"text-align: center;\"><a href=\"http:\/\/sp184lodz.edu.pl\/index.php\/zajrzyj-warto\/\"><img decoding=\"async\" class=\"aligncenter\" src=\"http:\/\/sp184lodz.edu.pl\/wp-content\/uploads\/str_u\/tu.png\" \/><\/a><strong>* Zajrzyj, warto<\/strong><\/td>\n<\/tr>\n<\/tbody>\n<\/table>\n","protected":false},"excerpt":{"rendered":"<p>Witamy w strefie Ucznia Drogi Uczniu zobacz co znajdziesz w tej strefie * Samorz\u0105d uczniowski * Szkolne Ko\u0142o PCK * Plan Lekcji * Dzwonki * Po lekcjach &#8211; Zaj\u0119cia dodatkowe &#8211; Radio u\u015bmiech * Zajrzyj, warto<\/p>\n","protected":false},"author":1,"featured_media":0,"parent":0,"menu_order":0,"comment_status":"closed","ping_status":"closed","template":"","meta":{"two_page_speed":[],"footnotes":""},"class_list":["post-795","page","type-page","status-publish","hentry"],"_links":{"self":[{"href":"https:\/\/sp184lodz.edu.pl\/index.php\/wp-json\/wp\/v2\/pages\/795","targetHints":{"allow":["GET"]}}],"collection":[{"href":"https:\/\/sp184lodz.edu.pl\/index.php\/wp-json\/wp\/v2\/pages"}],"about":[{"href":"https:\/\/sp184lodz.edu.pl\/index.php\/wp-json\/wp\/v2\/types\/page"}],"author":[{"embeddable":true,"href":"https:\/\/sp184lodz.edu.pl\/index.php\/wp-json\/wp\/v2\/users\/1"}],"replies":[{"embeddable":true,"href":"https:\/\/sp184lodz.edu.pl\/index.php\/wp-json\/wp\/v2\/comments?post=795"}],"version-history":[{"count":12,"href":"https:\/\/sp184lodz.edu.pl\/index.php\/wp-json\/wp\/v2\/pages\/795\/revisions"}],"predecessor-version":[{"id":9318,"href":"https:\/\/sp184lodz.edu.pl\/index.php\/wp-json\/wp\/v2\/pages\/795\/revisions\/9318"}],"wp:attachment":[{"href":"https:\/\/sp184lodz.edu.pl\/index.php\/wp-json\/wp\/v2\/media?parent=795"}],"curies":[{"name":"wp","href":"https:\/\/api.w.org\/{rel}","templated":true}]}}