{"id":814,"date":"2017-04-12T19:57:42","date_gmt":"2017-04-12T17:57:42","guid":{"rendered":"http:\/\/sp184lodz.edu.pl\/?page_id=814"},"modified":"2017-10-23T10:45:49","modified_gmt":"2017-10-23T08:45:49","slug":"projekty-innowacje","status":"publish","type":"page","link":"https:\/\/sp184lodz.edu.pl\/index.php\/uczymy-inaczej\/projekty-innowacje\/","title":{"rendered":"Projekty, innowacje"},"content":{"rendered":"<table width=\"800\">\n<tbody>\n<tr>\n<td>\n<h3 style=\"text-align: right;\"><strong>&#8222;Fla\u017coletujemy&#8221; klasa 3 b<\/strong><\/h3>\n<\/td>\n<\/tr>\n<\/tbody>\n<\/table>\n<table width=\"800\">\n<tbody>\n<tr>\n<td><i>Miejsce:<\/i><br \/>\n<b>SP NR 184<\/b> w \u0141odzi<br \/>\nul. Syrenki 19a<\/td>\n<td><i>Autorem innowacji jest:<\/i><br \/>\n<span style=\"color: black;\"><strong>Joanna SZYMA\u0143SKA<\/strong> &#8211; nauczyciel kszta\u0142cenia zintegrowanego<br \/>\n<i>wychowawca kl. 3B<\/i><\/span><\/td>\n<\/tr>\n<tr>\n<td><i>Czas trwania:<\/i><br \/>\n<b>IX 2015 r. &#8211; VI 2017 r.<\/b><\/td>\n<td><\/td>\n<\/tr>\n<tr>\n<td><i>Podsumowanie innowacji:<\/i><b><br \/>\nCZERWIEC 2017 r.<\/b><\/td>\n<td><i>Uczestnicy projektu:<\/i><br \/>\n<span style=\"color: black;\"><b>Uczniowie kl. 3B<\/b><\/span><\/td>\n<\/tr>\n<\/tbody>\n<\/table>\n<hr align=\"center\" size=\"1\" width=\"80%\" \/>\n<table width=\"800\">\n<tbody>\n<tr>\n<td>\n<h3 style=\"text-align: right;\">&#8222;SZKO\u0141A Z KSI\u0104\u017bK\u0104&#8221;<br \/>\noraz<br \/>\n&#8222;KSI\u0104\u017bKI NASZYCH MARZE\u0143&#8221;<\/h3>\n<\/td>\n<\/tr>\n<\/tbody>\n<\/table>\n<table width=\"800\">\n<tbody>\n<tr>\n<td><i>Miejsce:<\/i><br \/>\n<b>SP NR 184<\/b> w \u0141odzi<br \/>\nul. Syrenki 19a<\/td>\n<td><i>Koordynatorem projektu jest:<\/i><br \/>\n<span style=\"color: black;\"><strong>Jolanta Michalak<\/strong> &#8211;\u00a0 nauczyciel bibliotekarz<\/span><\/td>\n<\/tr>\n<tr>\n<td><i>Czas trwania:<\/i><br \/>\n<b>2015\/2016<\/b><\/td>\n<td><i>Uczestnicy projektu:<\/i><br \/>\n<span style=\"color: black;\"><b>Ca\u0142a szko\u0142a<\/b><\/span><\/td>\n<\/tr>\n<\/tbody>\n<\/table>\n<hr align=\"center\" size=\"1\" width=\"80%\" \/>\n<table width=\"800\">\n<tbody>\n<tr>\n<td>\n<h3 style=\"text-align: right;\">&#8222;POZNAJEMY R\u00d3\u017bNE KRAJE&#8221;<\/h3>\n<\/td>\n<\/tr>\n<\/tbody>\n<\/table>\n<table width=\"800\">\n<tbody>\n<tr>\n<td><i>Miejsce:<\/i><br \/>\n<b>SP NR 184<\/b> w \u0141odzi<br \/>\nul. Syrenki 19a<\/td>\n<td><i>Koordynatorami projektu s\u0105:<\/i><br \/>\n<span style=\"color: black;\"><strong> Edyta MALINOWSKA<\/strong> &#8211;\u00a0<i>wychowawca kl. 2B<\/i><br \/>\n<strong>Joanna SZYMA\u0143SKA<\/strong> &#8211;\u00a0<i>wychowawca kl. 3B<\/i><br \/>\n<\/span><\/td>\n<\/tr>\n<tr>\n<td><i>Czas trwania:<\/i><br \/>\n<b>2015\/2016<\/b><\/td>\n<td><i>Uczestnicy projektu:<\/i><br \/>\n<span style=\"color: black;\"><b>Klasy 2B i 3B<\/b><\/span><\/td>\n<\/tr>\n<\/tbody>\n<\/table>\n<hr align=\"center\" size=\"1\" width=\"80%\" \/>\n<table width=\"800\">\n<tbody>\n<tr>\n<td style=\"text-align: right;\">\u00a0<strong>&#8222;ZDROWE, NIETRUDNE&#8221;<\/strong><\/td>\n<\/tr>\n<\/tbody>\n<\/table>\n<table width=\"800\">\n<tbody>\n<tr>\n<td><i>Miejsce:<\/i><br \/>\n<b>SP NR 184<\/b> w \u0141odzi<br \/>\nul. Syrenki 19a<\/td>\n<td><i>Autorami projektu s\u0105:<\/i><br \/>\n<span style=\"color: black;\">Anna TERPIA\u0141-MARCHEL &#8211; <i>wych. kl. 1A<\/i><br \/>\nEdyta MALINOWSKA &#8211; <i>wych. kl. 1B<\/i><br \/>\nAgnieszka STOLARCZYK &#8211; <i>wych. kl. 2C<\/i><br \/>\nAnna K\u0118PSKA &#8211; <i>wych. kl. 2D<\/i><br \/>\nBarbara \u015aWIDER &#8211; <i>wych. kl. 2E<\/i><br \/>\nAneta RUTKOWSKA &#8211; <i>wych. kl. 3B<\/i><\/span><\/td>\n<\/tr>\n<tr>\n<td><i>Czas trwania:<\/i><br \/>\n<b>2015\/2016<\/b><\/td>\n<td><i>Uczestnicy projektu:<\/i><br \/>\n<span style=\"color: black;\"><b>Klasy: 1A, 1B, 2C, 2D, 2E i 3B<\/b><\/span><\/td>\n<\/tr>\n<\/tbody>\n<\/table>\n<hr align=\"center\" size=\"1\" width=\"80%\" \/>\n<table width=\"800\">\n<tbody>\n<tr>\n<td style=\"text-align: right;\"><strong>&#8222;Z KUJAWSKIM POMAGAMY PSZCZO\u0141OM&#8221;<\/strong><\/td>\n<\/tr>\n<\/tbody>\n<\/table>\n<table width=\"800\">\n<tbody>\n<tr>\n<td><i>Miejsce:<\/i><br \/>\n<b>SP NR 184<\/b> w \u0141odzi<br \/>\nul. Syrenki 19a<\/td>\n<td><i>Koordynatorami projektu s\u0105:<\/i><br \/>\n<span style=\"color: black;\"><strong>Agnieszka STOLARCZYK<\/strong> &#8211;\u00a0<i>wychowawca kl. 3C<\/i><br \/>\n<strong>Anna K\u0118PSKA<\/strong> &#8211; <i>wychowawca kl. 3D<\/i><\/span><\/td>\n<\/tr>\n<tr>\n<td><i>Czas trwania:<\/i><br \/>\n<b>2015\/2016<\/b><\/td>\n<td><i>Uczestnicy projektu:<\/i><br \/>\n<span style=\"color: black;\"><b>Uczniowie klas 3C i 3D<\/b><\/span><\/td>\n<\/tr>\n<\/tbody>\n<\/table>\n<hr align=\"center\" size=\"1\" width=\"80%\" \/>\n<table width=\"800\">\n<tbody>\n<tr>\n<td style=\"text-align: right;\"><strong>&#8222;P\u0141YWAJ ZDROWO NA SPORTOWO&#8221;<\/strong><\/td>\n<\/tr>\n<\/tbody>\n<\/table>\n<table width=\"800\">\n<tbody>\n<tr>\n<td><i>Miejsce:<\/i><br \/>\n<b>SP NR 184<\/b> w \u0141odzi<br \/>\nul. Syrenki 19a<\/td>\n<td><i>Program jest realizowany przez:<\/i><br \/>\n<span style=\"color: black;\"><strong>Andrzeja KOSTARSKIEGO<\/strong> &#8211; <i>nauczyciela p\u0142ywania<\/i><br \/>\n<strong>Grzegorza PUCHACZA<\/strong> &#8211; <i>nauczyciela p\u0142ywania<\/i><\/span><\/td>\n<\/tr>\n<tr>\n<td><\/td>\n<td><i>Uczestnicy programu:<\/i><br \/>\n<span style=\"color: black;\"><b>Uczniowie klas 1F, 2 E i 3C<\/b><\/span><\/td>\n<\/tr>\n<\/tbody>\n<\/table>\n<hr align=\"center\" size=\"1\" width=\"80%\" \/>\n<table width=\"800\">\n<tbody>\n<tr>\n<td style=\"text-align: right;\"><strong>Innowacja autorstwa Arkadiusza Kurkowskiego<\/strong><br \/>\n<strong> &#8222;WI\u0118CEJ NI\u017b P\u0141YWA\u0106&#8221;<\/strong><\/td>\n<\/tr>\n<\/tbody>\n<\/table>\n<table width=\"800\">\n<tbody>\n<tr>\n<td><i>Miejsce:<\/i><br \/>\n<b>SP NR 184<\/b> w \u0141odzi<br \/>\nul. Syrenki 19a<\/td>\n<td><i>Innowacja jest realizowana przez:<\/i><br \/>\n<span style=\"color: black;\">Ew\u0119 ST\u0118PIE\u0143 &#8211; <i>nauczyciela p\u0142ywania<\/i><br \/>\nW\u0142odzimierza MICHALAKA-NOWAKA &#8211; <i>nauczyciela p\u0142ywania<\/i><\/span><\/td>\n<\/tr>\n<tr>\n<td><\/td>\n<td><i>Uczestnicy innowacji:<\/i><br \/>\n<span style=\"color: black;\"><b>Uczniowie klasy 2D<\/b><\/span><\/td>\n<\/tr>\n<\/tbody>\n<\/table>\n","protected":false},"excerpt":{"rendered":"<p>&#8222;Fla\u017coletujemy&#8221; klasa 3 b Miejsce: SP NR 184 w \u0141odzi ul. Syrenki 19a Autorem innowacji jest: Joanna SZYMA\u0143SKA &#8211; nauczyciel kszta\u0142cenia zintegrowanego wychowawca kl. 3B Czas trwania: IX 2015 r. &#8211; VI 2017 r. Podsumowanie innowacji: CZERWIEC 2017 r. Uczestnicy <a href=\"https:\/\/sp184lodz.edu.pl\/index.php\/uczymy-inaczej\/projekty-innowacje\/\" class=\"read-more\">czytaj wi\u0119cej &#8230;<\/a><\/p>\n","protected":false},"author":1,"featured_media":0,"parent":812,"menu_order":1,"comment_status":"closed","ping_status":"closed","template":"","meta":{"two_page_speed":[],"footnotes":""},"class_list":["post-814","page","type-page","status-publish","hentry"],"_links":{"self":[{"href":"https:\/\/sp184lodz.edu.pl\/index.php\/wp-json\/wp\/v2\/pages\/814","targetHints":{"allow":["GET"]}}],"collection":[{"href":"https:\/\/sp184lodz.edu.pl\/index.php\/wp-json\/wp\/v2\/pages"}],"about":[{"href":"https:\/\/sp184lodz.edu.pl\/index.php\/wp-json\/wp\/v2\/types\/page"}],"author":[{"embeddable":true,"href":"https:\/\/sp184lodz.edu.pl\/index.php\/wp-json\/wp\/v2\/users\/1"}],"replies":[{"embeddable":true,"href":"https:\/\/sp184lodz.edu.pl\/index.php\/wp-json\/wp\/v2\/comments?post=814"}],"version-history":[{"count":12,"href":"https:\/\/sp184lodz.edu.pl\/index.php\/wp-json\/wp\/v2\/pages\/814\/revisions"}],"predecessor-version":[{"id":2739,"href":"https:\/\/sp184lodz.edu.pl\/index.php\/wp-json\/wp\/v2\/pages\/814\/revisions\/2739"}],"up":[{"embeddable":true,"href":"https:\/\/sp184lodz.edu.pl\/index.php\/wp-json\/wp\/v2\/pages\/812"}],"wp:attachment":[{"href":"https:\/\/sp184lodz.edu.pl\/index.php\/wp-json\/wp\/v2\/media?parent=814"}],"curies":[{"name":"wp","href":"https:\/\/api.w.org\/{rel}","templated":true}]}}