{"id":816,"date":"2017-04-12T19:59:30","date_gmt":"2017-04-12T17:59:30","guid":{"rendered":"http:\/\/sp184lodz.edu.pl\/?page_id=816"},"modified":"2017-05-31T11:29:20","modified_gmt":"2017-05-31T09:29:20","slug":"w-wolnym","status":"publish","type":"page","link":"https:\/\/sp184lodz.edu.pl\/index.php\/uczymy-inaczej\/w-wolnym\/","title":{"rendered":"W wolnym czasie"},"content":{"rendered":"<h2 style=\"text-align: center; color: aqua;\">Nasi uczniowie, kt\u00f3rzy robi\u0105 co\u015b niezwyk\u0142ego<\/h2>\n<p><img loading=\"lazy\" decoding=\"async\" class=\"aligncenter size-medium wp-image-1023\" src=\"http:\/\/sp184lodz.edu.pl\/wp-content\/uploads\/2017\/03\/liniaa-300x4.gif\" alt=\"\" width=\"300\" height=\"4\" srcset=\"https:\/\/sp184lodz.edu.pl\/wp-content\/uploads\/2017\/03\/liniaa-300x4.gif 300w, https:\/\/sp184lodz.edu.pl\/wp-content\/uploads\/2017\/03\/liniaa-500x8.gif 500w\" sizes=\"auto, (max-width: 300px) 100vw, 300px\" \/><\/p>\n<p style=\"text-align: center;\"><img loading=\"lazy\" decoding=\"async\" class=\"aligncenter size-medium wp-image-1689\" src=\"http:\/\/sp184lodz.edu.pl\/wp-content\/uploads\/2017\/04\/kuba_SP184-300x173.jpg\" alt=\"\" width=\"300\" height=\"173\" srcset=\"https:\/\/sp184lodz.edu.pl\/wp-content\/uploads\/2017\/04\/kuba_SP184-300x173.jpg 300w, https:\/\/sp184lodz.edu.pl\/wp-content\/uploads\/2017\/04\/kuba_SP184-768x443.jpg 768w, https:\/\/sp184lodz.edu.pl\/wp-content\/uploads\/2017\/04\/kuba_SP184.jpg 866w\" sizes=\"auto, (max-width: 300px) 100vw, 300px\" \/>Kuba Bara\u0144ski ucze\u0144 klasy 3 B bra\u0142 udzia\u0142 w Wielkiej Lekcji Wf.<br \/>\nKuba trenuje z <a href=\"http:\/\/www.mekkastreet.pl\/\" target=\"_blank\" rel=\"noopener noreferrer\"><strong>\u0141\u00f3dzka Grupa &#8217; Mekka &#8217; Street<\/strong> <\/a><\/p>\n<p style=\"text-align: center;\"><em><strong><a href=\"https:\/\/www.youtube.com\/watch?v=ZlsfEFMgOpg\" target=\"_blank\" rel=\"noopener noreferrer\">wi\u0119cej<\/a><\/strong><\/em><\/p>\n<p><img loading=\"lazy\" decoding=\"async\" class=\"aligncenter size-medium wp-image-1023\" src=\"http:\/\/sp184lodz.edu.pl\/wp-content\/uploads\/2017\/03\/liniaa-300x4.gif\" alt=\"\" width=\"300\" height=\"4\" srcset=\"https:\/\/sp184lodz.edu.pl\/wp-content\/uploads\/2017\/03\/liniaa-300x4.gif 300w, https:\/\/sp184lodz.edu.pl\/wp-content\/uploads\/2017\/03\/liniaa-500x8.gif 500w\" sizes=\"auto, (max-width: 300px) 100vw, 300px\" \/><\/p>\n","protected":false},"excerpt":{"rendered":"<p>Nasi uczniowie, kt\u00f3rzy robi\u0105 co\u015b niezwyk\u0142ego Kuba Bara\u0144ski ucze\u0144 klasy 3 B bra\u0142 udzia\u0142 w Wielkiej Lekcji Wf. Kuba trenuje z \u0141\u00f3dzka Grupa &#8217; Mekka &#8217; Street wi\u0119cej<\/p>\n","protected":false},"author":1,"featured_media":0,"parent":812,"menu_order":2,"comment_status":"closed","ping_status":"closed","template":"","meta":{"two_page_speed":[],"footnotes":""},"class_list":["post-816","page","type-page","status-publish","hentry"],"_links":{"self":[{"href":"https:\/\/sp184lodz.edu.pl\/index.php\/wp-json\/wp\/v2\/pages\/816","targetHints":{"allow":["GET"]}}],"collection":[{"href":"https:\/\/sp184lodz.edu.pl\/index.php\/wp-json\/wp\/v2\/pages"}],"about":[{"href":"https:\/\/sp184lodz.edu.pl\/index.php\/wp-json\/wp\/v2\/types\/page"}],"author":[{"embeddable":true,"href":"https:\/\/sp184lodz.edu.pl\/index.php\/wp-json\/wp\/v2\/users\/1"}],"replies":[{"embeddable":true,"href":"https:\/\/sp184lodz.edu.pl\/index.php\/wp-json\/wp\/v2\/comments?post=816"}],"version-history":[{"count":4,"href":"https:\/\/sp184lodz.edu.pl\/index.php\/wp-json\/wp\/v2\/pages\/816\/revisions"}],"predecessor-version":[{"id":1690,"href":"https:\/\/sp184lodz.edu.pl\/index.php\/wp-json\/wp\/v2\/pages\/816\/revisions\/1690"}],"up":[{"embeddable":true,"href":"https:\/\/sp184lodz.edu.pl\/index.php\/wp-json\/wp\/v2\/pages\/812"}],"wp:attachment":[{"href":"https:\/\/sp184lodz.edu.pl\/index.php\/wp-json\/wp\/v2\/media?parent=816"}],"curies":[{"name":"wp","href":"https:\/\/api.w.org\/{rel}","templated":true}]}}