{"id":818,"date":"2017-04-12T20:01:04","date_gmt":"2017-04-12T18:01:04","guid":{"rendered":"http:\/\/sp184lodz.edu.pl\/?page_id=818"},"modified":"2018-02-12T15:20:59","modified_gmt":"2018-02-12T14:20:59","slug":"wspolpraca-i-podziekowania","status":"publish","type":"page","link":"https:\/\/sp184lodz.edu.pl\/index.php\/uczymy-inaczej\/wspolpraca-i-podziekowania\/","title":{"rendered":"Wsp\u00f3\u0142praca i podzi\u0119kowania"},"content":{"rendered":"<p><img loading=\"lazy\" decoding=\"async\" class=\"aligncenter wp-image-1023 \" title=\"\" src=\"http:\/\/sp184lodz.edu.pl\/wp-content\/uploads\/2017\/03\/liniaa.gif\" alt=\"\" width=\"334\" height=\"5\" \/><\/p>\n<p style=\"text-align: center;\">Serdecznie dzi\u0119kujemy Radzie Rodzic\u00f3w,<br \/>\na konkretnie:<\/p>\n<h3 style=\"text-align: center;\"><strong>pani Ma\u0142gorzacie Andrzejewskiej-Indraszczyk, <\/strong><br \/>\n<strong>panu S\u0142awomirowi Stanis\u0142awskiemu<\/strong><br \/>\n<strong> i panu Jaros\u0142awowi Gronowskiemu,<\/strong><\/h3>\n<p style=\"text-align: center;\">kt\u00f3rzy w czasie ferii sp\u0119dzili w szkole wiele godzin<br \/>\n(\u0142\u0105cznie z sobotami i niedzielami)<br \/>\nprzygotowuj\u0105c sprz\u0119t multimedialny<br \/>\noraz nasz\u0105 sie\u0107 internetow\u0105 do nowych potrzeb.<\/p>\n<p style=\"text-align: center;\">Drodzy Pa\u0144stwo bez Was nie poradziliby\u015bmy sobie.<\/p>\n<p style=\"text-align: center;\">Uczniowie,<br \/>\nNauczyciele,<br \/>\nDyrekcja SP 184 w \u0141odzi.<\/p>\n<p><img loading=\"lazy\" decoding=\"async\" class=\" wp-image-3432 aligncenter\" title=\"\" src=\"http:\/\/sp184lodz.edu.pl\/wp-content\/uploads\/2018\/02\/SP184-podziekowania-300x172.png\" alt=\"\" width=\"531\" height=\"267\" \/><\/p>\n<p style=\"text-align: center;\"><img loading=\"lazy\" decoding=\"async\" class=\"aligncenter wp-image-1023 \" title=\"\" src=\"http:\/\/sp184lodz.edu.pl\/wp-content\/uploads\/2017\/03\/liniaa.gif\" alt=\"\" width=\"334\" height=\"5\" \/><\/p>\n<div id='gallery-1' class='gallery galleryid-818 gallery-columns-2 gallery-size-medium'><figure class='gallery-item'>\n\t\t\t<div class='gallery-icon portrait'>\n\t\t\t\t<a href='https:\/\/sp184lodz.edu.pl\/wp-content\/uploads\/2017\/12\/podziekowanie1.jpg' title=\"\" data-rl_title=\"\" class=\"rl-gallery-link\" data-rl_caption=\"\" data-rel=\"lightbox-gallery-1\"><img loading=\"lazy\" decoding=\"async\" width=\"198\" height=\"300\" src=\"https:\/\/sp184lodz.edu.pl\/wp-content\/uploads\/2017\/12\/podziekowanie1-198x300.jpg\" class=\"attachment-medium size-medium\" alt=\"\" srcset=\"https:\/\/sp184lodz.edu.pl\/wp-content\/uploads\/2017\/12\/podziekowanie1-198x300.jpg 198w, https:\/\/sp184lodz.edu.pl\/wp-content\/uploads\/2017\/12\/podziekowanie1-676x1024.jpg 676w, https:\/\/sp184lodz.edu.pl\/wp-content\/uploads\/2017\/12\/podziekowanie1.jpg 749w\" sizes=\"auto, (max-width: 198px) 100vw, 198px\" \/><\/a>\n\t\t\t<\/div><\/figure><figure class='gallery-item'>\n\t\t\t<div class='gallery-icon portrait'>\n\t\t\t\t<a href='https:\/\/sp184lodz.edu.pl\/wp-content\/uploads\/2017\/12\/podziekowanie2.jpg' title=\"\" data-rl_title=\"\" class=\"rl-gallery-link\" data-rl_caption=\"\" data-rel=\"lightbox-gallery-1\"><img loading=\"lazy\" decoding=\"async\" width=\"198\" height=\"300\" src=\"https:\/\/sp184lodz.edu.pl\/wp-content\/uploads\/2017\/12\/podziekowanie2-198x300.jpg\" class=\"attachment-medium size-medium\" alt=\"\" srcset=\"https:\/\/sp184lodz.edu.pl\/wp-content\/uploads\/2017\/12\/podziekowanie2-198x300.jpg 198w, https:\/\/sp184lodz.edu.pl\/wp-content\/uploads\/2017\/12\/podziekowanie2-676x1024.jpg 676w, https:\/\/sp184lodz.edu.pl\/wp-content\/uploads\/2017\/12\/podziekowanie2.jpg 749w\" sizes=\"auto, (max-width: 198px) 100vw, 198px\" \/><\/a>\n\t\t\t<\/div><\/figure>\n\t\t<\/div>\n\n<p><img loading=\"lazy\" decoding=\"async\" class=\"aligncenter wp-image-1023 \" src=\"http:\/\/sp184lodz.edu.pl\/wp-content\/uploads\/2017\/03\/liniaa.gif\" alt=\"\" width=\"334\" height=\"5\" \/><img loading=\"lazy\" decoding=\"async\" class=\" wp-image-1306 alignright\" src=\"http:\/\/sp184lodz.edu.pl\/wp-content\/uploads\/2017\/04\/kwiatki.png\" alt=\"\" width=\"211\" height=\"180\" \/><\/p>\n<p style=\"text-align: center;\">Serdeczne podzi\u0119kowania<br \/>\nza wsp\u00f3\u0142prac\u0119, pomoc i zaanga\u017cowanie<br \/>\nw wystr\u00f3j pracowni komputerowej<\/p>\n<p style=\"text-align: center;\">dla:<\/p>\n<h3 style=\"text-align: center;\">Pani <strong>Ma\u0142gorzaty Indraszczyk<\/strong><\/h3>\n<p>&nbsp;<\/p>\n<p><img loading=\"lazy\" decoding=\"async\" class=\"aligncenter wp-image-1023 \" src=\"http:\/\/sp184lodz.edu.pl\/wp-content\/uploads\/2017\/03\/liniaa.gif\" alt=\"\" width=\"334\" height=\"5\" \/><\/p>\n<p style=\"text-align: center;\"><em><strong>Dzi\u0119kujemy za now\u0105 pracowni\u0119 informatyczn\u0105 \ud83d\ude42<\/strong><\/em><\/p>\n<div id='gallery-2' class='gallery galleryid-818 gallery-columns-5 gallery-size-medium'><figure class='gallery-item'>\n\t\t\t<div class='gallery-icon portrait'>\n\t\t\t\t<a href='https:\/\/sp184lodz.edu.pl\/wp-content\/uploads\/2017\/04\/radarodzic.png' title=\"\" data-rl_title=\"\" class=\"rl-gallery-link\" data-rl_caption=\"\" data-rel=\"lightbox-gallery-2\"><img loading=\"lazy\" decoding=\"async\" width=\"212\" height=\"300\" src=\"https:\/\/sp184lodz.edu.pl\/wp-content\/uploads\/2017\/04\/radarodzic-212x300.png\" class=\"attachment-medium size-medium\" alt=\"\" srcset=\"https:\/\/sp184lodz.edu.pl\/wp-content\/uploads\/2017\/04\/radarodzic-212x300.png 212w, https:\/\/sp184lodz.edu.pl\/wp-content\/uploads\/2017\/04\/radarodzic.png 636w\" sizes=\"auto, (max-width: 212px) 100vw, 212px\" \/><\/a>\n\t\t\t<\/div><\/figure><figure class='gallery-item'>\n\t\t\t<div class='gallery-icon portrait'>\n\t\t\t\t<a href='https:\/\/sp184lodz.edu.pl\/wp-content\/uploads\/2017\/04\/stanislawski.jpg' title=\"\" data-rl_title=\"\" class=\"rl-gallery-link\" data-rl_caption=\"\" data-rel=\"lightbox-gallery-2\"><img loading=\"lazy\" decoding=\"async\" width=\"212\" height=\"300\" src=\"https:\/\/sp184lodz.edu.pl\/wp-content\/uploads\/2017\/04\/stanislawski-212x300.jpg\" class=\"attachment-medium size-medium\" alt=\"\" srcset=\"https:\/\/sp184lodz.edu.pl\/wp-content\/uploads\/2017\/04\/stanislawski-212x300.jpg 212w, https:\/\/sp184lodz.edu.pl\/wp-content\/uploads\/2017\/04\/stanislawski.jpg 530w\" sizes=\"auto, (max-width: 212px) 100vw, 212px\" \/><\/a>\n\t\t\t<\/div><\/figure><figure class='gallery-item'>\n\t\t\t<div class='gallery-icon portrait'>\n\t\t\t\t<a href='https:\/\/sp184lodz.edu.pl\/wp-content\/uploads\/2017\/04\/wandachowicz.jpg' title=\"\" data-rl_title=\"\" class=\"rl-gallery-link\" data-rl_caption=\"\" data-rel=\"lightbox-gallery-2\"><img loading=\"lazy\" decoding=\"async\" width=\"212\" height=\"300\" src=\"https:\/\/sp184lodz.edu.pl\/wp-content\/uploads\/2017\/04\/wandachowicz-212x300.jpg\" class=\"attachment-medium size-medium\" alt=\"\" srcset=\"https:\/\/sp184lodz.edu.pl\/wp-content\/uploads\/2017\/04\/wandachowicz-212x300.jpg 212w, https:\/\/sp184lodz.edu.pl\/wp-content\/uploads\/2017\/04\/wandachowicz.jpg 530w\" sizes=\"auto, (max-width: 212px) 100vw, 212px\" \/><\/a>\n\t\t\t<\/div><\/figure><figure class='gallery-item'>\n\t\t\t<div class='gallery-icon portrait'>\n\t\t\t\t<a href='https:\/\/sp184lodz.edu.pl\/wp-content\/uploads\/2017\/04\/indraszczyk.jpg' title=\"\" data-rl_title=\"\" class=\"rl-gallery-link\" data-rl_caption=\"\" data-rel=\"lightbox-gallery-2\"><img loading=\"lazy\" decoding=\"async\" width=\"212\" height=\"300\" src=\"https:\/\/sp184lodz.edu.pl\/wp-content\/uploads\/2017\/04\/indraszczyk-212x300.jpg\" class=\"attachment-medium size-medium\" alt=\"\" srcset=\"https:\/\/sp184lodz.edu.pl\/wp-content\/uploads\/2017\/04\/indraszczyk-212x300.jpg 212w, https:\/\/sp184lodz.edu.pl\/wp-content\/uploads\/2017\/04\/indraszczyk.jpg 530w\" sizes=\"auto, (max-width: 212px) 100vw, 212px\" \/><\/a>\n\t\t\t<\/div><\/figure><figure class='gallery-item'>\n\t\t\t<div class='gallery-icon portrait'>\n\t\t\t\t<a href='https:\/\/sp184lodz.edu.pl\/wp-content\/uploads\/2017\/04\/trybuchowska.jpg' title=\"\" data-rl_title=\"\" class=\"rl-gallery-link\" data-rl_caption=\"\" data-rel=\"lightbox-gallery-2\"><img loading=\"lazy\" decoding=\"async\" width=\"212\" height=\"300\" src=\"https:\/\/sp184lodz.edu.pl\/wp-content\/uploads\/2017\/04\/trybuchowska-212x300.jpg\" class=\"attachment-medium size-medium\" alt=\"\" srcset=\"https:\/\/sp184lodz.edu.pl\/wp-content\/uploads\/2017\/04\/trybuchowska-212x300.jpg 212w, https:\/\/sp184lodz.edu.pl\/wp-content\/uploads\/2017\/04\/trybuchowska.jpg 530w\" sizes=\"auto, (max-width: 212px) 100vw, 212px\" \/><\/a>\n\t\t\t<\/div><\/figure>\n\t\t<\/div>\n\n","protected":false},"excerpt":{"rendered":"<p>Serdecznie dzi\u0119kujemy Radzie Rodzic\u00f3w, a konkretnie: pani Ma\u0142gorzacie Andrzejewskiej-Indraszczyk, panu S\u0142awomirowi Stanis\u0142awskiemu i panu Jaros\u0142awowi Gronowskiemu, kt\u00f3rzy w czasie ferii sp\u0119dzili w szkole wiele godzin (\u0142\u0105cznie z sobotami i niedzielami) przygotowuj\u0105c sprz\u0119t multimedialny oraz nasz\u0105 sie\u0107 internetow\u0105 do nowych potrzeb. <a href=\"https:\/\/sp184lodz.edu.pl\/index.php\/uczymy-inaczej\/wspolpraca-i-podziekowania\/\" class=\"read-more\">czytaj wi\u0119cej &#8230;<\/a><\/p>\n","protected":false},"author":1,"featured_media":0,"parent":812,"menu_order":3,"comment_status":"closed","ping_status":"closed","template":"","meta":{"two_page_speed":[],"footnotes":""},"class_list":["post-818","page","type-page","status-publish","hentry"],"_links":{"self":[{"href":"https:\/\/sp184lodz.edu.pl\/index.php\/wp-json\/wp\/v2\/pages\/818","targetHints":{"allow":["GET"]}}],"collection":[{"href":"https:\/\/sp184lodz.edu.pl\/index.php\/wp-json\/wp\/v2\/pages"}],"about":[{"href":"https:\/\/sp184lodz.edu.pl\/index.php\/wp-json\/wp\/v2\/types\/page"}],"author":[{"embeddable":true,"href":"https:\/\/sp184lodz.edu.pl\/index.php\/wp-json\/wp\/v2\/users\/1"}],"replies":[{"embeddable":true,"href":"https:\/\/sp184lodz.edu.pl\/index.php\/wp-json\/wp\/v2\/comments?post=818"}],"version-history":[{"count":21,"href":"https:\/\/sp184lodz.edu.pl\/index.php\/wp-json\/wp\/v2\/pages\/818\/revisions"}],"predecessor-version":[{"id":3433,"href":"https:\/\/sp184lodz.edu.pl\/index.php\/wp-json\/wp\/v2\/pages\/818\/revisions\/3433"}],"up":[{"embeddable":true,"href":"https:\/\/sp184lodz.edu.pl\/index.php\/wp-json\/wp\/v2\/pages\/812"}],"wp:attachment":[{"href":"https:\/\/sp184lodz.edu.pl\/index.php\/wp-json\/wp\/v2\/media?parent=818"}],"curies":[{"name":"wp","href":"https:\/\/api.w.org\/{rel}","templated":true}]}}