{"id":8456,"date":"2020-06-15T13:48:39","date_gmt":"2020-06-15T11:48:39","guid":{"rendered":"http:\/\/sp184lodz.edu.pl\/?page_id=8456"},"modified":"2020-06-15T13:55:00","modified_gmt":"2020-06-15T11:55:00","slug":"karta-zgloszenia","status":"publish","type":"page","link":"https:\/\/sp184lodz.edu.pl\/index.php\/nabor-do-klas-1-2020-2021\/karta-zgloszenia\/","title":{"rendered":"KARTA ZG\u0141OSZENIA"},"content":{"rendered":"<ul>\n<li><a href=\"http:\/\/sp184lodz.edu.pl\/wp-content\/uploads\/2020\/06\/KARTA-ZG\u0141OSZENIA-DZIECKA-do-szko\u0142y-obwodowego.pdf\" target=\"_blank\" rel=\"noopener noreferrer\"><strong>KARTA ZG\u0141OSZENIA DZIECKA <\/strong><strong>(obwodowego) <\/strong><strong>do Szko\u0142y Podstawowej nr 184 w \u0141odzi<\/strong><\/a><\/li>\n<li><a href=\"http:\/\/sp184lodz.edu.pl\/wp-content\/uploads\/2020\/06\/karta-zg\u0142oszenia-dziecka-do-szko\u0142y-pozaobwodowego.pdf\" target=\"_blank\" rel=\"noopener noreferrer\"><strong>KARTA ZG\u0141OSZENI<\/strong><strong>A<\/strong><strong> DZIECKA<\/strong> <strong>(poza obwodowego) <\/strong><strong>do <\/strong><strong>Szko\u0142y Podstawowej nr 184 w \u0141odzi<\/strong><\/a><\/li>\n<\/ul>\n<p><img loading=\"lazy\" decoding=\"async\" class=\"aligncenter wp-image-1541\" title=\"\" src=\"http:\/\/sp184lodz.edu.pl\/wp-content\/uploads\/2017\/05\/pdf.gif\" alt=\"\" width=\"179\" height=\"101\" \/><\/p>\n<h3 style=\"text-align: center;\"><strong><span style=\"color: #ff0000;\">wype\u0142nione karty zg\u0142oszenia prosimy odes\u0142a\u0107 na maila szko\u0142y<\/span><\/strong><\/h3>\n<p style=\"text-align: center;\"><a href=\"mailto:kontakt@sp184.elodz.edu.pl\">kontakt@sp184.elodz.edu.pl<\/a><\/p>\n<h1 style=\"text-align: center;\"><strong><span style=\"color: #ff0000;\">do 23.06.2020 r.<\/span><\/strong><\/h1>\n","protected":false},"excerpt":{"rendered":"<p>KARTA ZG\u0141OSZENIA DZIECKA (obwodowego) do Szko\u0142y Podstawowej nr 184 w \u0141odzi KARTA ZG\u0141OSZENIA DZIECKA (poza obwodowego) do Szko\u0142y Podstawowej nr 184 w \u0141odzi wype\u0142nione karty zg\u0142oszenia prosimy odes\u0142a\u0107 na maila szko\u0142y kontakt@sp184.elodz.edu.pl do 23.06.2020 r.<\/p>\n","protected":false},"author":1,"featured_media":0,"parent":8125,"menu_order":0,"comment_status":"closed","ping_status":"closed","template":"","meta":{"two_page_speed":[],"footnotes":""},"class_list":["post-8456","page","type-page","status-publish","hentry"],"_links":{"self":[{"href":"https:\/\/sp184lodz.edu.pl\/index.php\/wp-json\/wp\/v2\/pages\/8456","targetHints":{"allow":["GET"]}}],"collection":[{"href":"https:\/\/sp184lodz.edu.pl\/index.php\/wp-json\/wp\/v2\/pages"}],"about":[{"href":"https:\/\/sp184lodz.edu.pl\/index.php\/wp-json\/wp\/v2\/types\/page"}],"author":[{"embeddable":true,"href":"https:\/\/sp184lodz.edu.pl\/index.php\/wp-json\/wp\/v2\/users\/1"}],"replies":[{"embeddable":true,"href":"https:\/\/sp184lodz.edu.pl\/index.php\/wp-json\/wp\/v2\/comments?post=8456"}],"version-history":[{"count":6,"href":"https:\/\/sp184lodz.edu.pl\/index.php\/wp-json\/wp\/v2\/pages\/8456\/revisions"}],"predecessor-version":[{"id":8465,"href":"https:\/\/sp184lodz.edu.pl\/index.php\/wp-json\/wp\/v2\/pages\/8456\/revisions\/8465"}],"up":[{"embeddable":true,"href":"https:\/\/sp184lodz.edu.pl\/index.php\/wp-json\/wp\/v2\/pages\/8125"}],"wp:attachment":[{"href":"https:\/\/sp184lodz.edu.pl\/index.php\/wp-json\/wp\/v2\/media?parent=8456"}],"curies":[{"name":"wp","href":"https:\/\/api.w.org\/{rel}","templated":true}]}}