{"id":8876,"date":"2020-09-09T15:35:50","date_gmt":"2020-09-09T13:35:50","guid":{"rendered":"http:\/\/sp184lodz.edu.pl\/?page_id=8876"},"modified":"2025-02-21T14:44:24","modified_gmt":"2025-02-21T13:44:24","slug":"o-plywalni","status":"publish","type":"page","link":"https:\/\/sp184lodz.edu.pl\/index.php\/szkola\/o-plywalni\/","title":{"rendered":"P\u0141YWALNIA"},"content":{"rendered":"<p><img loading=\"lazy\" decoding=\"async\" class=\"aligncenter wp-image-1023 size-full\" src=\"http:\/\/sp184lodz.edu.pl\/wp-content\/uploads\/2017\/03\/liniaa.gif\" alt=\"\" width=\"534\" height=\"8\" \/><\/p>\r\n<h1 class=\"naglowek\" style=\"text-align: center;\"><span style=\"color: #000080;\">P\u0142ywalnia szkolna &#8222;SYRENKA&#8221;<\/span><\/h1>\r\n<p><img loading=\"lazy\" decoding=\"async\" class=\"aligncenter  wp-image-19928\" src=\"https:\/\/sp184lodz.edu.pl\/wp-content\/uploads\/2025\/02\/syrenka.png\" alt=\"\" width=\"274\" height=\"120\" srcset=\"https:\/\/sp184lodz.edu.pl\/wp-content\/uploads\/2025\/02\/syrenka.png 626w, https:\/\/sp184lodz.edu.pl\/wp-content\/uploads\/2025\/02\/syrenka-300x131.png 300w, https:\/\/sp184lodz.edu.pl\/wp-content\/uploads\/2025\/02\/syrenka-600x263.png 600w\" sizes=\"auto, (max-width: 274px) 100vw, 274px\" \/><\/p>\r\n<h4 align=\"center\"><span style=\"color: #000080;\"><b>tel. 516-330-282 <\/b><\/span><\/h4>\r\n<h4 align=\"center\"><span style=\"color: #000080;\">KIEROWNIK P\u0141YWALNI:<b> <\/b><\/span><\/h4>\r\n<h3 align=\"center\"><span style=\"color: #0000ff;\"><b><span style=\"color: #000080;\">p. Grzegorz Puchacz<\/span><br \/><\/b><\/span><\/h3>\r\n<p><img loading=\"lazy\" decoding=\"async\" class=\"aligncenter wp-image-1023 size-full\" src=\"http:\/\/sp184lodz.edu.pl\/wp-content\/uploads\/2017\/03\/liniaa.gif\" alt=\"\" width=\"534\" height=\"8\" \/><\/p>\r\n<hr \/>\r\n\r\n<!--<p><span style=\"display: inline-block; width: 0px; overflow: hidden; line-height: 0;\" data-mce-type=\"bookmark\" class=\"mce_SELRES_start\"><\/span><strong>Zaj\u0119cia z p\u0142ywania w ramach godzin szkolnych na p\u0142ywalni \"Syrenka\" przy Szkole Podstawowej nr 184<\/strong><\/p>-->\r\n\r\n\r\n\r\n\r\n<p>&nbsp;<\/p>\r\n<p>P\u0142ywalnia &#8222;Syrenka&#8221; funkcjonuje od 1993 roku W\u00a0 roku 2007 przesz\u0142a gruntowny remont.<\/p>\r\n<p>Zaj\u0119cia nauki i doskonalenia p\u0142ywania odbywaj\u0105 si\u0119 dla wszystkich klas 1-6 Szko\u0142y Podstawowej 184&#8243; na 1-8<\/p>\r\n\r\n\r\n\r\n<p>&nbsp;<\/p>\r\n\r\n\r\n\r\n<p><strong>Uzyskanie karty p\u0142ywackiej.<\/strong><\/p>\r\n\r\n\r\n\r\n<p>Uczniowie, kt\u00f3rzy chc\u0105 rozwija\u0107 swoje zainteresowania p\u0142ywackie maj\u0105 mo\u017cliwo\u015b\u0107 uczestniczenia w dodatkowych zaj\u0119ciach <strong>Szkolnego Ko\u0142a P\u0142ywackiego &#8222;Kadry Szko\u0142y&#8221;<\/strong>, <strong>Szkolnego Ko\u0142a WOPR<\/strong>.<\/p>\r\n\r\n\r\n\r\n<p>Realizowane s\u0105 liczne innowacje pedagogiczne wdra\u017cane przez nauczycieli p\u0142ywania. Ich zasadniczym celem jest wy\u0142onienie dzieci uzdolnionych sportowo. Najlepsi p\u0142ywacy uczestnicz\u0105 te\u017c w zaj\u0119ciach <strong>Uczniowskiego Klubu Sportowego Aquarius<\/strong>, kt\u00f3ry bierze udzia\u0142 w licznych zawodach organizowanych przez \u0141OZP, PZP.<\/p>\r\n\r\n\r\n\r\n<p>Na p\u0142ywalni &#8222;Syrenka&#8221; odbywaj\u0105 si\u0119 cykliczne zawody organizowane przez nauczycieli p\u0142ywania:<\/p>\r\n\r\n\r\n\r\n<ul class=\"wp-block-list\">\r\n<li>Mistrzostwa Szko\u0142y w P\u0142ywaniu<\/li>\r\n<\/ul>\r\n\r\n\r\n\r\n<ul class=\"wp-block-list\">\r\n<li>P\u0142ywaj\u0105cy Radogoszcz<\/li>\r\n<\/ul>\r\n<p>&nbsp;<\/p>\r\n\r\n\r\n\r\n\r\n\r\n<div class=\"wp-block-image\">\r\n<figure class=\"aligncenter\"><img loading=\"lazy\" decoding=\"async\" width=\"534\" height=\"8\" class=\"wp-image-1023 aligncenter\" src=\"http:\/\/sp184lodz.edu.pl\/wp-content\/uploads\/2017\/03\/liniaa.gif\" alt=\"\" \/><\/figure>\r\n<\/div>\r\n\r\n\r\n\r\n<p>&nbsp;<\/p>\r\n<p>Nauczyciele p\u0142ywania daj\u0105 przyk\u0142ad swoim uczniom, startuj\u0105c w konkurencjach p\u0142ywackich i biegowych czy triatlonowych.<\/p>","protected":false},"excerpt":{"rendered":"<p>P\u0142ywalnia szkolna &#8222;SYRENKA&#8221; tel. 516-330-282 KIEROWNIK P\u0141YWALNI: p. Grzegorz Puchacz &nbsp; P\u0142ywalnia &#8222;Syrenka&#8221; funkcjonuje od 1993 roku W\u00a0 roku 2007 przesz\u0142a gruntowny remont. Zaj\u0119cia nauki i doskonalenia p\u0142ywania odbywaj\u0105 si\u0119 dla wszystkich klas 1-6 Szko\u0142y Podstawowej 184&#8243; na 1-8 &nbsp; <a href=\"https:\/\/sp184lodz.edu.pl\/index.php\/szkola\/o-plywalni\/\" class=\"read-more\">czytaj wi\u0119cej &#8230;<\/a><\/p>\n","protected":false},"author":4,"featured_media":0,"parent":151,"menu_order":0,"comment_status":"closed","ping_status":"closed","template":"","meta":{"two_page_speed":[],"footnotes":""},"class_list":["post-8876","page","type-page","status-publish","hentry"],"_links":{"self":[{"href":"https:\/\/sp184lodz.edu.pl\/index.php\/wp-json\/wp\/v2\/pages\/8876","targetHints":{"allow":["GET"]}}],"collection":[{"href":"https:\/\/sp184lodz.edu.pl\/index.php\/wp-json\/wp\/v2\/pages"}],"about":[{"href":"https:\/\/sp184lodz.edu.pl\/index.php\/wp-json\/wp\/v2\/types\/page"}],"author":[{"embeddable":true,"href":"https:\/\/sp184lodz.edu.pl\/index.php\/wp-json\/wp\/v2\/users\/4"}],"replies":[{"embeddable":true,"href":"https:\/\/sp184lodz.edu.pl\/index.php\/wp-json\/wp\/v2\/comments?post=8876"}],"version-history":[{"count":24,"href":"https:\/\/sp184lodz.edu.pl\/index.php\/wp-json\/wp\/v2\/pages\/8876\/revisions"}],"predecessor-version":[{"id":19931,"href":"https:\/\/sp184lodz.edu.pl\/index.php\/wp-json\/wp\/v2\/pages\/8876\/revisions\/19931"}],"up":[{"embeddable":true,"href":"https:\/\/sp184lodz.edu.pl\/index.php\/wp-json\/wp\/v2\/pages\/151"}],"wp:attachment":[{"href":"https:\/\/sp184lodz.edu.pl\/index.php\/wp-json\/wp\/v2\/media?parent=8876"}],"curies":[{"name":"wp","href":"https:\/\/api.w.org\/{rel}","templated":true}]}}