{"id":8895,"date":"2020-09-09T16:06:36","date_gmt":"2020-09-09T14:06:36","guid":{"rendered":"http:\/\/sp184lodz.edu.pl\/?page_id=8895"},"modified":"2025-02-21T13:45:47","modified_gmt":"2025-02-21T12:45:47","slug":"badania-wody","status":"publish","type":"page","link":"https:\/\/sp184lodz.edu.pl\/index.php\/szkola\/badania-wody\/","title":{"rendered":"Badania wody"},"content":{"rendered":"<p><span style=\"color: #0000ff;\"><img loading=\"lazy\" decoding=\"async\" class=\" wp-image-19920 alignleft\" src=\"https:\/\/sp184lodz.edu.pl\/wp-content\/uploads\/2025\/02\/basen.png\" alt=\"\" width=\"132\" height=\"148\" \/><strong><span style=\"font-size: 14pt; color: #000080;\">Aktualne badania wody <\/span><\/strong><\/span><\/p>\n<p><strong><span style=\"color: #000080; font-size: 14pt;\">s\u0105 do wgl\u0105du <\/span><\/strong><\/p>\n<p><strong><span style=\"font-size: 14pt; color: #000080;\">w gablocie na p\u0142ywalni.<\/span><\/strong><\/p>\n","protected":false},"excerpt":{"rendered":"<p>Aktualne badania wody s\u0105 do wgl\u0105du w gablocie na p\u0142ywalni.<\/p>\n","protected":false},"author":4,"featured_media":0,"parent":151,"menu_order":4,"comment_status":"closed","ping_status":"closed","template":"","meta":{"two_page_speed":[],"footnotes":""},"class_list":["post-8895","page","type-page","status-publish","hentry"],"_links":{"self":[{"href":"https:\/\/sp184lodz.edu.pl\/index.php\/wp-json\/wp\/v2\/pages\/8895","targetHints":{"allow":["GET"]}}],"collection":[{"href":"https:\/\/sp184lodz.edu.pl\/index.php\/wp-json\/wp\/v2\/pages"}],"about":[{"href":"https:\/\/sp184lodz.edu.pl\/index.php\/wp-json\/wp\/v2\/types\/page"}],"author":[{"embeddable":true,"href":"https:\/\/sp184lodz.edu.pl\/index.php\/wp-json\/wp\/v2\/users\/4"}],"replies":[{"embeddable":true,"href":"https:\/\/sp184lodz.edu.pl\/index.php\/wp-json\/wp\/v2\/comments?post=8895"}],"version-history":[{"count":33,"href":"https:\/\/sp184lodz.edu.pl\/index.php\/wp-json\/wp\/v2\/pages\/8895\/revisions"}],"predecessor-version":[{"id":19922,"href":"https:\/\/sp184lodz.edu.pl\/index.php\/wp-json\/wp\/v2\/pages\/8895\/revisions\/19922"}],"up":[{"embeddable":true,"href":"https:\/\/sp184lodz.edu.pl\/index.php\/wp-json\/wp\/v2\/pages\/151"}],"wp:attachment":[{"href":"https:\/\/sp184lodz.edu.pl\/index.php\/wp-json\/wp\/v2\/media?parent=8895"}],"curies":[{"name":"wp","href":"https:\/\/api.w.org\/{rel}","templated":true}]}}