{"id":8919,"date":"2020-09-10T16:49:27","date_gmt":"2020-09-10T14:49:27","guid":{"rendered":"http:\/\/sp184lodz.edu.pl\/?page_id=8919"},"modified":"2025-09-17T08:56:06","modified_gmt":"2025-09-17T06:56:06","slug":"formularze-podania-umowy","status":"publish","type":"page","link":"https:\/\/sp184lodz.edu.pl\/index.php\/szkola\/formularze-podania-umowy\/","title":{"rendered":"Formularze, podania, umowy"},"content":{"rendered":"<p><a href=\"https:\/\/sp184lodz.edu.pl\/wp-content\/uploads\/2021\/08\/oswiadczenie_o_samodzielnym_powrocie.docx\" target=\"_blank\" rel=\"noopener noreferrer\"><strong>O<\/strong><strong>\u015bwiadczenie o samodzielnym powrocie dziecka\/o\u015bwiadczenie o osobach upowa\u017cnionych do odbioru<\/strong><\/a><a href=\"https:\/\/sp184lodz.edu.pl\/wp-content\/uploads\/2021\/08\/oswiadczenie_o_samodzielnym_powrocie.docx\" target=\"_blank\" rel=\"noopener noreferrer\"><img decoding=\"async\" style=\"padding-left: 10px;\" src=\"http:\/\/sp184lodz.edu.pl\/wp-content\/uploads\/2020\/10\/download.png\" \/><\/a><\/p>\n<p><a href=\"http:\/\/sp184lodz.edu.pl\/wp-content\/uploads\/2020\/09\/informacja_o_przekazaniu_dokumentacji_dziecka.pdf\" target=\"_blank\" rel=\"noopener noreferrer\"><strong>I<\/strong><strong>nformacja o przekazaniu dokumentacji dziecka do szko\u0142y<\/strong><\/a><a href=\"http:\/\/sp184lodz.edu.pl\/wp-content\/uploads\/2020\/09\/informacja_o_przekazaniu_dokumentacji_dziecka.pdf\" target=\"_blank\" rel=\"noopener noreferrer\"><img decoding=\"async\" style=\"padding-left: 10px;\" src=\"http:\/\/sp184lodz.edu.pl\/wp-content\/uploads\/2020\/10\/download.png\" \/><\/a><\/p>\n<p><a href=\"http:\/\/sp184lodz.edu.pl\/wp-content\/uploads\/2020\/09\/podanie_o_wydanie_opinii_o_uczniu.pdf\" target=\"_blank\" rel=\"noopener noreferrer\"><strong>Podanie o wydanie opinii o uczniu<\/strong><\/a><a href=\"http:\/\/sp184lodz.edu.pl\/wp-content\/uploads\/2020\/09\/podanie_o_wydanie_opinii_o_uczniu.pdf\" target=\"_blank\" rel=\"noopener noreferrer\"><img decoding=\"async\" style=\"padding-left: 10px;\" src=\"http:\/\/sp184lodz.edu.pl\/wp-content\/uploads\/2020\/10\/download.png\" \/><\/a><\/p>\n<p><a href=\"http:\/\/sp184lodz.edu.pl\/wp-content\/uploads\/2020\/09\/rezygnacja_z_zajec.pdf\" target=\"_blank\" rel=\"noopener noreferrer\"><strong>Zwolnienie z religii i WD\u017b<\/strong><\/a><a href=\"http:\/\/sp184lodz.edu.pl\/wp-content\/uploads\/2020\/09\/rezygnacja_z_zajec.pdf\" target=\"_blank\" rel=\"noopener noreferrer\"><img decoding=\"async\" style=\"padding-left: 10px;\" src=\"http:\/\/sp184lodz.edu.pl\/wp-content\/uploads\/2020\/10\/download.png\" \/><\/a><\/p>\n<p><a href=\"https:\/\/sp184lodz.edu.pl\/wp-content\/uploads\/2025\/09\/wzor_rezygnacji_z_zajec_edukacji_zdrowotnej.docx\" target=\"_blank\" rel=\"noopener noreferrer\"><strong>Rezygnacja z zaj\u0119\u0107 edukacji zdrowotnej<\/strong><\/a><a href=\"https:\/\/sp184lodz.edu.pl\/wp-content\/uploads\/2025\/09\/wzor_rezygnacji_z_zajec_edukacji_zdrowotnej.docx\" target=\"_blank\" rel=\"noopener noreferrer\"><img decoding=\"async\" style=\"padding-left: 10px;\" src=\"http:\/\/sp184lodz.edu.pl\/wp-content\/uploads\/2020\/10\/download.png\" \/><\/a><\/p>\n<p><a href=\"http:\/\/sp184lodz.edu.pl\/wp-content\/uploads\/2019\/10\/Zwolnienie.pdf\" target=\"_blank\" rel=\"noopener noreferrer\"><strong>Zwolnienie z lekcji<\/strong><\/a><a href=\"http:\/\/sp184lodz.edu.pl\/wp-content\/uploads\/2019\/10\/Zwolnienie.pdf\" target=\"_blank\" rel=\"noopener noreferrer\"><img decoding=\"async\" style=\"padding-left: 10px;\" src=\"http:\/\/sp184lodz.edu.pl\/wp-content\/uploads\/2020\/10\/download.png\" \/><\/a><\/p>\n<p><a href=\"https:\/\/sp184lodz.edu.pl\/wp-content\/uploads\/2024\/09\/podanie-o-zwolnieine-z-zajec-wf.pdf\" target=\"_blank\" rel=\"noopener\"><strong>Podanie o zwolnienie z zaj\u0119\u0107 wf<\/strong> <\/a><a href=\"https:\/\/sp184lodz.edu.pl\/wp-content\/uploads\/2024\/09\/podanie-o-zwolnieine-z-zajec-wf.pdf\" target=\"_blank\" rel=\"noopener noreferrer\"><img loading=\"lazy\" decoding=\"async\" class=\"alignnone\" src=\"http:\/\/sp184lodz.edu.pl\/wp-content\/uploads\/2020\/10\/download.png\" alt=\"\" width=\"32\" height=\"32\" \/><\/a><\/p>\n<p><a href=\"https:\/\/sp184lodz.edu.pl\/wp-content\/uploads\/2025\/09\/Legitymacja_podanie.pdf\" target=\"_blank\" rel=\"noopener\"><strong>Pro\u015bb\u0105 O Wyrobienie Legitymacji<\/strong><\/a><a href=\"https:\/\/sp184lodz.edu.pl\/wp-content\/uploads\/2025\/09\/Legitymacja_podanie.pdf\" target=\"_blank\" rel=\"noopener\"><img loading=\"lazy\" decoding=\"async\" class=\"alignnone\" src=\"http:\/\/sp184lodz.edu.pl\/wp-content\/uploads\/2020\/10\/download.png\" alt=\"\" width=\"32\" height=\"32\" \/><\/a><\/p>\n<p>&nbsp;<\/p>\n","protected":false},"excerpt":{"rendered":"<p>O\u015bwiadczenie o samodzielnym powrocie dziecka\/o\u015bwiadczenie o osobach upowa\u017cnionych do odbioru Informacja o przekazaniu dokumentacji dziecka do szko\u0142y Podanie o wydanie opinii o uczniu Zwolnienie z religii i WD\u017b Rezygnacja z zaj\u0119\u0107 edukacji zdrowotnej Zwolnienie z lekcji Podanie o zwolnienie z <a href=\"https:\/\/sp184lodz.edu.pl\/index.php\/szkola\/formularze-podania-umowy\/\" class=\"read-more\">czytaj wi\u0119cej &#8230;<\/a><\/p>\n","protected":false},"author":4,"featured_media":8920,"parent":151,"menu_order":0,"comment_status":"closed","ping_status":"closed","template":"","meta":{"two_page_speed":[],"footnotes":""},"class_list":["post-8919","page","type-page","status-publish","has-post-thumbnail","hentry"],"_links":{"self":[{"href":"https:\/\/sp184lodz.edu.pl\/index.php\/wp-json\/wp\/v2\/pages\/8919","targetHints":{"allow":["GET"]}}],"collection":[{"href":"https:\/\/sp184lodz.edu.pl\/index.php\/wp-json\/wp\/v2\/pages"}],"about":[{"href":"https:\/\/sp184lodz.edu.pl\/index.php\/wp-json\/wp\/v2\/types\/page"}],"author":[{"embeddable":true,"href":"https:\/\/sp184lodz.edu.pl\/index.php\/wp-json\/wp\/v2\/users\/4"}],"replies":[{"embeddable":true,"href":"https:\/\/sp184lodz.edu.pl\/index.php\/wp-json\/wp\/v2\/comments?post=8919"}],"version-history":[{"count":20,"href":"https:\/\/sp184lodz.edu.pl\/index.php\/wp-json\/wp\/v2\/pages\/8919\/revisions"}],"predecessor-version":[{"id":20834,"href":"https:\/\/sp184lodz.edu.pl\/index.php\/wp-json\/wp\/v2\/pages\/8919\/revisions\/20834"}],"up":[{"embeddable":true,"href":"https:\/\/sp184lodz.edu.pl\/index.php\/wp-json\/wp\/v2\/pages\/151"}],"wp:featuredmedia":[{"embeddable":true,"href":"https:\/\/sp184lodz.edu.pl\/index.php\/wp-json\/wp\/v2\/media\/8920"}],"wp:attachment":[{"href":"https:\/\/sp184lodz.edu.pl\/index.php\/wp-json\/wp\/v2\/media?parent=8919"}],"curies":[{"name":"wp","href":"https:\/\/api.w.org\/{rel}","templated":true}]}}