{"id":9033,"date":"2020-10-03T17:16:03","date_gmt":"2020-10-03T15:16:03","guid":{"rendered":"http:\/\/sp184lodz.edu.pl\/?page_id=9033"},"modified":"2020-10-03T18:09:54","modified_gmt":"2020-10-03T16:09:54","slug":"regulaminy","status":"publish","type":"page","link":"https:\/\/sp184lodz.edu.pl\/index.php\/regulaminy\/","title":{"rendered":"Regulaminy"},"content":{"rendered":"<p><a href=\"http:\/\/sp184lodz.edu.pl\/wp-content\/uploads\/2020\/10\/r_funkcjonowania_szkoly.pdf\" target=\"_blank\" rel=\"noopener noreferrer\"><strong>Regulamin funkcjonowania Szko\u0142y Podstawowej nr 184 w \u0141odzi w zwi\u0105zku z epidemi\u0105 koronawirusa<\/strong><\/a> <a href=\"http:\/\/sp184lodz.edu.pl\/wp-content\/uploads\/2020\/10\/r_funkcjonowania_szkoly.pdf\" target=\"_blank\" rel=\"noopener noreferrer\"><img decoding=\"async\" style=\"padding-left: 10px;\" src=\"http:\/\/sp184lodz.edu.pl\/wp-content\/uploads\/2020\/10\/download.png\" \/><\/a><\/p>\n<p><a href=\"http:\/\/sp184lodz.edu.pl\/wp-content\/uploads\/2017\/04\/r_biblioteki.pdf\" target=\"_blank\" rel=\"noopener noreferrer\"><strong>Regulamin biblioteki<\/strong><\/a> <a href=\"http:\/\/sp184lodz.edu.pl\/wp-content\/uploads\/2017\/04\/r_biblioteki.pdf\" target=\"_blank\" rel=\"noopener noreferrer\"><img decoding=\"async\" style=\"padding-left: 10px;\" src=\"http:\/\/sp184lodz.edu.pl\/wp-content\/uploads\/2020\/10\/download.png\" \/><\/a><\/p>\n<p>&nbsp;<\/p>\n","protected":false},"excerpt":{"rendered":"<p>Regulamin funkcjonowania Szko\u0142y Podstawowej nr 184 w \u0141odzi w zwi\u0105zku z epidemi\u0105 koronawirusa Regulamin biblioteki &nbsp;<\/p>\n","protected":false},"author":4,"featured_media":9041,"parent":0,"menu_order":0,"comment_status":"closed","ping_status":"closed","template":"","meta":{"two_page_speed":[],"footnotes":""},"class_list":["post-9033","page","type-page","status-publish","has-post-thumbnail","hentry"],"_links":{"self":[{"href":"https:\/\/sp184lodz.edu.pl\/index.php\/wp-json\/wp\/v2\/pages\/9033","targetHints":{"allow":["GET"]}}],"collection":[{"href":"https:\/\/sp184lodz.edu.pl\/index.php\/wp-json\/wp\/v2\/pages"}],"about":[{"href":"https:\/\/sp184lodz.edu.pl\/index.php\/wp-json\/wp\/v2\/types\/page"}],"author":[{"embeddable":true,"href":"https:\/\/sp184lodz.edu.pl\/index.php\/wp-json\/wp\/v2\/users\/4"}],"replies":[{"embeddable":true,"href":"https:\/\/sp184lodz.edu.pl\/index.php\/wp-json\/wp\/v2\/comments?post=9033"}],"version-history":[{"count":12,"href":"https:\/\/sp184lodz.edu.pl\/index.php\/wp-json\/wp\/v2\/pages\/9033\/revisions"}],"predecessor-version":[{"id":9049,"href":"https:\/\/sp184lodz.edu.pl\/index.php\/wp-json\/wp\/v2\/pages\/9033\/revisions\/9049"}],"wp:featuredmedia":[{"embeddable":true,"href":"https:\/\/sp184lodz.edu.pl\/index.php\/wp-json\/wp\/v2\/media\/9041"}],"wp:attachment":[{"href":"https:\/\/sp184lodz.edu.pl\/index.php\/wp-json\/wp\/v2\/media?parent=9033"}],"curies":[{"name":"wp","href":"https:\/\/api.w.org\/{rel}","templated":true}]}}