{"id":9883,"date":"2024-04-14T15:20:20","date_gmt":"2024-04-14T13:20:20","guid":{"rendered":"https:\/\/sp184lodz.edu.pl\/?page_id=9883"},"modified":"2026-04-29T12:54:38","modified_gmt":"2026-04-29T10:54:38","slug":"rekrutacja-do-klasy-dwujezycznej-z-jezykiem-angielskim-w-szkole-podstawowej-nr-184-w-lodzi-dzialajacej-od-01-09-2021r","status":"publish","type":"page","link":"https:\/\/sp184lodz.edu.pl\/index.php\/rekrutacja-do-klasy-dwujezycznej-z-jezykiem-angielskim-w-szkole-podstawowej-nr-184-w-lodzi-dzialajacej-od-01-09-2021r\/","title":{"rendered":"Rekrutacja do klasy dwuj\u0119zycznej."},"content":{"rendered":"<h2 style=\"text-align: center;\"><span style=\"color: #000080;\"><strong><span style=\"color: #ff0000;\">Zapraszamy do klasy dwuj\u0119zycznej!<\/span><br \/>\n<\/strong><\/span><span style=\"color: #000080; font-size: 14pt;\"><strong>Rekrutacja na rok szkolny 2026\/2027 rozpoczyna si\u0119 11 maja 2026 r.<\/strong><\/span><\/h2>\n<p><img loading=\"lazy\" decoding=\"async\" class=\"aligncenter size-full wp-image-17194\" src=\"https:\/\/sp184lodz.edu.pl\/wp-content\/uploads\/2024\/04\/klasa_2.png\" alt=\"\" width=\"300\" height=\"199\" \/><\/p>\n<p><img decoding=\"async\" src=\"https:\/\/sp184lodz.edu.pl\/wp-content\/uploads\/2024\/09\/SP184_Program_wychowawczo___profilaktyczny_biezacy_2024_25_.pdf\" alt=\"\" \/><img loading=\"lazy\" decoding=\"async\" class=\"alignnone\" src=\"http:\/\/sp184lodz.edu.pl\/wp-content\/uploads\/2017\/03\/logo-pdf.gif\" alt=\"\" width=\"81\" height=\"75\" \/><br \/>\n<em><strong><span style=\"text-decoration: underline; font-size: 8pt;\"><span style=\"color: #ff6600; text-decoration: underline;\">pliki do pobrania<\/span><\/span><br \/>\n<\/strong><\/em><\/p>\n<ul style=\"list-style-type: disc;\">\n<li><a href=\"https:\/\/sp184lodz.edu.pl\/wp-content\/uploads\/2026\/04\/Regulamin.pdf\" target=\"_blank\" rel=\"noopener\"><span style=\"font-size: 10pt;\"><em><span style=\"color: #ff6600;\">Regulamin rekrutacji do klasy dwuj\u0119zycznej z j\u0119zykiem angielskim <\/span><\/em><\/span><span style=\"font-size: 10pt;\"><em><span style=\"color: #ff6600;\">w Szkole Podstawowej nr 184 w \u0141odzi<\/span><\/em><\/span><\/a><\/li>\n<li><a href=\"https:\/\/sp184lodz.edu.pl\/wp-content\/uploads\/2026\/04\/Deklaracja.pdf\" target=\"_blank\" rel=\"noopener\"><em><span style=\"color: #ff6600;\"><span style=\"font-size: 10pt;\">Deklaracja przyst\u0105pienia do sprawdzianu predyspozycji j\u0119zykowych<\/span><\/span><\/em><\/a><\/li>\n<\/ul>\n","protected":false},"excerpt":{"rendered":"<p>Zapraszamy do klasy dwuj\u0119zycznej! Rekrutacja na rok szkolny 2026\/2027 rozpoczyna si\u0119 11 maja 2026 r. pliki do pobrania Regulamin rekrutacji do klasy dwuj\u0119zycznej z j\u0119zykiem angielskim w Szkole Podstawowej nr 184 w \u0141odzi Deklaracja przyst\u0105pienia do sprawdzianu predyspozycji j\u0119zykowych<\/p>\n","protected":false},"author":4,"featured_media":0,"parent":0,"menu_order":0,"comment_status":"closed","ping_status":"closed","template":"","meta":{"two_page_speed":[],"footnotes":""},"class_list":["post-9883","page","type-page","status-publish","hentry"],"_links":{"self":[{"href":"https:\/\/sp184lodz.edu.pl\/index.php\/wp-json\/wp\/v2\/pages\/9883","targetHints":{"allow":["GET"]}}],"collection":[{"href":"https:\/\/sp184lodz.edu.pl\/index.php\/wp-json\/wp\/v2\/pages"}],"about":[{"href":"https:\/\/sp184lodz.edu.pl\/index.php\/wp-json\/wp\/v2\/types\/page"}],"author":[{"embeddable":true,"href":"https:\/\/sp184lodz.edu.pl\/index.php\/wp-json\/wp\/v2\/users\/4"}],"replies":[{"embeddable":true,"href":"https:\/\/sp184lodz.edu.pl\/index.php\/wp-json\/wp\/v2\/comments?post=9883"}],"version-history":[{"count":22,"href":"https:\/\/sp184lodz.edu.pl\/index.php\/wp-json\/wp\/v2\/pages\/9883\/revisions"}],"predecessor-version":[{"id":21984,"href":"https:\/\/sp184lodz.edu.pl\/index.php\/wp-json\/wp\/v2\/pages\/9883\/revisions\/21984"}],"wp:attachment":[{"href":"https:\/\/sp184lodz.edu.pl\/index.php\/wp-json\/wp\/v2\/media?parent=9883"}],"curies":[{"name":"wp","href":"https:\/\/api.w.org\/{rel}","templated":true}]}}